{"id":22989195,"date":"2025-11-10T21:14:50","date_gmt":"2025-11-10T21:14:50","guid":{"rendered":"https:\/\/hopkinsredustg.wpenginepowered.com\/?page_id=22989195"},"modified":"2026-03-10T14:18:09","modified_gmt":"2026-03-10T18:18:09","slug":"flexible-spending-accounts","status":"publish","type":"page","link":"http:\/\/mybenefitsjhhs.com\/es\/financial\/flexible-spending-accounts\/","title":{"rendered":"Cuentas de gastos flexibles"},"content":{"rendered":"<div class=\"et_pb_section_0 et_pb_section et_section_regular et_block_section\">\n<div class=\"et_pb_row_0 et_pb_row et_pb_gutters3 et_block_row\">\n<div class=\"et_pb_column_0 et_pb_column et_pb_column_4_4 et-last-child et_block_column et_pb_css_mix_blend_mode_passthrough\">\n\n\n\n\n\n\n\n\n\n\n\n\n\n\n\n\n\n\n\n\n\n\n\n\n\n\n\n\n\n\n\n\n\n\n\n\n\n\n\n\n\n\n\n\n\n\n\n\n\n\n\n\n\n\n\n\n\n\n\n\n\n\n\n\n\n\n\n\n\n\n\n\n\n\n\n\n\n\n\n\n\n\n\n\n\n\n\n\n\n\n\n\n\n\n\n\n\n\n\n<\/div>\n<\/div>\n\n<div class=\"et_pb_row_1 et_pb_row et_pb_gutters3 et_block_row preset--module--divi-row--d7bztfmjlv\"><span class=\"et_pb_background_pattern\"><\/span>\n<div class=\"et_pb_column_1 et_pb_column et-last-child et_flex_column et_pb_css_mix_blend_mode_passthrough et_flex_column_24_24\">\n<div class=\"et_pb_text_0 et_pb_text et_pb_bg_layout_light et_pb_module et_block_module preset--module--divi-text--x1sbk0ycg4\"><div class=\"et_pb_text_inner\"><h1>Cuentas de gastos flexibles<\/h1>\n<p>Reserve dinero antes de impuestos para pagar los gastos m\u00e9dicos y de cuidado de dependientes que sean elegibles.<\/p>\n<\/div><\/div>\n<\/div>\n<\/div>\n<\/div>\n\n<div class=\"et_pb_section_1 et_pb_section et_section_regular et_block_section\">\n<div class=\"et_pb_row_2 et_pb_row et_pb_gutters3 et_block_row\">\n<div class=\"et_pb_column_2 et_pb_column et_pb_column_4_4 et-last-child et_block_column et_pb_css_mix_blend_mode_passthrough\">\n<div class=\"et_pb_text_1 et_pb_text et_pb_bg_layout_light et_pb_module et_block_module page_intro opener_list preset--module--divi-text--j713l7wg7d\"><div class=\"et_pb_text_inner\"><p><img decoding=\"async\" src=\"https:\/\/mybenefitsjhhs.com\/wp-content\/uploads\/2025\/09\/HSA-FSA-featured.png\" width=\"100\" alt=\"\" class=\"wp-image-22988549 alignright size-full\" \/>Usted es elegible para inscribirse en una cuenta de gastos flexibles si tiene un horario regular de trabajo de al menos:<\/p>\n<ul style=\"padding-top: .5em;\">\n<li><strong>Todos los hospitales y organizaciones afiliadas, excepto Johns Hopkins Care at Home:<\/strong> 20 horas por semana.<\/li>\n<li><strong>Solo Johns Hopkins Care at Home:<\/strong> 30 horas por semana.<\/li>\n<\/ul>\n<\/div><\/div>\n<\/div>\n<\/div>\n\n<div class=\"et_pb_row_3 et_pb_row et_pb_gutters2 et_block_row\">\n<div class=\"et_pb_column_3 et_pb_column et_pb_column_2_3 et_block_column et_pb_css_mix_blend_mode_passthrough\">\n<div class=\"et_pb_text_2 et_pb_text et_pb_bg_layout_light et_pb_module et_block_module std_page_linky preset--module--divi-text--a3c25dea-1d0c-4172-8b62-bcbc91059cfa\"><div class=\"et_pb_text_inner\"><p>Las cuentas de gastos flexibles (FSA) le permiten utilizar d\u00f3lares libres de impuestos para pagar gastos m\u00e9dicos y de cuidado de personas dependientes que cumplan los requisitos, lo que reduce sus ingresos imponibles y la cantidad de impuestos que se retienen de su n\u00f3mina.<\/p>\n<p>Puede optar por inscribirse en dos cuentas de gastos flexibles (FSA): la <strong>cuenta de gastos m\u00e9dicos<\/strong> y el <strong>cuenta de gastos flexibles para cuidados de dependientes<\/strong>.<\/p>\n<p>HealthEquity administra las cuentas de gastos flexibles (FSA) para todos los empleados, excepto Johns Hopkins All Children\u2019s Hospital. Allegiance administra las cuentas de gastos flexibles (FSA) para los empleados de Johns Hopkins All Children\u2019s Hospital.<\/p>\n<h4>Aspectos importantes que debe saber sobre las cuentas de gastos flexibles (FSA):<\/h4>\n<ul>\n<li>Usted elige cu\u00e1nto contribuir antes de impuestos durante todo el a\u00f1o. Esta cantidad se divide en partes iguales entre sus cheques de pago. Si se inscribe a mitad de a\u00f1o, considere cu\u00e1ntos cheques de pago quedan en el a\u00f1o actual al decidir cu\u00e1nto contribuir.<\/li>\n<li>La mayor\u00eda de los fondos de la FSA son del tipo \u201c\u00fasalos o pi\u00e9rdelos\u201d, lo que significa que cualquier dinero que no utilices antes de la fecha l\u00edmite se perder\u00e1 y no se podr\u00e1 transferir al a\u00f1o siguiente.<\/li>\n<li>La inscripci\u00f3n no es autom\u00e1tica. Si desea una cuenta de gastos flexibles (FSA) para atenci\u00f3n m\u00e9dica o cuidado de dependientes, debe inscribirse en una como nuevo empleado o durante el periodo de inscripci\u00f3n abierta cada a\u00f1o.<\/li>\n<\/ul>\n<h2 id=\"hcfsa\">Cuenta de gastos m\u00e9dicos flexibles (FSA)<\/h2>\n<h3>Gastos elegibles<\/h3>\n<p class=\"para_b4_list\">Utilice la cuenta de gastos m\u00e9dicos flexibles (FSA) para pagar los gastos m\u00e9dicos, dentales y oftalmol\u00f3gicos elegibles para usted y sus dependientes, tales como:<\/p>\n<ul>\n<li>Deducibles, coseguro y copagos.<\/li>\n<li>Analg\u00e9sicos, medicamentos para el resfriado y term\u00f3metros.<\/li>\n<li>Cuidado menstrual.<\/li>\n<li>Productos para el acn\u00e9 y el cuidado de la piel.<\/li>\n<li>Gotas para los ojos, b\u00e1lsamo labial y plantillas para zapatos.<\/li>\n<\/ul>\n<p>Ver una lista de <a href=\"https:\/\/www.irs.gov\/publications\/p502\" target=\"_blank\" rel=\"noopener\">gastos m\u00e9dicos elegibles<\/a> <i class=\"fa-regular fa-arrow-up-right-from-square fa-more_styles\" aria-hidden=\"true\"><\/i> y comprar productos elegibles en l\u00ednea a trav\u00e9s de la <a href=\"https:\/\/fsastore.com\/\" target=\"_blank\" rel=\"noopener\">Tienda FSA<\/a> <i class=\"fa-regular fa-arrow-up-right-from-square fa-more_styles\" aria-hidden=\"true\"><\/i>.<\/p>\n<h3>L\u00edmites de contribuci\u00f3n y plazos de gasto<\/h3>\n<p>En 2026, puedes aportar hasta <strong>$3,300<\/strong>.<\/p>\n<h4>Fechas l\u00edmite importantes:<\/h4>\n<ul>\n<li>Tienes hasta el <strong>31 de marzo de 2026<\/strong>, para utilizar los fondos restantes de su FSA 2025 para reclamaciones incurridas durante el a\u00f1o del plan 2025. Puede transferir hasta <strong>$660<\/strong> de 2025 a 2026. Perder\u00e1s cualquier fondo que supere el l\u00edmite de transferencia de $660.<\/li>\n<li>Tienes hasta el <strong>31 de marzo de 2027<\/strong>, para utilizar los fondos restantes de su FSA 2026 para reclamaciones incurridas durante el a\u00f1o del plan 2026.<\/li>\n<\/ul>\n<h2>Cuidado de dependientes FSA<\/h2>\n<h3>Gastos elegibles<\/h3>\n<p class=\"para_b4_list\">Utilice la cuenta de gastos flexibles (FSA) para el cuidado de dependientes para pagar los gastos elegibles relacionados con el cuidado de dependientes que re\u00fanan los requisitos mientras usted est\u00e1 en el trabajo o en la escuela, tales como:<\/p>\n<ul>\n<li>Cuidado infantil y cuidado de personas mayores.<\/li>\n<li>Programas antes y despu\u00e9s de la escuela.<\/li>\n<li>Guarder\u00eda o preescolar.<\/li>\n<\/ul>\n<p>Los dependientes que cumplen los requisitos son los hijos menores de 13 a\u00f1os, un c\u00f3nyuge discapacitado o un padre anciano que requiera cuidados.<\/p>\n<p>Ver una lista de <a href=\"https:\/\/www.irs.gov\/publications\/p503\" target=\"_blank\" rel=\"noopener\">gastos de cuidado de dependientes elegibles<\/a> <i class=\"fa-regular fa-arrow-up-right-from-square fa-more_styles\" aria-hidden=\"true\"><\/i>.<\/p>\n<h3>L\u00edmites de contribuci\u00f3n y plazos de gasto<\/h3>\n<p>En 2026, podr\u00e1 aportar hasta:<\/p>\n<ul>\n<li><strong>$7,500<\/strong> si eres soltero o casado y presentas una declaraci\u00f3n conjunta.<\/li>\n<li><strong>$3,750<\/strong> si est\u00e1s casado y presentas la declaraci\u00f3n por separado.<\/li>\n<\/ul>\n<h4>Fechas l\u00edmite importantes:<\/h4>\n<ul>\n<li>Tienes hasta el <strong>31 de marzo de 2026<\/strong>, para utilizar los fondos restantes de su FSA 2025 para reclamaciones incurridas durante el a\u00f1o del plan 2025.<\/li>\n<li>Tienes hasta el <strong>31 de marzo de 2027<\/strong>, para utilizar los fondos restantes de su FSA 2026 para reclamaciones incurridas durante el a\u00f1o del plan 2026.<\/li>\n<\/ul>\n<p>No se pueden transferir los fondos no utilizados; todos los fondos no utilizados se perder\u00e1n despu\u00e9s de la fecha l\u00edmite del 31 de marzo de cada a\u00f1o.<\/p>\n<h2>C\u00f3mo utilizar su cuenta de gastos flexibles (FSA)<\/h2>\n<p>Independientemente de c\u00f3mo decidas utilizar tu cuenta de gastos flexibles (FSA), recuerda que <strong>Guarde siempre sus recibos.<\/strong>.<\/p>\n<h4>Pagar directamente<\/h4>\n<p>Cuando se inscriba en una cuenta de gastos flexibles (FSA) para atenci\u00f3n m\u00e9dica, recibir\u00e1 una tarjeta prepagada que puede utilizarse como una tarjeta de d\u00e9bito. No hay tarjetas prepagadas para la cuenta de gastos flexibles (FSA) para el cuidado de dependientes.<\/p>\n<p>Los miembros de HealthEquity tambi\u00e9n pueden pagar directamente a los proveedores a trav\u00e9s de su <a href=\"https:\/\/participant.wageworks.com\/home.aspx\" target=\"_blank\" rel=\"noopener\">cuenta FSA en l\u00ednea<\/a> <i class=\"fa-regular fa-arrow-up-right-from-square fa-more_styles\" aria-hidden=\"true\"><\/i>. Esta opci\u00f3n es ideal para gastos recurrentes.<\/p>\n<h4>Notas importantes sobre la tarjeta de d\u00e9bito:<\/h4>\n<ul>\n<li>Los copagos est\u00e1ndar normalmente se pueden pagar con la tarjeta de d\u00e9bito sin necesidad de presentar documentaci\u00f3n adicional.<\/li>\n<li>No utilice la tarjeta de d\u00e9bito para pagar un gasto incurrido en un a\u00f1o anterior del plan; en su lugar, env\u00ede una solicitud de reembolso.<\/li>\n<li>Si le solicitan un n\u00famero de identificaci\u00f3n personal (PIN), puede preguntar al comerciante si puede procesar la transacci\u00f3n como cr\u00e9dito en lugar de d\u00e9bito.<\/li>\n<\/ul>\n<h4 id=\"reimbursement\">Solicitar reembolso<\/h4>\n<p class=\"para_b4_list\">Sube las fotos de tus recibos en l\u00ednea para obtener el reembolso mediante dep\u00f3sito directo o cheque. Las reclamaciones suelen tramitarse en un plazo de uno a tres d\u00edas h\u00e1biles.<\/p>\n<ul>\n<li><strong>Equidad en la salud<\/strong>: Inicie sesi\u00f3n en su <a href=\"https:\/\/participant.wageworks.com\/home.aspx\" target=\"_blank\" rel=\"noopener\">Cuenta HealthEquity<\/a> <i class=\"fa-regular fa-arrow-up-right-from-square fa-more_styles\" aria-hidden=\"true\"><\/i> o la aplicaci\u00f3n m\u00f3vil EZ Receipts (<a href=\"https:\/\/apps.apple.com\/us\/app\/ez-receipts\/id412650768\" target=\"_blank\" rel=\"noopener\">Tienda de aplicaciones<\/a> <i class=\"fa-regular fa-arrow-up-right-from-square fa-more_styles\" aria-hidden=\"true\"><\/i>| <a href=\"https:\/\/play.google.com\/store\/apps\/details?id=com.wageworks.ezreceipts&amp;hl=en_US\" target=\"_blank\" rel=\"noopener\">Google Play<\/a> <i class=\"fa-regular fa-arrow-up-right-from-square fa-more_styles\" aria-hidden=\"true\"><\/i>).<\/li>\n<li><strong>Allegiance<\/strong>: Inicie sesi\u00f3n en su <a href=\"https:\/\/www.askallegiance.com\/Account\/Auth\/Login\" target=\"_blank\" rel=\"noopener\">Cuenta Allegiance<\/a> <i class=\"fa-regular fa-arrow-up-right-from-square fa-more_styles\" aria-hidden=\"true\"><\/i> o la aplicaci\u00f3n m\u00f3vil Allegiance Advantage (<a href=\"https:\/\/apps.apple.com\/us\/app\/allegiance-fsa-hsa-hra\/id988901180\" target=\"_blank\" rel=\"noopener\">Tienda de aplicaciones<\/a> <i class=\"fa-regular fa-arrow-up-right-from-square fa-more_styles\" aria-hidden=\"true\"><\/i>| <a href=\"https:\/\/play.google.com\/store\/apps\/details?id=com.lighthouse1.mobilebenefits.aln&amp;hl=en\" target=\"_blank\" rel=\"noopener\">Google Play<\/a> <i class=\"fa-regular fa-arrow-up-right-from-square fa-more_styles\" aria-hidden=\"true\"><\/i>).<\/li>\n<\/ul>\n<\/div><\/div>\n<\/div>\n\n<div class=\"et_pb_column_4 et_pb_column et_pb_column_1_3 et-last-child et_block_column et_pb_css_mix_blend_mode_passthrough\">\n<div class=\"et_pb_blurb_0 et_pb_blurb et_pb_bg_layout_light et_pb_text_align_left et_pb_blurb_position_left et_pb_module et_block_module preset--module--divi-blurb--6eoue1j8cb\"><div class=\"et_pb_blurb_content\"><div class=\"et_pb_main_blurb_image\"><span class=\"et_pb_image_wrap\"><span class=\"et-pb-icon et-waypoint et_pb_animation_top et_pb_animation_top_tablet et_pb_animation_top_phone\">\ue026<\/span><\/span><\/div><div class=\"et_pb_blurb_container\"><h4 class=\"et_pb_module_header\">Contactos<\/h4><div class=\"et_pb_blurb_description\"><h5>Equidad en la salud<\/h5>\n<p>Cuentas de gastos flexibles<br \/>\n855-774-7441<br \/>\n<a href=\"https:\/\/participant.wageworks.com\/home.aspx\" target=\"_blank\" rel=\"noopener\">participante.wageworks.com<\/a> <i class=\"fa-regular fa-arrow-up-right-from-square fa-more_styles\" aria-hidden=\"true\"><\/i><\/p>\n<h5>Allegiance (solo Johns Hopkins All Children\u2019s Hospital)<\/h5>\n<p>Cuentas de gastos flexibles<br \/>\n855-999-1064<br \/>\n<a href=\"https:\/\/askallegiance.com\/jhach\" target=\"_blank\" rel=\"noopener\">askallegiance.com\/jhach<\/a> <i class=\"fa-regular fa-arrow-up-right-from-square fa-more_styles\"><\/i><\/p>\n<\/div><\/div><\/div><\/div>\n\n<div class=\"et_pb_blurb_1 et_pb_blurb et_pb_bg_layout_light et_pb_text_align_left et_pb_blurb_position_left et_pb_module et_block_module preset--module--divi-blurb--o2izxxd5ol\"><div class=\"et_pb_blurb_content\"><div class=\"et_pb_main_blurb_image\"><span class=\"et_pb_image_wrap\"><span class=\"et-pb-icon et-waypoint et_pb_animation_top et_pb_animation_top_tablet et_pb_animation_top_phone\">h<\/span><\/span><\/div><div class=\"et_pb_blurb_container\"><h4 class=\"et_pb_module_header\">Resources<\/h4><div class=\"et_pb_blurb_description\"><ul>\n<li><a href=\"https:\/\/www.irs.gov\/publications\/p502\" target=\"_blank\" rel=\"noopener\">Gastos m\u00e9dicos elegibles<\/a> <i class=\"fa-regular fa-arrow-up-right-from-square fa-more_styles\" aria-hidden=\"true\"><\/i><\/li>\n<li><a href=\"https:\/\/www.irs.gov\/publications\/p503\" target=\"_blank\" rel=\"noopener\">Gastos de cuidado de dependientes elegibles<\/a> <i class=\"fa-regular fa-arrow-up-right-from-square fa-more_styles\" aria-hidden=\"true\"><\/i><\/li>\n<li style=\"text-align: left;\"><a href=\"https:\/\/fsastore.com\/\" target=\"_blank\" rel=\"noopener\">Comprar en la tienda de la FSA<\/a> <i class=\"fa-regular fa-arrow-up-right-from-square fa-more_styles\" aria-hidden=\"true\"><\/i><\/li>\n<\/ul>\n<\/div><\/div><\/div><\/div>\n<\/div>\n<\/div>\n<\/div>","protected":false},"excerpt":{"rendered":"","protected":false},"author":3,"featured_media":0,"parent":22990629,"menu_order":0,"comment_status":"closed","ping_status":"closed","template":"","meta":{"_acf_changed":false,"_et_pb_use_builder":"on","_et_pb_old_content":"","_et_gb_content_width":"","footnotes":""},"dipi_cpt_category":[],"class_list":["post-22989195","page","type-page","status-publish","hentry"],"acf":[],"_links":{"self":[{"href":"http:\/\/mybenefitsjhhs.com\/es\/wp-json\/wp\/v2\/pages\/22989195","targetHints":{"allow":["GET"]}}],"collection":[{"href":"http:\/\/mybenefitsjhhs.com\/es\/wp-json\/wp\/v2\/pages"}],"about":[{"href":"http:\/\/mybenefitsjhhs.com\/es\/wp-json\/wp\/v2\/types\/page"}],"author":[{"embeddable":true,"href":"http:\/\/mybenefitsjhhs.com\/es\/wp-json\/wp\/v2\/users\/3"}],"replies":[{"embeddable":true,"href":"http:\/\/mybenefitsjhhs.com\/es\/wp-json\/wp\/v2\/comments?post=22989195"}],"version-history":[{"count":0,"href":"http:\/\/mybenefitsjhhs.com\/es\/wp-json\/wp\/v2\/pages\/22989195\/revisions"}],"up":[{"embeddable":true,"href":"http:\/\/mybenefitsjhhs.com\/es\/wp-json\/wp\/v2\/pages\/22990629"}],"wp:attachment":[{"href":"http:\/\/mybenefitsjhhs.com\/es\/wp-json\/wp\/v2\/media?parent=22989195"}],"wp:term":[{"taxonomy":"dipi_cpt_category","embeddable":true,"href":"http:\/\/mybenefitsjhhs.com\/es\/wp-json\/wp\/v2\/dipi_cpt_category?post=22989195"}],"curies":[{"name":"wp","href":"https:\/\/api.w.org\/{rel}","templated":true}]}}