{"id":11,"date":"2025-03-17T19:47:08","date_gmt":"2025-03-17T19:47:08","guid":{"rendered":"https:\/\/hopkinsredux.wpenginepowered.com\/?page_id=11"},"modified":"2026-04-06T12:35:17","modified_gmt":"2026-04-06T16:35:17","slug":"11-2","status":"publish","type":"page","link":"https:\/\/mybenefitsjhhs.com\/es\/","title":{"rendered":"Inicio"},"content":{"rendered":"<div class=\"et_pb_section_0 et_pb_section et_section_regular et_flex_section\">\n<div class=\"et_pb_row_0 et_pb_row et_flex_row\">\n<div class=\"et_pb_column_0 et_pb_column et_flex_column et_pb_css_mix_blend_mode_passthrough et_flex_column_16_24 et_flex_column_24_24_phone\">\n<div class=\"et_pb_slider_0 et_pb_slider et_pb_slider_fullwidth_off et_pb_slider_no_arrows et_pb_slider_no_pagination et_pb_module et_flex_module preset--module--divi-slider--e931cd67-5a40-4d5b-a133-18f17c733e75\"><div class=\"et_pb_slides\">\n<div class=\"et_pb_slide_0 et_pb_slide et_pb_media_alignment_center et_pb_bg_layout_dark\" data-slide-id=\"divi\/slide-0\"><div class=\"et_pb_container\"><div class=\"et_pb_slider_container_inner\"><div class=\"et_pb_slide_description\"><h2 class=\"et_pb_slide_title\"><a href=\"\/es\/open-enrollment\/\" target=\"\" class=\"et_pb_slide_title_link\">\u00bfBuscas servicios de cuidado infantil para el verano?<\/a><\/h2><div class=\"et_pb_slide_content\"><p>Entre tus beneficios se incluyen herramientas y recomendaciones para ayudarte a encontrar cuidadores. <a href=\"https:\/\/mybenefitsjhhs.com\/es\/life-and-family\/child-and-elder-care\/\">M\u00e1s informaci\u00f3n sobre las prestaciones para el cuidado infantil<\/a>.<\/p>\n<\/div><\/div><\/div><\/div><\/div>\n<\/div><\/div>\n<\/div>\n\n<div class=\"et_pb_column_1 et_pb_column et-last-child et_flex_column et_pb_css_mix_blend_mode_passthrough et_flex_column_8_24 et_flex_column_24_24_phone\">\n<div class=\"et_pb_text_0 et_pb_text et_pb_bg_layout_dark et_pb_module et_block_module preset--module--divi-text--8c46a28e-2481-4ad4-8958-c2f7e6870707\"><div class=\"et_pb_text_inner\"><h3>Enlaces r\u00e1pidos para empleados<\/h3>\n<p><a href=\"https:\/\/www.hopkinssmartsource.com\/\" class=\"linky\" target=\"_blank\" rel=\"noopener\">Ver mis beneficios en SmartSource<\/a> <i class=\"fas fa-external-link-alt\" style=\"color: #f3c300; padding-left: 4px;\" aria-hidden=\"true\"><\/i><\/p>\n<p><a href=\"\/es\/spanish-resources\/\" class=\"linky\">Recursos en espa\u00f1ol<\/a> <i class=\"fas fa-external-link-alt\" style=\"color: #f3c300; padding-left: 4px;\" aria-hidden=\"true\"><\/i><\/p>\n<p><a href=\"https:\/\/www.transamerica.com\/portal\/jhm\" target=\"_blank\" rel=\"noopener\" class=\"linky\">Administrar mi jubilaci\u00f3n<\/a> <i class=\"fas fa-external-link-alt\" style=\"color: #f3c300; padding-left: 4px;\" aria-hidden=\"true\"><\/i><\/p>\n<p><a href=\"https:\/\/participant.wageworks.com\/home.aspx\" class=\"linky\" target=\"_blank\" rel=\"noopener\">Cuentas de gastos flexibles de HealthyEquity<\/a> <i class=\"fas fa-external-link-alt\" style=\"color: #f3c300; padding-left: 4px;\" aria-hidden=\"true\"><\/i><\/p>\n<p><a href=\"https:\/\/www.askallegiance.com\/Account\/Auth\/Login\" target=\"_blank\" rel=\"noopener\" class=\"linky\">Cuentas de gastos flexibles Allegiance<\/a> <i class=\"fas fa-external-link-alt\" style=\"color: #f3c300; padding-left: 4px;\" aria-hidden=\"true\"><\/i><\/p>\n<p><a href=\"https:\/\/timeoff.sedgwick.com\/\" target=\"_blank\" rel=\"noopener\" class=\"linky\">Solicitar una licencia<\/a> <i class=\"fas fa-external-link-alt\" style=\"color: #f3c300; padding-left: 4px;\" aria-hidden=\"true\"><\/i><\/p>\n<p><a href=\"\/es\/documents\/johns-hopkins-regional-physicians-benefits-guide\/\" target=\"_blank\" rel=\"noopener\" class=\"linky\">Gu\u00eda de beneficios para m\u00e9dicos regionales de Johns Hopkins<\/a> <i class=\"far fa-file-pdf\" style=\"color: #f3c300; padding-left: 4px;\" aria-hidden=\"true\"><\/i><\/p>\n<\/div><\/div>\n<\/div>\n<\/div>\n<\/div>\n\n<div class=\"et_pb_section_1 et_pb_section et_section_regular et_block_section\">\n<div class=\"et_pb_row_1 et_pb_row et_pb_equal_columns et_pb_gutters2 et_block_row\">\n<div class=\"et_pb_column_2 et_pb_column et_pb_column_1_3 et_block_column et_pb_css_mix_blend_mode_passthrough\">\n<div class=\"et_pb_blurb_0 et_pb_blurb et_pb_bg_layout_light et_pb_text_align_left et_pb_blurb_position_top et_pb_module et_block_module preset--module--divi-blurb--44d1370c-731b-4946-8c50-207dec0970f4\"><div class=\"et_pb_blurb_content\"><div class=\"et_pb_main_blurb_image\"><a href=\"\/es\/nuevo-empleado\/\"><span class=\"et_pb_image_wrap et_pb_only_image_mode_wrap\"><img loading=\"lazy\" decoding=\"async\" src=\"https:\/\/mybenefitsjhhs.com\/wp-content\/uploads\/2025\/03\/new-hires2_over_dot.png\" width=\"471\" height=\"471\" srcset=\"https:\/\/mybenefitsjhhs.com\/wp-content\/uploads\/2025\/03\/new-hires2_over_dot.png 471w, https:\/\/mybenefitsjhhs.com\/wp-content\/uploads\/2025\/03\/new-hires2_over_dot-300x300.png 300w, https:\/\/mybenefitsjhhs.com\/wp-content\/uploads\/2025\/03\/new-hires2_over_dot-150x150.png 150w\" sizes=\"(max-width: 471px) 100vw, 471px\" class=\"et-waypoint et_pb_animation_off et_pb_animation_off_tablet et_pb_animation_off_phone wp-image-17\" \/><\/span><\/a><\/div><div class=\"et_pb_blurb_container\"><h2 class=\"et_pb_module_header\"><a href=\"\/es\/nuevo-empleado\/\">Nuevas contrataciones<\/a><\/h2><\/div><\/div><\/div>\n<\/div>\n\n<div class=\"et_pb_column_3 et_pb_column et_pb_column_1_3 et_block_column et_pb_css_mix_blend_mode_passthrough\">\n<div class=\"et_pb_blurb_1 et_pb_blurb et_pb_bg_layout_light et_pb_text_align_left et_pb_blurb_position_top et_clickable et_pb_module et_block_module preset--module--divi-blurb--44d1370c-731b-4946-8c50-207dec0970f4\"><div class=\"et_pb_blurb_content\"><div class=\"et_pb_main_blurb_image\"><a href=\"\/es\/documents-and-forms\/\"><span class=\"et_pb_image_wrap et_pb_only_image_mode_wrap\"><img loading=\"lazy\" decoding=\"async\" src=\"https:\/\/mybenefitsjhhs.com\/wp-content\/uploads\/2025\/03\/plan-docs2_up_dot.png\" width=\"471\" height=\"471\" srcset=\"https:\/\/mybenefitsjhhs.com\/wp-content\/uploads\/2025\/03\/plan-docs2_up_dot.png 471w, https:\/\/mybenefitsjhhs.com\/wp-content\/uploads\/2025\/03\/plan-docs2_up_dot-300x300.png 300w, https:\/\/mybenefitsjhhs.com\/wp-content\/uploads\/2025\/03\/plan-docs2_up_dot-150x150.png 150w\" sizes=\"(max-width: 471px) 100vw, 471px\" class=\"et-waypoint et_pb_animation_off et_pb_animation_off_tablet et_pb_animation_off_phone wp-image-18\" \/><\/span><\/a><\/div><div class=\"et_pb_blurb_container\"><h2 class=\"et_pb_module_header\"><a href=\"\/es\/documents-and-forms\/\">Documentos del plan<\/a><\/h2><\/div><\/div><\/div>\n<\/div>\n\n<div class=\"et_pb_column_4 et_pb_column et_pb_column_1_3 et-last-child et_block_column et_pb_css_mix_blend_mode_passthrough\">\n<div class=\"et_pb_blurb_2 et_pb_blurb et_pb_bg_layout_light et_pb_text_align_left et_pb_blurb_position_top et_pb_module et_block_module preset--module--divi-blurb--44d1370c-731b-4946-8c50-207dec0970f4\"><div class=\"et_pb_blurb_content\"><div class=\"et_pb_main_blurb_image\"><a href=\"\/es\/contacts\/\"><span class=\"et_pb_image_wrap et_pb_only_image_mode_wrap\"><img loading=\"lazy\" decoding=\"async\" src=\"https:\/\/mybenefitsjhhs.com\/wp-content\/uploads\/2025\/03\/contacts2_up_dot.png\" width=\"471\" height=\"471\" srcset=\"https:\/\/mybenefitsjhhs.com\/wp-content\/uploads\/2025\/03\/contacts2_up_dot.png 471w, https:\/\/mybenefitsjhhs.com\/wp-content\/uploads\/2025\/03\/contacts2_up_dot-300x300.png 300w, https:\/\/mybenefitsjhhs.com\/wp-content\/uploads\/2025\/03\/contacts2_up_dot-150x150.png 150w\" sizes=\"(max-width: 471px) 100vw, 471px\" class=\"et-waypoint et_pb_animation_off et_pb_animation_off_tablet et_pb_animation_off_phone wp-image-19\" \/><\/span><\/a><\/div><div class=\"et_pb_blurb_container\"><h2 class=\"et_pb_module_header\"><a href=\"\/es\/contacts\/\">Contactos<\/a><\/h2><\/div><\/div><\/div>\n<\/div>\n<\/div>\n<\/div>\n\n<div class=\"et_pb_section_2 et_pb_section et_section_regular et_block_section section_has_divider et_pb_bottom_divider\">\n<div class=\"et_pb_row_2 et_pb_row et_pb_gutters3 et_block_row\">\n<div class=\"et_pb_column_5 et_pb_column et_pb_column_4_4 et-last-child et_block_column et_pb_css_mix_blend_mode_passthrough\">\n<div class=\"et_pb_blurb_3 et_pb_blurb et_pb_bg_layout_light et_pb_text_align_left et_pb_blurb_position_left et_pb_module et_block_module preset--module--divi-blurb--3712ccba-3a9b-4b75-a175-e5d32aa9f5f4\"><div class=\"et_pb_blurb_content\"><div class=\"et_pb_main_blurb_image\"><span class=\"et_pb_image_wrap et_pb_only_image_mode_wrap\"><img loading=\"lazy\" decoding=\"async\" src=\"https:\/\/mybenefitsjhhs.com\/wp-content\/uploads\/2026\/04\/GettyImages-2171506664.jpg\" width=\"600\" height=\"400\" srcset=\"https:\/\/mybenefitsjhhs.com\/wp-content\/uploads\/2026\/04\/GettyImages-2171506664.jpg 600w, https:\/\/mybenefitsjhhs.com\/wp-content\/uploads\/2026\/04\/GettyImages-2171506664-480x320.jpg 480w\" sizes=\"(min-width: 0px) and (max-width: 480px) 480px, (min-width: 481px) 600px, 100vw\" class=\"et-waypoint et_pb_animation_off et_pb_animation_off_tablet et_pb_animation_off_phone wp-image-22990994\" title=\"Una mujer de mediana edad, con el pelo rizado, anteojos y un su\u00e9ter verde, est\u00e1 sentada junto a un gran ventanal, sonriendo mientras lee un libro electr\u00f3nico en su lector digital y disfruta de un momento de relax en casa.\" \/><\/span><\/div><div class=\"et_pb_blurb_container\"><h4 class=\"et_pb_module_header\">Ampl\u00ede sus conocimientos sobre la jubilaci\u00f3n<\/h4><div class=\"et_pb_blurb_description\"><p>Nunca es demasiado pronto para planificar tu futuro. Transamerica ofrece seminarios web en vivo y grabados para ayudarte a prepararte y sacar el m\u00e1ximo provecho de tus finanzas durante la jubilaci\u00f3n.<\/p>\n<p><a href=\"https:\/\/www.transamerica.com\/portal\/webinars\" target=\"_blank\" rel=\"noopener\"><strong>Encuentra el seminario web que m\u00e1s te convenga<\/strong><\/a>\u00a0<a href=\"https:\/\/www.transamerica.com\/portal\/webinars\" target=\"_blank\" rel=\"noopener\"><i class=\"fa-solid fa-sm fa-chevron-right\" style=\"color: #002d74;\" aria-hidden=\"true\"><\/i><\/a><\/p>\n<\/div><\/div><\/div><\/div>\n\n<div class=\"et_pb_blurb_4 et_pb_blurb et_pb_bg_layout_light et_pb_text_align_left et_pb_blurb_position_left et_pb_module et_block_module preset--module--divi-blurb--80300a07-f1ed-4c1d-953d-000c445f2aa5\"><div class=\"et_pb_blurb_content\"><div class=\"et_pb_main_blurb_image\"><span class=\"et_pb_image_wrap et_pb_only_image_mode_wrap\"><img loading=\"lazy\" decoding=\"async\" src=\"https:\/\/mybenefitsjhhs.com\/wp-content\/uploads\/2026\/04\/GettyImages-2154915880.jpg\" width=\"600\" height=\"400\" srcset=\"https:\/\/mybenefitsjhhs.com\/wp-content\/uploads\/2026\/04\/GettyImages-2154915880.jpg 600w, https:\/\/mybenefitsjhhs.com\/wp-content\/uploads\/2026\/04\/GettyImages-2154915880-480x320.jpg 480w\" sizes=\"(min-width: 0px) and (max-width: 480px) 480px, (min-width: 481px) 600px, 100vw\" class=\"et-waypoint et_pb_animation_off et_pb_animation_off_tablet et_pb_animation_off_phone wp-image-22990992\" title=\"Una pareja de personas mayores d\u00e1ndose de comer el uno al otro en un restaurante\" \/><\/span><\/div><div class=\"et_pb_blurb_container\"><h4 class=\"et_pb_module_header\">Consigue descuentos en actividades de verano<\/h4><div class=\"et_pb_blurb_description\"><p>Mientras planificas tus actividades de verano, no te olvides de echar un vistazo a los descuentos y ventajas disponibles en viajes, entradas, restaurantes y mucho m\u00e1s.<\/p>\n<p><a href=\"https:\/\/mybenefitsjhhs.com\/es\/resources\/jheap\/\">Descubre LifeMart y Perks at Work<\/a>\u00a0<i class=\"fa-solid fa-sm fa-chevron-right\" style=\"color: #002d74;\" aria-hidden=\"true\"><\/i><\/p>\n<\/div><\/div><\/div><\/div>\n<\/div>\n<\/div>\n<div class=\"et_pb_bottom_inside_divider et-no-transition\"><\/div><\/div>\n\n<div class=\"et_pb_section_3 et_pb_section et_section_regular et_block_section\">\n<div class=\"et_pb_row_3 et_pb_row et_pb_gutters3 et_block_row\">\n<div class=\"et_pb_column_6 et_pb_column et_pb_column_4_4 et-last-child et_block_column et_pb_css_mix_blend_mode_passthrough\">\n<div class=\"et_pb_cta_0 et_pb_promo et_pb_bg_layout_dark et_pb_module et_block_module page_bottom preset--module--divi-cta--083917e5-f8af-4932-aaaa-2054fe69ba2c\"><div class=\"et_pb_promo_description\"><h2 class=\"et_pb_module_header\">\u00bfPreguntas?<\/h2><div class=\"et_pb_promo_content\" data-et-mv-hidden-phone=\"true\"><p>Comun\u00edquese con el Centro de Apoyo de Recursos Humanos al <strong style=\"white-space: nowrap;\">443-997-5400<\/strong> de 7:00 a. m. a 5:00 p. m., de lunes a viernes, o <a href=\"mailto:hrsc@jhmi.edu\" class=\"linky\">hrsc@jhmi.edu<\/a> <i class=\"far fa-envelope\" style=\"color: #f3c300; padding-left: 4px;\" aria-hidden=\"true\"><\/i><\/p>\n<p>Llame al Centro de Asistencia de Recursos Humanos al <strong>443-997-5400,<\/strong> <strong><span>opci\u00f3n 9 <\/span><\/strong>de 7 a. m. a 5 p. m., de lunes a viernes, o env\u00ede un correo electr\u00f3nico a <a href=\"mailto:hrsc@jhmi.edu\" class=\"linky\">hrsc@jhmi.edu<\/a> <i class=\"far fa-envelope\" style=\"color: #f3c300; padding-left: 4px;\" aria-hidden=\"true\"><\/i><\/p>\n<\/div><\/div><\/div>\n<\/div>\n<\/div>\n<\/div>","protected":false},"excerpt":{"rendered":"","protected":false},"author":2,"featured_media":0,"parent":0,"menu_order":0,"comment_status":"closed","ping_status":"closed","template":"","meta":{"_acf_changed":false,"footnotes":""},"dipi_cpt_category":[],"class_list":["post-11","page","type-page","status-publish","hentry"],"acf":[],"_links":{"self":[{"href":"https:\/\/mybenefitsjhhs.com\/es\/wp-json\/wp\/v2\/pages\/11","targetHints":{"allow":["GET"]}}],"collection":[{"href":"https:\/\/mybenefitsjhhs.com\/es\/wp-json\/wp\/v2\/pages"}],"about":[{"href":"https:\/\/mybenefitsjhhs.com\/es\/wp-json\/wp\/v2\/types\/page"}],"author":[{"embeddable":true,"href":"https:\/\/mybenefitsjhhs.com\/es\/wp-json\/wp\/v2\/users\/2"}],"replies":[{"embeddable":true,"href":"https:\/\/mybenefitsjhhs.com\/es\/wp-json\/wp\/v2\/comments?post=11"}],"version-history":[{"count":0,"href":"https:\/\/mybenefitsjhhs.com\/es\/wp-json\/wp\/v2\/pages\/11\/revisions"}],"wp:attachment":[{"href":"https:\/\/mybenefitsjhhs.com\/es\/wp-json\/wp\/v2\/media?parent=11"}],"wp:term":[{"taxonomy":"dipi_cpt_category","embeddable":true,"href":"https:\/\/mybenefitsjhhs.com\/es\/wp-json\/wp\/v2\/dipi_cpt_category?post=11"}],"curies":[{"name":"wp","href":"https:\/\/api.w.org\/{rel}","templated":true}]}}