{"id":22988222,"date":"2025-03-23T03:44:56","date_gmt":"2025-03-23T03:44:56","guid":{"rendered":"https:\/\/hopkinsredux.wpenginepowered.com\/?page_id=22988222"},"modified":"2026-02-26T16:42:53","modified_gmt":"2026-02-26T21:42:53","slug":"retirement","status":"publish","type":"page","link":"https:\/\/mybenefitsjhhs.com\/es\/financial\/retirement\/","title":{"rendered":"Jubilaci\u00f3n"},"content":{"rendered":"<div class=\"et_pb_section_0 et_pb_section et_section_regular et_block_section\">\n<div class=\"et_pb_row_0 et_pb_row et_pb_gutters3 et_block_row\">\n<div class=\"et_pb_column_0 et_pb_column et_pb_column_4_4 et-last-child et_block_column et_pb_css_mix_blend_mode_passthrough\">\n\n\n\n\n\n\n\n\n\n\n\n\n\n\n\n\n\n\n\n\n\n\n\n\n\n\n\n\n\n<\/div>\n<\/div>\n\n<div class=\"et_pb_row_1 et_pb_row et_pb_gutters3 et_block_row\"><span class=\"et_pb_background_pattern\"><\/span><span class=\"et_pb_background_mask\"><\/span>\n<div class=\"et_pb_column_1 et_pb_column et_pb_column_4_4 et-last-child et_block_column et_pb_css_mix_blend_mode_passthrough\">\n<div class=\"et_pb_heading_0 et_pb_heading et_pb_module et_block_module preset--module--divi-heading--sf1uzc7mz9\"><div class=\"et_pb_heading_container\"><h1 class=\"et_pb_module_header\">Jubilaci\u00f3n<\/h1><\/div><\/div>\n\n<div class=\"et_pb_text_0 et_pb_text et_pb_bg_layout_light et_pb_module et_block_module preset--module--divi-text--2a5jjnk0f9\"><div class=\"et_pb_text_inner\"><p>Ahorra para tu jubilaci\u00f3n mediante aportaciones de tu sueldo.<\/p>\n<\/div><\/div>\n<\/div>\n<\/div>\n<\/div>\n\n<div class=\"et_pb_section_1 et_pb_section et_section_regular et_block_section\">\n<div class=\"et_pb_row_2 et_pb_row et_pb_gutters3 et_block_row\">\n<div class=\"et_pb_column_2 et_pb_column et_pb_column_4_4 et-last-child et_block_column et_pb_css_mix_blend_mode_passthrough\">\n<div class=\"et_pb_text_1 et_pb_text et_pb_bg_layout_light et_pb_module et_block_module page_intro opener_list preset--module--divi-text--j713l7wg7d\"><div class=\"et_pb_text_inner\"><p><img loading=\"lazy\" decoding=\"async\" src=\"https:\/\/mybenefitsjhhs.com\/wp-content\/uploads\/2025\/03\/savings-icon-green.png\" width=\"63\" height=\"99\" alt=\"\" class=\"wp-image-22988365 alignright size-full\" \/>Todos los empleados pueden participar en un plan de ahorro para la jubilaci\u00f3n de JHHS. Las opciones del plan de jubilaci\u00f3n var\u00edan seg\u00fan el hospital o la organizaci\u00f3n miembro y seg\u00fan si usted pertenece a un sindicato.<\/p>\n<p><strong>Seleccione la pesta\u00f1a correspondiente a su hospital u organizaci\u00f3n miembro y a su situaci\u00f3n sindical.<\/strong> para ver sus opciones de ahorro para la jubilaci\u00f3n.<\/p>\n<\/div><\/div>\n<\/div>\n<\/div>\n<\/div>\n\n<div class=\"et_pb_section_2 et_pb_section et_section_regular et_flex_section\">\n<div class=\"et_pb_row_3 et_pb_row et_pb_gutters3 et_block_row\">\n<div class=\"et_pb_column_3 et_pb_column et_pb_column_4_4 et-last-child et_block_column et_pb_css_mix_blend_mode_passthrough\">\n\n\n\n\n\n\n<div class=\"et_pb_text_2 et_pb_text et_pb_bg_layout_light et_pb_module et_block_module std_page_linky preset--group--divi-text--divi-background--s5qopce6ed preset--module--divi-text--1qm6s3can1\"><span class=\"et_pb_background_pattern\"><\/span><div class=\"et_pb_text_inner\"><h4>Ampl\u00ede sus conocimientos<\/h4>\n<p>Transamerica ofrece seminarios web en vivo y grabados durante todo el a\u00f1o para ayudarle a prepararse para el futuro y aprovechar al m\u00e1ximo sus finanzas durante la jubilaci\u00f3n.<\/p>\n<p><a href=\"https:\/\/www.transamerica.com\/portal\/webinars\" target=\"_blank\" rel=\"noopener\">Ver seminarios web<\/a> <i class=\"fa-regular fa-arrow-up-right-from-square fa-more_styles\" aria-hidden=\"true\"><\/i><\/p>\n<\/div><\/div>\n\n<div class=\"et_pb_text_3 et_pb_text et_pb_bg_layout_light et_pb_module et_flex_module std_page_linky preset--module--divi-text--a3c25dea-1d0c-4172-8b62-bcbc91059cfa\"><div class=\"et_pb_text_inner\"><h2>Nombrar a un beneficiario para el plan de jubilaci\u00f3n.<\/h2>\n<p>Un beneficiario recibe sus prestaciones si usted fallece. Si est\u00e1 casado, su c\u00f3nyuge queda autom\u00e1ticamente designado como beneficiario de su plan de jubilaci\u00f3n. Para designar a otro beneficiario, necesitar\u00e1 la autorizaci\u00f3n notarial de su c\u00f3nyuge.<\/p>\n<p class=\"para_b4_list\">Iniciar sesi\u00f3n en <a href=\"https:\/\/www.transamerica.com\/portal\/jhm\" target=\"_blank\" rel=\"noopener\">Transam\u00e9rica<\/a> <i class=\"fa-regular fa-arrow-up-right-from-square fa-more_styles\" aria-hidden=\"true\"><\/i> Para agregar o actualizar a sus beneficiarios:<\/p>\n<ol>\n<li>Seleccionar <strong>Ver detalles<\/strong><\/li>\n<li>En el men\u00fa de la parte superior, seleccione <strong>Mi plan<\/strong> &gt; <strong>Beneficiarios<\/strong><\/li>\n<li>Seleccionar <strong>A\u00f1adir\/Actualizar<\/strong> realizar cambios<\/li>\n<\/ol>\n<\/div><\/div>\n\n<div class=\"et_pb_text_4 et_pb_text et_pb_bg_layout_light et_pb_module et_block_module std_page_linky preset--module--divi-text--a3c25dea-1d0c-4172-8b62-bcbc91059cfa\"><div class=\"et_pb_text_inner\"><h2>Preguntas frecuentes<\/h2>\n<\/div><\/div>\n\n<div class=\"et_pb_toggle_0 et_pb_toggle et_pb_toggle_item et_pb_toggle_close et_pb_module et_block_module std_page_linky preset--module--divi-toggle--onkp2rtljj\"><h4 class=\"et_pb_toggle_title\">\u00bfCu\u00e1ndo tendr\u00e9 derecho a las aportaciones del empleador?<\/h4><div class=\"et_pb_toggle_content clearfix\"><p>Si usted re\u00fane los requisitos para recibir las aportaciones del empleador, las recibir\u00e1 despu\u00e9s de un a\u00f1o de empleo durante el cual haya trabajado 1,000 horas o m\u00e1s y debe estar empleado activamente el 31 de diciembre de ese a\u00f1o.<\/p>\n<\/div><\/div>\n\n<div class=\"et_pb_toggle_1 et_pb_toggle et_pb_toggle_item et_pb_toggle_close et_pb_module et_block_module std_page_linky preset--module--divi-toggle--onkp2rtljj\"><h4 class=\"et_pb_toggle_title\">\u00bfCu\u00e1ndo puedo retirarme del plan de ahorro para la jubilaci\u00f3n?<\/h4><div class=\"et_pb_toggle_content clearfix\"><p>Puede retirar dinero de su plan de ahorro para la jubilaci\u00f3n sin penalizaci\u00f3n a partir de los 59 a\u00f1os y medio. Si retira dinero del plan antes de los 59 a\u00f1os y medio, por lo general tendr\u00e1 que pagar un impuesto por retiro anticipado 10%, salvo en determinadas circunstancias, como dificultades econ\u00f3micas o discapacidad.<\/p>\n<\/div><\/div>\n\n<div class=\"et_pb_toggle_2 et_pb_toggle et_pb_toggle_item et_pb_toggle_close et_pb_module et_block_module std_page_linky preset--module--divi-toggle--onkp2rtljj\"><h4 class=\"et_pb_toggle_title\">\u00bfC\u00f3mo puedo darme de baja del plan de ahorro para el retiro antes de que me inscriban autom\u00e1ticamente?<\/h4><div class=\"et_pb_toggle_content clearfix\"><p>Para darse de baja del plan de ahorro para el retiro, siga las instrucciones incluidas en el correo electr\u00f3nico de bienvenida de Transamerica o llame a Transamerica al 800-755-5801.<\/p>\n<p>Si opta por darse de baja en un plazo de 90 d\u00edas desde su inscripci\u00f3n autom\u00e1tica, podr\u00e1 solicitar el retiro en efectivo de sus aportaciones autom\u00e1ticas.<\/p>\n<\/div><\/div>\n\n<div class=\"et_pb_toggle_3 et_pb_toggle et_pb_toggle_item et_pb_toggle_close et_pb_module et_block_module std_page_linky preset--module--divi-toggle--onkp2rtljj\"><h4 class=\"et_pb_toggle_title\">Me inscribieron autom\u00e1ticamente, pero no deseo contribuir. \u00bfPuedo recuperar el dinero que se aport\u00f3?<\/h4><div class=\"et_pb_toggle_content clearfix\"><p>S\u00ed. Puede solicitar el reembolso de las aportaciones de inscripci\u00f3n autom\u00e1tica rellenando y enviando un formulario de solicitud de reembolso de 90 d\u00edas. Puede obtener el formulario llamando a Transamerica al 800-755-5801.<\/p>\n<\/div><\/div>\n\n<div class=\"et_pb_toggle_4 et_pb_toggle et_pb_toggle_item et_pb_toggle_close et_pb_module et_block_module std_page_linky preset--module--divi-toggle--onkp2rtljj\"><h4 class=\"et_pb_toggle_title\">\u00bfPuedo suspender o modificar el monto que aporto al plan de ahorro para el retiro?<\/h4><div class=\"et_pb_toggle_content clearfix\"><p>S\u00ed. Puede iniciar, suspender o modificar sus aportaciones al plan de jubilaci\u00f3n en cualquier momento.<\/p>\n<p>Inicie sesi\u00f3n en su <a href=\"https:\/\/www.transamerica.com\/portal\/jhm\" target=\"_blank\" rel=\"noopener\">Cuenta Transamerica<\/a> <i class=\"fa-regular fa-arrow-up-right-from-square fa-more_styles\" aria-hidden=\"true\"><\/i> para actualizar sus contribuciones.<\/p>\n<\/div><\/div>\n\n<div class=\"et_pb_toggle_5 et_pb_toggle et_pb_toggle_item et_pb_toggle_close et_pb_module et_block_module std_page_linky preset--module--divi-toggle--onkp2rtljj\"><h4 class=\"et_pb_toggle_title\">Como empleado activo, \u00bfpuedo recibir una distribuci\u00f3n en servicio?<\/h4><div class=\"et_pb_toggle_content clearfix\"><p>Los empleados activos de 59 a\u00f1os y medio o m\u00e1s pueden recibir distribuciones en servicio, de lo contrario, un empleado activo no puede recibir una distribuci\u00f3n en servicio.<\/p>\n<\/div><\/div>\n\n<div class=\"et_pb_toggle_6 et_pb_toggle et_pb_toggle_item et_pb_toggle_close et_pb_module et_block_module std_page_linky preset--module--divi-toggle--onkp2rtljj\"><h4 class=\"et_pb_toggle_title\">\u00bfQu\u00e9 es un plan de pensiones? \u00bfEs lo mismo que un plan 403(b) o 401(k)?<\/h4><div class=\"et_pb_toggle_content clearfix\"><p>El plan de pensiones es un plan de prestaciones definidas que utiliza una f\u00f3rmula para calcular sus prestaciones en cualquier momento. Est\u00e1 financiado al 100 % por Johns Hopkins Health System, por lo que usted no tiene que aportar dinero propio como en los planes de ahorro 403(b) o 401(k).<\/p>\n<\/div><\/div>\n\n<div class=\"et_pb_toggle_7 et_pb_toggle et_pb_toggle_item et_pb_toggle_close et_pb_module et_block_module std_page_linky preset--module--divi-toggle--onkp2rtljj\"><h4 class=\"et_pb_toggle_title\">\u00bfC\u00f3mo completo el formulario Medicare Parte B CMS-L564 (Solicitud de informaci\u00f3n laboral)?<\/h4><div class=\"et_pb_toggle_content clearfix\"><p>Si se est\u00e1 jubilando o necesita completar el formulario Medicare Parte B CMS-L564 (Solicitud de informaci\u00f3n laboral), env\u00ede un correo electr\u00f3nico a <a href=\"mailto:HRSC@jhmi.edu\">HRSC@jhmi.edu<\/a> <i class=\"fa-light fa-envelope sidebar_icon\" aria-hidden=\"true\"><\/i> solicitar el formulario.<\/p>\n<\/div><\/div>\n<\/div>\n<\/div>\n\n<div class=\"et_pb_row_4 et_pb_row et_flex_row\">\n<div class=\"et_pb_column_4 et_pb_column et_flex_column et_pb_css_mix_blend_mode_passthrough et_flex_column_12_24 et_flex_column_24_24_phone\">\n<div class=\"et_pb_blurb_0 et_pb_blurb et_pb_bg_layout_light et_pb_text_align_left et_pb_blurb_position_left et_pb_module et_block_module preset--module--divi-blurb--default\"><div class=\"et_pb_blurb_content\"><div class=\"et_pb_main_blurb_image\"><span class=\"et_pb_image_wrap\"><span class=\"et-pb-icon et-waypoint et_pb_animation_top et_pb_animation_top_tablet et_pb_animation_top_phone\">\ue026<\/span><\/span><\/div><div class=\"et_pb_blurb_container\"><h4 class=\"et_pb_module_header\">Contactos<\/h4><div class=\"et_pb_blurb_description\"><div class=\"two_col\">\n<div class=\"breaks\">\n<h5>Transam\u00e9rica<\/h5>\n<p>Plan de ahorro para la jubilaci\u00f3n<br \/>\n800-755-5801<br \/>\n<a href=\"https:\/\/www.transamerica.com\/portal\/jhm\" target=\"_blank\" rel=\"noopener\">transamerica.com\/portal\/<wbr \/>jhm<\/a> <i class=\"fa-regular fa-arrow-up-right-from-square fa-more_styles\" aria-hidden=\"true\"><\/i><\/div>\n<div class=\"breaks\">\n<h5 class=\"adjusted_head_space\">HR Support Center<\/h5>\n<p>Plan de pensiones<br \/>\n443-997-5400<br \/>\n<a href=\"mailto:hrsc@jhmi.edu\">hrsc@jhmi.edu<\/a>\u2002<i class=\"fa-light fa-envelope sidebar_icon\"><\/i><\/div>\n<\/div>\n<\/div><\/div><\/div><\/div>\n<\/div>\n\n<div class=\"et_pb_column_5 et_pb_column et-last-child et_flex_column et_pb_css_mix_blend_mode_passthrough et_flex_column_12_24 et_flex_column_24_24_phone\">\n<div class=\"et_pb_blurb_1 et_pb_blurb et_pb_bg_layout_light et_pb_text_align_left et_pb_blurb_position_left et_pb_module et_block_module\"><div class=\"et_pb_blurb_content\"><div class=\"et_pb_main_blurb_image\"><span class=\"et_pb_image_wrap\"><span class=\"et-pb-icon et-waypoint et_pb_animation_top et_pb_animation_top_tablet et_pb_animation_top_phone\">h<\/span><\/span><\/div><div class=\"et_pb_blurb_container\"><h4 class=\"et_pb_module_header\">Resources<\/h4><div class=\"et_pb_blurb_description\"><div class=\"two_col\">\n<div class=\"breaks\">\n<ul>\n<li><a href=\"\/es\/documents-and-forms\/\">Documentos del plan<\/a><i class=\"fa-light fa-memo-circle-info sidebar_icon\"><\/i><\/li>\n<li><a href=\"https:\/\/www.hopkinsmedicine.org\/human-resources\/benefits\/retirement-pension\/preparing-retirement\" target=\"_blank\" rel=\"noopener\">Preparaci\u00f3n para la jubilaci\u00f3n<\/a> <i class=\"fa-regular fa-arrow-up-right-from-square fa-more_styles\" aria-hidden=\"true\"><\/i><\/li>\n<\/ul>\n<h5>Aplicaci\u00f3n Transamerica:<\/h5>\n<ul>\n<li><a href=\"https:\/\/apps.apple.com\/us\/app\/transamerica-retirement-app\/id509273123\" target=\"_blank\" rel=\"noopener\">Tienda de aplicaciones<\/a> <i class=\"fa-regular fa-arrow-up-right-from-square fa-more_styles\" aria-hidden=\"true\"><\/i><\/li>\n<li><a href=\"https:\/\/play.google.com\/store\/apps\/details?id=diversified.DiversifiedMobile\" target=\"_blank\" rel=\"noopener\">Google Play<\/a> <i class=\"fa-regular fa-arrow-up-right-from-square fa-more_styles\" aria-hidden=\"true\"><\/i><\/li>\n<\/ul>\n<\/div>\n<div class=\"breaks\">\n<h5>Medicare Parte B CMS-L564<\/h5>\n<p>Si se est\u00e1 jubilando o necesita completar el formulario Medicare Parte B CMS-L564 (Solicitud de informaci\u00f3n laboral), env\u00ede un correo electr\u00f3nico a <a href=\"mailto:HRSC@jhmi.edu\">HRSC@jhmi.edu<\/a> solicitar el formulario.<\/p>\n<\/div>\n<\/div>\n<\/div><\/div><\/div><\/div>\n<\/div>\n<\/div>\n<\/div>\n\n<div class=\"et_pb_section_3 et_pb_section et_section_regular et_block_section\">\n<div class=\"et_pb_row_5 et_pb_row et_pb_gutters3 et_block_row\">\n<div class=\"et_pb_column_6 et_pb_column et_pb_column_4_4 et-last-child et_block_column et_pb_css_mix_blend_mode_passthrough\">\n<div class=\"et_pb_code_0 et_pb_code et_pb_module\"><div class=\"et_pb_code_inner\"><script>\njQuery(document).ready(function($) {\n  \/\/ Hide Divi's default toggle icon\n  $('<style>.et_pb_toggle_title:before { display: none !important; }<\/style>').appendTo('head');\n  \n  \/\/ Add our own custom icon to each toggle using Elegant Icons\n  $('.et_pb_toggle_title').each(function() {\n    var isOpen = $(this).parent().hasClass('et_pb_toggle_open');\n    var initialRotation = isOpen ? 'transform: translateY(-50%) rotate(180deg);' : 'transform: translateY(-50%);';\n    var initialColor = isOpen ? 'color: #002c77;' : 'color: #0068c1;'; \/\/ Set colors for both states\n    $(this).append('<span class=\"custom-toggle-icon\" style=\"' + initialRotation + initialColor + '\"><\/span>');\n  });\n  \n  \/\/ Add styling for our custom icon\n  $('<style>\\\n    .custom-toggle-icon {\\\n      position: absolute;\\\n      right: 0;\\\n      top: 50%;\\\n      font-family: \"ETmodules\";\\\n      font-size: 33px; \/* the size in the preset *\/\\\n      transition: transform 0.3s ease, color 0.3s ease;\\\n    }\\\n    .custom-toggle-icon:before {\\\n      content: \"\\\\33\";\\\n    }\\\n    .et_pb_toggle_open .custom-toggle-icon {\\\n      transform: translateY(-50%) rotate(180deg);\\\n      color: #002c77; \/* Blue color for open state *\/\\\n    }\\\n    .et_pb_toggle_close .custom-toggle-icon {\\\n      color: #0068c1; \/* royal blue color for closed state *\/\\\n    }\\\n  <\/style>').appendTo('head');\n  \n  \/\/ Handle click events - immediate response\n  $('.et_pb_toggle_title').on('click', function() {\n    var $toggle = $(this).parent();\n    var $icon = $(this).find('.custom-toggle-icon');\n    \n    \/\/ Toggle the rotation and color immediately based on current state\n    if ($toggle.hasClass('et_pb_toggle_close')) {\n      \/\/ It's currently closed, so it will open - rotate up and change color\n      $icon.css({\n        'transform': 'translateY(-50%) rotate(180deg)',\n        'color': '#002c77'\n      });\n    } else {\n      \/\/ It's currently open, so it will close - rotate down and change color\n      $icon.css({\n        'transform': 'translateY(-50%) rotate(0deg)',\n        'color': '#0068c1'\n      });\n    }\n  });\n});\n<\/script><\/div><\/div>\n<\/div>\n<\/div>\n<\/div>","protected":false},"excerpt":{"rendered":"","protected":false},"author":3,"featured_media":0,"parent":22990629,"menu_order":0,"comment_status":"closed","ping_status":"closed","template":"","meta":{"_acf_changed":false,"_et_pb_use_builder":"on","_et_pb_old_content":"","_et_gb_content_width":"","footnotes":""},"dipi_cpt_category":[],"class_list":["post-22988222","page","type-page","status-publish","hentry"],"acf":[],"_links":{"self":[{"href":"https:\/\/mybenefitsjhhs.com\/es\/wp-json\/wp\/v2\/pages\/22988222","targetHints":{"allow":["GET"]}}],"collection":[{"href":"https:\/\/mybenefitsjhhs.com\/es\/wp-json\/wp\/v2\/pages"}],"about":[{"href":"https:\/\/mybenefitsjhhs.com\/es\/wp-json\/wp\/v2\/types\/page"}],"author":[{"embeddable":true,"href":"https:\/\/mybenefitsjhhs.com\/es\/wp-json\/wp\/v2\/users\/3"}],"replies":[{"embeddable":true,"href":"https:\/\/mybenefitsjhhs.com\/es\/wp-json\/wp\/v2\/comments?post=22988222"}],"version-history":[{"count":0,"href":"https:\/\/mybenefitsjhhs.com\/es\/wp-json\/wp\/v2\/pages\/22988222\/revisions"}],"up":[{"embeddable":true,"href":"https:\/\/mybenefitsjhhs.com\/es\/wp-json\/wp\/v2\/pages\/22990629"}],"wp:attachment":[{"href":"https:\/\/mybenefitsjhhs.com\/es\/wp-json\/wp\/v2\/media?parent=22988222"}],"wp:term":[{"taxonomy":"dipi_cpt_category","embeddable":true,"href":"https:\/\/mybenefitsjhhs.com\/es\/wp-json\/wp\/v2\/dipi_cpt_category?post=22988222"}],"curies":[{"name":"wp","href":"https:\/\/api.w.org\/{rel}","templated":true}]}}