{"id":22988438,"date":"2025-08-06T21:43:49","date_gmt":"2025-08-06T21:43:49","guid":{"rendered":"https:\/\/hopkinsredustg.wpenginepowered.com\/?page_id=22988438"},"modified":"2026-02-26T16:38:59","modified_gmt":"2026-02-26T21:38:59","slug":"dentista","status":"publish","type":"page","link":"https:\/\/mybenefitsjhhs.com\/es\/salud\/dentista\/","title":{"rendered":"Dental"},"content":{"rendered":"<div class=\"et_pb_section_0 et_pb_section et_section_regular et_block_section\">\n<div class=\"et_pb_row_0 et_pb_row et_pb_gutters3 et_block_row\">\n<div class=\"et_pb_column_0 et_pb_column et_pb_column_4_4 et-last-child et_block_column et_pb_css_mix_blend_mode_passthrough\">\n\n\n\n<\/div>\n<\/div>\n\n<div class=\"et_pb_row_1 et_pb_row et_pb_gutters3 et_block_row\"><span class=\"et_pb_background_pattern\"><\/span><span class=\"et_pb_background_mask\"><\/span>\n<div class=\"et_pb_column_1 et_pb_column et_pb_column_4_4 et-last-child et_block_column et_pb_css_mix_blend_mode_passthrough\">\n<div class=\"et_pb_heading_0 et_pb_heading et_pb_module et_block_module preset--module--divi-heading--sf1uzc7mz9\"><div class=\"et_pb_heading_container\"><h1 class=\"et_pb_module_header\">Dental<\/h1><\/div><\/div>\n\n<div class=\"et_pb_text_0 et_pb_text et_pb_bg_layout_light et_pb_module et_block_module preset--module--divi-text--2a5jjnk0f9\"><div class=\"et_pb_text_inner\"><p>Cobertura dental para cuidados preventivos, servicios b\u00e1sicos y mayores, y ortodoncia.<\/p>\n<\/div><\/div>\n<\/div>\n<\/div>\n<\/div>\n\n<div class=\"et_pb_section_1 et_pb_section et_section_regular et_block_section\">\n<div class=\"et_pb_row_2 et_pb_row et_pb_gutters3 et_block_row\">\n<div class=\"et_pb_column_2 et_pb_column et_pb_column_4_4 et-last-child et_block_column et_pb_css_mix_blend_mode_passthrough\">\n<div class=\"et_pb_text_1 et_pb_text et_pb_bg_layout_light et_pb_module et_block_module opener_list preset--module--divi-text--j713l7wg7d\"><div class=\"et_pb_text_inner\"><p class=\"para_b4_list\"><img loading=\"lazy\" decoding=\"async\" src=\"https:\/\/mybenefitsjhhs.com\/wp-content\/uploads\/2025\/08\/dental-intro-icon-300x288.png\" width=\"81\" height=\"78\" alt=\"\" class=\"wp-image-22988448 alignright size-medium\" srcset=\"https:\/\/mybenefitsjhhs.com\/wp-content\/uploads\/2025\/08\/dental-intro-icon-300x288.png 300w, https:\/\/mybenefitsjhhs.com\/wp-content\/uploads\/2025\/08\/dental-intro-icon.png 452w\" sizes=\"(max-width: 81px) 100vw, 81px\" \/>Usted es elegible para inscribirse a s\u00ed mismo y a sus dependientes elegibles en la cobertura dental si tiene un horario regular de trabajo de al menos:<\/p>\n<ul>\n<li><strong>Todos los hospitales y organizaciones afiliadas, excepto Johns Hopkins Care at Home.<\/strong>: 20 horas por semana.<\/li>\n<li><strong>Solo Johns Hopkins Care at Home<\/strong>: 30 horas por semana.<\/li>\n<\/ul>\n<\/div><\/div>\n<\/div>\n<\/div>\n\n<div class=\"et_pb_row_3 et_pb_row et_pb_gutters2 et_block_row\">\n<div class=\"et_pb_column_3 et_pb_column et_pb_column_2_3 et_block_column et_pb_css_mix_blend_mode_passthrough\">\n<div class=\"et_pb_text_2 et_pb_text et_pb_bg_layout_light et_pb_module et_block_module std_page_linky preset--module--divi-text--a3c25dea-1d0c-4172-8b62-bcbc91059cfa\"><div class=\"et_pb_text_inner\"><p class=\"para_b4_list\">Todos los empleados <strong>excepto<\/strong> Los empleados de Johns Hopkins All Children\u2019s Hospital tienen dos opciones de planes dentales a trav\u00e9s de Delta Dental:<\/p>\n<ul>\n<li>Comprehensive Plan<\/li>\n<li>Plan Alto<\/li>\n<\/ul>\n<p>Ambos planes cubren servicios preventivos, b\u00e1sicos y mayores, pero solo el Plan Superior incluye cobertura para tratamientos de ortodoncia.<\/p>\n<p>Si eres un <strong>Empleado de Johns Hopkins All Children\u2019s Hospital<\/strong>, puede inscribirse en el plan dental Cigna Allegiance.<\/p>\n<p>Si eres un <strong>Empleado de Suburban Hospital<\/strong>, El plan m\u00e9dico Kaiser HMO incluye cobertura dental a trav\u00e9s de <a href=\"https:\/\/dominionnational.com\/kaiserdentists\" target=\"_blank\" rel=\"noopener\">Dominion Dental<\/a> <i class=\"fa-regular fa-arrow-up-right-from-square fa-more_styles\" aria-hidden=\"true\"><\/i> para la atenci\u00f3n preventiva para adultos. Usted paga un copago de $30 por cada visita de atenci\u00f3n preventiva cubierta.<\/p>\n<p><strong>\u00bfQuieres saber cu\u00e1nto pagar\u00e1s por la cobertura dental?<\/strong> <a href=\"\/es\/employee-costs\/\">Ver las contribuciones de los empleados para 2026<\/a>.<\/p>\n<h2>Lo que paga el plan cuando recibes atenci\u00f3n m\u00e9dica<\/h2>\n<p>El <strong>deducible<\/strong> es la cantidad que usted paga antes de que el plan comience a pagar. El <strong>m\u00e1ximo anual<\/strong> es el m\u00e1ximo que el plan pagar\u00e1 por los gastos cubiertos cada a\u00f1o del plan. Estos l\u00edmites se restablecen anualmente el 1 de enero.<\/p>\n<p class=\"para_b4_list\">Una vez que alcance el deducible, el plan comparte el costo de la atenci\u00f3n con usted. Usted pagar\u00e1 un porcentaje del costo, llamado <strong>coseguro<\/strong>, para servicios cubiertos<sup>1<\/sup>:<\/p>\n<ul>\n<li><strong>Preventivo<\/strong>: Ex\u00e1menes, limpiezas, radiograf\u00edas y selladores.<\/li>\n<li><strong>B\u00e1sico<\/strong>Empastes y cirug\u00eda oral.<\/li>\n<li><strong>Mayor<\/strong>: Coronas, incrustaciones, recubrimientos y pr\u00f3tesis dentales.<sup>2<\/sup>.<\/li>\n<li><strong>Ortodoncia<\/strong>Cobertura para adultos e hijos dependientes.<\/li>\n<\/ul>\n<p>Las siguientes tablas reflejan el monto que el plan paga por proveedores dentro y fuera de la red.<\/p>\n<\/div><\/div>\n\n<div class=\"et_pb_tabs_0 et_pb_tabs et_pb_module\"><ul class=\"et_pb_tabs_controls clearfix\"><li class=\"et_pb_tab_nav_item_0 et_pb_tab_nav_item et_pb_tab_0 et_pb_tab_active\"><a class=\"et_pb_tab_nav_item_link\" href=\"#\">Delta Dental<\/a><\/li><li class=\"et_pb_tab_nav_item_1 et_pb_tab_nav_item et_pb_tab_1\"><a class=\"et_pb_tab_nav_item_link\" href=\"#\">Cigna Allegiance<\/a><\/li><\/ul><div class=\"et_pb_all_tabs\">\n<div class=\"et_pb_tab_0 et_pb_tab clearfix et_pb_active_content et_pb_module et_block_module\"><div class=\"et_pb_tab_content\"><h5 class=\"alert_header\">Estos planes est\u00e1n disponibles para todos los empleados, excepto los empleados Johns Hopkins All Children\u2019s Hospital.<\/h5>\n<div class=\"scroller\">\n<table class=\"benefits-table adjusted_width\">\n<thead>\n<tr>\n<th class=\"blankhead\" width=\"20%\"><\/th>\n<th class=\"blue-header header_divider\" colspan=\"2\">Comprehensive Plan<\/th>\n<th class=\"blue-header\" colspan=\"2\">Plan Alto<\/th>\n<\/tr>\n<\/thead>\n<tbody>\n<tr>\n<th class=\"blankhead\" width=\"20%\"><\/th>\n<td class=\"network_subhead\" width=\"20%\">Dentro de la red<\/td>\n<td class=\"network_subhead\" width=\"20%\">Fuera de la red<\/td>\n<td class=\"network_subhead\" width=\"20%\">Dentro de la red<\/td>\n<td class=\"network_subhead\" width=\"20%\">Fuera de la red<\/td>\n<\/tr>\n<tr>\n<td>Deducible<\/td>\n<td>$0<\/td>\n<td>$50\/persona<br \/>\n$150\/familia<\/td>\n<td>$0<\/td>\n<td>$50\/persona<br \/>\n$150\/familia<\/td>\n<\/tr>\n<tr>\n<td>M\u00e1ximo anual<\/td>\n<td colspan=\"2\">$1,500\/persona<\/td>\n<td colspan=\"2\">$3,000\/persona<\/td>\n<\/tr>\n<tr>\n<td>Preventivo<\/td>\n<td>El plan paga 100%.<\/td>\n<td>El plan paga 80%.<\/td>\n<td>El plan paga 100%.<\/td>\n<td>El plan paga 80%.<\/td>\n<\/tr>\n<tr>\n<td>B\u00e1sico<\/td>\n<td>El plan paga 80%.<\/td>\n<td>El plan paga 60%.<\/td>\n<td>El plan paga 80%.<\/td>\n<td>El plan paga 60%.<\/td>\n<\/tr>\n<tr>\n<td>Mayor<\/td>\n<td>El plan paga 50%.<\/td>\n<td>El plan paga 30%.<\/td>\n<td>El plan paga 60%.<\/td>\n<td>El plan paga 40%.<\/td>\n<\/tr>\n<tr>\n<td>Ortodoncia<\/td>\n<td colspan=\"2\">No cubierto<\/td>\n<td>El plan paga 50% hasta un m\u00e1ximo de por vida de $1,500 por persona.<\/td>\n<td>No cubierto<\/td>\n<\/tr>\n<\/tbody>\n<\/table>\n<\/div>\n<\/div><\/div>\n\n<div class=\"et_pb_tab_1 et_pb_tab clearfix et_pb_module et_block_module\"><div class=\"et_pb_tab_content\"><style>\n\/*** Responsive Styles Smartphone Only ***\/\n@media all and (max-width: 767px) {\n  .adjusted_width {width: 690px !important;}\n}\n  .network_subhead {font-size: 14px !important; font-weight: 700 !important; text-align: center !important;}\ntable.benefits-table {\n    border-bottom: 1px solid var(--lightgray-border-color) !important;\n    border-left: 1px solid var(--lightgray-border-color) !important;\n  }\n  table.benefits-table td {text-align: center;}\n  .header_divider {border-right: 1px solid #fff !important;}\n<\/style>\n<h5 class=\"alert_header\">Este plan solo est\u00e1 disponible para los empleados de Johns Hopkins All Children\u2019s Hospital.<\/h5>\n<div class=\"scroller\">\n<table class=\"benefits-table adjusted_width\">\n<thead>\n<tr>\n<th class=\"blankhead\" width=\"20%\"><\/th>\n<th class=\"blue-header header_divider\" colspan=\"2\">Plan dental Cigna Allegiance<\/th>\n<\/tr>\n<\/thead>\n<tbody>\n<tr>\n<th class=\"blankhead\" width=\"20%\"><\/th>\n<td class=\"network_subhead\" width=\"20%\">Dentro de la red<\/td>\n<td class=\"network_subhead\" width=\"20%\">Fuera de la red<\/td>\n<\/tr>\n<tr>\n<td >Deducible<\/td>\n<td colspan=\"2\">$50\/persona<br \/>\nL\u00edmite familiar de 2<\/td>\n<\/tr>\n<tr>\n<td>M\u00e1ximo anual<\/td>\n<td colspan=\"2\">$1,500<\/td>\n<\/tr>\n<tr>\n<td>Preventivo<\/td>\n<td>El plan paga 100%.<\/td>\n<td>El plan paga 80%.<\/td>\n<\/tr>\n<tr>\n<td>B\u00e1sico<\/td>\n<td>El plan paga 90%.<\/td>\n<td>El plan paga 80%.<\/td>\n<\/tr>\n<tr>\n<td>Mayor<\/td>\n<td>El plan paga 60%.<\/td>\n<td>El plan paga 50%.<\/td>\n<\/tr>\n<tr>\n<td>Ortodoncia<\/td>\n<td colspan=\"2\">El plan paga 50% hasta un m\u00e1ximo de por vida de $2,000 por persona.<\/td>\n<\/tr>\n<tr>\n<td>Extracci\u00f3n de muelas del juicio<\/td>\n<td>El plan paga 90% hasta un m\u00e1ximo de por vida de $4,000 por persona.<\/td>\n<td>El plan paga 80% hasta un m\u00e1ximo de por vida de $4,000 por persona.<\/td>\n<\/tr>\n<\/tbody>\n<\/table>\n<\/div>\n<\/div><\/div>\n<\/div><\/div>\n\n<div class=\"et_pb_text_3 et_pb_text et_pb_bg_layout_light et_pb_module et_block_module preset--module--divi-text--3afa0636-c2ee-4872-a4a6-32709daf3b6f\"><div class=\"et_pb_text_inner\"><p><sup>1\u2002El reembolso se basa en las prestaciones del contrato Delta Dental y no necesariamente en los honorarios reales de cada dentista. El reembolso para los dentistas PPO o que no pertenecen a Delta Dental se basa en los honorarios contratados por PPO, y el de Premier se basa en los honorarios contratados por Premier.<\/sup><\/p>\n<p><sup>2\u2002Hay un periodo de espera de 12 meses antes de que sus beneficios cubran la pr\u00f3tesis dental.<\/sup><\/p>\n<\/div><\/div>\n\n<div class=\"et_pb_text_4 et_pb_text et_pb_bg_layout_light et_pb_module et_block_module std_page_linky preset--group--divi-text--divi-background--s5qopce6ed preset--module--divi-text--1qm6s3can1\"><span class=\"et_pb_background_pattern\"><\/span><div class=\"et_pb_text_inner\"><h4>\u00bfNo tienes tarjeta de identificaci\u00f3n? No hay problema.<\/h4>\n<p>No necesita una tarjeta de identificaci\u00f3n f\u00edsica para utilizar su seguro dental. El proveedor dental puede verificar su cobertura utilizando su nombre, fecha de nacimiento y una identificaci\u00f3n, o su n\u00famero de seguro social. Si prefiere una tarjeta, inicie sesi\u00f3n en su <a href=\"https:\/\/www.deltadental.com\/\" target=\"_blank\" rel=\"noopener\">Cuenta Delta Dental<\/a> <i class=\"fa-regular fa-arrow-up-right-from-square fa-more_styles\" aria-hidden=\"true\"><\/i> o <a href=\"https:\/\/www.askallegiance.com\/Submissions\/Health\/RequestIdCard\" target=\"_blank\" rel=\"noopener\">Cuenta Allegiance<\/a> <i class=\"fa-regular fa-arrow-up-right-from-square fa-more_styles\" aria-hidden=\"true\"><\/i>para acceder a una tarjeta electr\u00f3nica o imprimir una copia en papel.<\/p>\n<\/div><\/div>\n\n<div class=\"et_pb_text_5 et_pb_text et_pb_bg_layout_light et_pb_module et_block_module std_page_linky alert_header preset--module--divi-text--a3c25dea-1d0c-4172-8b62-bcbc91059cfa\"><div class=\"et_pb_text_inner\"><h2>Costo de la cobertura<\/h2>\n<p>Usted paga la cobertura dental mediante deducciones quincenales de su sueldo. El importe que paga depende de qui\u00e9nes est\u00e9n cubiertos y de si es empleado a tiempo completo o a tiempo parcial.<\/p>\n<p><a href=\"\/es\/employee-costs\/\">Ver las contribuciones de los empleados<\/a>.<\/p>\n<h2>C\u00f3mo inscribirse<\/h2>\n<p>Puede inscribirse en un seguro dental en <a href=\"https:\/\/hopkinssmartsource.com\/\" target=\"_blank\" rel=\"noopener\">SmartSource<\/a> <i class=\"fa-regular fa-arrow-up-right-from-square fa-more_styles\" aria-hidden=\"true\"><\/i> como nuevo empleado, durante el periodo de inscripci\u00f3n abierta o si experimenta un <a href=\"\/es\/making-benefits-changes\/\">evento de vida calificativo<\/a>.<\/p>\n<p>La cobertura comienza el primer d\u00eda del mes siguiente a la fecha en que fue contratado o pas\u00f3 a tener derecho a las prestaciones.<\/p>\n<h2>Pago de los gastos de atenci\u00f3n dental<\/h2>\n<p>Puede realizar aportaciones antes de impuestos a un <a href=\"\/es\/flexible-spending-accounts\/\">cuenta de gastos flexibles para atenci\u00f3n m\u00e9dica (FSA)<\/a> para pagar los gastos dentales elegibles.<\/p>\n<p>Si utiliza un <strong>proveedor fuera de la red<\/strong>, pagar\u00e1 los servicios de su bolsillo y presentar\u00e1 una solicitud de reembolso.<\/p>\n<h2>Encontrar la atenci\u00f3n dental adecuada<\/h2>\n<p class=\"para_b4_list\">Busque proveedores dentro de la red cerca de usted.<\/p>\n<ul>\n<li><strong>Todos los empleados excepto Johns Hopkins All Children\u2019s Hospital<\/strong>: Utilizar <a href=\"https:\/\/www.deltadental.com\/us\/en\/member\/find-a-dentist.html\" target=\"_blank\" rel=\"noopener\">Buscador de dentistas de Delta Dental<\/a> <i class=\"fa-regular fa-arrow-up-right-from-square fa-more_styles\" aria-hidden=\"true\"><\/i> y seleccione <strong>Delta Dental PPO<\/strong> como la red del plan.<\/li>\n<li><strong>Solo empleados de Johns Hopkins All Children\u2019s Hospital<\/strong>Buscar en el <a href=\"https:\/\/hcpdirectory.cigna.com\/web\/public\/consumer\/directory\/search?consumerCode=HDC012\" target=\"_blank\" rel=\"noopener\">Red Cigna<\/a> <i class=\"fa-regular fa-arrow-up-right-from-square fa-more_styles\" aria-hidden=\"true\"><\/i> y seleccione <strong>Cigna Administraci\u00f3n compartida dental PPO Plus<\/strong> como el plan dental.<\/li>\n<\/ul>\n<\/div><\/div>\n\n<div class=\"et_pb_code_0 et_pb_code et_pb_module\"><div class=\"et_pb_code_inner\"><style>\n\/*** Responsive Styles Smartphone Only ***\/\n@media all and (max-width: 767px) {\n  .adjusted_width {width: 690px !important;}\n}\n .network_subhead {font-size: 14px !important; font-weight: 700 !important; text-align: center !important;}\ntable.benefits-table {\n    border-bottom: 1px solid var(--lightgray-border-color) !important;\n    border-left: 1px solid var(--lightgray-border-color) !important;\n  }\n  table.benefits-table td {text-align: center;}\n  .header_divider {border-right: 1px solid #fff !important;}\n<\/style><\/div><\/div>\n<\/div>\n\n<div class=\"et_pb_column_4 et_pb_column et_pb_column_1_3 et-last-child et_block_column et_pb_css_mix_blend_mode_passthrough\">\n<div class=\"et_pb_blurb_0 et_pb_blurb et_pb_bg_layout_light et_pb_text_align_left et_pb_blurb_position_left et_pb_module et_block_module preset--module--divi-blurb--6eoue1j8cb\"><div class=\"et_pb_blurb_content\"><div class=\"et_pb_main_blurb_image\"><span class=\"et_pb_image_wrap\"><span class=\"et-pb-icon et-waypoint et_pb_animation_top et_pb_animation_top_tablet et_pb_animation_top_phone\">\ue026<\/span><\/span><\/div><div class=\"et_pb_blurb_container\"><h4 class=\"et_pb_module_header\">Contactos<\/h4><div class=\"et_pb_blurb_description\"><h5>Delta Dental<\/h5>\n<p>Seguro dental<br \/>800-932-0783<br \/><a href=\"https:\/\/www.deltadental.com\/\" target=\"_blank\" rel=\"noopener\">deltadental.com<\/a> <i class=\"fa-regular fa-arrow-up-right-from-square fa-more_styles\" aria-hidden=\"true\"><\/i><\/p>\n<h5>Allegiance (solo Johns Hopkins All Children\u2019s Hospital)<\/h5>\n<p>Seguro dental<br \/>855-999-1064<br \/><a href=\"https:\/\/askallegiance.com\/jhach\" target=\"_blank\" rel=\"noopener\">askallegiance.com\/jhach<\/a> <i class=\"fa-regular fa-arrow-up-right-from-square fa-more_styles\" aria-hidden=\"true\"><\/i><\/p>\n<\/div><\/div><\/div><\/div>\n\n<div class=\"et_pb_blurb_1 et_pb_blurb et_pb_bg_layout_light et_pb_text_align_left et_pb_blurb_position_left et_pb_module et_block_module preset--module--divi-blurb--o2izxxd5ol\"><div class=\"et_pb_blurb_content\"><div class=\"et_pb_main_blurb_image\"><span class=\"et_pb_image_wrap\"><span class=\"et-pb-icon et-waypoint et_pb_animation_top et_pb_animation_top_tablet et_pb_animation_top_phone\">h<\/span><\/span><\/div><div class=\"et_pb_blurb_container\"><h4 class=\"et_pb_module_header\">Resources<\/h4><div class=\"et_pb_blurb_description\"><p class=\"para_b4_list\"><a href=\"\/es\/employee-costs\/\">Costo de la cobertura dental<\/a><\/p>\n<p class=\"para_b4_list\"><a href=\"\/es\/documents-and-forms\/\">Documentos del plan<\/a><i class=\"fa-light fa-memo-circle-info sidebar_icon\" aria-hidden=\"true\"><\/i><\/p>\n<h6>Buscar un dentista:<\/h6>\n<ul>\n<li><a href=\"https:\/\/www.deltadental.com\/us\/en\/member\/find-a-dentist.html\" target=\"_blank\" rel=\"noopener\">Delta Dental<\/a> <i class=\"fa-regular fa-arrow-up-right-from-square fa-more_styles\" aria-hidden=\"true\"><\/i><\/li>\n<li><a href=\"https:\/\/hcpdirectory.cigna.com\/web\/public\/consumer\/directory\/search?consumerCode=HDC012\" target=\"_blank\" rel=\"noopener\">Cigna Allegiance<\/a> <i class=\"fa-regular fa-arrow-up-right-from-square fa-more_styles\" aria-hidden=\"true\"><\/i><\/li>\n<\/ul>\n<\/div><\/div><\/div><\/div>\n<\/div>\n<\/div>\n<\/div>","protected":false},"excerpt":{"rendered":"","protected":false},"author":3,"featured_media":0,"parent":22990523,"menu_order":0,"comment_status":"closed","ping_status":"closed","template":"","meta":{"_acf_changed":false,"_et_pb_use_builder":"on","_et_pb_old_content":"","_et_gb_content_width":"","footnotes":""},"dipi_cpt_category":[],"class_list":["post-22988438","page","type-page","status-publish","hentry"],"acf":[],"_links":{"self":[{"href":"https:\/\/mybenefitsjhhs.com\/es\/wp-json\/wp\/v2\/pages\/22988438","targetHints":{"allow":["GET"]}}],"collection":[{"href":"https:\/\/mybenefitsjhhs.com\/es\/wp-json\/wp\/v2\/pages"}],"about":[{"href":"https:\/\/mybenefitsjhhs.com\/es\/wp-json\/wp\/v2\/types\/page"}],"author":[{"embeddable":true,"href":"https:\/\/mybenefitsjhhs.com\/es\/wp-json\/wp\/v2\/users\/3"}],"replies":[{"embeddable":true,"href":"https:\/\/mybenefitsjhhs.com\/es\/wp-json\/wp\/v2\/comments?post=22988438"}],"version-history":[{"count":0,"href":"https:\/\/mybenefitsjhhs.com\/es\/wp-json\/wp\/v2\/pages\/22988438\/revisions"}],"up":[{"embeddable":true,"href":"https:\/\/mybenefitsjhhs.com\/es\/wp-json\/wp\/v2\/pages\/22990523"}],"wp:attachment":[{"href":"https:\/\/mybenefitsjhhs.com\/es\/wp-json\/wp\/v2\/media?parent=22988438"}],"wp:term":[{"taxonomy":"dipi_cpt_category","embeddable":true,"href":"https:\/\/mybenefitsjhhs.com\/es\/wp-json\/wp\/v2\/dipi_cpt_category?post=22988438"}],"curies":[{"name":"wp","href":"https:\/\/api.w.org\/{rel}","templated":true}]}}