{"id":22988492,"date":"2025-08-08T04:14:56","date_gmt":"2025-08-08T04:14:56","guid":{"rendered":"https:\/\/hopkinsredustg.wpenginepowered.com\/?page_id=22988492"},"modified":"2026-02-26T16:48:07","modified_gmt":"2026-02-26T21:48:07","slug":"auto-home-renters-and-pet-insurance","status":"publish","type":"page","link":"https:\/\/mybenefitsjhhs.com\/es\/life-and-family\/auto-home-renters-and-pet-insurance\/","title":{"rendered":"Seguro de autom\u00f3vil, hogar, inquilinos y mascotas"},"content":{"rendered":"<div class=\"et_pb_section_0 et_pb_section et_section_regular et_block_section\">\n<div class=\"et_pb_row_0 et_pb_row et_pb_gutters3 et_block_row\">\n<div class=\"et_pb_column_0 et_pb_column et_pb_column_4_4 et-last-child et_block_column et_pb_css_mix_blend_mode_passthrough\">\n\n\n\n<\/div>\n<\/div>\n\n<div class=\"et_pb_row_1 et_pb_row et_pb_gutters3 et_block_row preset--module--divi-row--sxbj04r2pr\"><span class=\"et_pb_background_pattern\"><\/span>\n<div class=\"et_pb_column_1 et_pb_column et-last-child et_flex_column et_pb_css_mix_blend_mode_passthrough et_flex_column_24_24\">\n<div class=\"et_pb_text_0 et_pb_text et_pb_bg_layout_light et_pb_module et_block_module preset--module--divi-text--x1sbk0ycg4\"><div class=\"et_pb_text_inner\"><h1>Seguro de autom\u00f3vil, hogar, inquilinos y mascotas<\/h1>\n<p>Obtenga cobertura con descuento para proteger su hogar, sus veh\u00edculos, sus perros y sus gatos. <\/p>\n<\/div><\/div>\n<\/div>\n<\/div>\n<\/div>\n\n<div class=\"et_pb_section_1 et_pb_section et_section_regular et_block_section\">\n<div class=\"et_pb_row_2 et_pb_row et_pb_gutters3 et_block_row\">\n<div class=\"et_pb_column_2 et_pb_column et_pb_column_4_4 et-last-child et_block_column et_pb_css_mix_blend_mode_passthrough\">\n<div class=\"et_pb_text_1 et_pb_text et_pb_bg_layout_light et_pb_module et_block_module opener_list preset--module--divi-text--j713l7wg7d\"><div class=\"et_pb_text_inner\"><p><img decoding=\"async\" src=\"https:\/\/mybenefitsjhhs.com\/wp-content\/uploads\/2025\/09\/auto-home-rent-featured.png\" width=\"73\" alt=\"\" class=\"wp-image-22988495 alignright size-full\" \/>Los empleados que trabajan regularmente al menos 20 horas a la semana tienen derecho a descuentos en seguros de autom\u00f3vil, hogar y alquiler a trav\u00e9s de Farmers GroupSelect, as\u00ed como a descuentos en seguros para mascotas a trav\u00e9s de MetLife.<\/p>\n<\/div><\/div>\n<\/div>\n<\/div>\n\n<div class=\"et_pb_row_3 et_pb_row et_pb_gutters2 et_block_row\">\n<div class=\"et_pb_column_3 et_pb_column et_pb_column_2_3 et_block_column et_pb_css_mix_blend_mode_passthrough\">\n<div class=\"et_pb_text_2 et_pb_text et_pb_bg_layout_light et_pb_module et_block_module std_page_linky preset--module--divi-text--a3c25dea-1d0c-4172-8b62-bcbc91059cfa\"><div class=\"et_pb_text_inner\"><h2>Seguro de autom\u00f3vil, hogar y inquilinos<\/h2>\n<p class=\"para_b4_list\">Farmers GroupSelect puede ayudarle a combinar y ahorrar en la cobertura de:<\/p>\n<ul>\n<li>Casas, departamentos y condominios<\/li>\n<li>Autos, barcos, veh\u00edculos recreativos y motocicletas<\/li>\n<\/ul>\n<p>Visita <a href=\"https:\/\/www.myautohome.farmers.com\/index.html#\/home\" target=\"_blank\" rel=\"noopener\">myautohome.farmers.com<\/a> <i class=\"fa-regular fa-arrow-up-right-from-square fa-more_styles\" aria-hidden=\"true\"><\/i> o llame al 800-438-6381 para obtener un presupuesto gratuito. Utilice <strong>Sistema de Salud Johns Hopkins<\/strong> como su empleador.<\/p>\n<h2>Seguro para mascotas<\/h2>\n<p class=\"para_b4_list\">El seguro para mascotas dom\u00e9sticas de MetLife reembolsa hasta 901 000 d\u00f3lares en gastos veterinarios por cuidados rutinarios, enfermedades, accidentes y lesiones. Las caracter\u00edsticas del plan incluyen:<\/p>\n<ul>\n<li>Opciones de cobertura flexibles, incluyendo planes para varias mascotas y atenci\u00f3n preventiva.<\/li>\n<li>Chat en l\u00ednea las 24 horas del d\u00eda, los 7 d\u00edas de la semana, con veterinarios titulados.<\/li>\n<li>Proceso de reclamaci\u00f3n sencillo a trav\u00e9s de la aplicaci\u00f3n m\u00f3vil MetLife Pet.<\/li>\n<\/ul>\n<p>Visita <a href=\"https:\/\/metlife.com\/getpetquote\" target=\"_blank\" rel=\"noopener\">metlife.com\/obtenercotizaci\u00f3nmascota<\/a> <i class=\"fa-regular fa-arrow-up-right-from-square fa-more_styles\" aria-hidden=\"true\"><\/i> o llame al 800-438-6388 para obtener un presupuesto gratuito. Ingrese <strong>Johns Hopkins Health System Corp<\/strong> en el <strong>Empleador<\/strong> campo.<\/p>\n<p>Visite el <a href=\"https:\/\/www.metlifepetinsurance.com\/\" target=\"_blank\" rel=\"noopener\">Sitio web de MetLife Pet Insurance<\/a> <i class=\"fa-regular fa-arrow-up-right-from-square fa-more_styles\" aria-hidden=\"true\"><\/i> para obtener detalles sobre la cobertura.<\/p>\n<h2>Costo de la cobertura<\/h2>\n<p>Usted paga 100% del costo de la cobertura. Puede optar por pagar mediante deducciones de n\u00f3mina o directamente a Farmer\u2019s GroupSelect o MetLife.<\/p>\n<h2>C\u00f3mo inscribirse<\/h2>\n<p>Puede inscribirse en la cobertura en cualquier momento del a\u00f1o directamente a trav\u00e9s de <a href=\"https:\/\/www.myautohome.farmers.com\/index.html#\/home\" target=\"_blank\" rel=\"noopener\">Farmers GroupSelect<\/a> <i class=\"fa-regular fa-arrow-up-right-from-square fa-more_styles\" aria-hidden=\"true\"><\/i> o <a href=\"https:\/\/www.metlifepetinsurance.com\/\" target=\"_blank\" rel=\"noopener\">MetLife<\/a> <i class=\"fa-regular fa-arrow-up-right-from-square fa-more_styles\" aria-hidden=\"true\"><\/i>.<\/p>\n<\/div><\/div>\n<\/div>\n\n<div class=\"et_pb_column_4 et_pb_column et_pb_column_1_3 et-last-child et_block_column et_pb_css_mix_blend_mode_passthrough\">\n<div class=\"et_pb_blurb_0 et_pb_blurb et_pb_bg_layout_light et_pb_text_align_left et_pb_blurb_position_left et_pb_module et_block_module preset--module--divi-blurb--6eoue1j8cb\"><div class=\"et_pb_blurb_content\"><div class=\"et_pb_main_blurb_image\"><span class=\"et_pb_image_wrap\"><span class=\"et-pb-icon et-waypoint et_pb_animation_top et_pb_animation_top_tablet et_pb_animation_top_phone\">\ue026<\/span><\/span><\/div><div class=\"et_pb_blurb_container\"><h4 class=\"et_pb_module_header\">Contactos<\/h4><div class=\"et_pb_blurb_description\"><h5>Farmers GroupSelect<\/h5>\n<p>Seguro de autom\u00f3vil, hogar y inquilinos<br \/>800-438-6381<br \/><a href=\"https:\/\/www.myautohome.farmers.com\/index.html#\/home\" target=\"_blank\" rel=\"noopener\">myautohome.farmers.com<\/a> <i class=\"fa-regular fa-arrow-up-right-from-square fa-more_styles\" aria-hidden=\"true\"><\/i><\/p>\n<h5>MetLife<\/h5>\n<p>Seguro para mascotas<br \/>800-438-6388<br \/><a href=\"https:\/\/www.metlifepetinsurance.com\/\" target=\"_blank\" rel=\"noopener\">metlifepetinsurance.com<\/a> <i class=\"fa-regular fa-arrow-up-right-from-square fa-more_styles\" aria-hidden=\"true\"><\/i><\/p>\n<\/div><\/div><\/div><\/div>\n\n<div class=\"et_pb_blurb_1 et_pb_blurb et_pb_bg_layout_light et_pb_text_align_left et_pb_blurb_position_left et_pb_module et_block_module preset--module--divi-blurb--o2izxxd5ol\"><div class=\"et_pb_blurb_content\"><div class=\"et_pb_main_blurb_image\"><span class=\"et_pb_image_wrap\"><span class=\"et-pb-icon et-waypoint et_pb_animation_top et_pb_animation_top_tablet et_pb_animation_top_phone\">h<\/span><\/span><\/div><div class=\"et_pb_blurb_container\"><h4 class=\"et_pb_module_header\">Resources<\/h4><div class=\"et_pb_blurb_description\"><h5>Obtenga un presupuesto gratuito en l\u00ednea<\/h5>\n<ul>\n<li><a href=\"https:\/\/www.myautohome.farmers.com\/index.html#\/home\" target=\"_blank\" rel=\"noopener\">Seguro de autom\u00f3vil, hogar y inquilinos<\/a> <i class=\"fa-regular fa-arrow-up-right-from-square fa-more_styles\" aria-hidden=\"true\"><\/i><\/li>\n<li><a href=\"https:\/\/metlife.com\/getpetquote\" target=\"_blank\" rel=\"noopener\">Seguro para mascotas<\/a> <i class=\"fa-regular fa-arrow-up-right-from-square fa-more_styles\" aria-hidden=\"true\"><\/i><\/li>\n<\/ul>\n<h6>Aplicaci\u00f3n m\u00f3vil MetLife Pet <\/h6>\n<p><a href=\"https:\/\/apps.apple.com\/us\/app\/metlife-pet\/id1534969901\" target=\"_blank\">Tienda de aplicaciones<\/a> <i class=\"fa-regular fa-arrow-up-right-from-square fa-more_styles\" aria-hidden=\"true\"><\/i> | <a href=\"https:\/\/play.google.com\/store\/apps\/details?id=com.metlife.business.pet&amp;hl=en_US&amp;gl=US\" target=\"_blank\">Google Play<\/a> <i class=\"fa-regular fa-arrow-up-right-from-square fa-more_styles\" aria-hidden=\"true\"><\/i><\/p>\n<\/div><\/div><\/div><\/div>\n<\/div>\n<\/div>\n<\/div>","protected":false},"excerpt":{"rendered":"","protected":false},"author":3,"featured_media":0,"parent":22990665,"menu_order":0,"comment_status":"closed","ping_status":"closed","template":"","meta":{"_acf_changed":false,"_et_pb_use_builder":"on","_et_pb_old_content":"","_et_gb_content_width":"","footnotes":""},"dipi_cpt_category":[],"class_list":["post-22988492","page","type-page","status-publish","hentry"],"acf":[],"_links":{"self":[{"href":"https:\/\/mybenefitsjhhs.com\/es\/wp-json\/wp\/v2\/pages\/22988492","targetHints":{"allow":["GET"]}}],"collection":[{"href":"https:\/\/mybenefitsjhhs.com\/es\/wp-json\/wp\/v2\/pages"}],"about":[{"href":"https:\/\/mybenefitsjhhs.com\/es\/wp-json\/wp\/v2\/types\/page"}],"author":[{"embeddable":true,"href":"https:\/\/mybenefitsjhhs.com\/es\/wp-json\/wp\/v2\/users\/3"}],"replies":[{"embeddable":true,"href":"https:\/\/mybenefitsjhhs.com\/es\/wp-json\/wp\/v2\/comments?post=22988492"}],"version-history":[{"count":0,"href":"https:\/\/mybenefitsjhhs.com\/es\/wp-json\/wp\/v2\/pages\/22988492\/revisions"}],"up":[{"embeddable":true,"href":"https:\/\/mybenefitsjhhs.com\/es\/wp-json\/wp\/v2\/pages\/22990665"}],"wp:attachment":[{"href":"https:\/\/mybenefitsjhhs.com\/es\/wp-json\/wp\/v2\/media?parent=22988492"}],"wp:term":[{"taxonomy":"dipi_cpt_category","embeddable":true,"href":"https:\/\/mybenefitsjhhs.com\/es\/wp-json\/wp\/v2\/dipi_cpt_category?post=22988492"}],"curies":[{"name":"wp","href":"https:\/\/api.w.org\/{rel}","templated":true}]}}