{"id":22988511,"date":"2025-08-08T18:15:01","date_gmt":"2025-08-08T18:15:01","guid":{"rendered":"https:\/\/hopkinsredustg.wpenginepowered.com\/?page_id=22988511"},"modified":"2026-04-06T15:27:44","modified_gmt":"2026-04-06T19:27:44","slug":"jheap","status":"publish","type":"page","link":"https:\/\/mybenefitsjhhs.com\/es\/resources\/jheap\/","title":{"rendered":"EAP"},"content":{"rendered":"<div class=\"et_pb_section_0 et_pb_section et_section_regular et_block_section\">\n<div class=\"et_pb_row_0 et_pb_row et_pb_gutters3 et_block_row\">\n<div class=\"et_pb_column_0 et_pb_column et_pb_column_4_4 et-last-child et_block_column et_pb_css_mix_blend_mode_passthrough\">\n\n\n\n\n\n<\/div>\n<\/div>\n\n<div class=\"et_pb_row_1 et_pb_row et_pb_gutters3 et_block_row preset--module--divi-row--z7hm0nc1kv\"><span class=\"et_pb_background_pattern\"><\/span>\n<div class=\"et_pb_column_1 et_pb_column et-last-child et_flex_column et_pb_css_mix_blend_mode_passthrough et_flex_column_24_24\">\n<div class=\"et_pb_text_0 et_pb_text et_pb_bg_layout_light et_pb_module et_block_module preset--module--divi-text--x1sbk0ycg4\"><div class=\"et_pb_text_inner\"><h1>Programa de Asistencia al Empleado<\/h1>\n<p>Asesoramiento, derivaciones y apoyo para la vida cotidiana.<\/p>\n<\/div><\/div>\n<\/div>\n<\/div>\n<\/div>\n\n<div class=\"et_pb_section_1 et_pb_section et_section_regular et_block_section\">\n<div class=\"et_pb_row_2 et_pb_row et_pb_gutters3 et_block_row\">\n<div class=\"et_pb_column_2 et_pb_column et_pb_column_4_4 et-last-child et_block_column et_pb_css_mix_blend_mode_passthrough\">\n<div class=\"et_pb_text_1 et_pb_text et_pb_bg_layout_light et_pb_module et_block_module opener_list preset--module--divi-text--j713l7wg7d\"><div class=\"et_pb_text_inner\"><p><img loading=\"lazy\" decoding=\"async\" src=\"https:\/\/mybenefitsjhhs.com\/wp-content\/uploads\/2025\/08\/counseling-icon-300x289.png\" width=\"86\" height=\"83\" alt=\"\" class=\"wp-image-22988517 alignright size-medium\" srcset=\"https:\/\/mybenefitsjhhs.com\/wp-content\/uploads\/2025\/08\/counseling-icon-300x289.png 300w, https:\/\/mybenefitsjhhs.com\/wp-content\/uploads\/2025\/08\/counseling-icon.png 474w\" sizes=\"(max-width: 86px) 100vw, 86px\" \/>El programa Johns Hopkins Employee Assistance Program (JHEAP) est\u00e1 disponible para todos los empleados y sus familiares que vivan en el mismo hogar, sin costo alguno para usted.<\/p>\n<\/div><\/div>\n<\/div>\n<\/div>\n\n<div class=\"et_pb_row_3 et_pb_row et_pb_gutters2 et_block_row\">\n<div class=\"et_pb_column_3 et_pb_column et_pb_column_2_3 et_block_column et_pb_css_mix_blend_mode_passthrough\">\n<div class=\"et_pb_text_2 et_pb_text et_pb_bg_layout_light et_pb_module et_block_module std_page_linky preset--module--divi-text--a3c25dea-1d0c-4172-8b62-bcbc91059cfa\"><div class=\"et_pb_text_inner\"><p>El JHEAP, en colaboraci\u00f3n con la CCA, ofrece <strong>gratuito y confidencial<\/strong> Servicios de consulta, asesoramiento y derivaci\u00f3n para usted, los miembros de su familia y los hijos dependientes de hasta 26 a\u00f1os. Pueden aplicarse consideraciones especiales a los menores de 18 a\u00f1os.<\/p>\n<h2>Encuentre el apoyo que necesita<\/h2>\n<h3>Asistencia laboral y personal las 24 horas del d\u00eda, los 7 d\u00edas de la semana<\/h3>\n<p>Los especialistas en conciliaci\u00f3n laboral y familiar est\u00e1n disponibles las 24 horas del d\u00eda, los 7 d\u00edas de la semana, para proporcionar recursos y referencias sobre temas como cuidado infantil, contratistas, plomeros y otros servicios dom\u00e9sticos.<\/p>\n<p>Tambi\u00e9n puede obtener ayuda sobre temas populares utilizando la amplia gama de recursos en l\u00ednea de CCA, que incluyen art\u00edculos, calculadoras para la vida diaria, seminarios web bajo demanda y mucho m\u00e1s.<\/p>\n<p>Visite el <a href=\"https:\/\/www.myccaonline.com\/\" target=\"_blank\" rel=\"noopener\">Sitio web de JHEAP<\/a> <i class=\"fa-regular fa-arrow-up-right-from-square fa-more_styles\" aria-hidden=\"true\"><\/i> utilizando el c\u00f3digo de la empresa <strong>JHEAP<\/strong> y seleccione <strong>Localizar recursos<\/strong> o llame al 888-978-1262.<\/p>\n<h3>Servicios de asesoramiento<\/h3>\n<p>T\u00fa y los miembros de tu familia tienen derecho a hasta seis sesiones de asesoramiento gratuitas para necesidades de asesoramiento a corto plazo.<\/p>\n<p>Hay citas disponibles con un <a href=\"https:\/\/mybenefitsjhhs.com\/es\/mental-health-and-well-being\/\"><strong>consejero en el lugar<\/strong><\/a><strong> en el campus de East Baltimore, Johns Hopkins Bayview Medical Center, Keswick y Johns Hopkins All Children\u2019s Hospital,<\/strong> o puede seleccionar otro m\u00e9dico\/proveedor en la comunidad.<\/p>\n<p><a href=\"https:\/\/jh.eapintake.com\/Pages\/cca\/jh\" target=\"_blank\" rel=\"noopener\">Enviar un formulario en l\u00ednea<\/a> <i class=\"fa-regular fa-arrow-up-right-from-square fa-more_styles\" aria-hidden=\"true\"><\/i> o llame al 888-978-1262 para solicitar una cita.<\/p>\n<h3>Apoyo financiero y legal<\/h3>\n<p>Acceda a consultas telef\u00f3nicas gratuitas de 30 minutos con expertos financieros y legales que le ayudar\u00e1n en cuestiones como la elaboraci\u00f3n de presupuestos, la planificaci\u00f3n patrimonial, los impuestos, la gesti\u00f3n de deudas, la contrataci\u00f3n de un abogado y mucho m\u00e1s.<\/p>\n<p>Visite el <a href=\"https:\/\/www.myccaonline.com\/\" target=\"_blank\" rel=\"noopener\">Sitio web de JHEAP<\/a> <i class=\"fa-regular fa-arrow-up-right-from-square fa-more_styles\" aria-hidden=\"true\"><\/i> utilizando el c\u00f3digo de la empresa <strong>JHEAP<\/strong> y seleccione <strong>Centros<\/strong> &gt; <strong>Legal\/Financiero<\/strong>.<\/p>\n<h3>Descuentos y clases en l\u00ednea<\/h3>\n<p>A trav\u00e9s de Perks at Work, puedes acceder a descuentos nacionales y locales, as\u00ed como a m\u00e1s de 100 clases en l\u00ednea para todos los intereses, desde cocina y baile hasta desarrollo personal y oratoria.<\/p>\n<p><strong>C\u00f3mo registrarse:<\/strong><\/p>\n<ol>\n<li>Inicie sesi\u00f3n en el <a href=\"https:\/\/www.ccaplatform.com\/your-organization\" target=\"_blank\" rel=\"noopener\">Plataforma para miembros de Bewell\u00a0<\/a><i class=\"fa-regular fa-arrow-up-right-from-square fa-more_styles\" aria-hidden=\"true\"><\/i> y seleccione <strong>Tranquil\u00edzate &gt; Encuentra m\u00e1s recursos<\/strong> en la parte derecha de la pantalla de inicio.<\/li>\n<li>Seleccionar <strong>Perks at Work &gt; M\u00e1s informaci\u00f3n<\/strong>. Se le pedir\u00e1 que introduzca su direcci\u00f3n de correo electr\u00f3nico del trabajo o personal; utilice el c\u00f3digo de empresa <strong>CCA<\/strong>. Si ya tienes una cuenta de Perks at Work, utiliza tu direcci\u00f3n de correo electr\u00f3nico y contrase\u00f1a actuales.<\/li>\n<li>Un mensaje del sistema de <strong>PerksatWork.com<\/strong> Te lo enviaremos a tu correo electr\u00f3nico de inmediato. Abre el correo para completar tu registro e inicia sesi\u00f3n para empezar a explorar el sitio y descubrir fant\u00e1sticos descuentos.<\/li>\n<\/ol>\n<\/div><\/div>\n<\/div>\n\n<div class=\"et_pb_column_4 et_pb_column et_pb_column_1_3 et-last-child et_block_column et_pb_css_mix_blend_mode_passthrough\">\n<div class=\"et_pb_blurb_0 et_pb_blurb et_pb_bg_layout_light et_pb_text_align_left et_pb_blurb_position_left et_pb_module et_block_module preset--module--divi-blurb--6eoue1j8cb\"><div class=\"et_pb_blurb_content\"><div class=\"et_pb_main_blurb_image\"><span class=\"et_pb_image_wrap\"><span class=\"et-pb-icon et-waypoint et_pb_animation_top et_pb_animation_top_tablet et_pb_animation_top_phone\">\ue026<\/span><\/span><\/div><div class=\"et_pb_blurb_container\"><h4 class=\"et_pb_module_header\">Contactos<\/h4><div class=\"et_pb_blurb_description\"><h5>Johns Hopkins Employee Assistance Program (JHEAP)<\/h5>\n<p>888-978-1262<\/p>\n<\/div><\/div><\/div><\/div>\n\n<div class=\"et_pb_blurb_1 et_pb_blurb et_pb_bg_layout_light et_pb_text_align_left et_pb_blurb_position_left et_pb_module et_block_module preset--module--divi-blurb--o2izxxd5ol\"><div class=\"et_pb_blurb_content\"><div class=\"et_pb_main_blurb_image\"><span class=\"et_pb_image_wrap\"><span class=\"et-pb-icon et-waypoint et_pb_animation_top et_pb_animation_top_tablet et_pb_animation_top_phone\">h<\/span><\/span><\/div><div class=\"et_pb_blurb_container\"><h4 class=\"et_pb_module_header\">Resources<\/h4><div class=\"et_pb_blurb_description\"><ul style=\"padding-bottom: 0px;\">\n<li><a href=\"\/es\/mental-health-and-well-being\/\">Salud mental y bienestar<\/a><\/li>\n<li><a href=\"\/es\/financial-legal-services\/\">Servicios financieros y legales<\/a><\/li>\n<li><a href=\"\/es\/family-planning\/\">Planificaci\u00f3n familiar<\/a><\/li>\n<li><a href=\"\/es\/child-and-elder-care\/\">Cuidado de ni\u00f1os y personas mayores<\/a><\/li>\n<li><a href=\"\/es\/discounts-and-perks\/\">Descuentos y ventajas<\/a><\/li>\n<\/ul>\n<\/div><\/div><\/div><\/div>\n<\/div>\n<\/div>\n<\/div>","protected":false},"excerpt":{"rendered":"","protected":false},"author":3,"featured_media":0,"parent":22990707,"menu_order":0,"comment_status":"closed","ping_status":"closed","template":"","meta":{"_acf_changed":false,"_et_pb_use_builder":"on","_et_pb_old_content":"","_et_gb_content_width":"","footnotes":""},"dipi_cpt_category":[],"class_list":["post-22988511","page","type-page","status-publish","hentry"],"acf":[],"_links":{"self":[{"href":"https:\/\/mybenefitsjhhs.com\/es\/wp-json\/wp\/v2\/pages\/22988511","targetHints":{"allow":["GET"]}}],"collection":[{"href":"https:\/\/mybenefitsjhhs.com\/es\/wp-json\/wp\/v2\/pages"}],"about":[{"href":"https:\/\/mybenefitsjhhs.com\/es\/wp-json\/wp\/v2\/types\/page"}],"author":[{"embeddable":true,"href":"https:\/\/mybenefitsjhhs.com\/es\/wp-json\/wp\/v2\/users\/3"}],"replies":[{"embeddable":true,"href":"https:\/\/mybenefitsjhhs.com\/es\/wp-json\/wp\/v2\/comments?post=22988511"}],"version-history":[{"count":0,"href":"https:\/\/mybenefitsjhhs.com\/es\/wp-json\/wp\/v2\/pages\/22988511\/revisions"}],"up":[{"embeddable":true,"href":"https:\/\/mybenefitsjhhs.com\/es\/wp-json\/wp\/v2\/pages\/22990707"}],"wp:attachment":[{"href":"https:\/\/mybenefitsjhhs.com\/es\/wp-json\/wp\/v2\/media?parent=22988511"}],"wp:term":[{"taxonomy":"dipi_cpt_category","embeddable":true,"href":"https:\/\/mybenefitsjhhs.com\/es\/wp-json\/wp\/v2\/dipi_cpt_category?post=22988511"}],"curies":[{"name":"wp","href":"https:\/\/api.w.org\/{rel}","templated":true}]}}