{"id":22988522,"date":"2025-08-09T00:55:45","date_gmt":"2025-08-09T00:55:45","guid":{"rendered":"https:\/\/hopkinsredustg.wpenginepowered.com\/?page_id=22988522"},"modified":"2026-02-26T16:47:07","modified_gmt":"2026-02-26T21:47:07","slug":"child-and-elder-care","status":"publish","type":"page","link":"https:\/\/mybenefitsjhhs.com\/es\/life-and-family\/child-and-elder-care\/","title":{"rendered":"Cuidado de ni\u00f1os y personas mayores"},"content":{"rendered":"<div class=\"et_pb_section_0 et_pb_section et_section_regular et_block_section\">\n<div class=\"et_pb_row_0 et_pb_row et_pb_gutters3 et_block_row\">\n<div class=\"et_pb_column_0 et_pb_column et_pb_column_4_4 et-last-child et_block_column et_pb_css_mix_blend_mode_passthrough\">\n\n\n\n<\/div>\n<\/div>\n\n<div class=\"et_pb_row_1 et_pb_row et_pb_gutters3 et_block_row preset--module--divi-row--sxbj04r2pr\"><span class=\"et_pb_background_pattern\"><\/span>\n<div class=\"et_pb_column_1 et_pb_column et-last-child et_flex_column et_pb_css_mix_blend_mode_passthrough et_flex_column_24_24\">\n<div class=\"et_pb_text_0 et_pb_text et_pb_bg_layout_light et_pb_module et_block_module preset--module--divi-text--x1sbk0ycg4\"><div class=\"et_pb_text_inner\"><h1>Cuidado de ni\u00f1os y personas mayores<\/h1>\n<p>Recursos y apoyo para ayudarle a cuidar de su familia.<\/p>\n<\/div><\/div>\n<\/div>\n<\/div>\n<\/div>\n\n<div class=\"et_pb_section_1 et_pb_section et_section_regular et_block_section\">\n<div class=\"et_pb_row_2 et_pb_row et_pb_gutters3 et_block_row\">\n<div class=\"et_pb_column_2 et_pb_column et_pb_column_4_4 et-last-child et_block_column et_pb_css_mix_blend_mode_passthrough\">\n<div class=\"et_pb_text_1 et_pb_text et_pb_bg_layout_light et_pb_module et_block_module opener_list preset--module--divi-text--j713l7wg7d\"><div class=\"et_pb_text_inner\"><p><img loading=\"lazy\" decoding=\"async\" src=\"https:\/\/mybenefitsjhhs.com\/wp-content\/uploads\/2025\/08\/child-care2-icon.png\" width=\"81\" height=\"84\" alt=\"\" class=\"wp-image-22988551 alignright size-full\" \/>Todos los empleados tienen derecho a recibir cuidados de respaldo subsidiados a trav\u00e9s de Bright Horizons, as\u00ed como herramientas gratuitas y referencias para encontrar cuidadores.<\/p>\n<p>Hay opciones de cuidado infantil en el lugar de trabajo disponibles para los empleados de determinados hospitales y organizaciones afiliadas.<\/p>\n<\/div><\/div>\n<\/div>\n<\/div>\n\n<div class=\"et_pb_row_3 et_pb_row et_pb_gutters2 et_block_row\">\n<div class=\"et_pb_column_3 et_pb_column et_pb_column_2_3 et_block_column et_pb_css_mix_blend_mode_passthrough\">\n<div class=\"et_pb_text_2 et_pb_text et_pb_bg_layout_light et_pb_module et_block_module std_page_linky preset--module--divi-text--a3c25dea-1d0c-4172-8b62-bcbc91059cfa\"><div class=\"et_pb_text_inner\"><h2>Cuidado de respaldo subsidiado para ni\u00f1os y adultos.<\/h2>\n<p>Tienes 10 d\u00edas de cuidado de respaldo subsidiado cada a\u00f1o a trav\u00e9s de Bright Horizons para cuando tus arreglos habituales de cuidado de ni\u00f1os, adultos o personas mayores no est\u00e9n disponibles durante el horario laboral.<\/p>\n<p>Puede reservar cuidados de respaldo con hasta 90 d\u00edas de anticipaci\u00f3n o en el \u00faltimo momento en el <a href=\"https:\/\/clients.brighthorizons.com\/JH\" target=\"_blank\" rel=\"noopener\">Sitio web de Bright Horizons<\/a> <i class=\"fa-regular fa-arrow-up-right-from-square fa-more_styles\" aria-hidden=\"true\"><\/i> o la aplicaci\u00f3n m\u00f3vil Backup Care (<a href=\"https:\/\/apps.apple.com\/us\/app\/back-up-care\/id947422033\" target=\"_blank\" rel=\"noopener\">Tienda de aplicaciones<\/a> <i class=\"fa-regular fa-arrow-up-right-from-square fa-more_styles\" aria-hidden=\"true\"><\/i> | <a href=\"https:\/\/play.google.com\/store\/apps\/details?id=com.brighthorizons.backupcare&amp;hl=en_US\" target=\"_blank\" rel=\"noopener\">Google Play<\/a>) <i class=\"fa-regular fa-arrow-up-right-from-square fa-more_styles\" aria-hidden=\"true\"><\/i>.<\/p>\n<p>Bright Horizons tambi\u00e9n ofrece de forma gratuita <a href=\"https:\/\/www.sittercity.com\/\" target=\"_blank\" rel=\"noopener\">Sittercity<\/a> <i class=\"fa-regular fa-arrow-up-right-from-square fa-more_styles\" aria-hidden=\"true\"><\/i> y <a href=\"https:\/\/www.yearsahead.com\/\" target=\"_blank\" rel=\"noopener\">A\u00f1os por delante<\/a> <i class=\"fa-regular fa-arrow-up-right-from-square fa-more_styles\" aria-hidden=\"true\"><\/i> afiliaciones, inscripci\u00f3n preferente en la mayor\u00eda de los centros Bright Horizons y descuentos en la matr\u00edcula en los centros de la red de socios.<\/p>\n<p>Ver m\u00e1s detalles sobre <a href=\"https:\/\/hr.jhu.edu\/benefits-worklife\/family-programs\/child-care\/backup-care\/\" target=\"_blank\" rel=\"noopener\">atenci\u00f3n de respaldo a trav\u00e9s de Bright Horizons<\/a> <i class=\"fa-regular fa-arrow-up-right-from-square fa-more_styles\" aria-hidden=\"true\"><\/i>.<\/p>\n<h2>Cuidado de ni\u00f1os en el lugar<\/h2>\n<p>Todos los empleados del Sistema de Salud Johns Hopkins (JHHS) pueden beneficiarse del programa Weinberg Early Childhood Center.<\/p>\n<p>Hay otros programas de cuidado infantil disponibles en determinados hospitales y organizaciones afiliadas.<\/p>\n<h4>Weinberg Early Childhood Center<\/h4>\n<p>El <a href=\"https:\/\/www.ecc.hendersonhopkins.org\/\" target=\"_blank\" rel=\"noopener\">Harry and Jeanette Weinberg Early Childhood Center<\/a> <i class=\"fa-regular fa-arrow-up-right-from-square fa-more_styles\" aria-hidden=\"true\"><\/i>, gestionada por Downtown Baltimore Child Care en la escuela Henderson-Hopkins, es un centro de educaci\u00f3n infantil de primer nivel para beb\u00e9s, ni\u00f1os peque\u00f1os y ni\u00f1os en edad preescolar de hasta 4 a\u00f1os. Los empleados que trabajan principalmente en el campus de East Baltimore tienen prioridad para la admisi\u00f3n.<\/p>\n<h4>Johns Hopkins Child Care and Early Learning Center<\/h4>\n<h5 class=\"alert_header\">Disponible para empleados de tiempo completo en The Johns Hopkins Hospital, Johns Hopkins Health System y Bayview Medical Center.<\/h5>\n<p><a href=\"https:\/\/child-care-preschool.brighthorizons.com\/MD\/Baltimore\/johnshopkins\" target=\"_blank\" rel=\"noopener\">El Johns Hopkins Child Care and Early Learning Center<\/a> <i class=\"fa-regular fa-arrow-up-right-from-square fa-more_styles\" aria-hidden=\"true\"><\/i>, operado por Bright Horizons en el campus de East Baltimore, ofrece cuidado infantil a tiempo completo en el lugar para ni\u00f1os de seis semanas a preescolar.<\/p>\n<h4>Centro de cuidado infantil Johns Hopkins Bayview Medical Center<\/h4>\n<h5 class=\"alert_header\">Disponible para los empleados del Centro M\u00e9dico Bayview.<\/h5>\n<p>El <a href=\"https:\/\/child-care-preschool.brighthorizons.com\/md\/baltimore\/jhbayview\" target=\"_blank\" rel=\"noopener\">Centro de cuidado infantil Johns Hopkins Bayview Medical Center<\/a> <i class=\"fa-regular fa-arrow-up-right-from-square fa-more_styles\" aria-hidden=\"true\"><\/i>, operado por Bright Horizons en el campus del Bayview Medical Center, ofrece cuidado infantil a tiempo parcial o completo para ni\u00f1os en edad preescolar de 2 a 5 a\u00f1os.<\/p>\n<h2>Herramientas y referencias para encontrar cuidadores<\/h2>\n<h3>Red Familiar de Maryland<\/h3>\n<p>Consulte las vacantes inmediatas y futuras de todos los proveedores de cuidado infantil registrados en Maryland y los programas con licencia a trav\u00e9s de Maryland Family Network, incluyendo preescolar, jard\u00edn de ni\u00f1os, campamentos de verano, programas para ni\u00f1os en edad escolar y m\u00e1s.<\/p>\n<p><a href=\"https:\/\/www.marylandfamilynetwork.org\/\" target=\"_blank\" rel=\"noopener\">Buscar servicios de cuidado infantil en Maryland<\/a> <i class=\"fa-regular fa-arrow-up-right-from-square fa-more_styles\" aria-hidden=\"true\"><\/i>.<\/p>\n<h3>Referencias gratuitas del Johns Hopkins Employee Assistance Program (JHEAP)<\/h3>\n<p>Todos los empleados y sus familiares pueden ponerse en contacto con un asesor de asistencia de JHEAP, quien les proporcionar\u00e1 referencias de proveedores y servicios de cuidado infantil.<\/p>\n<p>Llame al 888-978-1262 o visite el <a href=\"https:\/\/www.myccaonline.com\/\" target=\"_blank\" rel=\"noopener\">Sitio web de JHEAP<\/a> <i class=\"fa-regular fa-arrow-up-right-from-square fa-more_styles\" aria-hidden=\"true\"><\/i> utilizando el c\u00f3digo de la empresa <strong>JHEAP<\/strong> y seleccione <strong>Localizar recursos<\/strong>.<\/p>\n<\/div><\/div>\n\n<div class=\"et_pb_text_3 et_pb_text et_pb_bg_layout_light et_pb_module et_block_module std_page_linky preset--group--divi-text--divi-background--s5qopce6ed preset--module--divi-text--1qm6s3can1\"><span class=\"et_pb_background_pattern\"><\/span><div class=\"et_pb_text_inner\"><h4>Pague los gastos de cuidado de dependientes elegibles con fondos antes de impuestos.<\/h4>\n<p>Reserve fondos antes de impuestos en una cuenta de gastos flexibles (FSA) para el cuidado de personas dependientes con el fin de pagar gastos tales como guarder\u00eda, programas antes y despu\u00e9s de la escuela, preescolar y cuidado diurno para adultos. <a href=\"\/es\/flexible-spending-accounts\/\">M\u00e1s informaci\u00f3n sobre las cuentas de gastos flexibles (FSA)<\/a>.<\/p>\n<\/div><\/div>\n<\/div>\n\n<div class=\"et_pb_column_4 et_pb_column et_pb_column_1_3 et-last-child et_block_column et_pb_css_mix_blend_mode_passthrough\">\n<div class=\"et_pb_blurb_0 et_pb_blurb et_pb_bg_layout_light et_pb_text_align_left et_pb_blurb_position_left et_pb_module et_block_module preset--module--divi-blurb--6eoue1j8cb\"><div class=\"et_pb_blurb_content\"><div class=\"et_pb_main_blurb_image\"><span class=\"et_pb_image_wrap\"><span class=\"et-pb-icon et-waypoint et_pb_animation_top et_pb_animation_top_tablet et_pb_animation_top_phone\">\ue026<\/span><\/span><\/div><div class=\"et_pb_blurb_container\"><h4 class=\"et_pb_module_header\">Contactos<\/h4><div class=\"et_pb_blurb_description\"><h5>Bright Horizons<\/h5>\n<p>Cuidado de respaldo<br \/>877-242-2737<br \/><a href=\"https:\/\/clients.brighthorizons.com\/JH\" target=\"_blank\" rel=\"noopener\">clientes.brighthorizons.com\/JH<\/a> <i class=\"fa-regular fa-arrow-up-right-from-square fa-more_styles\" aria-hidden=\"true\"><\/i><\/p>\n<h5>Johns Hopkins Employee Assistance Program (JHEAP)\u00a0<\/h5>\n<p>Johns Hopkins Employee Assistance Program<br \/>888-978-1262<\/p>\n<\/div><\/div><\/div><\/div>\n\n<div class=\"et_pb_blurb_1 et_pb_blurb et_pb_bg_layout_light et_pb_text_align_left et_pb_blurb_position_left et_pb_module et_block_module preset--module--divi-blurb--o2izxxd5ol\"><div class=\"et_pb_blurb_content\"><div class=\"et_pb_main_blurb_image\"><span class=\"et_pb_image_wrap\"><span class=\"et-pb-icon et-waypoint et_pb_animation_top et_pb_animation_top_tablet et_pb_animation_top_phone\">h<\/span><\/span><\/div><div class=\"et_pb_blurb_container\"><h4 class=\"et_pb_module_header\">Resources<\/h4><div class=\"et_pb_blurb_description\"><ul>\n<li><a href=\"https:\/\/www.marylandfamilynetwork.org\/\" target=\"_blank\" rel=\"noopener\">Red Familiar de Maryland<\/a> <i class=\"fa-regular fa-arrow-up-right-from-square fa-more_styles\" aria-hidden=\"true\"><\/i><\/li>\n<li><a href=\"https:\/\/clients.brighthorizons.com\/JH\" target=\"_blank\" rel=\"noopener\">Bright Horizons<\/a> <i class=\"fa-regular fa-arrow-up-right-from-square fa-more_styles\" aria-hidden=\"true\"><\/i><\/li>\n<\/ul>\n<h6>Aplicaci\u00f3n m\u00f3vil Backup Care<\/h6>\n<p><a href=\"https:\/\/apps.apple.com\/us\/app\/back-up-care\/id947422033\" target=\"_blank\" rel=\"noopener\">Tienda de aplicaciones<\/a> <i class=\"fa-regular fa-arrow-up-right-from-square fa-more_styles\" aria-hidden=\"true\"><\/i> | <a href=\"https:\/\/play.google.com\/store\/apps\/details?id=com.brighthorizons.backupcare&amp;hl=en_US\" target=\"_blank\" rel=\"noopener\">Google Play<\/a> <i class=\"fa-regular fa-arrow-up-right-from-square fa-more_styles\" aria-hidden=\"true\"><\/i><\/p>\n<\/div><\/div><\/div><\/div>\n<\/div>\n<\/div>\n<\/div>","protected":false},"excerpt":{"rendered":"","protected":false},"author":3,"featured_media":0,"parent":22990665,"menu_order":0,"comment_status":"closed","ping_status":"closed","template":"","meta":{"_acf_changed":false,"_et_pb_use_builder":"on","_et_pb_old_content":"","_et_gb_content_width":"","footnotes":""},"dipi_cpt_category":[],"class_list":["post-22988522","page","type-page","status-publish","hentry"],"acf":[],"_links":{"self":[{"href":"https:\/\/mybenefitsjhhs.com\/es\/wp-json\/wp\/v2\/pages\/22988522","targetHints":{"allow":["GET"]}}],"collection":[{"href":"https:\/\/mybenefitsjhhs.com\/es\/wp-json\/wp\/v2\/pages"}],"about":[{"href":"https:\/\/mybenefitsjhhs.com\/es\/wp-json\/wp\/v2\/types\/page"}],"author":[{"embeddable":true,"href":"https:\/\/mybenefitsjhhs.com\/es\/wp-json\/wp\/v2\/users\/3"}],"replies":[{"embeddable":true,"href":"https:\/\/mybenefitsjhhs.com\/es\/wp-json\/wp\/v2\/comments?post=22988522"}],"version-history":[{"count":0,"href":"https:\/\/mybenefitsjhhs.com\/es\/wp-json\/wp\/v2\/pages\/22988522\/revisions"}],"up":[{"embeddable":true,"href":"https:\/\/mybenefitsjhhs.com\/es\/wp-json\/wp\/v2\/pages\/22990665"}],"wp:attachment":[{"href":"https:\/\/mybenefitsjhhs.com\/es\/wp-json\/wp\/v2\/media?parent=22988522"}],"wp:term":[{"taxonomy":"dipi_cpt_category","embeddable":true,"href":"https:\/\/mybenefitsjhhs.com\/es\/wp-json\/wp\/v2\/dipi_cpt_category?post=22988522"}],"curies":[{"name":"wp","href":"https:\/\/api.w.org\/{rel}","templated":true}]}}