{"id":22988533,"date":"2025-08-10T16:37:57","date_gmt":"2025-08-10T16:37:57","guid":{"rendered":"https:\/\/hopkinsredustg.wpenginepowered.com\/?page_id=22988533"},"modified":"2025-12-18T04:53:27","modified_gmt":"2025-12-18T04:53:27","slug":"long-term-care-insurance","status":"publish","type":"page","link":"https:\/\/mybenefitsjhhs.com\/es\/financial\/long-term-care-insurance\/","title":{"rendered":"Seguro de cuidados a largo plazo"},"content":{"rendered":"<div class=\"et_pb_section_0 et_pb_section et_section_regular et_block_section\">\n<div class=\"et_pb_row_0 et_pb_row et_pb_gutters3 et_block_row\">\n<div class=\"et_pb_column_0 et_pb_column et_pb_column_4_4 et-last-child et_block_column et_pb_css_mix_blend_mode_passthrough\">\n\n\n\n\n\n\n\n\n\n\n\n\n\n\n\n\n\n<\/div>\n<\/div>\n\n<div class=\"et_pb_row_1 et_pb_row et_pb_gutters3 et_block_row preset--module--divi-row--d7bztfmjlv\"><span class=\"et_pb_background_pattern\"><\/span>\n<div class=\"et_pb_column_1 et_pb_column et-last-child et_flex_column et_pb_css_mix_blend_mode_passthrough et_flex_column_24_24\">\n<div class=\"et_pb_text_0 et_pb_text et_pb_bg_layout_light et_pb_module et_block_module preset--module--divi-text--x1sbk0ycg4\"><div class=\"et_pb_text_inner\"><h1>Seguro de cuidados a largo plazo<\/h1>\n<p>Los cuidados a largo plazo proporcionan ayuda con las actividades b\u00e1sicas de la vida diaria.<\/p>\n<\/div><\/div>\n<\/div>\n<\/div>\n<\/div>\n\n<div class=\"et_pb_section_1 et_pb_section et_section_regular et_block_section\">\n<div class=\"et_pb_row_2 et_pb_row et_pb_gutters3 et_block_row\">\n<div class=\"et_pb_column_2 et_pb_column et_pb_column_4_4 et-last-child et_block_column et_pb_css_mix_blend_mode_passthrough\">\n<div class=\"et_pb_text_1 et_pb_text et_pb_bg_layout_light et_pb_module et_block_module page_intro opener_list preset--module--divi-text--j713l7wg7d\"><div class=\"et_pb_text_inner\"><p><img loading=\"lazy\" decoding=\"async\" src=\"https:\/\/mybenefitsjhhs.com\/wp-content\/uploads\/2025\/08\/LTC-icon.png\" width=\"62\" height=\"85\" alt=\"\" class=\"wp-image-22988549 alignright size-full\" \/>Tienes derecho a un seguro de cuidados a largo plazo (LTC) a trav\u00e9s de Unum si eres empleado de <strong>El Johns Hopkins Hospital<\/strong>, <strong>Sistema de Salud Johns Hopkins<\/strong>, <strong>Centro M\u00e9dico Bayview<\/strong>, <strong>Centro M\u00e9dico del Condado de Howard<\/strong> o <strong>Johns Hopkins Care at Home<\/strong> que trabaja regularmente al menos 20 horas por semana.<\/p>\n<\/div><\/div>\n<\/div>\n<\/div>\n\n<div class=\"et_pb_row_3 et_pb_row et_pb_gutters2 et_block_row\">\n<div class=\"et_pb_column_3 et_pb_column et_pb_column_2_3 et_block_column et_pb_css_mix_blend_mode_passthrough\">\n<div class=\"et_pb_text_2 et_pb_text et_pb_bg_layout_light et_pb_module et_block_module std_page_linky preset--module--divi-text--a3c25dea-1d0c-4172-8b62-bcbc91059cfa\"><div class=\"et_pb_text_inner\"><p>El seguro de cuidados a largo plazo se puede utilizar para pagar los gastos elegibles de atenci\u00f3n domiciliaria, en residencias de ancianos o en centros de vida asistida que ayudan con las actividades b\u00e1sicas de la vida diaria, como comer, ba\u00f1arse y vestirse.<\/p>\n<p class=\"para_b4_list\">Esta cobertura tambi\u00e9n incluye:<\/p>\n<ul>\n<li>Acceso a asesores que pueden ayudarle a encontrar proveedores de cuidados a largo plazo, grupos de apoyo u otra asistencia cerca de usted.<\/li>\n<li>Descuentos en equipo m\u00e9dico como andadores, aud\u00edfonos y sillas de ruedas.<\/li>\n<\/ul>\n<h2>Opciones de cobertura<\/h2>\n<p class=\"para_b4_list\">Hay cuatro planes entre los que elegir. Todos los planes incluyen esta cobertura b\u00e1sica:<\/p>\n<ul>\n<li><strong>Beneficio mensual de las instalaciones<\/strong>: $1,000 durante tres a\u00f1os<\/li>\n<li><strong>Prestaci\u00f3n mensual por hogar<\/strong>: 50% de gastos elegibles hasta $500<\/li>\n<li><strong>M\u00e1ximo de por vida<\/strong>: $36,000<\/li>\n<li><strong>Per\u00edodo de eliminaci\u00f3n<\/strong>: 90 d\u00edas<\/li>\n<\/ul>\n<p class=\"para_b4_list\">Por una prima m\u00e1s alta, puede elegir planes que tambi\u00e9n incluyen:<\/p>\n<ul>\n<li><strong>No caducidad<\/strong>: Contin\u00fae autom\u00e1ticamente con la cobertura con el mismo nivel de beneficios si su p\u00f3liza se cancela o se rescinde.<\/li>\n<li><strong>Inflaci\u00f3n compuesta<\/strong>: Aumenta su beneficio mensual y el m\u00e1ximo de por vida en 5% cada a\u00f1o.<\/li>\n<\/ul>\n<p>Compare las opciones de planes en la tabla siguiente.<\/p>\n<\/div><\/div>\n\n<div class=\"et_pb_code_0 et_pb_code et_pb_module\"><div class=\"et_pb_code_inner\"><style>\n\/*** Responsive Styles Smartphone Only -- horiz scrolling table ***\/\n@media all and (max-width: 767px) {\n  .adjusted_width {width: 690px !important;}\n}\n  .network_subhead {font-size: 14px !important; font-weight: 700 !important; text-align: center !important;}\ntable.benefits-table {\n    border-bottom: 1px solid var(--lightgray-border-color) !important;\n    border-left: 1px solid var(--lightgray-border-color) !important;\n  }\n  table.benefits-table td {text-align: center;}\n  .header_divider {border-right: 1px solid #fff !important;}\n  .fa-check {color: #3dae2b;}\n<\/style>\n\n<table class=\"benefits-table adjusted_width\">\n  <thead>\n    <tr>\n      <th class=\"blue-header header_divider\" width=\"20%\">\u00bfQu\u00e9 cubre?<\/th>\n     <th class=\"blue-header header_divider\" width=\"20%\">Plan 1<\/th>\n      <th class=\"blue-header header_divider\" width=\"20%\">Plan 2<\/th>\n      <th class=\"blue-header header_divider\" width=\"20%\">Plan 3<\/th>\n      <th class=\"blue-header\" width=\"20%\">Plan 4<\/th>\n    <\/tr>\n  <\/thead>\n  <tbody>\n\n    <tr>\n      <td>Instalaciones de cuidados a largo plazo<\/td>\n      <td><i class=\"fa-solid fa-check\"><\/i><\/td>\n      <td><i class=\"fa-solid fa-check\"><\/i><\/td>\n      <td><i class=\"fa-solid fa-check\"><\/i><\/td>\n      <td><i class=\"fa-solid fa-check\"><\/i><\/td>\n    <\/tr>\n    <tr>\n      <td>Atenci\u00f3n domiciliaria profesional<\/td>\n      <td><i class=\"fa-solid fa-check\"><\/i><\/td>\n      <td><i class=\"fa-solid fa-check\"><\/i><\/td>\n      <td><i class=\"fa-solid fa-check\"><\/i><\/td>\n      <td><i class=\"fa-solid fa-check\"><\/i><\/td>\n    <\/tr> \n    <tr>\n      <td>Cuidado integral del hogar<\/td>\n      <td><i class=\"fa-solid fa-check\"><\/i><\/td>\n      <td><i class=\"fa-solid fa-check\"><\/i><\/td>\n      <td><i class=\"fa-solid fa-check\"><\/i><\/td>\n      <td><i class=\"fa-solid fa-check\"><\/i><\/td>\n    <\/tr>\n    <tr>\n      <td>No caducidad<\/td>\n      <td><\/td>\n      <td><i class=\"fa-solid fa-check\"><\/td>\n      <td><\/td>\n      <td><i class=\"fa-solid fa-check\"><\/td>\n    <\/tr>\n    <tr>\n      <td>Inflaci\u00f3n compuesta<\/td>\n      <td><\/td>\n      <td><\/td>\n      <td><i class=\"fa-solid fa-check\"><\/td>\n      <td><i class=\"fa-solid fa-check\"><\/td>\n    <\/tr>    \n  <\/tbody>\n<\/table><\/div><\/div>\n\n<div class=\"et_pb_text_3 et_pb_text et_pb_bg_layout_light et_pb_module et_block_module std_page_linky preset--group--divi-text--divi-background--s5qopce6ed preset--module--divi-text--1qm6s3can1\"><span class=\"et_pb_background_pattern\"><\/span><div class=\"et_pb_text_inner\"><h4>Cobertura alternativa de cuidados a largo plazo a trav\u00e9s de un seguro de vida completo<\/h4>\n<p>Puede adquirir una p\u00f3liza de seguro de vida completa que incluya una cl\u00e1usula adicional de cuidados a largo plazo (LTC), lo que le permite utilizar las prestaciones para cuidados a largo plazo. La cl\u00e1usula adicional LTC est\u00e1 limitada \u00fanicamente a usted (no puede adquirir cobertura para otros miembros de la familia) y se incluye en el costo de la p\u00f3liza de seguro completa, que no variar\u00e1 con el tiempo.<\/p>\n<p>M\u00e1s informaci\u00f3n sobre <a href=\"\/es\/life-add-insurance\/\">seguro de vida completo<\/a>.<\/p>\n<\/div><\/div>\n\n<div class=\"et_pb_text_4 et_pb_text et_pb_bg_layout_light et_pb_module et_block_module std_page_linky alert_header preset--module--divi-text--a3c25dea-1d0c-4172-8b62-bcbc91059cfa\"><div class=\"et_pb_text_inner\"><h2>Por qu\u00e9 es importante el LTC<\/h2>\n<p>La necesidad de cuidados a largo plazo puede ser prolongada o inesperada, y los costos no est\u00e1n cubiertos por los seguros m\u00e9dicos tradicionales.<\/p>\n<p>Ya sea por un accidente, una enfermedad, el envejecimiento o afecciones como el Alzheimer y la demencia, el seguro de cuidados a largo plazo (LTC) le ofrece tranquilidad al saber que est\u00e1 preparado para las necesidades de LTD cuando estas surjan.<\/p>\n<h2>Costo de la cobertura<\/h2>\n<p>Usted paga 100% del costo de la cobertura mediante deducciones de su n\u00f3mina. El monto que paga depende de su edad y del plan que elija.<\/p>\n<p>Utilice el <a href=\"https:\/\/unuminfo.com\/hopkinsmedicine\/calculator.aspx\" target=\"_blank\" rel=\"noopener\">Calculadora LTC<\/a> <i class=\"fa-regular fa-arrow-up-right-from-square fa-more_styles\" aria-hidden=\"true\"><\/i> para calcular sus costos.<\/p>\n<h2>C\u00f3mo inscribirse<\/h2>\n<p>Puede inscribirse usted mismo, a su c\u00f3nyuge o a sus padres en un seguro de cuidados a largo plazo en el <a href=\"https:\/\/unuminfo.com\/hopkinsmedicine\/enrollment.aspx\" target=\"_blank\" rel=\"noopener\">Sitio web de Unum<\/a>\u00a0<i class=\"fa-regular fa-arrow-up-right-from-square fa-more_styles\" aria-hidden=\"true\"><\/i> en cualquier momento del a\u00f1o.<\/p>\n<p>La cobertura comienza el primer d\u00eda del mes siguiente al mes en que se inscribi\u00f3. Por ejemplo, si fue contratado el 15 de mayo y se inscribi\u00f3 en el seguro de LTC el 4 de junio, su cobertura comienza el 1 de julio.<\/p>\n<\/div><\/div>\n<\/div>\n\n<div class=\"et_pb_column_4 et_pb_column et_pb_column_1_3 et-last-child et_block_column et_pb_css_mix_blend_mode_passthrough\">\n<div class=\"et_pb_blurb_0 et_pb_blurb et_pb_bg_layout_light et_pb_text_align_left et_pb_blurb_position_left et_pb_module et_block_module preset--module--divi-blurb--6eoue1j8cb\"><div class=\"et_pb_blurb_content\"><div class=\"et_pb_main_blurb_image\"><span class=\"et_pb_image_wrap\"><span class=\"et-pb-icon et-waypoint et_pb_animation_top et_pb_animation_top_tablet et_pb_animation_top_phone\">\ue026<\/span><\/span><\/div><div class=\"et_pb_blurb_container\"><h4 class=\"et_pb_module_header\">Contactos<\/h4><div class=\"et_pb_blurb_description\"><h5>Unum<\/h5>\n<p>Seguro de cuidados a largo plazo<br \/>866-679-3054<br \/><a href=\"https:\/\/unuminfo.com\/hopkinsmedicine\" target=\"_blank\" rel=\"noopener\">unuminfo.com\/hopkinsmedicine<\/a> <i class=\"fa-regular fa-arrow-up-right-from-square fa-more_styles\" aria-hidden=\"true\"><\/i><\/p>\n<\/div><\/div><\/div><\/div>\n\n<div class=\"et_pb_blurb_1 et_pb_blurb et_pb_bg_layout_light et_pb_text_align_left et_pb_blurb_position_left et_pb_module et_block_module preset--module--divi-blurb--o2izxxd5ol\"><div class=\"et_pb_blurb_content\"><div class=\"et_pb_main_blurb_image\"><span class=\"et_pb_image_wrap\"><span class=\"et-pb-icon et-waypoint et_pb_animation_top et_pb_animation_top_tablet et_pb_animation_top_phone\">h<\/span><\/span><\/div><div class=\"et_pb_blurb_container\"><h4 class=\"et_pb_module_header\">Resources<\/h4><div class=\"et_pb_blurb_description\"><ul>\n<li style=\"text-align: left;\"><a href=\"\/es\/documents-and-forms\/\">Documentos del plan<\/a><i class=\"fa-light fa-memo-circle-info sidebar_icon\" aria-hidden=\"true\"><\/i><\/li>\n<li><a href=\"https:\/\/unuminfo.com\/hopkinsmedicine\/calculator.aspx\" target=\"_blank\" rel=\"noopener\">Calculadora LTC<\/a> <i class=\"fa-regular fa-arrow-up-right-from-square fa-more_styles\" aria-hidden=\"true\"><\/i><\/li>\n<\/ul>\n<\/div><\/div><\/div><\/div>\n<\/div>\n<\/div>\n<\/div>","protected":false},"excerpt":{"rendered":"","protected":false},"author":3,"featured_media":0,"parent":22990629,"menu_order":0,"comment_status":"closed","ping_status":"closed","template":"","meta":{"_acf_changed":false,"_et_pb_use_builder":"on","_et_pb_old_content":"","_et_gb_content_width":"","footnotes":""},"dipi_cpt_category":[],"class_list":["post-22988533","page","type-page","status-publish","hentry"],"acf":[],"_links":{"self":[{"href":"https:\/\/mybenefitsjhhs.com\/es\/wp-json\/wp\/v2\/pages\/22988533","targetHints":{"allow":["GET"]}}],"collection":[{"href":"https:\/\/mybenefitsjhhs.com\/es\/wp-json\/wp\/v2\/pages"}],"about":[{"href":"https:\/\/mybenefitsjhhs.com\/es\/wp-json\/wp\/v2\/types\/page"}],"author":[{"embeddable":true,"href":"https:\/\/mybenefitsjhhs.com\/es\/wp-json\/wp\/v2\/users\/3"}],"replies":[{"embeddable":true,"href":"https:\/\/mybenefitsjhhs.com\/es\/wp-json\/wp\/v2\/comments?post=22988533"}],"version-history":[{"count":0,"href":"https:\/\/mybenefitsjhhs.com\/es\/wp-json\/wp\/v2\/pages\/22988533\/revisions"}],"up":[{"embeddable":true,"href":"https:\/\/mybenefitsjhhs.com\/es\/wp-json\/wp\/v2\/pages\/22990629"}],"wp:attachment":[{"href":"https:\/\/mybenefitsjhhs.com\/es\/wp-json\/wp\/v2\/media?parent=22988533"}],"wp:term":[{"taxonomy":"dipi_cpt_category","embeddable":true,"href":"https:\/\/mybenefitsjhhs.com\/es\/wp-json\/wp\/v2\/dipi_cpt_category?post=22988533"}],"curies":[{"name":"wp","href":"https:\/\/api.w.org\/{rel}","templated":true}]}}