{"id":22988543,"date":"2025-08-10T20:04:22","date_gmt":"2025-08-10T20:04:22","guid":{"rendered":"https:\/\/hopkinsredustg.wpenginepowered.com\/?page_id=22988543"},"modified":"2025-12-02T20:08:11","modified_gmt":"2025-12-02T20:08:11","slug":"holidays","status":"publish","type":"page","link":"https:\/\/mybenefitsjhhs.com\/es\/time-away\/holidays\/","title":{"rendered":"D\u00edas festivos"},"content":{"rendered":"<div class=\"et_pb_section_0 et_pb_section et_section_regular et_block_section\">\n<div class=\"et_pb_row_0 et_pb_row et_pb_gutters3 et_block_row\">\n<div class=\"et_pb_column_0 et_pb_column et_pb_column_4_4 et-last-child et_block_column et_pb_css_mix_blend_mode_passthrough\">\n\n\n\n\n\n\n\n\n\n\n\n\n\n\n\n\n\n<\/div>\n<\/div>\n\n<div class=\"et_pb_row_1 et_pb_row et_pb_gutters3 et_block_row preset--module--divi-row--s24t1ryhj0\"><span class=\"et_pb_background_pattern\"><\/span>\n<div class=\"et_pb_column_1 et_pb_column et-last-child et_flex_column et_pb_css_mix_blend_mode_passthrough et_flex_column_24_24\">\n<div class=\"et_pb_text_0 et_pb_text et_pb_bg_layout_light et_pb_module et_block_module preset--module--divi-text--x1sbk0ycg4\"><div class=\"et_pb_text_inner\"><h1>D\u00edas festivos<\/h1>\n<p>El Sistema de Salud Johns Hopkins ofrece siete d\u00edas festivos pagados al a\u00f1o.<\/p>\n<\/div><\/div>\n<\/div>\n<\/div>\n<\/div>\n\n<div class=\"et_pb_section_1 et_pb_section et_section_regular et_block_section\">\n<div class=\"et_pb_row_2 et_pb_row et_pb_gutters3 et_block_row\">\n<div class=\"et_pb_column_2 et_pb_column et_pb_column_4_4 et-last-child et_block_column et_pb_css_mix_blend_mode_passthrough\">\n<div class=\"et_pb_text_1 et_pb_text et_pb_bg_layout_light et_pb_module et_block_module page_intro opener_list preset--module--divi-text--j713l7wg7d\"><div class=\"et_pb_text_inner\"><p><img loading=\"lazy\" decoding=\"async\" src=\"https:\/\/mybenefitsjhhs.com\/wp-content\/uploads\/2025\/08\/orange-calendar-icon.png\" width=\"80\" height=\"84\" alt=\"\" class=\"wp-image-22988550 alignright size-full\" \/>Todos los empleados tienen derecho a vacaciones pagadas. Se le pagar\u00e1 seg\u00fan el n\u00famero de horas que tenga programadas regularmente, hasta un m\u00e1ximo de ocho horas.<\/p>\n<\/div><\/div>\n<\/div>\n<\/div>\n\n<div class=\"et_pb_row_3 et_pb_row et_pb_gutters2 et_block_row\">\n<div class=\"et_pb_column_3 et_pb_column et_pb_column_2_3 et_block_column et_pb_css_mix_blend_mode_passthrough\">\n<div class=\"et_pb_text_2 et_pb_text et_pb_bg_layout_light et_pb_module et_block_module std_page_linky preset--module--divi-text--a3c25dea-1d0c-4172-8b62-bcbc91059cfa\"><div class=\"et_pb_text_inner\"><p>Tienes derecho a vacaciones pagadas a partir de tu fecha de inicio, a menos que formes parte de un sindicato.<\/p>\n<p>Los empleados sindicalizados tienen derecho a ello tras completar 90 d\u00edas de empleo y deben consultar su convenio colectivo en lo que respecta a las vacaciones.<\/p>\n<h2>D\u00edas festivos observados<\/h2>\n<\/div><\/div>\n\n<div class=\"et_pb_code_0 et_pb_code et_pb_module\"><div class=\"et_pb_code_inner\"><style>\n\/*** Responsive Styles Smartphone Only -- horiz scrolling table ***\/\n@media all and (max-width: 767px) {\n  .adjusted_width {width: 690px !important;}\n}\n  .network_subhead {font-size: 14px !important; font-weight: 700 !important; text-align: center !important;}\ntable.benefits-table {\n    border-bottom: 1px solid var(--lightgray-border-color) !important;\n    border-left: 1px solid var(--lightgray-border-color) !important;\n  }\n  table.benefits-table td {text-align: center;}\n  .header_divider {border-right: 1px solid #fff !important;}\n  .fa-check {color: #3dae2b;}\n<\/style>\n\n<table class=\"benefits-table adjusted_width\">\n  <thead>\n    <tr>\n      <th class=\"blue-header header_divider\" width=\"33.3%\">Vacaciones<\/th>\n     <th class=\"blue-header header_divider\" width=\"33.3%\">Fecha observada si trabajas de lunes a viernes.<\/th>\n      <th class=\"blue-header\" width=\"33.3%\">Fecha observada si trabajas de lunes a domingo.<\/th>\n    <\/tr>\n  <\/thead>\n  <tbody>\n    <tr>\n      <td>D\u00eda de A\u00f1o Nuevo<\/td>\n      <td>Jueves, 1 de enero de 2026<\/td>\n      <td>Jueves, 1 de enero de 2026<\/td>\n    <\/tr>\n    <tr>\n      <td>D\u00eda de Martin Luther King, Jr.<\/td>\n      <td>Lunes, 19 de enero de 2026<\/td>\n      <td>Lunes, 19 de enero de 2026<\/td>\n    <\/tr>\n    <tr>\n      <td>D\u00eda de los Ca\u00eddos<\/td>\n      <td>Lunes, 25 de mayo de 2026<\/td>\n      <td>Lunes, 25 de mayo de 2026<\/td>\n    <\/tr>\n   <tr>\n      <td>D\u00eda de la Independencia<\/td>\n      <td>Viernes, 3 de julio de 2026<\/td>\n      <td>S\u00e1bado, 4 de julio de 2026<\/td>\n    <\/tr>\n   <tr>\n      <td>D\u00eda del Trabajo<\/td>\n      <td>Lunes, 7 de septiembre de 2026<\/td>\n      <td>Lunes, 7 de septiembre de 2026<\/td>\n    <\/tr>\n   <tr>\n      <td>D\u00eda de Acci\u00f3n de Gracias<\/td>\n      <td>Jueves, 26 de noviembre de 2026<\/td>\n      <td>Jueves, 26 de noviembre de 2026<\/td>\n    <\/tr>\n   <tr>\n      <td>D\u00eda de Navidad<\/td>\n      <td>Viernes, 25 de diciembre de 2026<\/td>\n      <td>Viernes, 25 de diciembre de 2026<\/td>\n    <\/tr>\n  <\/tbody>\n<\/table><\/div><\/div>\n\n<div class=\"et_pb_text_3 et_pb_text et_pb_bg_layout_light et_pb_module et_block_module std_page_linky preset--module--divi-text--a3c25dea-1d0c-4172-8b62-bcbc91059cfa\"><div class=\"et_pb_text_inner\"><h4>Notas importantes sobre cu\u00e1ndo se celebran los d\u00edas festivos<\/h4>\n<p>Si trabajas en turno de noche, el d\u00eda festivo comienza al inicio del turno de noche del d\u00eda anterior a la fecha observada.<\/p>\n<p class=\"para_b4_list\">Si su \u00e1rea de trabajo opera regularmente los siete d\u00edas de la semana, se le programar\u00e1 un d\u00eda libre sustituto si:<\/p>\n<ul>\n<li>El d\u00eda festivo observado cae en su d\u00eda libre habitual, o<\/li>\n<li>Tienes que trabajar el d\u00eda festivo observado.<\/li>\n<\/ul>\n<\/div><\/div>\n<\/div>\n\n<div class=\"et_pb_column_4 et_pb_column et_pb_column_1_3 et-last-child et_block_column et_pb_css_mix_blend_mode_passthrough\">\n<div class=\"et_pb_blurb_0 et_pb_blurb et_pb_bg_layout_light et_pb_text_align_left et_pb_blurb_position_left et_pb_module et_block_module preset--module--divi-blurb--6eoue1j8cb\"><div class=\"et_pb_blurb_content\"><div class=\"et_pb_main_blurb_image\"><span class=\"et_pb_image_wrap\"><span class=\"et-pb-icon et-waypoint et_pb_animation_top et_pb_animation_top_tablet et_pb_animation_top_phone\">\ue026<\/span><\/span><\/div><div class=\"et_pb_blurb_container\"><h4 class=\"et_pb_module_header\">Contactos<\/h4><div class=\"et_pb_blurb_description\"><h5>HR Support Center<\/h5>\n<p>Preguntas generales<br \/>443-997-5400<br \/><a href=\"mailto:hrsc@jhmi.edu\">hrsc@jhmi.edu<\/a>\u2002<i class=\"fa-light fa-envelope sidebar_icon\"><\/i><\/p>\n<\/div><\/div><\/div><\/div>\n\n<div class=\"et_pb_blurb_1 et_pb_blurb et_pb_bg_layout_light et_pb_text_align_left et_pb_blurb_position_left et_pb_module et_block_module preset--module--divi-blurb--o2izxxd5ol\"><div class=\"et_pb_blurb_content\"><div class=\"et_pb_main_blurb_image\"><span class=\"et_pb_image_wrap\"><span class=\"et-pb-icon et-waypoint et_pb_animation_top et_pb_animation_top_tablet et_pb_animation_top_phone\">h<\/span><\/span><\/div><div class=\"et_pb_blurb_container\"><h4 class=\"et_pb_module_header\">Resources<\/h4><div class=\"et_pb_blurb_description\"><p class=\"para_b4_list\"><a href=\"https:\/\/hpo.johnshopkins.edu\/enterprise\/?event=public.view\" target=\"_blank\" rel=\"noopener\">Pol\u00edticas en l\u00ednea de Johns Hopkins<\/a> <i class=\"fa-regular fa-arrow-up-right-from-square fa-more_styles\" aria-hidden=\"true\"><\/i><\/p>\n<ul>\n<li><strong>No sindicalizado<\/strong>: HR327<\/li>\n<li><strong>Uni\u00f3n<\/strong>: Consulte su convenio colectivo.<\/li>\n<\/ul>\n<\/div><\/div><\/div><\/div>\n<\/div>\n<\/div>\n<\/div>","protected":false},"excerpt":{"rendered":"","protected":false},"author":3,"featured_media":0,"parent":22990067,"menu_order":0,"comment_status":"closed","ping_status":"closed","template":"","meta":{"_acf_changed":false,"_et_pb_use_builder":"on","_et_pb_old_content":"","_et_gb_content_width":"","footnotes":""},"dipi_cpt_category":[],"class_list":["post-22988543","page","type-page","status-publish","hentry"],"acf":[],"_links":{"self":[{"href":"https:\/\/mybenefitsjhhs.com\/es\/wp-json\/wp\/v2\/pages\/22988543","targetHints":{"allow":["GET"]}}],"collection":[{"href":"https:\/\/mybenefitsjhhs.com\/es\/wp-json\/wp\/v2\/pages"}],"about":[{"href":"https:\/\/mybenefitsjhhs.com\/es\/wp-json\/wp\/v2\/types\/page"}],"author":[{"embeddable":true,"href":"https:\/\/mybenefitsjhhs.com\/es\/wp-json\/wp\/v2\/users\/3"}],"replies":[{"embeddable":true,"href":"https:\/\/mybenefitsjhhs.com\/es\/wp-json\/wp\/v2\/comments?post=22988543"}],"version-history":[{"count":0,"href":"https:\/\/mybenefitsjhhs.com\/es\/wp-json\/wp\/v2\/pages\/22988543\/revisions"}],"up":[{"embeddable":true,"href":"https:\/\/mybenefitsjhhs.com\/es\/wp-json\/wp\/v2\/pages\/22990067"}],"wp:attachment":[{"href":"https:\/\/mybenefitsjhhs.com\/es\/wp-json\/wp\/v2\/media?parent=22988543"}],"wp:term":[{"taxonomy":"dipi_cpt_category","embeddable":true,"href":"https:\/\/mybenefitsjhhs.com\/es\/wp-json\/wp\/v2\/dipi_cpt_category?post=22988543"}],"curies":[{"name":"wp","href":"https:\/\/api.w.org\/{rel}","templated":true}]}}