{"id":22988624,"date":"2025-09-01T01:16:18","date_gmt":"2025-09-01T01:16:18","guid":{"rendered":"https:\/\/hopkinsredustg.wpenginepowered.com\/?page_id=22988624"},"modified":"2026-04-02T17:04:05","modified_gmt":"2026-04-02T21:04:05","slug":"discounts-and-perks","status":"publish","type":"page","link":"https:\/\/mybenefitsjhhs.com\/es\/life-and-family\/discounts-and-perks\/","title":{"rendered":"Descuentos y ventajas"},"content":{"rendered":"<div class=\"et_pb_section_0 et_pb_section et_section_regular et_block_section\">\n<div class=\"et_pb_row_0 et_pb_row et_pb_gutters3 et_block_row\">\n<div class=\"et_pb_column_0 et_pb_column et_pb_column_4_4 et-last-child et_block_column et_pb_css_mix_blend_mode_passthrough\">\n\n\n\n\n\n\n\n\n\n\n\n\n\n\n\n<\/div>\n<\/div>\n\n<div class=\"et_pb_row_1 et_pb_row et_pb_gutters3 et_block_row preset--module--divi-row--sxbj04r2pr\"><span class=\"et_pb_background_pattern\"><\/span>\n<div class=\"et_pb_column_1 et_pb_column et-last-child et_flex_column et_pb_css_mix_blend_mode_passthrough et_flex_column_24_24\">\n<div class=\"et_pb_text_0 et_pb_text et_pb_bg_layout_light et_pb_module et_block_module preset--module--divi-text--x1sbk0ycg4\"><div class=\"et_pb_text_inner\"><h1>Descuentos y ventajas<\/h1>\n<p>Ahorra dinero en tus compras diarias, viajes, servicios, entradas y mucho m\u00e1s.<\/p>\n<\/div><\/div>\n<\/div>\n<\/div>\n<\/div>\n\n<div class=\"et_pb_section_1 et_pb_section et_section_regular et_block_section\">\n<div class=\"et_pb_row_2 et_pb_row et_pb_gutters3 et_block_row\">\n<div class=\"et_pb_column_2 et_pb_column et_pb_column_4_4 et-last-child et_block_column et_pb_css_mix_blend_mode_passthrough\">\n<div class=\"et_pb_text_1 et_pb_text et_pb_bg_layout_light et_pb_module et_block_module opener_list preset--module--divi-text--j713l7wg7d\"><div class=\"et_pb_text_inner\"><p><img loading=\"lazy\" decoding=\"async\" src=\"https:\/\/mybenefitsjhhs.com\/wp-content\/uploads\/2025\/08\/discounts-outline.png\" width=\"79\" height=\"80\" alt=\"\" class=\"wp-image-22988495 alignright size-full\" srcset=\"https:\/\/mybenefitsjhhs.com\/wp-content\/uploads\/2025\/08\/discounts-outline.png 294w, https:\/\/mybenefitsjhhs.com\/wp-content\/uploads\/2025\/08\/discounts-outline-150x150.png 150w\" sizes=\"(max-width: 79px) 100vw, 79px\" \/>Todos los empleados tienen derecho a descuentos a trav\u00e9s de LifeMart y Perks at Work.<\/p>\n<p>Hay otros programas de descuentos disponibles para los empleados de determinados hospitales y organizaciones afiliadas.<\/p>\n<\/div><\/div>\n<\/div>\n<\/div>\n\n<div class=\"et_pb_row_3 et_pb_row et_pb_gutters2 et_block_row\">\n<div class=\"et_pb_column_3 et_pb_column et_pb_column_2_3 et_block_column et_pb_css_mix_blend_mode_passthrough\">\n<div class=\"et_pb_text_2 et_pb_text et_pb_bg_layout_light et_clickable et_pb_module et_block_module std_page_linky alert_header preset--module--divi-text--a3c25dea-1d0c-4172-8b62-bcbc91059cfa\"><div class=\"et_pb_text_inner\"><h2>LifeMart<\/h2>\n<p>Ahorre dinero con nuestro programa de descuentos para empleados LifeMart. El programa de descuentos para empleados LifeMart ofrece ahorros en muchos productos y servicios, como autom\u00f3viles, viajes, productos electr\u00f3nicos, eventos, restaurantes y mucho m\u00e1s.<\/p>\n<p><a href=\"https:\/\/discountmember.lifecare.com\/registration\/register1.rtml?service=registration&amp;member=1&amp;corp_or_ccode=JOHNSHOPKINS&amp;partner_token=johnshopkins-031119\" target=\"_blank\" rel=\"noopener\">Crea tu cuenta gratis<\/a> <i class=\"fa-regular fa-arrow-up-right-from-square fa-more_styles\" aria-hidden=\"true\"><\/i> utilizando el c\u00f3digo de acceso <strong>JohnsHopkins<\/strong>.<\/p>\n<p>\u00bfYa tienes una cuenta? <a href=\"https:\/\/discountmember.lifecare.com\/index.html\" target=\"_blank\" rel=\"noopener\">Iniciar sesi\u00f3n<\/a> <i class=\"fa-regular fa-arrow-up-right-from-square fa-more_styles\" aria-hidden=\"true\"><\/i> para empezar a ahorrar.<\/p>\n<h2>Perks at Work<\/h2>\n<p><span data-contrast=\"auto\" xml:lang=\"EN-US\" lang=\"EN-US\" class=\"TextRun SCXW7631889 BCX8\"><span class=\"NormalTextRun SCXW7631889 BCX8\">El Programa de Asistencia al Empleado de Johns Hopkins (JHEAP) ofrece un programa de compras con descuentos proporcionado por CCA a trav\u00e9s de Perks at Work. Ahorra en viajes, entretenimiento, productos electr\u00f3nicos, salud, alimentaci\u00f3n y otros descuentos exclusivos.<\/span><\/span><\/p>\n<p><strong>C\u00f3mo registrarse:<\/strong><\/p>\n<ol>\n<li>Inicie sesi\u00f3n en el <a href=\"https:\/\/www.ccaplatform.com\/your-organization\" target=\"_blank\">Plataforma para miembros de Bewell\u00a0<\/a><i class=\"fa-regular fa-arrow-up-right-from-square fa-more_styles\" aria-hidden=\"true\"><\/i> y seleccione <strong>Tranquil\u00edzate &gt; Encuentra m\u00e1s recursos<\/strong> en la parte derecha de la pantalla de inicio.<\/li>\n<li>Seleccionar <strong>Perks at Work &gt; M\u00e1s informaci\u00f3n<\/strong>. Se le pedir\u00e1 que introduzca su direcci\u00f3n de correo electr\u00f3nico del trabajo o personal; utilice el c\u00f3digo de empresa <strong>CCA<\/strong>. Si ya tienes una cuenta de Perks at Work, utiliza tu direcci\u00f3n de correo electr\u00f3nico y contrase\u00f1a actuales.<\/li>\n<li>Un mensaje del sistema de <strong>PerksatWork.com<\/strong> Te lo enviaremos a tu correo electr\u00f3nico de inmediato. Abre el correo para completar tu registro e inicia sesi\u00f3n para empezar a explorar el sitio y descubrir fant\u00e1sticos descuentos.<\/li>\n<\/ol>\n<h2>Ayuda para la compra de vivienda<\/h2>\n<h5 class=\"alert_header\">Este beneficio est\u00e1 disponible solo para los empleados de The Johns Hopkins Hospital, Johns Hopkins Health System y Bayview Medical Center.<\/h5>\n<\/div><\/div>\n\n<div class=\"et_pb_text_3 et_pb_text et_pb_bg_layout_light et_pb_module et_block_module std_page_linky preset--group--divi-text--divi-background--s5qopce6ed preset--module--divi-text--1qm6s3can1\"><span class=\"et_pb_background_pattern\"><\/span><div class=\"et_pb_text_inner\"><h4>Actualizaci\u00f3n importante sobre la financiaci\u00f3n de LNYW<\/h4>\n<p>Actualmente, la financiaci\u00f3n de la ciudad de Baltimore para Live Near Your Work no est\u00e1 disponible. A\u00fan puede solicitar recibir una parte de la subvenci\u00f3n de Johns Hopkins. Le avisaremos cuando la financiaci\u00f3n vuelva a estar disponible.<\/p>\n<\/div><\/div>\n\n<div class=\"et_pb_text_4 et_pb_text et_pb_bg_layout_light et_pb_module et_block_module std_page_linky preset--group--divi-text--divi-background--s5qopce6ed preset--module--divi-text--1qm6s3can1\"><span class=\"et_pb_background_pattern\"><\/span><div class=\"et_pb_text_inner\"><h4>Actualizaci\u00f3n importante sobre la financiaci\u00f3n de LNYW<\/h4>\n<p>La financiaci\u00f3n para Live Near Your Work no est\u00e1 disponible actualmente para [entidad]. Le avisaremos cuando vuelva a estar disponible.<\/p>\n<\/div><\/div>\n\n<div class=\"et_pb_text_5 et_pb_text et_pb_bg_layout_light et_pb_module et_block_module std_page_linky preset--module--divi-text--a3c25dea-1d0c-4172-8b62-bcbc91059cfa\"><div class=\"et_pb_text_inner\"><p>Live Near Your Work (LNYW), en colaboraci\u00f3n con la ciudad de Baltimore y el estado de Maryland, ofrece ayuda financiera para la compra de viviendas en zonas espec\u00edficas de la ciudad de Baltimore.<\/p>\n<p>Si trabaja regularmente m\u00e1s de 30 horas a la semana, puede tener derecho a recibir hasta $14,500 para el pago inicial y los gastos de cierre.<\/p>\n<p>Visita <a href=\"\/es\/homebuying-assistance\/\">asistencia para la compra de vivienda<\/a> para obtener m\u00e1s detalles sobre los requisitos, los l\u00edmites, los montos de las subvenciones y c\u00f3mo solicitarlas.<\/p>\n<\/div><\/div>\n\n<div class=\"et_pb_video_0 et_pb_video et_pb_module et_block_module\"><div class=\"et_pb_video_box\"><iframe loading=\"lazy\" title=\"JHHS: 1 TP 32 T\" src=\"https:\/\/player.vimeo.com\/video\/1084234452?dnt=1&amp;app_id=122963\" width=\"1080\" height=\"608\" frameborder=\"0\" allow=\"autoplay; fullscreen; picture-in-picture; clipboard-write; encrypted-media; web-share\" referrerpolicy=\"strict-origin-when-cross-origin\"><\/iframe><\/div><\/div>\n\n<div class=\"et_pb_text_6 et_pb_text et_pb_bg_layout_light et_pb_module et_block_module std_page_linky alert_header preset--module--divi-text--a3c25dea-1d0c-4172-8b62-bcbc91059cfa\"><div class=\"et_pb_text_inner\"><h2>Servicios de asistencia a domicilio<\/h2>\n<h5 class=\"alert_header\">Este beneficio est\u00e1 disponible solo para los empleados de Johns Hopkins Care at Home (JHCAH).<\/h5>\n<p>La divisi\u00f3n de asistencia domiciliaria de JHCAH ofrece a los empleados tarifas con descuento para servicios de acompa\u00f1amiento y asistencia domiciliaria. Llame al 410-288-8998 para obtener m\u00e1s informaci\u00f3n.<\/p>\n<\/div><\/div>\n\n<div class=\"et_pb_text_7 et_pb_text et_pb_bg_layout_light et_pb_module et_block_module std_page_linky preset--group--divi-text--divi-background--s5qopce6ed preset--module--divi-text--1qm6s3can1\"><span class=\"et_pb_background_pattern\"><\/span><div class=\"et_pb_text_inner\"><h4>Ahorre a\u00fan m\u00e1s con descuentos en seguros de autom\u00f3vil, hogar, inquilinos y mascotas.<\/h4>\n<p>Los empleados que trabajan regularmente al menos 20 horas a la semana tienen derecho a descuentos en seguros de autom\u00f3vil, hogar y alquiler a trav\u00e9s de Farmers GroupSelect, as\u00ed como a descuentos en seguros para mascotas a trav\u00e9s de MetLife. <a href=\"\/es\/auto-home-renters-and-pet-insurance\/\">Obtenga un presupuesto gratuito<\/a>.<\/p>\n<\/div><\/div>\n<\/div>\n\n<div class=\"et_pb_column_4 et_pb_column et_pb_column_1_3 et-last-child et_block_column et_pb_css_mix_blend_mode_passthrough\">\n<div class=\"et_pb_blurb_0 et_pb_blurb et_pb_bg_layout_light et_pb_text_align_left et_pb_blurb_position_left et_pb_module et_block_module preset--module--divi-blurb--6eoue1j8cb\"><div class=\"et_pb_blurb_content\"><div class=\"et_pb_main_blurb_image\"><span class=\"et_pb_image_wrap\"><span class=\"et-pb-icon et-waypoint et_pb_animation_top et_pb_animation_top_tablet et_pb_animation_top_phone\">\ue026<\/span><\/span><\/div><div class=\"et_pb_blurb_container\"><h4 class=\"et_pb_module_header\">Contactos<\/h4><div class=\"et_pb_blurb_description\"><h5><span>LifeMart<\/span><\/h5>\n<p>Programa de descuentos para empleados<br \/><a href=\"https:\/\/discountmember.lifecare.com\/index.html\" target=\"_blank\" rel=\"noopener\">miembro con descuento.lifecare.com<\/a> <i class=\"fa-regular fa-arrow-up-right-from-square fa-more_styles\" aria-hidden=\"true\"><\/i><\/p>\n<h5><span>Perks at Work<\/span><\/h5>\n<p>Descuentos y clases en l\u00ednea<br \/>888-978-1262<br \/><a href=\"https:\/\/www.myccaonline.com\/\" target=\"_blank\" rel=\"noopener\">myccaonline.com<\/a> <i class=\"fa-regular fa-arrow-up-right-from-square fa-more_styles\" aria-hidden=\"true\"><\/i><br \/>(c\u00f3digo de empresa JHEAP)<\/p>\n<\/div><\/div><\/div><\/div>\n<\/div>\n<\/div>\n<\/div>","protected":false},"excerpt":{"rendered":"","protected":false},"author":3,"featured_media":0,"parent":22990665,"menu_order":0,"comment_status":"closed","ping_status":"closed","template":"","meta":{"_acf_changed":false,"_et_pb_use_builder":"on","_et_pb_old_content":"","_et_gb_content_width":"","footnotes":""},"dipi_cpt_category":[],"class_list":["post-22988624","page","type-page","status-publish","hentry"],"acf":[],"_links":{"self":[{"href":"https:\/\/mybenefitsjhhs.com\/es\/wp-json\/wp\/v2\/pages\/22988624","targetHints":{"allow":["GET"]}}],"collection":[{"href":"https:\/\/mybenefitsjhhs.com\/es\/wp-json\/wp\/v2\/pages"}],"about":[{"href":"https:\/\/mybenefitsjhhs.com\/es\/wp-json\/wp\/v2\/types\/page"}],"author":[{"embeddable":true,"href":"https:\/\/mybenefitsjhhs.com\/es\/wp-json\/wp\/v2\/users\/3"}],"replies":[{"embeddable":true,"href":"https:\/\/mybenefitsjhhs.com\/es\/wp-json\/wp\/v2\/comments?post=22988624"}],"version-history":[{"count":0,"href":"https:\/\/mybenefitsjhhs.com\/es\/wp-json\/wp\/v2\/pages\/22988624\/revisions"}],"up":[{"embeddable":true,"href":"https:\/\/mybenefitsjhhs.com\/es\/wp-json\/wp\/v2\/pages\/22990665"}],"wp:attachment":[{"href":"https:\/\/mybenefitsjhhs.com\/es\/wp-json\/wp\/v2\/media?parent=22988624"}],"wp:term":[{"taxonomy":"dipi_cpt_category","embeddable":true,"href":"https:\/\/mybenefitsjhhs.com\/es\/wp-json\/wp\/v2\/dipi_cpt_category?post=22988624"}],"curies":[{"name":"wp","href":"https:\/\/api.w.org\/{rel}","templated":true}]}}