{"id":22988639,"date":"2025-09-08T02:20:03","date_gmt":"2025-09-08T02:20:03","guid":{"rendered":"https:\/\/hopkinsredustg.wpenginepowered.com\/?page_id=22988639"},"modified":"2026-02-26T16:37:47","modified_gmt":"2026-02-26T21:37:47","slug":"cancer-support","status":"publish","type":"page","link":"https:\/\/mybenefitsjhhs.com\/es\/salud\/cancer-support\/","title":{"rendered":"Apoyo para el c\u00e1ncer"},"content":{"rendered":"<div class=\"et_pb_section_0 et_pb_section et_section_regular et_block_section\">\n<div class=\"et_pb_row_0 et_pb_row et_pb_gutters3 et_block_row\">\n<div class=\"et_pb_column_0 et_pb_column et_pb_column_4_4 et-last-child et_block_column et_pb_css_mix_blend_mode_passthrough\">\n\n\n\n<\/div>\n<\/div>\n\n<div class=\"et_pb_row_1 et_pb_row et_pb_gutters3 et_block_row\"><span class=\"et_pb_background_pattern\"><\/span><span class=\"et_pb_background_mask\"><\/span>\n<div class=\"et_pb_column_1 et_pb_column et_pb_column_4_4 et-last-child et_block_column et_pb_css_mix_blend_mode_passthrough\">\n<div class=\"et_pb_heading_0 et_pb_heading et_pb_module et_block_module preset--module--divi-heading--sf1uzc7mz9\"><div class=\"et_pb_heading_container\"><h1 class=\"et_pb_module_header\">Apoyo para el c\u00e1ncer<\/h1><\/div><\/div>\n\n<div class=\"et_pb_text_0 et_pb_text et_pb_bg_layout_light et_pb_module et_block_module\"><div class=\"et_pb_text_inner\"><p>Prevenci\u00f3n, orientaci\u00f3n y apoyo para empleados y cuidadores.<\/p>\n<\/div><\/div>\n<\/div>\n<\/div>\n<\/div>\n\n<div class=\"et_pb_section_1 et_pb_section et_section_regular et_block_section\">\n<div class=\"et_pb_row_2 et_pb_row et_pb_gutters3 et_block_row\">\n<div class=\"et_pb_column_2 et_pb_column et_pb_column_4_4 et-last-child et_block_column et_pb_css_mix_blend_mode_passthrough\">\n<div class=\"et_pb_text_1 et_pb_text et_pb_bg_layout_light et_pb_module et_block_module page_intro opener_list preset--module--divi-text--j713l7wg7d\"><div class=\"et_pb_text_inner\"><p><img loading=\"lazy\" decoding=\"async\" src=\"https:\/\/mybenefitsjhhs.com\/wp-content\/uploads\/2025\/09\/cancer-support-featured-256x300.png\" width=\"73\" height=\"91\" alt=\"\" class=\"wp-image-22988686 alignright size-medium\" \/>Todos los empleados tienen derecho a recibir apoyo gratuito para el c\u00e1ncer a trav\u00e9s de Naviance. Se ofrece apoyo adicional a trav\u00e9s de nuestros planes m\u00e9dicos Johns Hopkins Employer Health Programs (EHP).<\/p>\n<\/div><\/div>\n<\/div>\n<\/div>\n\n<div class=\"et_pb_row_3 et_pb_row et_pb_gutters2 et_block_row\">\n<div class=\"et_pb_column_3 et_pb_column et_pb_column_2_3 et_block_column et_pb_css_mix_blend_mode_passthrough\">\n<div class=\"et_pb_text_2 et_pb_text et_pb_bg_layout_light et_pb_module et_block_module std_page_linky preset--module--divi-text--a3c25dea-1d0c-4172-8b62-bcbc91059cfa\"><div class=\"et_pb_text_inner\"><h2>Apoyo gratuito para pacientes con c\u00e1ncer a trav\u00e9s de Naviance<\/h2>\n<p>Naviance proporciona herramientas, informaci\u00f3n y apoyo para ayudarle a usted, a sus dependientes y a sus cuidadores a afrontar el proceso del c\u00e1ncer. Este programa de Johns Hopkins Medicine es confidencial y gratuito para todos los empleados.<\/p>\n<h3>Servicios y recursos<\/h3>\n<ul>\n<li><strong>Apoyo de enfermeras orientadoras<\/strong> ofrece orientaci\u00f3n sobre la detecci\u00f3n temprana y las pruebas de detecci\u00f3n, el manejo del diagn\u00f3stico, el equilibrio entre el tratamiento y el trabajo, las repercusiones econ\u00f3micas, los cuidados y la supervivencia.<\/li>\n<li><strong>Biblioteca en l\u00ednea<\/strong> con informaci\u00f3n completa sobre los tipos de c\u00e1ncer, detecci\u00f3n y prevenci\u00f3n, tratamiento, c\u00f3mo afrontarlo, finanzas y mucho m\u00e1s.<\/li>\n<\/ul>\n<p>Visite el <a href=\"https:\/\/gonaviance.com\/jh\" target=\"_blank\" rel=\"noopener\">Sitio web de Naviance<\/a> <i class=\"fa-regular fa-arrow-up-right-from-square fa-more_styles\"><\/i> para obtener m\u00e1s informaci\u00f3n o programar una cita. <\/p>\n<p>Mira este video para conocer las ventajas de Naviance.<\/p>\n<\/div><\/div>\n\n<div class=\"et_pb_video_0 et_pb_video et_pb_module et_block_module\"><div class=\"et_pb_video_box\"><iframe loading=\"lazy\" title=\"Descripci\u00f3n general del Work Stride con Rose\" width=\"1080\" height=\"608\" src=\"https:\/\/www.youtube.com\/embed\/7vZ2TabOkUI?feature=oembed\"  allow=\"accelerometer; autoplay; clipboard-write; encrypted-media; gyroscope; picture-in-picture; web-share\" referrerpolicy=\"strict-origin-when-cross-origin\" allowfullscreen><\/iframe><\/div><\/div>\n\n<div class=\"et_pb_text_3 et_pb_text et_pb_bg_layout_light et_pb_module et_block_module std_page_linky preset--module--divi-text--a3c25dea-1d0c-4172-8b62-bcbc91059cfa\"><div class=\"et_pb_text_inner\"><h3>Grupos de apoyo mensuales<\/h3>\n<p>La enfermera oncol\u00f3gica Rose Wolfe, de Naviance, organiza dos grupos de apoyo mensuales para responder a sus preguntas y ofrecer informaci\u00f3n relacionada con el c\u00e1ncer:<\/p>\n<\/div><\/div>\n\n<div class=\"et_pb_row_4 et_pb_row et_pb_gutters2 et_pb_row_nested et_block_row\">\n<div class=\"et_pb_column_4 et_pb_column et_pb_column_1_2 et_block_column et_pb_css_mix_blend_mode_passthrough preset--group--divi-column--divi-background--dg5nkwvw74\"><span class=\"et_pb_background_pattern\"><\/span>\n<div class=\"et_pb_cta_0 et_pb_promo et_pb_bg_layout_dark et_pb_module et_block_module preset--module--divi-cta--ntk986noeg\"><div class=\"et_pb_promo_description\"><h2 class=\"et_pb_module_header\">Grupo de apoyo a los empleados<\/h2><div class=\"et_pb_promo_content\"><p>De 12 a 1 p. m. el primer mi\u00e9rcoles del mes.<\/p>\n<\/div><\/div><div class=\"et_pb_button_wrapper\"><a class=\"et_pb_button et_pb_promo_button\" target=\"_blank\" href=\"https:\/\/jhjhm.zoom.us\/j\/5312347983#success\" rel=\"noreferrer\">\u00danete en Zoom<\/a><\/div><\/div>\n<\/div>\n\n<div class=\"et_pb_column_5 et_pb_column et_pb_column_1_2 et-last-child et_block_column et_pb_css_mix_blend_mode_passthrough preset--group--divi-column--divi-background--dg5nkwvw74\"><span class=\"et_pb_background_pattern\"><\/span>\n<div class=\"et_pb_cta_1 et_pb_promo et_pb_bg_layout_dark et_pb_module et_block_module preset--module--divi-cta--ntk986noeg\"><div class=\"et_pb_promo_description\"><h2 class=\"et_pb_module_header\">Grupo de apoyo para cuidadores<\/h2><div class=\"et_pb_promo_content\"><p>De 12 a 1 p. m. el segundo mi\u00e9rcoles del mes.<\/p>\n<\/div><\/div><div class=\"et_pb_button_wrapper\"><a class=\"et_pb_button et_pb_promo_button\" target=\"_blank\" href=\"https:\/\/jhjhm.zoom.us\/j\/97910965388#success\" rel=\"noreferrer\">\u00danete en Zoom<\/a><\/div><\/div>\n<\/div>\n<\/div>\n\n<div class=\"et_pb_text_4 et_pb_text et_pb_bg_layout_light et_pb_module et_block_module std_page_linky preset--group--divi-text--divi-background--s5qopce6ed preset--module--divi-text--1qm6s3can1\"><span class=\"et_pb_background_pattern\"><\/span><div class=\"et_pb_text_inner\"><h4>Servicios de asesoramiento gratuitos para usted y su familia.<\/h4>\n<p>T\u00fa y los miembros de tu familia tienen derecho a seis sesiones de asesoramiento gratuitas al a\u00f1o a trav\u00e9s del programa Johns Hopkins Employee Assistance Program (JHEAP). <a href=\"\/es\/mental-health-and-well-being\/\">M\u00e1s informaci\u00f3n<\/a>.<\/p>\n<\/div><\/div>\n\n<div class=\"et_pb_text_5 et_pb_text et_pb_bg_layout_light et_pb_module et_block_module std_page_linky preset--module--divi-text--a3c25dea-1d0c-4172-8b62-bcbc91059cfa\"><div class=\"et_pb_text_inner\"><h2>Cobertura del plan m\u00e9dico y recursos para el tratamiento del c\u00e1ncer<\/h2>\n<p>Todos los planes m\u00e9dicos de Johns Hopkins incluyen cobertura para los tratamientos t\u00edpicos contra el c\u00e1ncer.<\/p>\n<h3>Proveedores y servicios dentro de la red<\/h3>\n<p class=\"para_b4_list\">Encuentre m\u00e9dicos, especialistas y centros de la red cerca de usted:<\/p>\n<ul>\n<li><a href=\"https:\/\/www.ehp.org\/find-a-provider\/\" target=\"_blank\" rel=\"noopener\">Buscar en la red Cigna o EHP<\/a> <i class=\"fa-regular fa-arrow-up-right-from-square fa-more_styles\" aria-hidden=\"true\"><\/i><\/li>\n<li><a href=\"https:\/\/healthy.kaiserpermanente.org\/doctors-locations\" target=\"_blank\" rel=\"noopener\">Busque m\u00e9dicos y ubicaciones de Kaiser<\/a> <i class=\"fa-regular fa-arrow-up-right-from-square fa-more_styles\" aria-hidden=\"true\"><\/i> (Solo para empleados de Suburban Hospital)<\/li>\n<\/ul>\n<p>Esta tabla refleja \u00fanicamente la cobertura dentro de la red. Para obtener detalles sobre la cobertura fuera de la red, consulte el <a href=\"\/es\/documents-and-forms\/\">Summary Plan Description<\/a>.<\/p>\n<\/div><\/div>\n<\/div>\n\n<div class=\"et_pb_column_6 et_pb_column et_pb_column_1_3 et-last-child et_block_column et_pb_css_mix_blend_mode_passthrough\">\n<div class=\"et_pb_blurb_0 et_pb_blurb et_pb_bg_layout_light et_pb_text_align_left et_pb_blurb_position_left et_pb_module et_block_module preset--module--divi-blurb--6eoue1j8cb\"><div class=\"et_pb_blurb_content\"><div class=\"et_pb_main_blurb_image\"><span class=\"et_pb_image_wrap\"><span class=\"et-pb-icon et-waypoint et_pb_animation_top et_pb_animation_top_tablet et_pb_animation_top_phone\">\ue026<\/span><\/span><\/div><div class=\"et_pb_blurb_container\"><h4 class=\"et_pb_module_header\">Contactos<\/h4><div class=\"et_pb_blurb_description\"><h5>Naviance<\/h5>\n<p>Orientaci\u00f3n y apoyo para pacientes con c\u00e1ncer<br \/>844-446-6229<br \/><a href=\"mailto:naviance@jh.edu\">naviance@jh.edu<\/a>\u2002<i class=\"fa-light fa-envelope sidebar_icon\"><\/i><br \/><a href=\"https:\/\/gonaviance.com\/jh\" target=\"_blank\" rel=\"noopener\">gonaviance.com\/jh<\/a> <i class=\"fa-regular fa-arrow-up-right-from-square fa-more_styles\" aria-hidden=\"true\"><\/i><\/p>\n<h5>Employer Health Programs<\/h5>\n<p>Seguro m\u00e9dico<br \/>800-261-2393<br \/><a href=\"https:\/\/www.ehp.org\/\" target=\"_blank\" rel=\"noopener\">ehp.org<\/a> <i class=\"fa-regular fa-arrow-up-right-from-square fa-more_styles\" aria-hidden=\"true\"><\/i><\/p>\n<h5>Kaiser HMO (solo Suburban Hospital)<\/h5>\n<p>Seguro m\u00e9dico<br \/>301-468-6000<br \/><a href=\"https:\/\/healthy.kaiserpermanente.org\/\" target=\"_blank\" rel=\"noopener\">healthy.kaiserpermanente.org<\/a> <i class=\"fa-regular fa-arrow-up-right-from-square fa-more_styles\" aria-hidden=\"true\"><\/i><\/p>\n<h5>Johns Hopkins Employee Assistance Program (JHEAP)<\/h5>\n<p>Johns Hopkins Employee Assistance Program<br \/>888-978-1262<\/p>\n<\/div><\/div><\/div><\/div>\n\n<div class=\"et_pb_blurb_1 et_pb_blurb et_pb_bg_layout_light et_pb_text_align_left et_pb_blurb_position_left et_pb_module et_block_module preset--module--divi-blurb--o2izxxd5ol\"><div class=\"et_pb_blurb_content\"><div class=\"et_pb_main_blurb_image\"><span class=\"et_pb_image_wrap\"><span class=\"et-pb-icon et-waypoint et_pb_animation_top et_pb_animation_top_tablet et_pb_animation_top_phone\">h<\/span><\/span><\/div><div class=\"et_pb_blurb_container\"><h4 class=\"et_pb_module_header\">Resources<\/h4><div class=\"et_pb_blurb_description\"><ul>\n<li><a href=\"https:\/\/gonaviance.com\/jh\" target=\"_blank\" rel=\"noopener\">Naviance<\/a> <i class=\"fa-regular fa-arrow-up-right-from-square fa-more_styles\" aria-hidden=\"true\"><\/i><\/li>\n<li><a href=\"https:\/\/www.ehp.org\/health-and-wellness\/care-management\/\" target=\"_blank\" rel=\"noopener\">Gesti\u00f3n de la atenci\u00f3n m\u00e9dica de EHP<\/a> <i class=\"fa-regular fa-arrow-up-right-from-square fa-more_styles\" aria-hidden=\"true\"><\/i><\/li>\n<\/ul>\n<\/div><\/div><\/div><\/div>\n<\/div>\n<\/div>\n\n<div class=\"et_pb_row_5 et_pb_row et_pb_gutters3 et_block_row\">\n<div class=\"et_pb_column_7 et_pb_column et_pb_column_4_4 et-last-child et_block_column et_pb_css_mix_blend_mode_passthrough\">\n<div class=\"et_pb_code_0 et_pb_code et_pb_module\"><div class=\"et_pb_code_inner\"><style>\n\/*** Responsive Styles Smartphone Only ***\/\n@media all and (max-width: 767px) {\n  .adjusted_width {width: 600px !important;}\n}\n\/** table specific styles **\/  \ntable.benefits-table {\n    border-bottom: 1px solid var(--lightgray-border-color) !important;\n  border-left: 1px solid var(--lightgray-border-color) !important;\n  border-right: 1px solid var(--lightgray-border-color) !important;\n  }\n  table.benefits-table td {text-align: center;}\n  table.benefits-table td:first-child {font-weight: 400 !important;}\n  .header_divider {border-right: 1px solid #fff !important;}  \n<\/style>\n\n<table class=\"benefits-table adjusted_width\">\n  <thead>\n    <tr>\n      <th class=\"blankhead\" width=\"20%\"><\/th>\n      <th class=\"blue-header header_divider\" width=\"20%\">Plan EPO de Johns Hopkins<\/th>\n      <th class=\"blue-header header_divider\" width=\"20%\">Plan PPO de Johns Hopkins<\/th>\n      <th class=\"blue-header header_divider\" width=\"20%\">Plan DPC de Johns Hopkins<\/th>\n      <th class=\"blue-header\" width=\"20%\">Kaiser HMO (solo en zonas suburbanas)<\/th>      \n    <\/tr>\n  <\/thead>\n  <tbody>\n    <tr>\n      <td><strong>Ex\u00e1menes preventivos<\/strong>\nColonoscopia, mamograf\u00eda, citolog\u00eda vaginal, etc.\n<\/td>\n      <td>$0<\/td>\n      <td>$0<\/td>\n      <td>$0<\/td>\n      <td>$0<\/td>\n    <\/tr>\n    <tr>\n      <td><strong>Quimioterapia y radioterapia<\/strong><\/td>\n<td><p>Preferido<sup>1<\/sup>: Usted paga 10% despu\u00e9s del deducible.<\/p>\n<p>Cigna: Usted paga 20% despu\u00e9s de la franquicia.<\/p>\n<\/td>\n<td><p>Preferido<sup>1<\/sup>: Usted paga 10% despu\u00e9s del deducible.<\/p>\n<p>Cigna: Usted paga 20% despu\u00e9s de la franquicia.<\/p><\/td>\n<td><p>Preferido<sup>1<\/sup>: Usted paga 101 TP60T despu\u00e9s del deducible (51 TP60T con remisi\u00f3n del DPC).<\/p>\n<p>Cigna: Usted paga 20% despu\u00e9s del deducible (15% con remisi\u00f3n del DPC).<\/p><\/td>\n      <td>$25 por visita<\/td>\n    <\/tr> \n    <tr>\n      <td><strong>Terapia de infusi\u00f3n<\/strong><br>\nHogar o ambulatorio<\/td>\n<td><p>Preferido<sup>1<\/sup>: Usted paga 10% despu\u00e9s del deducible.<\/p>\n<p>Cigna: Usted paga 20% despu\u00e9s de la franquicia.<\/p><\/td>\n <td><p>Preferido<sup>1<\/sup>: Usted paga 10% despu\u00e9s del deducible.<\/p>\n<p>Cigna: Usted paga 20% despu\u00e9s de la franquicia.<\/p><\/td>\n<td><p>Preferido<sup>1<\/sup>: Usted paga 101 TP60T despu\u00e9s del deducible (51 TP60T con remisi\u00f3n del DPC).<\/p>\n<p>Cigna: Usted paga 20% despu\u00e9s del deducible (15% con remisi\u00f3n del DPC).<\/p><\/td>\n      <td>$25 por visita<\/td>      \n    <\/tr>\n    <tr>\n      <td><strong>Cirug\u00eda con hospitalizaci\u00f3n<\/strong><\/td>\n <td><p>Preferido<sup>1<\/sup>: Usted paga 10% despu\u00e9s del deducible.<\/p>\n<p>Cigna: Usted paga 20% despu\u00e9s de la franquicia.<\/p><\/td>\n <td><p>Preferido<sup>1<\/sup>: Usted paga 10% despu\u00e9s del deducible y $150 de copago.<\/p>\n<p>Cigna: Usted paga 20% despu\u00e9s del deducible y $150 de copago.<\/p><\/td>\n <td><p>Preferido<sup>1<\/sup>: Usted paga 10% despu\u00e9s del deducible.<\/p>\n<p>Cigna: Usted paga 20% despu\u00e9s de la franquicia.<\/p><\/td>\n<td>$100 por admisi\u00f3n<\/td>     \n    <\/tr> \n    <tr>\n<td><strong>Atenci\u00f3n m\u00e9dica a domicilio<\/strong><br>\nHasta 180 visitas al a\u00f1o para los planes EHP.\n<\/td>\n <td><p>Preferido<sup>1<\/sup>: Usted paga 10% despu\u00e9s del deducible.<\/p>\n<p>Cigna: Usted paga 20% despu\u00e9s de la franquicia.<\/p><\/td>\n<td>Usted paga 10% despu\u00e9s del deducible.<\/td>\n      <td>Usted paga 10% despu\u00e9s del deducible (5% con remisi\u00f3n del DPC).<\/td>\n    <td>$0<\/td>      \n   <\/tr>\n  <\/tbody>\n<\/table><\/div><\/div>\n\n<div class=\"et_pb_text_6 et_pb_text et_pb_bg_layout_light et_pb_module et_block_module preset--module--divi-text--3afa0636-c2ee-4872-a4a6-32709daf3b6f\"><div class=\"et_pb_text_inner\"><p>1\u2002Los m\u00e9dicos y proveedores preferidos son aquellos que forman parte de la red de proveedores preferidos Employer Health Programs (EHP). Visite <a href=\"http:\/\/ehp.org\/find-a-provider\" target=\"_blank\" rel=\"noopener\">ehp.org\/buscar-un-proveedor<\/a> para encontrar proveedores preferidos.<\/p>\n<\/div><\/div>\n<\/div>\n<\/div>\n\n<div class=\"et_pb_row_6 et_pb_row et_pb_gutters2 et_block_row\">\n<div class=\"et_pb_column_8 et_pb_column et_pb_column_2_3 et_flex_column et_pb_css_mix_blend_mode_passthrough\">\n<div class=\"et_pb_text_7 et_pb_text et_pb_bg_layout_light et_pb_module et_block_module std_page_linky alert_header preset--module--divi-text--a3c25dea-1d0c-4172-8b62-bcbc91059cfa\"><div class=\"et_pb_text_inner\"><p class=\"para_b4_list\">Si est\u00e1 inscrito en un plan m\u00e9dico de EHP, tambi\u00e9n tiene acceso a:<\/p>\n<ul>\n<li><strong>Coordinaci\u00f3n de la atenci\u00f3n<\/strong>: Cuando se enfrentan a problemas de salud, <a href=\"https:\/\/www.ehp.org\/health-and-wellness\/care-management\/\" target=\"_blank\" rel=\"noopener\">Gesti\u00f3n de la atenci\u00f3n m\u00e9dica de EHP<\/a>  <i class=\"fa-regular fa-arrow-up-right-from-square fa-more_styles\"><\/i> puede ayudarle a gestionar la transici\u00f3n de su atenci\u00f3n m\u00e9dica y coordinar la atenci\u00f3n en casos complejos.<\/li>\n<li><strong>L\u00ednea de citas especializadas<\/strong>Llame al 800-557-6916, opci\u00f3n 2, para obtener ayuda para concertar citas oportunas para atenci\u00f3n especializada con proveedores preferidos.<\/li>\n<\/ul>\n<\/div><\/div>\n<\/div>\n\n<div class=\"et_pb_column_9 et_pb_column et_pb_column_1_3 et-last-child et_flex_column et_pb_column_empty et_pb_css_mix_blend_mode_passthrough\"><\/div>\n<\/div>\n<\/div>","protected":false},"excerpt":{"rendered":"","protected":false},"author":3,"featured_media":0,"parent":22990523,"menu_order":0,"comment_status":"closed","ping_status":"closed","template":"","meta":{"_acf_changed":false,"_et_pb_use_builder":"on","_et_pb_old_content":"","_et_gb_content_width":"","footnotes":""},"dipi_cpt_category":[],"class_list":["post-22988639","page","type-page","status-publish","hentry"],"acf":[],"_links":{"self":[{"href":"https:\/\/mybenefitsjhhs.com\/es\/wp-json\/wp\/v2\/pages\/22988639","targetHints":{"allow":["GET"]}}],"collection":[{"href":"https:\/\/mybenefitsjhhs.com\/es\/wp-json\/wp\/v2\/pages"}],"about":[{"href":"https:\/\/mybenefitsjhhs.com\/es\/wp-json\/wp\/v2\/types\/page"}],"author":[{"embeddable":true,"href":"https:\/\/mybenefitsjhhs.com\/es\/wp-json\/wp\/v2\/users\/3"}],"replies":[{"embeddable":true,"href":"https:\/\/mybenefitsjhhs.com\/es\/wp-json\/wp\/v2\/comments?post=22988639"}],"version-history":[{"count":0,"href":"https:\/\/mybenefitsjhhs.com\/es\/wp-json\/wp\/v2\/pages\/22988639\/revisions"}],"up":[{"embeddable":true,"href":"https:\/\/mybenefitsjhhs.com\/es\/wp-json\/wp\/v2\/pages\/22990523"}],"wp:attachment":[{"href":"https:\/\/mybenefitsjhhs.com\/es\/wp-json\/wp\/v2\/media?parent=22988639"}],"wp:term":[{"taxonomy":"dipi_cpt_category","embeddable":true,"href":"https:\/\/mybenefitsjhhs.com\/es\/wp-json\/wp\/v2\/dipi_cpt_category?post=22988639"}],"curies":[{"name":"wp","href":"https:\/\/api.w.org\/{rel}","templated":true}]}}