{"id":22988657,"date":"2025-09-08T14:53:05","date_gmt":"2025-09-08T14:53:05","guid":{"rendered":"https:\/\/hopkinsredustg.wpenginepowered.com\/?page_id=22988657"},"modified":"2026-02-26T16:50:17","modified_gmt":"2026-02-26T21:50:17","slug":"financial-legal-services","status":"publish","type":"page","link":"https:\/\/mybenefitsjhhs.com\/es\/life-and-family\/financial-legal-services\/","title":{"rendered":"Servicios financieros y legales"},"content":{"rendered":"<div class=\"et_pb_section_0 et_pb_section et_section_regular et_block_section\">\n<div class=\"et_pb_row_0 et_pb_row et_pb_gutters3 et_block_row\">\n<div class=\"et_pb_column_0 et_pb_column et_pb_column_4_4 et-last-child et_block_column et_pb_css_mix_blend_mode_passthrough\">\n\n\n\n<\/div>\n<\/div>\n\n<div class=\"et_pb_row_1 et_pb_row et_pb_gutters3 et_block_row preset--module--divi-row--sxbj04r2pr\"><span class=\"et_pb_background_pattern\"><\/span>\n<div class=\"et_pb_column_1 et_pb_column et-last-child et_flex_column et_pb_css_mix_blend_mode_passthrough et_flex_column_24_24\">\n<div class=\"et_pb_text_0 et_pb_text et_pb_bg_layout_light et_pb_module et_block_module preset--module--divi-text--x1sbk0ycg4\"><div class=\"et_pb_text_inner\"><h1>Servicios financieros y legales<\/h1>\n<p>Apoyo en asuntos legales y financieros personales.<\/p>\n<\/div><\/div>\n<\/div>\n<\/div>\n<\/div>\n\n<div class=\"et_pb_section_1 et_pb_section et_section_regular et_block_section\">\n<div class=\"et_pb_row_2 et_pb_row et_pb_gutters3 et_block_row\">\n<div class=\"et_pb_column_2 et_pb_column et_pb_column_4_4 et-last-child et_block_column et_pb_css_mix_blend_mode_passthrough\">\n<div class=\"et_pb_text_1 et_pb_text et_pb_bg_layout_light et_pb_module et_block_module opener_list preset--module--divi-text--j713l7wg7d\"><div class=\"et_pb_text_inner\"><p><img decoding=\"async\" src=\"https:\/\/mybenefitsjhhs.com\/wp-content\/uploads\/2025\/09\/legal-fin-eap-featured.png\" width=\"85\"  alt=\"\" class=\"wp-image-22988495 alignright size-full\" \/>Los empleados que trabajen regularmente al menos 20 horas a la semana pueden inscribirse en los servicios legales prepagados. <\/p>\n<p>Todos los empleados pueden recibir apoyo financiero y legal gratuito a trav\u00e9s del Johns Hopkins Employee Assistance Program (JHEAP) y operar con el banco Johns Hopkins Federal Credit Union.<\/p>\n<\/div><\/div>\n<\/div>\n<\/div>\n\n<div class=\"et_pb_row_3 et_pb_row et_pb_gutters2 et_block_row\">\n<div class=\"et_pb_column_3 et_pb_column et_pb_column_2_3 et_block_column et_pb_css_mix_blend_mode_passthrough\">\n<div class=\"et_pb_text_2 et_pb_text et_pb_bg_layout_light et_pb_module et_block_module std_page_linky alert_header preset--module--divi-text--a3c25dea-1d0c-4172-8b62-bcbc91059cfa\"><div class=\"et_pb_text_inner\"><h2>Servicios legales prepagados<\/h2>\n<p>Usted, su c\u00f3nyuge y sus dependientes pueden obtener asistencia legal para asuntos legales personales a trav\u00e9s de una amplia red de abogados con los servicios legales prepagados de MetLife.<\/p>\n<p>Elija entre m\u00e1s de 18,000 abogados dentro de la red o trabaje con su propio abogado y obtenga el reembolso de parte o la totalidad de los honorarios. No hay restricciones en cuanto a la frecuencia con la que puede utilizar el plan, y tiene un n\u00famero ilimitado de consultas iniciales para asuntos legales cubiertos.<\/p>\n<p>Visite el <a href=\"https:\/\/legalplans.com\/\" target=\"_blank\" rel=\"noopener\">Sitio web de MetLife<\/a> <i class=\"fa-regular fa-arrow-up-right-from-square fa-more_styles\" aria-hidden=\"true\"><\/i> para obtener m\u00e1s detalles.<\/p>\n<h4>Asuntos legales cubiertos<\/h4>\n<p class=\"para_b4_list\">Los abogados de la red de MetLife pueden ayudarle con los asuntos legales m\u00e1s frecuentes, tales como:<\/p>\n<ul>\n<li>Comprar, vender o alquilar una vivienda<\/li>\n<li>Matrimonio, divorcio, adopci\u00f3n y tutela<\/li>\n<li>Quiebras, cobro de deudas y auditor\u00edas fiscales<\/li>\n<li>Cuidado de personas mayores, poderes notariales, testamentos y fideicomisos.<\/li>\n<li>Multas de tr\u00e1nsito y suspensi\u00f3n del permiso de conducir por conducir bajo los efectos del alcohol<\/li>\n<li>Inmigraci\u00f3n, declaraciones juradas y protecci\u00f3n de bienes personales<\/li>\n<\/ul>\n<h4>Planificaci\u00f3n del patrimonio digital<\/h4>\n<p>Puede crear testamentos, testamentos vitales y poderes notariales en l\u00ednea en tan solo 15 minutos y utilizar la funci\u00f3n de notario por video de MetLife (donde est\u00e9 disponible) para firmar y certificar sus documentos.<\/p>\n<h3>Costo de la cobertura<\/h3>\n<p>Usted paga $15 al mes (aproximadamente $7 por n\u00f3mina) por servicios legales prepagados a trav\u00e9s de deducciones de n\u00f3mina.<\/p>\n<h3>C\u00f3mo inscribirse<\/h3>\n<p>Puede inscribirse en servicios legales prepagados en <a href=\"https:\/\/hopkinssmartsource.com\/\" target=\"_blank\" rel=\"noopener\">SmartSource<\/a> <i class=\"fa-regular fa-arrow-up-right-from-square fa-more_styles\" aria-hidden=\"true\"><\/i> como nuevo empleado, durante el periodo de inscripci\u00f3n abierta o si experimenta un <a href=\"\/es\/making-benefits-changes\/\">evento de vida calificativo<\/a>.<\/p>\n<p>La cobertura comienza el primer d\u00eda del mes siguiente a la fecha en que fue contratado o pas\u00f3 a tener derecho a las prestaciones.<\/p>\n<h2>Asistencia financiera y jur\u00eddica gratuita<\/h2>\n<p>Tienes acceso gratuito a trav\u00e9s de la <a href=\"\/es\/jheap\/\">Johns Hopkins Employee Assistance Program (JHEAP)<\/a> a recursos en l\u00ednea que pueden ayudar con cuestiones como la elaboraci\u00f3n de presupuestos, la planificaci\u00f3n patrimonial, los impuestos, la gesti\u00f3n de deudas, la contrataci\u00f3n de un abogado y mucho m\u00e1s.<\/p>\n<p>Visite el <a href=\"https:\/\/www.myccaonline.com\/\" target=\"_blank\" rel=\"noopener\">Sitio web de JHEAP<\/a> <i class=\"fa-regular fa-arrow-up-right-from-square fa-more_styles\" aria-hidden=\"true\"><\/i> utilizando el c\u00f3digo de la empresa <strong>JHEAP<\/strong> y seleccione <strong>Centros<\/strong> &gt; <strong>Legal\/Financiero<\/strong>.<\/p>\n<h2>Servicios bancarios<\/h2>\n<p class=\"para_b4_list\">Johns Hopkins Federal Credit Union (JHFCU), una cooperativa sin fines de lucro que presta servicios a la comunidad de Johns Hopkins, ofrece una gama completa de productos y servicios, entre los que se incluyen:<\/p>\n<ul>\n<li>Cuentas de cheques sin requisitos de saldo m\u00ednimo ni cuotas mensuales o anuales.<\/li>\n<li>Acceso a m\u00e1s de 30,000 cajeros autom\u00e1ticos sin comisiones y 5,500 sucursales compartidas en todo el pa\u00eds, incluidas las sucursales de los campus m\u00e9dicos de Homewood, Bayview y East Baltimore.<\/li>\n<li>Cuentas IRA y cuentas del mercado monetario para ayudarle a hacer crecer sus ahorros.<\/li>\n<li>Cuentas para ni\u00f1os, adolescentes y j\u00f3venes adultos.<\/li>\n<li>Pr\u00e9stamos con garant\u00eda hipotecaria, hipotecas, financiamiento para autom\u00f3viles y otras l\u00edneas de cr\u00e9dito.<\/li>\n<\/ul>\n<p>Ir a la <a href=\"https:\/\/www.jhfcu.org\/\" target=\"_blank\" rel=\"noopener\">Sitio web de JHFCU<\/a> <i class=\"fa-regular fa-arrow-up-right-from-square fa-more_styles\" aria-hidden=\"true\"><\/i> para obtener m\u00e1s informaci\u00f3n y solicitar la afiliaci\u00f3n.<\/p>\n<\/div><\/div>\n<\/div>\n\n<div class=\"et_pb_column_4 et_pb_column et_pb_column_1_3 et-last-child et_block_column et_pb_css_mix_blend_mode_passthrough\">\n<div class=\"et_pb_blurb_0 et_pb_blurb et_pb_bg_layout_light et_pb_text_align_left et_pb_blurb_position_left et_pb_module et_block_module preset--module--divi-blurb--6eoue1j8cb\"><div class=\"et_pb_blurb_content\"><div class=\"et_pb_main_blurb_image\"><span class=\"et_pb_image_wrap\"><span class=\"et-pb-icon et-waypoint et_pb_animation_top et_pb_animation_top_tablet et_pb_animation_top_phone\">\ue026<\/span><\/span><\/div><div class=\"et_pb_blurb_container\"><h4 class=\"et_pb_module_header\">Contactos<\/h4><div class=\"et_pb_blurb_description\"><h5>MetLife<\/h5>\n<p>Servicios legales prepagados<br \/>800-821-6400<br \/><a href=\"https:\/\/legalplans.com\/\" target=\"_blank\" rel=\"noopener\">legalplans.com<\/a> <i class=\"fa-regular fa-arrow-up-right-from-square fa-more_styles\" aria-hidden=\"true\"><\/i><\/p>\n<h5>Johns Hopkins Employee Assistance Program (JHEAP)<\/h5>\n<p>888-978-1262<\/p>\n<h5>Johns Hopkins Federal Credit Union<\/h5>\n<p>Banca<br \/>410-534-4500<br \/><a href=\"https:\/\/www.jhfcu.org\/\" target=\"_blank\" rel=\"noopener\">jhfcu.org<\/a> <i class=\"fa-regular fa-arrow-up-right-from-square fa-more_styles\" aria-hidden=\"true\"><\/i><\/p>\n<\/div><\/div><\/div><\/div>\n<\/div>\n<\/div>\n<\/div>","protected":false},"excerpt":{"rendered":"","protected":false},"author":3,"featured_media":0,"parent":22990665,"menu_order":0,"comment_status":"closed","ping_status":"closed","template":"","meta":{"_acf_changed":false,"_et_pb_use_builder":"on","_et_pb_old_content":"","_et_gb_content_width":"","footnotes":""},"dipi_cpt_category":[],"class_list":["post-22988657","page","type-page","status-publish","hentry"],"acf":[],"_links":{"self":[{"href":"https:\/\/mybenefitsjhhs.com\/es\/wp-json\/wp\/v2\/pages\/22988657","targetHints":{"allow":["GET"]}}],"collection":[{"href":"https:\/\/mybenefitsjhhs.com\/es\/wp-json\/wp\/v2\/pages"}],"about":[{"href":"https:\/\/mybenefitsjhhs.com\/es\/wp-json\/wp\/v2\/types\/page"}],"author":[{"embeddable":true,"href":"https:\/\/mybenefitsjhhs.com\/es\/wp-json\/wp\/v2\/users\/3"}],"replies":[{"embeddable":true,"href":"https:\/\/mybenefitsjhhs.com\/es\/wp-json\/wp\/v2\/comments?post=22988657"}],"version-history":[{"count":0,"href":"https:\/\/mybenefitsjhhs.com\/es\/wp-json\/wp\/v2\/pages\/22988657\/revisions"}],"up":[{"embeddable":true,"href":"https:\/\/mybenefitsjhhs.com\/es\/wp-json\/wp\/v2\/pages\/22990665"}],"wp:attachment":[{"href":"https:\/\/mybenefitsjhhs.com\/es\/wp-json\/wp\/v2\/media?parent=22988657"}],"wp:term":[{"taxonomy":"dipi_cpt_category","embeddable":true,"href":"https:\/\/mybenefitsjhhs.com\/es\/wp-json\/wp\/v2\/dipi_cpt_category?post=22988657"}],"curies":[{"name":"wp","href":"https:\/\/api.w.org\/{rel}","templated":true}]}}