{"id":22988671,"date":"2025-09-08T18:50:53","date_gmt":"2025-09-08T18:50:53","guid":{"rendered":"https:\/\/hopkinsredustg.wpenginepowered.com\/?page_id=22988671"},"modified":"2026-02-26T16:52:11","modified_gmt":"2026-02-26T21:52:11","slug":"commuter-benefits","status":"publish","type":"page","link":"https:\/\/mybenefitsjhhs.com\/es\/life-and-family\/commuter-benefits\/","title":{"rendered":"Beneficios para los viajeros habituales"},"content":{"rendered":"<div class=\"et_pb_section_0 et_pb_section et_section_regular et_block_section\">\n<div class=\"et_pb_row_0 et_pb_row et_pb_gutters3 et_block_row\">\n<div class=\"et_pb_column_0 et_pb_column et_pb_column_4_4 et-last-child et_block_column et_pb_css_mix_blend_mode_passthrough\">\n\n\n\n<\/div>\n<\/div>\n\n<div class=\"et_pb_row_1 et_pb_row et_pb_gutters3 et_block_row preset--module--divi-row--sxbj04r2pr\"><span class=\"et_pb_background_pattern\"><\/span>\n<div class=\"et_pb_column_1 et_pb_column et-last-child et_flex_column et_pb_css_mix_blend_mode_passthrough et_flex_column_24_24\">\n<div class=\"et_pb_text_0 et_pb_text et_pb_bg_layout_light et_pb_module et_block_module preset--module--divi-text--x1sbk0ycg4\"><div class=\"et_pb_text_inner\"><h1>Beneficios para los viajeros habituales<\/h1>\n<p>Beneficios para tus desplazamientos al trabajo.<\/p>\n<\/div><\/div>\n<\/div>\n<\/div>\n<\/div>\n\n<div class=\"et_pb_section_1 et_pb_section et_section_regular et_block_section\">\n<div class=\"et_pb_row_2 et_pb_row et_pb_gutters3 et_block_row\">\n<div class=\"et_pb_column_2 et_pb_column et_pb_column_4_4 et-last-child et_block_column et_pb_css_mix_blend_mode_passthrough\">\n<div class=\"et_pb_text_1 et_pb_text et_pb_bg_layout_light et_pb_module et_block_module opener_list preset--module--divi-text--j713l7wg7d\"><div class=\"et_pb_text_inner\"><p><img decoding=\"async\" src=\"https:\/\/mybenefitsjhhs.com\/wp-content\/uploads\/2025\/09\/commuter_featured.png\" width=\"65\" alt=\"\" class=\"wp-image-22988495 alignright size-full\" \/>Los empleados de determinados hospitales y organizaciones afiliadas que trabajen regularmente al menos 20 horas semanales tienen derecho a prestaciones o subsidios para desplazamientos antes de impuestos.<\/p>\n<\/div><\/div>\n<\/div>\n<\/div>\n\n<div class=\"et_pb_row_3 et_pb_row et_pb_gutters2 et_block_row\">\n<div class=\"et_pb_column_3 et_pb_column et_pb_column_2_3 et_block_column et_pb_css_mix_blend_mode_passthrough\">\n<div class=\"et_pb_text_2 et_pb_text et_pb_bg_layout_light et_pb_module et_block_module std_page_linky alert_header preset--module--divi-text--a3c25dea-1d0c-4172-8b62-bcbc91059cfa\"><div class=\"et_pb_text_inner\"><h2>El Johns Hopkins Hospital y el Sistema de Salud Johns Hopkins<\/h2>\n<p class=\"para_b4_list\">Puede adquirir uno de los siguientes pases mensuales para el autob\u00fas, el Metro y el tren ligero mediante deducciones de su n\u00f3mina antes de impuestos:<\/p>\n<ul>\n<li><strong>Regular<\/strong>: $77<\/li>\n<li><strong>Expreso<\/strong>: $93<\/li>\n<li><strong>Pase para personas mayores o con discapacidad (mayores de 65 a\u00f1os, se requiere identificaci\u00f3n con foto)<\/strong>: $23<\/li>\n<\/ul>\n<p>El costo de su pase se deduce del primer sueldo del mes para el pase del mes siguiente. Pueden pasar hasta 30 d\u00edas desde la fecha de su solicitud hasta que comiencen las deducciones.<\/p>\n<p>Enviar el <a href=\"https:\/\/mybenefitsjhhs.com\/es\/commuter-request-form\/\" target=\"_blank\" rel=\"noopener\">Formulario de solicitud de Commuter Plus <\/a> <i class=\"fa-regular fa-arrow-up-right-from-square fa-more_styles\" aria-hidden=\"true\"><\/i> para solicitar.<\/p>\n<h2>Suburban Hospital<\/h2>\n<p>Nuestros beneficios para viajeros habituales admiten m\u00faltiples medios de transporte. Consulte la <a href=\"\/es\/documents\/suburban-travel-smart-guide\/\" target=\"_blank\" rel=\"noopener\">Gu\u00eda para viajar de manera inteligente<\/a>\u2002<i class=\"fa-light fa-file-pdf sidebar_icon\"><\/i> para obtener m\u00e1s informaci\u00f3n sobre las opciones de transporte cerca de Suburban Hospital.<\/p>\n<\/div><\/div>\n\n<div class=\"et_pb_toggle_0 et_pb_toggle et_pb_toggle_item et_pb_toggle_close et_pb_module et_block_module std_page_linky preset--module--divi-toggle--onkp2rtljj\"><h4 class=\"et_pb_toggle_title\">Estacionamiento<\/h4><div class=\"et_pb_toggle_content clearfix\"><p>Todos los empleados tienen derecho a estacionarse gratis en el estacionamiento del hospital.<\/p>\n<p><strong>Nota<\/strong>Si estacionas en el garaje, no tienes derecho al subsidio de transporte ni al cr\u00e9dito salarial por ir en bicicleta o a pie.<\/p>\n<\/div><\/div>\n\n<div class=\"et_pb_toggle_1 et_pb_toggle et_pb_toggle_item et_pb_toggle_close et_pb_module et_block_module std_page_linky preset--module--divi-toggle--onkp2rtljj\"><h4 class=\"et_pb_toggle_title\">Transporte de la estaci\u00f3n Bethesda Metro<\/h4><div class=\"et_pb_toggle_content clearfix\"><p>Hay un servicio de transporte para empleados que opera todos los d\u00edas entre el hospital y la estaci\u00f3n Bethesda Metro, incluidos los d\u00edas festivos y los fines de semana.<\/p>\n<p><a href=\"\/es\/documents\/suburban-shuttle-schedule\/\" target=\"_blank\" rel=\"noopener\">Ver el horario del servicio de transporte<\/a> <i class=\"fa-light fa-file-pdf sidebar_icon\" aria-hidden=\"true\"><\/i>.<\/p>\n<p>Si tiene alguna pregunta, comun\u00edquese con el Equipo de Seguridad Suburbana al 301-896-2500.<\/p>\n<\/div><\/div>\n\n<div class=\"et_pb_toggle_2 et_pb_toggle et_pb_toggle_item et_pb_toggle_close et_pb_module et_block_module std_page_linky preset--module--divi-toggle--onkp2rtljj\"><h4 class=\"et_pb_toggle_title\">Subvenci\u00f3n al transporte p\u00fablico<\/h4><div class=\"et_pb_toggle_content clearfix\"><p>Si no conduce ni estaciona en el garaje, JHHS le proporcionar\u00e1 un subsidio mensual de $125 para gastos de transporte p\u00fablico.<\/p>\n<p class=\"para_b4_list\">Para recibir el subsidio, deber\u00e1 crear una cuenta en SmarTrip y HealthEquity:<\/p>\n<ul>\n<li><a href=\"https:\/\/smartrip.wmata.com\/Account\/Login\" target=\"_blank\" rel=\"noopener\">SmarTrip<\/a> <i class=\"fa-regular fa-arrow-up-right-from-square fa-more_styles\" aria-hidden=\"true\"><\/i>Aseg\u00farese de registrar su tarjeta SmarTrip utilizando el c\u00f3digo de 16 d\u00edgitos que aparece en la parte posterior.<\/li>\n<li><a href=\"https:\/\/my.healthequity.com\/Signup\/MemberActivation.aspx\" target=\"_blank\" rel=\"noopener\">Equidad en la salud<\/a> <i class=\"fa-regular fa-arrow-up-right-from-square fa-more_styles\" aria-hidden=\"true\"><\/i>: Utilice los \u00faltimos cuatro d\u00edgitos de su N\u00famero de Seguro Social (SSN) para registrarse.<\/li>\n<\/ul>\n<p class=\"para_b4_list\">Una vez que haya creado estas cuentas, siga estos pasos para cargar el subsidio en su tarjeta SmarTrip:<\/p>\n<ol>\n<li>Inicie sesi\u00f3n en su <a href=\"https:\/\/my.healthequity.com\/ClientLogin.aspx\" target=\"_blank\" rel=\"noopener\">Cuenta HealthEquity<\/a> <i class=\"fa-regular fa-arrow-up-right-from-square fa-more_styles\" aria-hidden=\"true\"><\/i>.<\/li>\n<li>En el panel de control, seleccione <strong>Tr\u00e1nsito<\/strong>.<\/li>\n<li>En SmarTrip, seleccione <strong>Valor de la tarjeta SmarTrip solo para transporte p\u00fablico<\/strong>.<\/li>\n<\/ol>\n<p>Recibir\u00e1s un correo electr\u00f3nico de confirmaci\u00f3n despu\u00e9s de completar tu pedido.<\/p>\n<p><strong>Nota<\/strong>Si realiza cambios en su pedido entre el 1 y el 10 del mes, dichos cambios entrar\u00e1n en vigor el 1 del mes siguiente. Todos los dem\u00e1s pedidos entrar\u00e1n en vigor el mes siguiente. Por ejemplo, los cambios realizados el 2 de octubre entrar\u00e1n en vigor el 1 de noviembre y los cambios realizados el 20 de octubre entrar\u00e1n en vigor el 1 de diciembre.<\/p>\n<\/div><\/div>\n\n<div class=\"et_pb_toggle_3 et_pb_toggle et_pb_toggle_item et_pb_toggle_close et_pb_module et_block_module std_page_linky preset--module--divi-toggle--onkp2rtljj\"><h4 class=\"et_pb_toggle_title\">Andar en bicicleta o caminar<\/h4><div class=\"et_pb_toggle_content clearfix\"><p>Si trabajas en turno diurno, de lunes a viernes, puedes recibir un cr\u00e9dito salarial quincenal de $27.69 si vas al trabajo en bicicleta o a pie en lugar de conducir y aparcar en el estacionamiento.<\/p>\n<p>Para recibir el cr\u00e9dito, env\u00ede un correo electr\u00f3nico a <a href=\"\/es\/documents\/suburban-parking-declination-subsidy-bike-or-walk\/\" target=\"_blank\" rel=\"noopener\">Bicicleta o caminata: Solicitud de subsidio por renuncia al estacionamiento<\/a> <i class=\"fa-light fa-file-pdf sidebar_icon\"><\/i> a <a href=\"mailto:SH-HR@jh.edu\">SH-HR@jh.edu<\/a>\u2002<i class=\"fa-light fa-envelope sidebar_icon\"><\/i>.<\/p>\n<p>Si desea estacionar su bicicleta en las instalaciones de estacionamiento para bicicletas de Suburban, revise y env\u00ede el <a href=\"\/es\/documents\/suburban-bike-parking-agreement\/\" target=\"_blank\" rel=\"noopener\">Acuerdo sobre estacionamiento de bicicletas<\/a> <i class=\"fa-light fa-file-pdf sidebar_icon\"><\/i>.<\/p>\n<p><strong>Nota<\/strong>Si recibe el cr\u00e9dito salarial por ir en bicicleta o a pie, no tiene derecho a estacionamiento gratuito en el garaje del hospital.<\/p>\n<\/div><\/div>\n\n<div class=\"et_pb_toggle_4 et_pb_toggle et_pb_toggle_item et_pb_toggle_close et_pb_module et_block_module std_page_linky preset--module--divi-toggle--onkp2rtljj\"><h4 class=\"et_pb_toggle_title\">Compartir coche<\/h4><div class=\"et_pb_toggle_content clearfix\"><p>Si trabaja en turno diurno, de lunes a viernes, puede recibir un cr\u00e9dito salarial quincenal de $27.69 si comparte el coche para ir al trabajo. Si recibe el cr\u00e9dito salarial por ir en bicicleta o a pie, no tiene derecho a estacionamiento gratuito en el garaje del hospital.<\/p>\n<p>Para recibir el cr\u00e9dito, env\u00ede un correo electr\u00f3nico a <a href=\"\/es\/documents\/suburban-carpool-subsidy-application\/\" target=\"_blank\" rel=\"noopener\">Formulario de registro para estacionamiento compartido<\/a>\u2002<i class=\"fa-light fa-file-pdf sidebar_icon\"><\/i> a <a href=\"mailto:SH-HR@jh.edu\">SH-HR@jh.edu<\/a> <i class=\"fa-light fa-envelope sidebar_icon\"><\/i>.<\/p>\n<\/div><\/div>\n\n<div class=\"et_pb_toggle_5 et_pb_toggle et_pb_toggle_item et_pb_toggle_close et_pb_module et_block_module std_page_linky preset--module--divi-toggle--onkp2rtljj\"><h4 class=\"et_pb_toggle_title\">Cuenta para gastos de transporte antes de impuestos<\/h4><div class=\"et_pb_toggle_content clearfix\"><p>Independientemente de c\u00f3mo te desplaces al trabajo, puedes aportar a una cuenta de transporte antes de impuestos para pagar los gastos de transporte elegibles, como las tarifas de transporte p\u00fablico y las tarifas de estacionamiento en una estaci\u00f3n Metro. Puedes comenzar o dejar de hacer aportaciones en cualquier momento. Los fondos de la cuenta son siempre tuyos.<\/p>\n<p>Crear un <a href=\"https:\/\/healthequity.com\/commuter\" target=\"_blank\" rel=\"noopener\">Cuenta HealthEquity<\/a> <i class=\"fa-regular fa-arrow-up-right-from-square fa-more_styles\" aria-hidden=\"true\"><\/i> para establecer aportaciones antes de impuestos.<\/p>\n<\/div><\/div>\n\n<div class=\"et_pb_code_0 et_pb_code et_pb_module\"><div class=\"et_pb_code_inner\"><script>\njQuery(document).ready(function($) {\n  \/\/ Hide Divi's default toggle icon\n  $('<style>.et_pb_toggle_title:before { display: none !important; }<\/style>').appendTo('head');\n  \n  \/\/ Add our own custom icon to each toggle using Elegant Icons\n  $('.et_pb_toggle_title').each(function() {\n    var isOpen = $(this).parent().hasClass('et_pb_toggle_open');\n    var initialRotation = isOpen ? 'transform: translateY(-50%) rotate(180deg);' : 'transform: translateY(-50%);';\n    var initialColor = isOpen ? 'color: #002c77;' : 'color: #0068c1;'; \/\/ Set colors for both states\n    $(this).append('<span class=\"custom-toggle-icon\" style=\"' + initialRotation + initialColor + '\"><\/span>');\n  });\n  \n  \/\/ Add styling for our custom icon\n  $('<style>\\\n    .custom-toggle-icon {\\\n      position: absolute;\\\n      right: 0;\\\n      top: 50%;\\\n      font-family: \"ETmodules\";\\\n      font-size: 33px; \/* the size in the preset *\/\\\n      transition: transform 0.3s ease, color 0.3s ease;\\\n    }\\\n    .custom-toggle-icon:before {\\\n      content: \"\\\\33\";\\\n    }\\\n    .et_pb_toggle_open .custom-toggle-icon {\\\n      transform: translateY(-50%) rotate(180deg);\\\n      color: #002c77; \/* Blue color for open state *\/\\\n    }\\\n    .et_pb_toggle_close .custom-toggle-icon {\\\n      color: #0068c1; \/* royal blue color for closed state *\/\\\n    }\\\n  <\/style>').appendTo('head');\n  \n  \/\/ Handle click events - immediate response\n  $('.et_pb_toggle_title').on('click', function() {\n    var $toggle = $(this).parent();\n    var $icon = $(this).find('.custom-toggle-icon');\n    \n    \/\/ Toggle the rotation and color immediately based on current state\n    if ($toggle.hasClass('et_pb_toggle_close')) {\n      \/\/ It's currently closed, so it will open - rotate up and change color\n      $icon.css({\n        'transform': 'translateY(-50%) rotate(180deg)',\n        'color': '#002c77'\n      });\n    } else {\n      \/\/ It's currently open, so it will close - rotate down and change color\n      $icon.css({\n        'transform': 'translateY(-50%) rotate(0deg)',\n        'color': '#0068c1'\n      });\n    }\n  });\n});\n<\/script><\/div><\/div>\n<\/div>\n\n<div class=\"et_pb_column_4 et_pb_column et_pb_column_1_3 et-last-child et_block_column et_pb_css_mix_blend_mode_passthrough\">\n<div class=\"et_pb_blurb_0 et_pb_blurb et_pb_bg_layout_light et_pb_text_align_left et_pb_blurb_position_left et_pb_module et_block_module preset--module--divi-blurb--6eoue1j8cb\"><div class=\"et_pb_blurb_content\"><div class=\"et_pb_main_blurb_image\"><span class=\"et_pb_image_wrap\"><span class=\"et-pb-icon et-waypoint et_pb_animation_top et_pb_animation_top_tablet et_pb_animation_top_phone\">\ue026<\/span><\/span><\/div><div class=\"et_pb_blurb_container\"><h4 class=\"et_pb_module_header\">Contactos<\/h4><div class=\"et_pb_blurb_description\"><h5>HR Support Center<\/h5>\n<p>Beneficios para los viajeros habituales<br \/>\n443-997-5400<br \/>\n<a href=\"mailto:hrsc@jhmi.edu\">hrsc@jhmi.edu<\/a>\u2002<i class=\"fa-light fa-envelope sidebar_icon\"><\/i><\/p>\n<\/div><\/div><\/div><\/div>\n\n<div class=\"et_pb_blurb_1 et_pb_blurb et_pb_bg_layout_light et_pb_text_align_left et_pb_blurb_position_left et_pb_module et_block_module preset--module--divi-blurb--o2izxxd5ol\"><div class=\"et_pb_blurb_content\"><div class=\"et_pb_main_blurb_image\"><span class=\"et_pb_image_wrap\"><span class=\"et-pb-icon et-waypoint et_pb_animation_top et_pb_animation_top_tablet et_pb_animation_top_phone\">h<\/span><\/span><\/div><div class=\"et_pb_blurb_container\"><h4 class=\"et_pb_module_header\">Resources<\/h4><div class=\"et_pb_blurb_description\"><p style=\"text-align: left;\"><a href=\"https:\/\/www.wmata.com\/schedules\/trip-planner\/\" target=\"_blank\" rel=\"noopener\">Planificador de viajes de WMATA<\/a> <i class=\"fa-regular fa-arrow-up-right-from-square fa-more_styles\" aria-hidden=\"true\"><\/i><\/p>\n<\/div><\/div><\/div><\/div>\n<\/div>\n<\/div>\n<\/div>","protected":false},"excerpt":{"rendered":"","protected":false},"author":3,"featured_media":0,"parent":22990665,"menu_order":0,"comment_status":"closed","ping_status":"closed","template":"","meta":{"_acf_changed":false,"_et_pb_use_builder":"on","_et_pb_old_content":"","_et_gb_content_width":"","footnotes":""},"dipi_cpt_category":[],"class_list":["post-22988671","page","type-page","status-publish","hentry"],"acf":[],"_links":{"self":[{"href":"https:\/\/mybenefitsjhhs.com\/es\/wp-json\/wp\/v2\/pages\/22988671","targetHints":{"allow":["GET"]}}],"collection":[{"href":"https:\/\/mybenefitsjhhs.com\/es\/wp-json\/wp\/v2\/pages"}],"about":[{"href":"https:\/\/mybenefitsjhhs.com\/es\/wp-json\/wp\/v2\/types\/page"}],"author":[{"embeddable":true,"href":"https:\/\/mybenefitsjhhs.com\/es\/wp-json\/wp\/v2\/users\/3"}],"replies":[{"embeddable":true,"href":"https:\/\/mybenefitsjhhs.com\/es\/wp-json\/wp\/v2\/comments?post=22988671"}],"version-history":[{"count":0,"href":"https:\/\/mybenefitsjhhs.com\/es\/wp-json\/wp\/v2\/pages\/22988671\/revisions"}],"up":[{"embeddable":true,"href":"https:\/\/mybenefitsjhhs.com\/es\/wp-json\/wp\/v2\/pages\/22990665"}],"wp:attachment":[{"href":"https:\/\/mybenefitsjhhs.com\/es\/wp-json\/wp\/v2\/media?parent=22988671"}],"wp:term":[{"taxonomy":"dipi_cpt_category","embeddable":true,"href":"https:\/\/mybenefitsjhhs.com\/es\/wp-json\/wp\/v2\/dipi_cpt_category?post=22988671"}],"curies":[{"name":"wp","href":"https:\/\/api.w.org\/{rel}","templated":true}]}}