{"id":22988708,"date":"2025-09-21T22:40:35","date_gmt":"2025-09-21T22:40:35","guid":{"rendered":"https:\/\/hopkinsredustg.wpenginepowered.com\/?page_id=22988708"},"modified":"2026-02-26T16:49:27","modified_gmt":"2026-02-26T21:49:27","slug":"identity-theft-and-fraud-protection","status":"publish","type":"page","link":"https:\/\/mybenefitsjhhs.com\/es\/life-and-family\/identity-theft-and-fraud-protection\/","title":{"rendered":"Protecci\u00f3n contra el robo de identidad y el fraude"},"content":{"rendered":"<div class=\"et_pb_section_0 et_pb_section et_section_regular et_block_section\">\n<div class=\"et_pb_row_0 et_pb_row et_pb_gutters3 et_block_row\">\n<div class=\"et_pb_column_0 et_pb_column et_pb_column_4_4 et-last-child et_block_column et_pb_css_mix_blend_mode_passthrough\">\n\n\n\n<\/div>\n<\/div>\n\n<div class=\"et_pb_row_1 et_pb_row et_pb_gutters3 et_block_row preset--module--divi-row--sxbj04r2pr\"><span class=\"et_pb_background_pattern\"><\/span>\n<div class=\"et_pb_column_1 et_pb_column et-last-child et_flex_column et_pb_css_mix_blend_mode_passthrough et_flex_column_24_24\">\n<div class=\"et_pb_text_0 et_pb_text et_pb_bg_layout_light et_pb_module et_block_module preset--module--divi-text--x1sbk0ycg4\"><div class=\"et_pb_text_inner\"><h1>Protecci\u00f3n contra el robo de identidad y el fraude<\/h1>\n<p>Controle su informaci\u00f3n personal y proteja su identidad.<\/p>\n<\/div><\/div>\n<\/div>\n<\/div>\n<\/div>\n\n<div class=\"et_pb_section_1 et_pb_section et_section_regular et_block_section\">\n<div class=\"et_pb_row_2 et_pb_row et_pb_gutters3 et_block_row\">\n<div class=\"et_pb_column_2 et_pb_column et_pb_column_4_4 et-last-child et_block_column et_pb_css_mix_blend_mode_passthrough\">\n<div class=\"et_pb_text_1 et_pb_text et_pb_bg_layout_light et_pb_module et_block_module opener_list preset--module--divi-text--j713l7wg7d\"><div class=\"et_pb_text_inner\"><p><img decoding=\"async\" src=\"https:\/\/mybenefitsjhhs.com\/wp-content\/uploads\/2025\/09\/id-theft-featured.png\" width=\"83\" alt=\"\" class=\"wp-image-22988495 alignright size-full\" \/>Todos los empleados que trabajen regularmente al menos 20 horas por semana pueden inscribirse en el programa de protecci\u00f3n contra el robo de identidad y el fraude.<\/p>\n<\/div><\/div>\n<\/div>\n<\/div>\n\n<div class=\"et_pb_row_3 et_pb_row et_pb_gutters2 et_block_row\">\n<div class=\"et_pb_column_3 et_pb_column et_pb_column_2_3 et_block_column et_pb_css_mix_blend_mode_passthrough\">\n<div class=\"et_pb_text_2 et_pb_text et_pb_bg_layout_light et_pb_module et_block_module std_page_linky preset--module--divi-text--a3c25dea-1d0c-4172-8b62-bcbc91059cfa\"><div class=\"et_pb_text_inner\"><p>La protecci\u00f3n contra el robo de identidad y el fraude de MetLife le ayuda a supervisar y proteger su informaci\u00f3n personal, as\u00ed como a recuperar su identidad en caso de robo.<\/p>\n<p class=\"para_b4_list\">Los servicios incluyen:<\/p>\n<ul>\n<li>Alertas sobre amenazas detectadas a su identidad, n\u00famero de seguro social, cuentas en l\u00ednea y m\u00e1s.<\/li>\n<li>Supervisi\u00f3n de cr\u00e9dito, banca, redes sociales y bienes personales.<\/li>\n<li>Herramientas que ayudan a proteger tus contrase\u00f1as, dispositivos y conexiones Wi-Fi.<\/li>\n<li>Cobertura de seguro de $5 millones para cada adulto inscrito.<\/li>\n<\/ul>\n<h2>Costo de la cobertura<\/h2>\n<p>Usted paga 100% del costo de la cobertura mediante deducciones de su n\u00f3mina. El monto que paga depende de la cobertura que elija: individual o familiar.<\/p>\n<\/div><\/div>\n\n<div class=\"et_pb_code_0 et_pb_code et_pb_module\"><div class=\"et_pb_code_inner\"><style>\n  \/* page-specific table CSS *\/\n  table.benefits-table {border: 1px solid #dbdbdb !important;}\n th.blue-header {border-right: 1px solid #fff !important;}\n th.blue-header:last-child {border-right: none !important;}\n th.blue-header:first-child {text-align: left !important;}\n\n .blue-header_BB {border-bottom: 1px solid #fff !important;}\n  table.benefits-table td:first-child {font-weight: 700; font-size: 97% !important; text-align: left: !important; line-height: 1.2em !important;}\n  table.benefits-table td:last-child {border-right: none !important;}\n \n  table.benefits-table td {text-align: center;}\n  .table_label_descriptive {font-weight: 400 !important; font-size: 13.5px;}\n<\/style>\n\n<table class=\"benefits-table adjusted_width\">\n<thead>\n<tr>\n<th class=\"blue-header\" width=\"20%\">Nivel de cobertura<\/th>\n<th class=\"blue-header\" width=\"50%\">\u00bfQui\u00e9n est\u00e1 cubierto?<\/th>\n<th class=\"blue-header\" width=\"30%\">Contribuciones quincenales<\/th>\n<\/tr>\n<\/thead>\n<tbody>  \n<tr>\n<td>Individual<\/td>\n<td>Solo para empleados<\/td>\n<td>$3.30<\/td>\n<\/tr>\n<tr>\n<td>Familia<\/td>\n<td>Empleado, hijos dependientes menores de 18 a\u00f1os y hasta 10 adultos m\u00e1s.<\/td>\n<td>$5.77<\/td>\n<\/tr>\n<\/tbody>\n<\/table><\/div><\/div>\n\n<div class=\"et_pb_text_3 et_pb_text et_pb_bg_layout_light et_pb_module et_block_module std_page_linky preset--module--divi-text--a3c25dea-1d0c-4172-8b62-bcbc91059cfa\"><div class=\"et_pb_text_inner\"><h2>C\u00f3mo inscribirse<\/h2>\n<p>Puede inscribirse en la cobertura en cualquier momento del a\u00f1o en <a href=\"https:\/\/www.hopkinssmartsource.com\/\" target=\"_blank\" rel=\"noopener\">SmartSource<\/a> <i class=\"fa-regular fa-arrow-up-right-from-square fa-more_styles\"><\/i>. Si se inscribe fuera del periodo de inscripci\u00f3n para nuevos empleados o del periodo de inscripci\u00f3n abierta, seleccione <strong>Informar sobre un acontecimiento vital<\/strong> y elige <strong>Agregar protecci\u00f3n contra el robo de identidad y el fraude<\/strong> de la lista.<\/p>\n<p class=\"para_b4_list\">Despu\u00e9s de inscribirte, <a href=\"https:\/\/my.aura.com\/start\" target=\"_blank\" rel=\"noopener\">active su cuenta<\/a> <i class=\"fa-regular fa-arrow-up-right-from-square fa-more_styles\"><\/i> a:<\/p>\n<ul>\n<li>Consulte las alertas y configure sus preferencias de contacto.<\/li>\n<li>Agregue miembros a su plan (si se inscribi\u00f3 en la cobertura familiar).<\/li>\n<li>Utilice la aplicaci\u00f3n m\u00f3vil Aura (<a href=\"https:\/\/apps.apple.com\/us\/app\/aura-security-protection\/id1547735089\" target=\"_blank\" rel=\"noopener\">Tienda de aplicaciones<\/a> <i class=\"fa-regular fa-arrow-up-right-from-square fa-more_styles\" aria-hidden=\"true\"><\/i>| <a href=\"https:\/\/play.google.com\/store\/apps\/details?id=com.aura.suite&amp;hl=en\" target=\"_blank\" rel=\"noopener\">Google Play<\/a> <i class=\"fa-regular fa-arrow-up-right-from-square fa-more_styles\" aria-hidden=\"true\"><\/i>)<\/li>\n<\/ul>\n<p>Si deja Johns Hopkins Health System, puede continuar con la cobertura directamente con Aura.<\/p>\n<\/div><\/div>\n\n<div class=\"et_pb_video_0 et_pb_video et_pb_module et_block_module\"><div class=\"et_pb_video_box\"><iframe loading=\"lazy\" title=\"JHHS: Protecci\u00f3n contra el robo de identidad y el fraude de Aura\" src=\"https:\/\/player.vimeo.com\/video\/1083813208?dnt=1&amp;app_id=122963\" width=\"1080\" height=\"608\" frameborder=\"0\" allow=\"autoplay; fullscreen; picture-in-picture; clipboard-write; encrypted-media; web-share\" referrerpolicy=\"strict-origin-when-cross-origin\"><\/iframe><\/div><\/div>\n<\/div>\n\n<div class=\"et_pb_column_4 et_pb_column et_pb_column_1_3 et-last-child et_block_column et_pb_css_mix_blend_mode_passthrough\">\n<div class=\"et_pb_blurb_0 et_pb_blurb et_pb_bg_layout_light et_pb_text_align_left et_pb_blurb_position_left et_pb_module et_block_module preset--module--divi-blurb--6eoue1j8cb\"><div class=\"et_pb_blurb_content\"><div class=\"et_pb_main_blurb_image\"><span class=\"et_pb_image_wrap\"><span class=\"et-pb-icon et-waypoint et_pb_animation_top et_pb_animation_top_tablet et_pb_animation_top_phone\">\ue026<\/span><\/span><\/div><div class=\"et_pb_blurb_container\"><h4 class=\"et_pb_module_header\">Contactos<\/h4><div class=\"et_pb_blurb_description\"><h5>Aura MetLife<\/h5>\n<p>Protecci\u00f3n contra el robo de identidad y el fraude<br \/>844-931-2872 (disponible las 24 horas del d\u00eda, los 7 d\u00edas de la semana)<br \/><a href=\"https:\/\/www.myautohome.farmers.com\/index.html#\/home\" target=\"_blank\" rel=\"noopener\"><\/a><a href=\"https:\/\/my.aura.com\/\" target=\"_blank\" rel=\"noopener\">mi.aura.com<\/a><a href=\"https:\/\/www.myautohome.farmers.com\/index.html#\/home\" target=\"_blank\" rel=\"noopener\"> <\/a><i class=\"fa-regular fa-arrow-up-right-from-square fa-more_styles\" aria-hidden=\"true\"><\/i><\/p>\n<\/div><\/div><\/div><\/div>\n\n<div class=\"et_pb_blurb_1 et_pb_blurb et_pb_bg_layout_light et_pb_text_align_left et_pb_blurb_position_left et_pb_module et_block_module preset--module--divi-blurb--o2izxxd5ol\"><div class=\"et_pb_blurb_content\"><div class=\"et_pb_main_blurb_image\"><span class=\"et_pb_image_wrap\"><span class=\"et-pb-icon et-waypoint et_pb_animation_top et_pb_animation_top_tablet et_pb_animation_top_phone\">h<\/span><\/span><\/div><div class=\"et_pb_blurb_container\"><h4 class=\"et_pb_module_header\">Resources<\/h4><div class=\"et_pb_blurb_description\"><h6>Aplicaci\u00f3n m\u00f3vil Aura <\/h6>\n<p><a href=\"https:\/\/apps.apple.com\/us\/app\/metlife-pet\/id1534969901\" target=\"_blank\" rel=\"noopener\"><\/a><a href=\"https:\/\/apps.apple.com\/us\/app\/aura-security-protection\/id1547735089\" target=\"_blank\" rel=\"noopener\">Tienda de aplicaciones<\/a><a href=\"https:\/\/apps.apple.com\/us\/app\/metlife-pet\/id1534969901\" target=\"_blank\" rel=\"noopener\"> <i class=\"fa-regular fa-arrow-up-right-from-square fa-more_styles\" aria-hidden=\"true\"><\/i>| <\/a><a href=\"https:\/\/play.google.com\/store\/apps\/details?id=com.aura.suite&amp;hl=en\" target=\"_blank\" rel=\"noopener\">Google Play<\/a><a href=\"https:\/\/apps.apple.com\/us\/app\/metlife-pet\/id1534969901\" target=\"_blank\" rel=\"noopener\"><\/a> <i class=\"fa-regular fa-arrow-up-right-from-square fa-more_styles\" aria-hidden=\"true\"><\/i><\/p>\n<\/div><\/div><\/div><\/div>\n<\/div>\n<\/div>\n<\/div>","protected":false},"excerpt":{"rendered":"","protected":false},"author":3,"featured_media":0,"parent":22990665,"menu_order":0,"comment_status":"closed","ping_status":"closed","template":"","meta":{"_acf_changed":false,"_et_pb_use_builder":"on","_et_pb_old_content":"","_et_gb_content_width":"","footnotes":""},"dipi_cpt_category":[],"class_list":["post-22988708","page","type-page","status-publish","hentry"],"acf":[],"_links":{"self":[{"href":"https:\/\/mybenefitsjhhs.com\/es\/wp-json\/wp\/v2\/pages\/22988708","targetHints":{"allow":["GET"]}}],"collection":[{"href":"https:\/\/mybenefitsjhhs.com\/es\/wp-json\/wp\/v2\/pages"}],"about":[{"href":"https:\/\/mybenefitsjhhs.com\/es\/wp-json\/wp\/v2\/types\/page"}],"author":[{"embeddable":true,"href":"https:\/\/mybenefitsjhhs.com\/es\/wp-json\/wp\/v2\/users\/3"}],"replies":[{"embeddable":true,"href":"https:\/\/mybenefitsjhhs.com\/es\/wp-json\/wp\/v2\/comments?post=22988708"}],"version-history":[{"count":0,"href":"https:\/\/mybenefitsjhhs.com\/es\/wp-json\/wp\/v2\/pages\/22988708\/revisions"}],"up":[{"embeddable":true,"href":"https:\/\/mybenefitsjhhs.com\/es\/wp-json\/wp\/v2\/pages\/22990665"}],"wp:attachment":[{"href":"https:\/\/mybenefitsjhhs.com\/es\/wp-json\/wp\/v2\/media?parent=22988708"}],"wp:term":[{"taxonomy":"dipi_cpt_category","embeddable":true,"href":"https:\/\/mybenefitsjhhs.com\/es\/wp-json\/wp\/v2\/dipi_cpt_category?post=22988708"}],"curies":[{"name":"wp","href":"https:\/\/api.w.org\/{rel}","templated":true}]}}