{"id":22988763,"date":"2025-09-23T22:03:01","date_gmt":"2025-09-23T22:03:01","guid":{"rendered":"https:\/\/hopkinsredustg.wpenginepowered.com\/?page_id=22988763"},"modified":"2025-12-18T10:12:28","modified_gmt":"2025-12-18T10:12:28","slug":"life-add-insurance","status":"publish","type":"page","link":"https:\/\/mybenefitsjhhs.com\/es\/financial\/life-add-insurance\/","title":{"rendered":"Seguro de vida y seguro por muerte accidental y desmembramiento"},"content":{"rendered":"<div class=\"et_pb_section_0 et_pb_section et_section_regular et_block_section\">\n<div class=\"et_pb_row_0 et_pb_row et_pb_gutters3 et_block_row\">\n<div class=\"et_pb_column_0 et_pb_column et_pb_column_4_4 et-last-child et_block_column et_pb_css_mix_blend_mode_passthrough\">\n\n\n\n\n\n\n\n\n\n\n\n\n\n\n\n\n\n\n\n\n\n\n\n\n\n\n\n\n\n\n\n\n\n\n\n\n\n\n\n\n\n\n\n\n\n\n\n\n\n\n\n\n\n\n\n\n\n\n\n\n\n\n\n\n\n\n\n\n\n\n\n\n\n\n\n\n\n\n\n\n\n\n\n\n\n\n\n\n\n\n\n\n\n\n\n\n\n\n\n\n\n\n\n\n\n\n\n\n\n\n\n<\/div>\n<\/div>\n\n<div class=\"et_pb_row_1 et_pb_row et_pb_gutters3 et_block_row preset--module--divi-row--d7bztfmjlv\"><span class=\"et_pb_background_pattern\"><\/span>\n<div class=\"et_pb_column_1 et_pb_column et-last-child et_flex_column et_pb_css_mix_blend_mode_passthrough et_flex_column_24_24\">\n<div class=\"et_pb_text_0 et_pb_text et_pb_bg_layout_light et_pb_module et_block_module preset--module--divi-text--x1sbk0ycg4\"><div class=\"et_pb_text_inner\"><h1>Seguro de vida y seguro por muerte accidental y desmembramiento<\/h1>\n<p>Seguridad financiera y protecci\u00f3n para sus seres queridos.<\/p>\n<\/div><\/div>\n<\/div>\n<\/div>\n<\/div>\n\n<div class=\"et_pb_section_1 et_pb_section et_section_regular et_block_section\">\n<div class=\"et_pb_row_2 et_pb_row et_pb_gutters3 et_block_row\">\n<div class=\"et_pb_column_2 et_pb_column et_pb_column_4_4 et-last-child et_block_column et_pb_css_mix_blend_mode_passthrough\">\n<div class=\"et_pb_text_1 et_pb_text et_pb_bg_layout_light et_pb_module et_block_module page_intro opener_list preset--module--divi-text--j713l7wg7d\"><div class=\"et_pb_text_inner\"><p><img decoding=\"async\" src=\"https:\/\/mybenefitsjhhs.com\/wp-content\/uploads\/2025\/09\/life-ins-featured.png\" width=\"70\" alt=\"\" class=\"wp-image-22988549 alignright size-full\" \/>Tienes derecho a estas prestaciones si trabajas regularmente al menos 20 horas a la semana. <\/p>\n<p>Johns Hopkins Health System (JHHS) le ofrece cobertura b\u00e1sica sin costo alguno para usted. Tiene la opci\u00f3n de adquirir cobertura complementaria para usted y sus dependientes.<\/p>\n<\/div><\/div>\n<\/div>\n<\/div>\n\n<div class=\"et_pb_row_3 et_pb_row et_pb_gutters2 et_block_row\">\n<div class=\"et_pb_column_3 et_pb_column et_pb_column_2_3 et_block_column et_pb_css_mix_blend_mode_passthrough\">\n<div class=\"et_pb_text_2 et_pb_text et_pb_bg_layout_light et_pb_module et_block_module std_page_linky preset--module--divi-text--a3c25dea-1d0c-4172-8b62-bcbc91059cfa\"><div class=\"et_pb_text_inner\"><p>Los seguros de vida, muerte accidental y desmembramiento (AD&amp;D) y vida para dependientes son administrados por MetLife, y los seguros de vida entera son administrados por Unum.<\/p>\n<h2>Seguro de vida y seguro por muerte accidental y desmembramiento<\/h2>\n<p class=\"para_b4_list\">El seguro de vida paga beneficios a sus beneficiarios en caso de que usted fallezca. El seguro AD&amp;D paga beneficios si usted fallece o sufre lesiones graves a causa de un accidente, como la p\u00e9rdida de una extremidad o de la vista.<\/p>\n<ul>\n<li><strong>Cobertura b\u00e1sica<\/strong>: 1 vez su salario base anual redondeado al siguiente $1,000, hasta un m\u00e1ximo de $300,000.<\/li>\n<li><strong>Cobertura complementaria<\/strong>: hasta 7 veces su salario base anual redondeado al siguiente $1,000, hasta un m\u00e1ximo de $2 millones.<\/li>\n<\/ul>\n<p><strong>Nota<\/strong>La cobertura del seguro de vida se reduce autom\u00e1ticamente en 65% al cumplir 70 a\u00f1os y en 50% al cumplir 75 a\u00f1os.<\/p>\n<h2>Seguro de vida para dependientes<\/h2>\n<p class=\"para_b4_list\">Puede adquirir una cobertura de seguro de vida para su c\u00f3nyuge o hijos:<\/p>\n<ul>\n<li><strong>C\u00f3nyuge<\/strong>: $10,000\u2013$250,000, sin exceder la cobertura de los empleados.<\/li>\n<li><strong>Ni\u00f1os<\/strong>: $5,000\u2013$25,000 por ni\u00f1o<\/li>\n<\/ul>\n<h2>Seguro de vida completo<\/h2>\n<p class=\"para_b4_list\">El seguro de vida completo paga una indemnizaci\u00f3n a sus beneficiarios si usted fallece e incluye prestaciones adicionales a las que ofrece el seguro de vida tradicional, entre las que se incluyen:<\/p>\n<ul>\n<li><strong>Valor en efectivo<\/strong>: Acumule valor en efectivo a una tasa garantizada del 4.51 % TP60T. Puede pedir un pr\u00e9stamo sobre este valor en efectivo o utilizarlo para adquirir una p\u00f3liza m\u00e1s peque\u00f1a sin primas.<\/li>\n<li><strong>Costo fijo<\/strong>Las primas no aumentan con la edad y las prestaciones se mantienen iguales mientras se mantenga la p\u00f3liza.<\/li>\n<li><strong>Pago anticipado<\/strong>Solicite un pago anticipado de hasta $150,000 si le diagnostican una enfermedad terminal y le quedan menos de 12 meses de vida.<\/li>\n<li><strong>Cl\u00e1usula adicional de cuidados a largo plazo<\/strong>: Utilice el beneficio por fallecimiento para pagar los gastos de cuidados a largo plazo en determinadas situaciones, con un valor m\u00ednimo de $10,000.<\/li>\n<li><strong>Beneficio opcional por muerte accidental<\/strong>Duplique la cantidad que recibir\u00e1n sus beneficiarios si usted fallece por un accidente cubierto antes de cumplir los 70 a\u00f1os.<\/li>\n<li><strong>Cl\u00e1usula adicional opcional de seguro de vida temporal para hijos<\/strong>: Agregue un beneficio de hasta $10,000 en incrementos de $1,000 a la p\u00f3liza del empleado o c\u00f3nyuge para hijos de hasta 25 a\u00f1os. Despu\u00e9s de cumplir 25 a\u00f1os, el hijo puede adquirir una p\u00f3liza individual por un monto de hasta 5 veces el valor de la cl\u00e1usula adicional.<\/li>\n<\/ul>\n<p class=\"para_b4_list\">Puede adquirir una cobertura de seguro de vida completa para usted y su c\u00f3nyuge, hijos o nietos (incluso si no adquiere cobertura para usted mismo):<\/p>\n<ul>\n<li><strong>Empleado (edad: 15-80 a\u00f1os)<\/strong>: $2,000\u2013$200,000<\/li>\n<li><strong>C\u00f3nyuge (edad: 15-80 a\u00f1os)<\/strong>: $2,000\u2013$50,000<\/li>\n<li><strong>Hijos y nietos<\/strong>: $5,000\u2013$50,000 por ni\u00f1o<\/li>\n<\/ul>\n<h2>Costo de la cobertura<\/h2>\n<p>JHHS ofrece cobertura b\u00e1sica de seguro de vida y seguro por muerte accidental y desmembramiento sin costo alguno para usted.<\/p>\n<p>Usted paga 100% del costo del seguro complementario de vida y AD&amp;D, del seguro de vida para dependientes y del seguro de vida completo mediante deducciones de n\u00f3mina. El monto que paga depende de a qui\u00e9n cubra y del monto de cobertura que elija. Puede ver los costos durante la inscripci\u00f3n en <a href=\"https:\/\/hopkinssmartsource.com\/\" target=\"_blank\" rel=\"noopener\">SmartSource<\/a> <i class=\"fa-regular fa-arrow-up-right-from-square fa-more_styles\" aria-hidden=\"true\"><\/i>.<\/p>\n<h2>C\u00f3mo inscribirse<\/h2>\n<p>Usted est\u00e1 inscrito autom\u00e1ticamente en la cobertura b\u00e1sica de vida y AD&amp;D.<\/p>\n<p>Puede inscribirse en una cobertura complementaria, un seguro de vida para dependientes y un seguro de vida completo en <a href=\"https:\/\/hopkinssmartsource.com\/\" target=\"_blank\" rel=\"noopener\">SmartSource<\/a> <i class=\"fa-regular fa-arrow-up-right-from-square fa-more_styles\" aria-hidden=\"true\"><\/i> como nuevo empleado, durante el periodo de inscripci\u00f3n abierta o si experimenta un <a href=\"\/es\/making-benefits-changes\/\">evento de vida calificativo<\/a>.<\/p>\n<p>La cobertura comienza el primer d\u00eda del mes siguiente a la fecha en que fue contratado o pas\u00f3 a ser elegible para recibir prestaciones, pendiente de la aprobaci\u00f3n de MetLife o Unum si se le exige que presente pruebas de buen estado de salud. Las deducciones de su n\u00f3mina no comenzar\u00e1n hasta que se apruebe la cobertura.<\/p>\n<h3>Cuando se requiere una prueba de buena salud<\/h3>\n<\/div><\/div>\n\n<div class=\"et_pb_tabs_0 et_pb_tabs et_pb_module\"><ul class=\"et_pb_tabs_controls clearfix\"><li class=\"et_pb_tab_nav_item_0 et_pb_tab_nav_item et_pb_tab_0 et_pb_tab_active\"><a class=\"et_pb_tab_nav_item_link\" href=\"#\">Empleado<\/a><\/li><li class=\"et_pb_tab_nav_item_1 et_pb_tab_nav_item et_pb_tab_1\"><a class=\"et_pb_tab_nav_item_link\" href=\"#\"> Personas a cargo<\/a><\/li><\/ul><div class=\"et_pb_all_tabs\">\n<div class=\"et_pb_tab_0 et_pb_tab clearfix et_pb_active_content et_pb_module et_block_module\"><div class=\"et_pb_tab_content\"><p class=\"para_b4_list\">Si se inscribe como nuevo empleado o empleado reci\u00e9n elegible, solo deber\u00e1 presentar un certificado de buena salud si adquiere:<\/p>\n<ul>\n<li>Cobertura de seguro de vida complementario que supere el triple de su salario base anual o $450,000.<\/li>\n<li>Seguro de vida completo que excede $150 000.<\/li>\n<\/ul>\n<p>Fuera del periodo de nueva contrataci\u00f3n o de inscripci\u00f3n de nuevos afiliados, se le exigir\u00e1 que presente un certificado de buena salud si contrata o aumenta cualquier nivel de cobertura de seguro de vida complementario o de vida entera.<\/p>\n<\/div><\/div>\n\n<div class=\"et_pb_tab_1 et_pb_tab clearfix et_pb_module et_block_module\"><div class=\"et_pb_tab_content\"><p class=\"para_b4_list\">Debe presentar un certificado de buena salud de su c\u00f3nyuge si:<\/p>\n<ul>\n<li>Contratar o aumentar cualquier nivel de seguro de vida para dependientes.<\/li>\n<li>Contrate una cobertura de seguro de vida entera para su c\u00f3nyuge que supere los $30,000 durante su periodo de nueva contrataci\u00f3n o de nueva elegibilidad, o si contrata o aumenta cualquier nivel de cobertura de seguro de vida entera en cualquier otro momento.<\/li>\n<\/ul>\n<p>Nunca se exige a los ni\u00f1os un certificado de buena salud.<\/p>\n<\/div><\/div>\n<\/div><\/div>\n\n<div class=\"et_pb_text_3 et_pb_text et_pb_bg_layout_light et_pb_module et_block_module std_page_linky preset--module--divi-text--a3c25dea-1d0c-4172-8b62-bcbc91059cfa\"><div class=\"et_pb_text_inner\"><h2>Nombra a un beneficiario para tu seguro de vida.<\/h2>\n<p>Un beneficiario recibe sus beneficios si usted fallece. Usted es autom\u00e1ticamente el beneficiario del seguro de vida para dependientes.<\/p>\n<p class=\"para_b4_list\">Agregue o actualice sus beneficiarios:<\/p>\n<ul>\n<li><strong>Seguro de vida b\u00e1sico y complementario<\/strong>: Iniciar sesi\u00f3n <a href=\"https:\/\/hopkinssmartsource.com\/\" target=\"_blank\" rel=\"noopener\">SmartSource<\/a> <i class=\"fa-regular fa-arrow-up-right-from-square fa-more_styles\"><\/i>, ve a tu perfil y selecciona <strong>Mis beneficiarios<\/strong>.<\/li>\n<li><strong>Seguro de vida completo<\/strong>: Inicie sesi\u00f3n en su <a href=\"https:\/\/unum.com\/\" target=\"_blank\" rel=\"noopener\">Cuenta Unum<\/a> <i class=\"fa-regular fa-arrow-up-right-from-square fa-more_styles\"><\/i> o llame a Unum al 800-635-5597.<\/li>\n<\/ul>\n<\/div><\/div>\n\n<div class=\"et_pb_text_4 et_pb_text et_pb_bg_layout_light et_pb_module et_block_module std_page_linky preset--group--divi-text--divi-background--s5qopce6ed preset--module--divi-text--1qm6s3can1\"><span class=\"et_pb_background_pattern\"><\/span><div class=\"et_pb_text_inner\"><h4>Apoyo ante la p\u00e9rdida con empat\u00eda<\/h4>\n<p>Empathy est\u00e1 disponible para todos los empleados y sus beneficiarios con el fin de ayudarles a superar los retos que surgen tras una p\u00e9rdida, como la liquidaci\u00f3n de una herencia, el manejo del duelo, la gesti\u00f3n de tareas y mucho m\u00e1s.<\/p>\n<p>Reg\u00edstrese en el <a href=\"https:\/\/join.empathy.com\/metlife\" target=\"_blank\" rel=\"noopener\">Sitio web de Empathy<\/a> <i class=\"fa-regular fa-arrow-up-right-from-square fa-more_styles\" aria-hidden=\"true\"><\/i> o aplicaci\u00f3n m\u00f3vil (<a href=\"https:\/\/apps.apple.com\/us\/app\/empathy-loss-support\/id1536395192\" target=\"_blank\" rel=\"noopener\">Tienda de aplicaciones<\/a> <i class=\"fa-regular fa-arrow-up-right-from-square fa-more_styles\" aria-hidden=\"true\"><\/i> | <a href=\"https:\/\/play.google.com\/store\/apps\/details?id=com.empathy.companion&amp;hl=en_US&amp;gl=US\" target=\"_blank\" rel=\"noopener\">Google Play<\/a> <i class=\"fa-regular fa-arrow-up-right-from-square fa-more_styles\" aria-hidden=\"true\"><\/i>) o llamando al 201-720-1584.<\/p>\n<\/div><\/div>\n\n<div class=\"et_pb_text_5 et_pb_text et_pb_bg_layout_light et_pb_module et_block_module std_page_linky alert_header preset--module--divi-text--a3c25dea-1d0c-4172-8b62-bcbc91059cfa\"><div class=\"et_pb_text_inner\"><h2>Preguntas frecuentes<\/h2>\n<\/div><\/div>\n\n<div class=\"et_pb_toggle_0 et_pb_toggle et_pb_toggle_item et_pb_toggle_close et_pb_module et_block_module std_page_linky preset--module--divi-toggle--onkp2rtljj\"><h4 class=\"et_pb_toggle_title\">\u00bfCu\u00e1ndo se requiere una prueba de buena salud?<\/h4><div class=\"et_pb_toggle_content clearfix\"><p class=\"para_b4_list\">Si se inscribe como nuevo empleado o como empleado que acaba de cumplir los requisitos, deber\u00e1 presentar un certificado de buena salud. <strong>para ti mismo<\/strong> solo si compras:<\/p>\n<ul>\n<li>Cobertura de seguro de vida complementario que supere el triple de su salario base anual o $450,000.<\/li>\n<li>Seguro de vida completo que excede $150 000.<\/li>\n<\/ul>\n<p>Fuera del periodo de nueva contrataci\u00f3n o de inscripci\u00f3n de nuevos afiliados, se le exigir\u00e1 que presente un certificado de buena salud si contrata o aumenta cualquier nivel de cobertura de seguro de vida complementario o de vida entera.<\/p>\n<p class=\"para_b4_list\">Se requiere que presente un certificado de buena salud. <strong>para tu c\u00f3nyuge<\/strong> si usted:<\/p>\n<ul>\n<li>Contratar o aumentar cualquier nivel de seguro de vida para dependientes.<\/li>\n<li>Contrate una cobertura de seguro de vida entera para su c\u00f3nyuge que supere los $30,000 durante su periodo de nueva contrataci\u00f3n o de nueva elegibilidad, o si contrata o aumenta cualquier nivel de cobertura de seguro de vida entera en cualquier otro momento.<\/li>\n<\/ul>\n<p>Nunca se exige prueba de buena salud para <strong>ni\u00f1os<\/strong>.<\/p>\n<p>MetLife o Unum deben aprobar su cobertura antes de que entre en vigor. Las deducciones de su n\u00f3mina no comenzar\u00e1n hasta que se apruebe la cobertura.<\/p>\n<\/div><\/div>\n\n<div class=\"et_pb_toggle_1 et_pb_toggle et_pb_toggle_item et_pb_toggle_close et_pb_module et_block_module std_page_linky preset--module--divi-toggle--onkp2rtljj\"><h4 class=\"et_pb_toggle_title\">\u00bfQu\u00e9 pasa con mi cobertura de seguro de vida cuando cumpla 70 a\u00f1os?<\/h4><div class=\"et_pb_toggle_content clearfix\"><ul>\n<li><strong>Seguro de vida b\u00e1sico y complementario<\/strong>: Iniciar sesi\u00f3n <a href=\"https:\/\/hopkinssmartsource.com\/\" target=\"_blank\" rel=\"noopener\">SmartSource<\/a> <i class=\"fa-regular fa-arrow-up-right-from-square fa-more_styles\"><\/i>, ve a tu perfil y selecciona <strong>Mis beneficiarios<\/strong>.<\/li>\n<li><strong>Seguro de vida completo<\/strong>: Inicie sesi\u00f3n en su <a href=\"https:\/\/unum.com\/\" target=\"_blank\" rel=\"noopener\">Cuenta Unum<\/a>  <i class=\"fa-regular fa-arrow-up-right-from-square fa-more_styles\"><\/i> o llame a Unum al 800-635-5597.<\/li>\n<\/ul>\n<\/div><\/div>\n\n<div class=\"et_pb_toggle_2 et_pb_toggle et_pb_toggle_item et_pb_toggle_close et_pb_module et_block_module std_page_linky preset--module--divi-toggle--onkp2rtljj\"><h4 class=\"et_pb_toggle_title\">\u00bfEl seguro de vida es un beneficio sujeto a impuestos?<\/h4><div class=\"et_pb_toggle_content clearfix\"><p>S\u00ed. Esto se incluye en tu n\u00f3mina como ingreso imponible.<\/p>\n<\/div><\/div>\n<\/div>\n\n<div class=\"et_pb_column_4 et_pb_column et_pb_column_1_3 et-last-child et_block_column et_pb_css_mix_blend_mode_passthrough\">\n<div class=\"et_pb_blurb_0 et_pb_blurb et_pb_bg_layout_light et_pb_text_align_left et_pb_blurb_position_left et_pb_module et_block_module preset--module--divi-blurb--6eoue1j8cb\"><div class=\"et_pb_blurb_content\"><div class=\"et_pb_main_blurb_image\"><span class=\"et_pb_image_wrap\"><span class=\"et-pb-icon et-waypoint et_pb_animation_top et_pb_animation_top_tablet et_pb_animation_top_phone\">\ue026<\/span><\/span><\/div><div class=\"et_pb_blurb_container\"><h4 class=\"et_pb_module_header\">Contactos<\/h4><div class=\"et_pb_blurb_description\"><h5>HR Support Center<\/h5>\n<p>Seguro de vida y seguro por muerte accidental y desmembramiento<br \/>\n443-997-5400<br \/>\n<a href=\"mailto:HRSC@jhmi.edu\">hrsc@jhmi.edu<\/a>\u2002<i class=\"fa-light fa-envelope sidebar_icon\"><\/i><\/p>\n<h5>Unum<\/h5>\n<p>Seguro de vida completo<br \/>\n800-635-5597<br \/>\n<a href=\"https:\/\/unum.com\/\" target=\"_blank\" rel=\"noopener\">unum.com<\/a> <i class=\"fa-regular fa-arrow-up-right-from-square fa-more_styles\"><\/i><\/p>\n<\/div><\/div><\/div><\/div>\n\n<div class=\"et_pb_blurb_1 et_pb_blurb et_pb_bg_layout_light et_pb_text_align_left et_pb_blurb_position_left et_pb_module et_block_module preset--module--divi-blurb--o2izxxd5ol\"><div class=\"et_pb_blurb_content\"><div class=\"et_pb_main_blurb_image\"><span class=\"et_pb_image_wrap\"><span class=\"et-pb-icon et-waypoint et_pb_animation_top et_pb_animation_top_tablet et_pb_animation_top_phone\">h<\/span><\/span><\/div><div class=\"et_pb_blurb_container\"><h4 class=\"et_pb_module_header\">Resources<\/h4><div class=\"et_pb_blurb_description\"><ul>\n<li style=\"text-align: left;\"><a href=\"\/es\/documents-and-forms\/\">Documentos del plan<\/a><i class=\"fa-light fa-memo-circle-info sidebar_icon\" aria-hidden=\"true\"><\/i><\/li>\n<li><a href=\"\/es\/documents\/whole-life-insurance-plan-summary-english\/\" target=\"_blank\" rel=\"noopener\">Resumen del plan de seguro de vida completo (ingl\u00e9s)<\/a><i class=\"fa-light fa-file-pdf sidebar_icon\"><\/i><\/li>\n<li><a href=\"\/es\/documents\/whole-life-insurance-plan-summary-spanish\/\" target=\"_blank\" rel=\"noopener\">Resumen del plan de seguro de vida entera (espa\u00f1ol)<\/a><i class=\"fa-light fa-file-pdf sidebar_icon\"><\/i><\/li>\n<\/ul>\n<\/div><\/div><\/div><\/div>\n<\/div>\n<\/div>\n\n<div class=\"et_pb_row_4 et_pb_row et_pb_gutters3 et_block_row\">\n<div class=\"et_pb_column_5 et_pb_column et_pb_column_4_4 et-last-child et_block_column et_pb_css_mix_blend_mode_passthrough\">\n<div class=\"et_pb_code_0 et_pb_code et_pb_module\"><div class=\"et_pb_code_inner\"><script>\njQuery(document).ready(function($) {\n  \/\/ Hide Divi's default toggle icon\n  $('<style>.et_pb_toggle_title:before { display: none !important; }<\/style>').appendTo('head');\n  \n  \/\/ Add our own custom icon to each toggle using Elegant Icons\n  $('.et_pb_toggle_title').each(function() {\n    var isOpen = $(this).parent().hasClass('et_pb_toggle_open');\n    var initialRotation = isOpen ? 'transform: translateY(-50%) rotate(180deg);' : 'transform: translateY(-50%);';\n    var initialColor = isOpen ? 'color: #002c77;' : 'color: #0068c1;'; \/\/ Set colors for both states\n    $(this).append('<span class=\"custom-toggle-icon\" style=\"' + initialRotation + initialColor + '\"><\/span>');\n  });\n  \n  \/\/ Add styling for our custom icon\n  $('<style>\\\n    .custom-toggle-icon {\\\n      position: absolute;\\\n      right: 0;\\\n      top: 50%;\\\n      font-family: \"ETmodules\";\\\n      font-size: 33px; \/* the size in the preset *\/\\\n      transition: transform 0.3s ease, color 0.3s ease;\\\n    }\\\n    .custom-toggle-icon:before {\\\n      content: \"\\\\33\";\\\n    }\\\n    .et_pb_toggle_open .custom-toggle-icon {\\\n      transform: translateY(-50%) rotate(180deg);\\\n      color: #002c77; \/* Blue color for open state *\/\\\n    }\\\n    .et_pb_toggle_close .custom-toggle-icon {\\\n      color: #0068c1; \/* royal blue color for closed state *\/\\\n    }\\\n  <\/style>').appendTo('head');\n  \n  \/\/ Handle click events - immediate response\n  $('.et_pb_toggle_title').on('click', function() {\n    var $toggle = $(this).parent();\n    var $icon = $(this).find('.custom-toggle-icon');\n    \n    \/\/ Toggle the rotation and color immediately based on current state\n    if ($toggle.hasClass('et_pb_toggle_close')) {\n      \/\/ It's currently closed, so it will open - rotate up and change color\n      $icon.css({\n        'transform': 'translateY(-50%) rotate(180deg)',\n        'color': '#002c77'\n      });\n    } else {\n      \/\/ It's currently open, so it will close - rotate down and change color\n      $icon.css({\n        'transform': 'translateY(-50%) rotate(0deg)',\n        'color': '#0068c1'\n      });\n    }\n  });\n});\n<\/script><\/div><\/div>\n<\/div>\n<\/div>\n<\/div>","protected":false},"excerpt":{"rendered":"","protected":false},"author":3,"featured_media":0,"parent":22990629,"menu_order":0,"comment_status":"closed","ping_status":"closed","template":"","meta":{"_acf_changed":false,"_et_pb_use_builder":"on","_et_pb_old_content":"","_et_gb_content_width":"","footnotes":""},"dipi_cpt_category":[],"class_list":["post-22988763","page","type-page","status-publish","hentry"],"acf":[],"_links":{"self":[{"href":"https:\/\/mybenefitsjhhs.com\/es\/wp-json\/wp\/v2\/pages\/22988763","targetHints":{"allow":["GET"]}}],"collection":[{"href":"https:\/\/mybenefitsjhhs.com\/es\/wp-json\/wp\/v2\/pages"}],"about":[{"href":"https:\/\/mybenefitsjhhs.com\/es\/wp-json\/wp\/v2\/types\/page"}],"author":[{"embeddable":true,"href":"https:\/\/mybenefitsjhhs.com\/es\/wp-json\/wp\/v2\/users\/3"}],"replies":[{"embeddable":true,"href":"https:\/\/mybenefitsjhhs.com\/es\/wp-json\/wp\/v2\/comments?post=22988763"}],"version-history":[{"count":0,"href":"https:\/\/mybenefitsjhhs.com\/es\/wp-json\/wp\/v2\/pages\/22988763\/revisions"}],"up":[{"embeddable":true,"href":"https:\/\/mybenefitsjhhs.com\/es\/wp-json\/wp\/v2\/pages\/22990629"}],"wp:attachment":[{"href":"https:\/\/mybenefitsjhhs.com\/es\/wp-json\/wp\/v2\/media?parent=22988763"}],"wp:term":[{"taxonomy":"dipi_cpt_category","embeddable":true,"href":"https:\/\/mybenefitsjhhs.com\/es\/wp-json\/wp\/v2\/dipi_cpt_category?post=22988763"}],"curies":[{"name":"wp","href":"https:\/\/api.w.org\/{rel}","templated":true}]}}