{"id":22988806,"date":"2025-09-24T20:38:19","date_gmt":"2025-09-24T20:38:19","guid":{"rendered":"https:\/\/hopkinsredustg.wpenginepowered.com\/?page_id=22988806"},"modified":"2026-03-05T12:01:47","modified_gmt":"2026-03-05T17:01:47","slug":"eligibility","status":"publish","type":"page","link":"https:\/\/mybenefitsjhhs.com\/es\/elegibilidad-e-inscripcion\/eligibility\/","title":{"rendered":"Requisitos de elegibilidad"},"content":{"rendered":"<div class=\"et_pb_section_0 et_pb_section et_section_regular et_block_section\">\n<div class=\"et_pb_row_0 et_pb_row et_pb_gutters3 et_block_row\">\n<div class=\"et_pb_column_0 et_pb_column et_pb_column_4_4 et-last-child et_block_column et_pb_css_mix_blend_mode_passthrough\">\n\n\n\n\n\n<\/div>\n<\/div>\n\n<div class=\"et_pb_row_1 et_pb_row et_pb_gutters3 et_block_row preset--module--divi-row--z7hm0nc1kv\"><span class=\"et_pb_background_pattern\"><\/span>\n<div class=\"et_pb_column_1 et_pb_column et-last-child et_flex_column et_pb_css_mix_blend_mode_passthrough et_flex_column_24_24\">\n<div class=\"et_pb_text_0 et_pb_text et_pb_bg_layout_light et_pb_module et_block_module preset--module--divi-text--x1sbk0ycg4\"><div class=\"et_pb_text_inner\"><h1>Requisitos de elegibilidad<\/h1>\n<p>Consulte a qu\u00e9 prestaciones tienen derecho usted y sus dependientes, y cu\u00e1ndo.<\/p>\n<\/div><\/div>\n<\/div>\n<\/div>\n<\/div>\n\n<div class=\"et_pb_section_1 et_pb_section et_section_regular et_block_section\">\n<div class=\"et_pb_row_2 et_pb_row et_pb_gutters3 et_block_row\">\n<div class=\"et_pb_column_2 et_pb_column et_pb_column_4_4 et-last-child et_block_column et_pb_css_mix_blend_mode_passthrough\">\n<div class=\"et_pb_text_1 et_pb_text et_pb_bg_layout_light et_pb_module et_block_module opener_list preset--module--divi-text--j713l7wg7d\"><div class=\"et_pb_text_inner\"><p><img decoding=\"async\" src=\"https:\/\/mybenefitsjhhs.com\/wp-content\/uploads\/2025\/09\/eligibility-featured.png\" width=\"62\" alt=\"\" class=\"wp-image-22988559 alignright size-full\" \/>Los beneficios a los que tiene derecho dependen del n\u00famero de horas que trabaje habitualmente, de su hospital u organizaci\u00f3n afiliada y de su situaci\u00f3n sindical.<\/p>\n<\/div><\/div>\n<\/div>\n<\/div>\n\n<div class=\"et_pb_row_3 et_pb_row et_pb_gutters2 et_block_row\">\n<div class=\"et_pb_column_3 et_pb_column et_pb_column_2_3 et_block_column et_pb_css_mix_blend_mode_passthrough\">\n<div class=\"et_pb_text_2 et_pb_text et_pb_bg_layout_light et_pb_module et_block_module std_page_linky preset--module--divi-text--a3c25dea-1d0c-4172-8b62-bcbc91059cfa\"><div class=\"et_pb_text_inner\"><h2>Elegibilidad de los empleados<\/h2>\n<p>Su hospital, organizaci\u00f3n afiliada o afiliaci\u00f3n sindical pueden afectar su elegibilidad para determinados beneficios. Encontrar\u00e1 m\u00e1s detalles sobre la elegibilidad en la p\u00e1gina myBenefits de cada beneficio.<\/p>\n<p><strong>\u00bfEs usted empleado de Johns Hopkins Regional Physicians (JHRP)?<\/strong> <a href=\"\/es\/documents\/johns-hopkins-regional-physicians-benefits-guide\/\" target=\"_blank\" rel=\"noopener\">Consulte la Gu\u00eda de beneficios del JHRP.<\/a> <i class=\"fa-light fa-file-pdf sidebar_icon\" aria-hidden=\"true\"><\/i>.<\/p>\n<h4>Beneficios disponibles para todos los empleados<\/h4>\n<p class=\"para_b4_list\">Todos los empleados pueden disfrutar de estas prestaciones:<\/p>\n<ul>\n<li>Johns Hopkins Employee Assistance Program (JHEAP)<\/li>\n<li>Cuenta de jubilaci\u00f3n<\/li>\n<li>Programa de descuentos para empleados<\/li>\n<\/ul>\n<h4>Si trabajas m\u00e1s de 30 horas a la semana<\/h4>\n<p>Tienes derecho a todas las prestaciones que se indican en este sitio web si trabajas regularmente al menos 30 horas a la semana, salvo que se indique lo contrario.<\/p>\n<h4>Si trabajas entre 20 y 29 horas a la semana<\/h4>\n<p class=\"para_b4_list\">Tienes derecho a todos los beneficios que se ofrecen en este sitio. <strong>excepto<\/strong>:<\/p>\n<ul>\n<li><strong>Todos los hospitales y organizaciones afiliadas<\/strong>Ayuda para la matr\u00edcula de hijos dependientes y licencia parental remunerada.<\/li>\n<li><strong>Johns Hopkins All Children\u2019s Hospital<\/strong>: Banco de enfermedades prolongadas.<\/li>\n<li><strong>Johns Hopkins Care at Home<\/strong>Seguro m\u00e9dico, dental y oftalmol\u00f3gico, cuentas de gastos flexibles y ayuda para la matr\u00edcula de los empleados.<\/li>\n<\/ul>\n<\/div><\/div>\n\n<div class=\"et_pb_text_3 et_pb_text et_pb_bg_layout_light et_pb_module et_block_module std_page_linky preset--group--divi-text--divi-background--s5qopce6ed preset--module--divi-text--1qm6s3can1\"><span class=\"et_pb_background_pattern\"><\/span><div class=\"et_pb_text_inner\"><h4>Cambios en los requisitos de elegibilidad<\/h4>\n<p>Si cambia de trabajo o cambia el n\u00famero de horas que trabaja habitualmente, su derecho a determinadas prestaciones puede verse afectado.<\/p>\n<p><a href=\"\/es\/changes-to-eligibility\/\">Vea qu\u00e9 sucede si cambia su elegibilidad.<\/a>.<\/p>\n<\/div><\/div>\n\n<div class=\"et_pb_text_4 et_pb_text et_pb_bg_layout_light et_pb_module et_block_module std_page_linky preset--module--divi-text--a3c25dea-1d0c-4172-8b62-bcbc91059cfa\"><div class=\"et_pb_text_inner\"><h2>Elegibilidad de los dependientes<\/h2>\n<p class=\"para_b4_list\">Los dependientes elegibles incluyen:<\/p>\n<ul>\n<li>Los hijos hasta los 26 a\u00f1os, a menos que tengan una discapacidad.<\/li>\n<li>C\u00f3nyuge legal, a menos que tambi\u00e9n sea empleado de una filial de Johns Hopkins Medicine, en cuyo caso no puede estar inscrito como empleado y como dependiente.<\/li>\n<\/ul>\n<p class=\"para_b4_list\">Puede inscribir a sus dependientes elegibles en estos beneficios si usted tambi\u00e9n est\u00e1 inscrito:<\/p>\n<ul>\n<li>Seguro m\u00e9dico, dental y oftalmol\u00f3gico<\/li>\n<li>Seguro de accidentes, enfermedades graves e indemnizaci\u00f3n hospitalaria.<\/li>\n<li>Seguro de cuidados a largo plazo<\/li>\n<li>Protecci\u00f3n contra el robo de identidad y el fraude<\/li>\n<\/ul>\n<p class=\"para_b4_list\">Tambi\u00e9n puede inscribir a sus dependientes elegibles en estos beneficios, independientemente de si usted est\u00e1 inscrito:<\/p>\n<ul>\n<li>Seguro de vida para dependientes<\/li>\n<li>Seguro de vida completo<\/li>\n<\/ul>\n<h2>Cu\u00e1ndo comienzan sus beneficios<\/h2>\n<p>Aqu\u00ed es cuando los beneficios entran en vigor a partir de la fecha en que fue contratado o pas\u00f3 a ser elegible.<\/p>\n<h4>Primero del mes siguiente<\/h4>\n<p class=\"para_b4_list\">Si se inscribe en estos beneficios como nuevo empleado o empleado reci\u00e9n elegible, la cobertura comienza el primer d\u00eda del mes siguiente a la fecha en que fue contratado o se volvi\u00f3 elegible.<\/p>\n<div class=\"two_col_list\">\n<ul>\n<li>Seguro m\u00e9dico, dental y oftalmol\u00f3gico (excepto Johns Hopkins All Children\u2019s Hospital)<\/li>\n<li>Cuentas de gastos flexibles<\/li>\n<li>Seguro de vida b\u00e1sico y complementario<\/li>\n<li>Seguro de vida para dependientes<\/li>\n<li>Seguro de vida completo<\/li>\n<li>Seguro de accidentes, enfermedades graves e indemnizaci\u00f3n hospitalaria.<\/li>\n<li>Protecci\u00f3n contra el robo de identidad y el fraude<\/li>\n<li>Servicios legales prepagados<\/li>\n<li>Incapacidad a largo plazo<\/li>\n<\/ul>\n<\/div>\n<h4>Despu\u00e9s de 90 d\u00edas<\/h4>\n<ul>\n<li>Tiempo libre remunerado (PTO). Comenzar\u00e1 a acumular PTO a partir de la fecha en que fue contratado o pas\u00f3 a ser elegible, pero hay un periodo de espera de 90 d\u00edas antes de que pueda utilizarlo.<\/li>\n<li>Incapacidad temporal<\/li>\n<\/ul>\n<h4>Despu\u00e9s de 12 meses<\/h4>\n<p style=\"margin-bottom: 1em;\">Debe completar 12 meses consecutivos de empleo con derecho a prestaciones para poder optar al permiso parental remunerado.<\/p>\n<h4>Otros<\/h4>\n<ul>\n<li><strong>Cuidados a largo plazo<\/strong>La cobertura comienza el primer d\u00eda del mes siguiente al mes en que se inscribi\u00f3.<\/li>\n<li><strong>Ayuda para el pago de la matr\u00edcula de los dependientes<\/strong>: Dependiendo de su hospital u organizaci\u00f3n afiliada, es posible que deba completar de dos a cuatro a\u00f1os de empleo continuo antes de ser elegible.<\/li>\n<\/ul>\n<\/div><\/div>\n<\/div>\n\n<div class=\"et_pb_column_4 et_pb_column et_pb_column_1_3 et-last-child et_block_column et_pb_css_mix_blend_mode_passthrough\">\n<div class=\"et_pb_blurb_0 et_pb_blurb et_pb_bg_layout_light et_pb_text_align_left et_pb_blurb_position_left et_pb_module et_block_module preset--module--divi-blurb--6eoue1j8cb\"><div class=\"et_pb_blurb_content\"><div class=\"et_pb_main_blurb_image\"><span class=\"et_pb_image_wrap\"><span class=\"et-pb-icon et-waypoint et_pb_animation_top et_pb_animation_top_tablet et_pb_animation_top_phone\">\ue026<\/span><\/span><\/div><div class=\"et_pb_blurb_container\"><h4 class=\"et_pb_module_header\">Contactos<\/h4><div class=\"et_pb_blurb_description\"><h5>HR Support Center<\/h5>\n<p>Preguntas sobre prestaciones<br \/>443-997-5400<br \/><a href=\"mailto:hrsc@jhmi.edu\">hrsc@jhmi.edu<\/a>\u2002<i class=\"fa-light fa-envelope sidebar_icon\"><\/i><\/p>\n<\/div><\/div><\/div><\/div>\n\n<div class=\"et_pb_blurb_1 et_pb_blurb et_pb_bg_layout_light et_pb_text_align_left et_pb_blurb_position_left et_pb_module et_block_module preset--module--divi-blurb--o2izxxd5ol\"><div class=\"et_pb_blurb_content\"><div class=\"et_pb_main_blurb_image\"><span class=\"et_pb_image_wrap\"><span class=\"et-pb-icon et-waypoint et_pb_animation_top et_pb_animation_top_tablet et_pb_animation_top_phone\">h<\/span><\/span><\/div><div class=\"et_pb_blurb_container\"><h4 class=\"et_pb_module_header\">Resources<\/h4><div class=\"et_pb_blurb_description\"><ul>\n<li><a href=\"\/es\/changes-to-eligibility\/\">Cambios en los requisitos de elegibilidad<\/a><\/li>\n<li><a href=\"\/es\/documents\/johns-hopkins-regional-physicians-benefits-guide\/\" target=\"_blank\" rel=\"noopener\">Gu\u00eda de beneficios para m\u00e9dicos regionales de Johns Hopkins<\/a><i class=\"fa-light fa-file-pdf sidebar_icon\" aria-hidden=\"true\"><\/i><\/li>\n<\/ul>\n<\/div><\/div><\/div><\/div>\n\n<div class=\"et_pb_code_0 et_pb_code et_pb_module\"><div class=\"et_pb_code_inner\"><script>\njQuery(document).ready(function($) {\n  \/\/ Hide Divi's default toggle icon\n  $('<style>.et_pb_toggle_title:before { display: none !important; }<\/style>').appendTo('head');\n  \n  \/\/ Add our own custom icon to each toggle using Elegant Icons\n  $('.et_pb_toggle_title').each(function() {\n    var isOpen = $(this).parent().hasClass('et_pb_toggle_open');\n    var initialRotation = isOpen ? 'transform: translateY(-50%) rotate(180deg);' : 'transform: translateY(-50%);';\n    var initialColor = isOpen ? 'color: #002c77;' : 'color: #0068c1;'; \/\/ Set colors for both states\n    $(this).append('<span class=\"custom-toggle-icon\" style=\"' + initialRotation + initialColor + '\"><\/span>');\n  });\n  \n  \/\/ Add styling for our custom icon\n  $('<style>\\\n    .custom-toggle-icon {\\\n      position: absolute;\\\n      right: 0;\\\n      top: 50%;\\\n      font-family: \"ETmodules\";\\\n      font-size: 33px; \/* the size in the preset *\/\\\n      transition: transform 0.3s ease, color 0.3s ease;\\\n    }\\\n    .custom-toggle-icon:before {\\\n      content: \"\\\\33\";\\\n    }\\\n    .et_pb_toggle_open .custom-toggle-icon {\\\n      transform: translateY(-50%) rotate(180deg);\\\n      color: #002c77; \/* Blue color for open state *\/\\\n    }\\\n    .et_pb_toggle_close .custom-toggle-icon {\\\n      color: #0068c1; \/* royal blue color for closed state *\/\\\n    }\\\n  <\/style>').appendTo('head');\n  \n  \/\/ Handle click events - immediate response\n  $('.et_pb_toggle_title').on('click', function() {\n    var $toggle = $(this).parent();\n    var $icon = $(this).find('.custom-toggle-icon');\n    \n    \/\/ Toggle the rotation and color immediately based on current state\n    if ($toggle.hasClass('et_pb_toggle_close')) {\n      \/\/ It's currently closed, so it will open - rotate up and change color\n      $icon.css({\n        'transform': 'translateY(-50%) rotate(180deg)',\n        'color': '#002c77'\n      });\n    } else {\n      \/\/ It's currently open, so it will close - rotate down and change color\n      $icon.css({\n        'transform': 'translateY(-50%) rotate(0deg)',\n        'color': '#0068c1'\n      });\n    }\n  });\n});\n<\/script><\/div><\/div>\n<\/div>\n<\/div>\n<\/div>","protected":false},"excerpt":{"rendered":"","protected":false},"author":3,"featured_media":0,"parent":22990295,"menu_order":0,"comment_status":"closed","ping_status":"closed","template":"","meta":{"_acf_changed":false,"_et_pb_use_builder":"on","_et_pb_old_content":"","_et_gb_content_width":"","footnotes":""},"dipi_cpt_category":[],"class_list":["post-22988806","page","type-page","status-publish","hentry"],"acf":[],"_links":{"self":[{"href":"https:\/\/mybenefitsjhhs.com\/es\/wp-json\/wp\/v2\/pages\/22988806","targetHints":{"allow":["GET"]}}],"collection":[{"href":"https:\/\/mybenefitsjhhs.com\/es\/wp-json\/wp\/v2\/pages"}],"about":[{"href":"https:\/\/mybenefitsjhhs.com\/es\/wp-json\/wp\/v2\/types\/page"}],"author":[{"embeddable":true,"href":"https:\/\/mybenefitsjhhs.com\/es\/wp-json\/wp\/v2\/users\/3"}],"replies":[{"embeddable":true,"href":"https:\/\/mybenefitsjhhs.com\/es\/wp-json\/wp\/v2\/comments?post=22988806"}],"version-history":[{"count":0,"href":"https:\/\/mybenefitsjhhs.com\/es\/wp-json\/wp\/v2\/pages\/22988806\/revisions"}],"up":[{"embeddable":true,"href":"https:\/\/mybenefitsjhhs.com\/es\/wp-json\/wp\/v2\/pages\/22990295"}],"wp:attachment":[{"href":"https:\/\/mybenefitsjhhs.com\/es\/wp-json\/wp\/v2\/media?parent=22988806"}],"wp:term":[{"taxonomy":"dipi_cpt_category","embeddable":true,"href":"https:\/\/mybenefitsjhhs.com\/es\/wp-json\/wp\/v2\/dipi_cpt_category?post=22988806"}],"curies":[{"name":"wp","href":"https:\/\/api.w.org\/{rel}","templated":true}]}}