{"id":22988824,"date":"2025-09-26T16:57:00","date_gmt":"2025-09-26T16:57:00","guid":{"rendered":"https:\/\/hopkinsredustg.wpenginepowered.com\/?page_id=22988824"},"modified":"2026-02-26T16:35:39","modified_gmt":"2026-02-26T21:35:39","slug":"making-benefits-changes","status":"publish","type":"page","link":"https:\/\/mybenefitsjhhs.com\/es\/elegibilidad-e-inscripcion\/making-benefits-changes\/","title":{"rendered":"Realizar cambios en los beneficios"},"content":{"rendered":"<div class=\"et_pb_section_0 et_pb_section et_section_regular et_block_section\">\n<div class=\"et_pb_row_0 et_pb_row et_pb_gutters3 et_block_row\">\n<div class=\"et_pb_column_0 et_pb_column et_pb_column_4_4 et-last-child et_block_column et_pb_css_mix_blend_mode_passthrough\">\n\n\n\n<\/div>\n<\/div>\n\n<div class=\"et_pb_row_1 et_pb_row et_pb_gutters3 et_block_row preset--module--divi-row--z7hm0nc1kv\"><span class=\"et_pb_background_pattern\"><\/span>\n<div class=\"et_pb_column_1 et_pb_column et-last-child et_flex_column et_pb_css_mix_blend_mode_passthrough et_flex_column_24_24\">\n<div class=\"et_pb_text_0 et_pb_text et_pb_bg_layout_light et_pb_module et_block_module preset--module--divi-text--x1sbk0ycg4\"><div class=\"et_pb_text_inner\"><h1>Realizar cambios en los beneficios<\/h1>\n<p>Fuera del periodo de inscripci\u00f3n abierta, solo puede realizar cambios en determinados beneficios si se produce un evento de vida que lo justifique.<\/p>\n<\/div><\/div>\n<\/div>\n<\/div>\n<\/div>\n\n<div class=\"et_pb_section_1 et_pb_section et_section_regular et_block_section\">\n<div class=\"et_pb_row_2 et_pb_row et_pb_gutters3 et_block_row\">\n<div class=\"et_pb_column_2 et_pb_column et_pb_column_4_4 et-last-child et_block_column et_pb_css_mix_blend_mode_passthrough\">\n<div class=\"et_pb_text_1 et_pb_text et_pb_bg_layout_light et_pb_module et_block_module opener_list preset--module--divi-text--j713l7wg7d\"><div class=\"et_pb_text_inner\"><p><img decoding=\"async\" src=\"https:\/\/mybenefitsjhhs.com\/wp-content\/uploads\/2025\/09\/enrollment-featured-150x150.png\" width=\"90\" alt=\"\" class=\"wp-image-22988762 alignright size-thumbnail\" srcset=\"https:\/\/mybenefitsjhhs.com\/wp-content\/uploads\/2025\/09\/enrollment-featured-150x150.png 150w, https:\/\/mybenefitsjhhs.com\/wp-content\/uploads\/2025\/09\/enrollment-featured.png 301w\" sizes=\"(max-width: 150px) 100vw, 150px\" \/>Un evento de vida calificado es un acontecimiento importante, como casarse o tener un hijo, que le permite realizar cambios en sus beneficios fuera del periodo de inscripci\u00f3n anual.<\/p>\n<p>Tienes <strong>30 d\u00edas<\/strong> a partir de la fecha del acontecimiento vital para realizar cambios en sus prestaciones.<\/p>\n<\/div><\/div>\n<\/div>\n<\/div>\n\n<div class=\"et_pb_row_3 et_pb_row et_pb_gutters2 et_block_row\">\n<div class=\"et_pb_column_3 et_pb_column et_pb_column_2_3 et_block_column et_pb_css_mix_blend_mode_passthrough\">\n<div class=\"et_pb_text_2 et_pb_text et_pb_bg_layout_light et_pb_module et_block_module std_page_linky preset--module--divi-text--a3c25dea-1d0c-4172-8b62-bcbc91059cfa\"><div class=\"et_pb_text_inner\"><h2>Cambios que puede realizar con un evento de vida calificado<\/h2>\n<p class=\"para_b4_list\">Si experimenta alguno de estos s\u00edntomas <strong>acontecimientos vitales que dan derecho a prestaciones<\/strong>:<\/p>\n<ul>\n<li>Matrimonio o divorcio<\/li>\n<li>Nacimiento o adopci\u00f3n<\/li>\n<li>El empleado gana o pierde cobertura<\/li>\n<li>El c\u00f3nyuge o dependiente obtiene o pierde la cobertura.<\/li>\n<li>Muerte<\/li>\n<\/ul>\n<p class=\"para_b4_list\">Es posible que pueda inscribirse o cambiar estos beneficios para usted o sus dependientes elegibles:<\/p>\n<div class=\"two_col_list\">\n<ul>\n<li>Seguro m\u00e9dico, dental y oftalmol\u00f3gico.<\/li>\n<li>Cuentas de gastos flexibles (FSA) para atenci\u00f3n m\u00e9dica y cuidado de personas dependientes.<\/li>\n<li>Seguro de vida complementario, dependiente y completo.<\/li>\n<li>Seguro de accidentes, enfermedades graves e indemnizaci\u00f3n hospitalaria.<\/li>\n<li>Servicios legales prepagados<\/li>\n<li>Protecci\u00f3n contra el robo de identidad y el fraude<\/li>\n<\/ul>\n<\/div>\n<h3>C\u00f3mo informar sobre un acontecimiento vital<\/h3>\n<p class=\"para_b4_list\">Para realizar cambios en los beneficios, debe crear una solicitud de evento de vida calificativo en SmartSource. <strong>en un plazo de 30 d\u00edas<\/strong> del evento.<\/p>\n<ol>\n<li>Iniciar sesi\u00f3n en <a href=\"https:\/\/www.hopkinssmartsource.com\/\" target=\"_blank\" rel=\"noopener\">SmartSource<\/a> <i class=\"fa-regular fa-arrow-up-right-from-square fa-more_styles\" aria-hidden=\"true\"><\/i> utilizando sus credenciales de trabajo.<\/li>\n<li>Seleccionar <strong>Acontecimiento vital<\/strong>.<\/li>\n<li>Sube los documentos requeridos.<\/li>\n<li>Seleccionar <strong>Enviar<\/strong>.<\/li>\n<\/ol>\n<p>Recibir\u00e1s un correo electr\u00f3nico una vez que tus documentos hayan sido procesados.<\/p>\n<h4>Hijo dependiente que cumple 26 a\u00f1os<\/h4>\n<p>Cuando su hijo dependiente cumpla 26 a\u00f1os, su cobertura finalizar\u00e1 autom\u00e1ticamente al final del mes en el que cumpla 26 a\u00f1os. No es necesario que cree una solicitud por cambio en su situaci\u00f3n personal.<\/p>\n<h2>Otros cambios importantes en la vida<\/h2>\n<h4>Cambio en la elegibilidad<\/h4>\n<p class=\"adjusted_para\">Si cambia de trabajo o cambia el n\u00famero de horas que trabaja habitualmente, su derecho a determinadas prestaciones puede verse afectado.<\/p>\n<p><a href=\"\/es\/changes-to-eligibility\/\">Vea qu\u00e9 sucede si cambia su elegibilidad.<\/a>.<\/p>\n<h4>Dejando Johns Hopkins<\/h4>\n<p class=\"adjusted_para\">Si finaliza su empleo en Johns Hopkins Health System, es importante que sepa cu\u00e1ndo finaliza la cobertura, qu\u00e9 prestaciones conservar\u00e1 y cu\u00e1les podr\u00e1 continuar disfrutando.<\/p>\n<p><a href=\"\/es\/leaving-johns-hopkins\/\">Consulte qu\u00e9 prestaciones finalizan y cu\u00e1ndo.<\/a>.<\/p>\n<h4>Licencia<\/h4>\n<p class=\"adjusted_para\">El estado de sus prestaciones durante una licencia depende del tipo de licencia que tome.<\/p>\n<p><a href=\"\/es\/leaves\/\">M\u00e1s informaci\u00f3n<\/a>.<\/p>\n<\/div><\/div>\n<\/div>\n\n<div class=\"et_pb_column_4 et_pb_column et_pb_column_1_3 et-last-child et_block_column et_pb_css_mix_blend_mode_passthrough\">\n<div class=\"et_pb_blurb_0 et_pb_blurb et_pb_bg_layout_light et_pb_text_align_left et_pb_blurb_position_left et_pb_module et_block_module preset--module--divi-blurb--6eoue1j8cb\"><div class=\"et_pb_blurb_content\"><div class=\"et_pb_main_blurb_image\"><span class=\"et_pb_image_wrap\"><span class=\"et-pb-icon et-waypoint et_pb_animation_top et_pb_animation_top_tablet et_pb_animation_top_phone\">\ue026<\/span><\/span><\/div><div class=\"et_pb_blurb_container\"><h4 class=\"et_pb_module_header\">Contactos<\/h4><div class=\"et_pb_blurb_description\"><h5>HR Support Center<\/h5>\n<p>Preguntas generales<br \/>443-997-5400<br \/><a href=\"mailto:hrsc@jhmi.edu\">hrsc@jhmi.edu<\/a>\u2002<i class=\"fa-light fa-envelope sidebar_icon\"><\/i><\/p>\n<\/div><\/div><\/div><\/div>\n\n<div class=\"et_pb_blurb_1 et_pb_blurb et_pb_bg_layout_light et_pb_text_align_left et_pb_blurb_position_left et_pb_module et_block_module preset--module--divi-blurb--o2izxxd5ol\"><div class=\"et_pb_blurb_content\"><div class=\"et_pb_main_blurb_image\"><span class=\"et_pb_image_wrap\"><span class=\"et-pb-icon et-waypoint et_pb_animation_top et_pb_animation_top_tablet et_pb_animation_top_phone\">h<\/span><\/span><\/div><div class=\"et_pb_blurb_container\"><h4 class=\"et_pb_module_header\">Resources<\/h4><div class=\"et_pb_blurb_description\"><p><a href=\"https:\/\/www.hopkinssmartsource.com\/\" target=\"_blank\" rel=\"noopener\">Informar sobre un acontecimiento vital<\/a> <i class=\"fa-regular fa-arrow-up-right-from-square fa-more_styles\" aria-hidden=\"true\"><\/i><\/p>\n<\/div><\/div><\/div><\/div>\n\n<div class=\"et_pb_code_0 et_pb_code et_pb_module\"><div class=\"et_pb_code_inner\"><script>\njQuery(document).ready(function($) {\n  \/\/ Hide Divi's default toggle icon\n  $('<style>.et_pb_toggle_title:before { display: none !important; }<\/style>').appendTo('head');\n  \n  \/\/ Add our own custom icon to each toggle using Elegant Icons\n  $('.et_pb_toggle_title').each(function() {\n    var isOpen = $(this).parent().hasClass('et_pb_toggle_open');\n    var initialRotation = isOpen ? 'transform: translateY(-50%) rotate(180deg);' : 'transform: translateY(-50%);';\n    var initialColor = isOpen ? 'color: #002c77;' : 'color: #0068c1;'; \/\/ Set colors for both states\n    $(this).append('<span class=\"custom-toggle-icon\" style=\"' + initialRotation + initialColor + '\"><\/span>');\n  });\n  \n  \/\/ Add styling for our custom icon\n  $('<style>\\\n    .custom-toggle-icon {\\\n      position: absolute;\\\n      right: 0;\\\n      top: 50%;\\\n      font-family: \"ETmodules\";\\\n      font-size: 33px; \/* the size in the preset *\/\\\n      transition: transform 0.3s ease, color 0.3s ease;\\\n    }\\\n    .custom-toggle-icon:before {\\\n      content: \"\\\\33\";\\\n    }\\\n    .et_pb_toggle_open .custom-toggle-icon {\\\n      transform: translateY(-50%) rotate(180deg);\\\n      color: #002c77; \/* Blue color for open state *\/\\\n    }\\\n    .et_pb_toggle_close .custom-toggle-icon {\\\n      color: #0068c1; \/* royal blue color for closed state *\/\\\n    }\\\n  <\/style>').appendTo('head');\n  \n  \/\/ Handle click events - immediate response\n  $('.et_pb_toggle_title').on('click', function() {\n    var $toggle = $(this).parent();\n    var $icon = $(this).find('.custom-toggle-icon');\n    \n    \/\/ Toggle the rotation and color immediately based on current state\n    if ($toggle.hasClass('et_pb_toggle_close')) {\n      \/\/ It's currently closed, so it will open - rotate up and change color\n      $icon.css({\n        'transform': 'translateY(-50%) rotate(180deg)',\n        'color': '#002c77'\n      });\n    } else {\n      \/\/ It's currently open, so it will close - rotate down and change color\n      $icon.css({\n        'transform': 'translateY(-50%) rotate(0deg)',\n        'color': '#0068c1'\n      });\n    }\n  });\n});\n<\/script><\/div><\/div>\n<\/div>\n<\/div>\n<\/div>","protected":false},"excerpt":{"rendered":"","protected":false},"author":3,"featured_media":0,"parent":22990295,"menu_order":0,"comment_status":"closed","ping_status":"closed","template":"","meta":{"_acf_changed":false,"_et_pb_use_builder":"on","_et_pb_old_content":"","_et_gb_content_width":"","footnotes":""},"dipi_cpt_category":[],"class_list":["post-22988824","page","type-page","status-publish","hentry"],"acf":[],"_links":{"self":[{"href":"https:\/\/mybenefitsjhhs.com\/es\/wp-json\/wp\/v2\/pages\/22988824","targetHints":{"allow":["GET"]}}],"collection":[{"href":"https:\/\/mybenefitsjhhs.com\/es\/wp-json\/wp\/v2\/pages"}],"about":[{"href":"https:\/\/mybenefitsjhhs.com\/es\/wp-json\/wp\/v2\/types\/page"}],"author":[{"embeddable":true,"href":"https:\/\/mybenefitsjhhs.com\/es\/wp-json\/wp\/v2\/users\/3"}],"replies":[{"embeddable":true,"href":"https:\/\/mybenefitsjhhs.com\/es\/wp-json\/wp\/v2\/comments?post=22988824"}],"version-history":[{"count":0,"href":"https:\/\/mybenefitsjhhs.com\/es\/wp-json\/wp\/v2\/pages\/22988824\/revisions"}],"up":[{"embeddable":true,"href":"https:\/\/mybenefitsjhhs.com\/es\/wp-json\/wp\/v2\/pages\/22990295"}],"wp:attachment":[{"href":"https:\/\/mybenefitsjhhs.com\/es\/wp-json\/wp\/v2\/media?parent=22988824"}],"wp:term":[{"taxonomy":"dipi_cpt_category","embeddable":true,"href":"https:\/\/mybenefitsjhhs.com\/es\/wp-json\/wp\/v2\/dipi_cpt_category?post=22988824"}],"curies":[{"name":"wp","href":"https:\/\/api.w.org\/{rel}","templated":true}]}}