{"id":22988866,"date":"2025-10-01T02:07:00","date_gmt":"2025-10-01T02:07:00","guid":{"rendered":"https:\/\/hopkinsredustg.wpenginepowered.com\/?page_id=22988866"},"modified":"2026-03-05T12:07:40","modified_gmt":"2026-03-05T17:07:40","slug":"nuevo-empleado","status":"publish","type":"page","link":"https:\/\/mybenefitsjhhs.com\/es\/elegibilidad-e-inscripcion\/nuevo-empleado\/","title":{"rendered":"Nueva contrataci\u00f3n"},"content":{"rendered":"<div class=\"et_pb_section_0 et_pb_section et_section_regular et_block_section\">\n<div class=\"et_pb_row_0 et_pb_row et_pb_gutters3 et_block_row\">\n<div class=\"et_pb_column_0 et_pb_column et_pb_column_4_4 et-last-child et_block_column et_pb_css_mix_blend_mode_passthrough\">\n\n\n\n\n\n\n\n<\/div>\n<\/div>\n\n<div class=\"et_pb_row_1 et_pb_row et_pb_gutters3 et_block_row preset--module--divi-row--z7hm0nc1kv\"><span class=\"et_pb_background_pattern\"><\/span>\n<div class=\"et_pb_column_1 et_pb_column et-last-child et_flex_column et_pb_css_mix_blend_mode_passthrough et_flex_column_24_24\">\n<div class=\"et_pb_text_0 et_pb_text et_pb_bg_layout_light et_pb_module et_block_module preset--module--divi-text--x1sbk0ycg4\"><div class=\"et_pb_text_inner\"><h1>Nueva contrataci\u00f3n<\/h1>\n<p>Tienes 30 d\u00edas a partir de la fecha de contrataci\u00f3n para inscribirte en determinados beneficios.<\/p>\n<\/div><\/div>\n<\/div>\n<\/div>\n<\/div>\n\n<div class=\"et_pb_section_1 et_pb_section et_section_regular et_block_section\">\n<div class=\"et_pb_row_2 et_pb_row et_pb_gutters3 et_block_row\">\n<div class=\"et_pb_column_2 et_pb_column et_pb_column_4_4 et-last-child et_block_column et_pb_css_mix_blend_mode_passthrough\">\n<div class=\"et_pb_text_1 et_pb_text et_pb_bg_layout_light et_pb_module et_block_module opener_list preset--module--divi-text--j713l7wg7d\"><div class=\"et_pb_text_inner\"><p><img decoding=\"async\" src=\"https:\/\/mybenefitsjhhs.com\/wp-content\/uploads\/2025\/09\/eligibility-featured.png\" width=\"62\" alt=\"\" class=\"wp-image-22988559 alignright size-full\" \/>\u00a1Bienvenido al Sistema de Salud Johns Hopkins! Nuestro s\u00f3lido programa de beneficios le permite hacerse cargo de su bienestar f\u00edsico, emocional y financiero.<\/p>\n<\/div><\/div>\n<\/div>\n<\/div>\n\n<div class=\"et_pb_row_3 et_pb_row et_flex_row preset--module--divi-row--t0ygtlcuew\">\n<div class=\"et_pb_column_3 et_pb_column et_flex_column et_pb_css_mix_blend_mode_passthrough et_flex_column_16_24 et_flex_column_24_24_tablet et_flex_column_24_24_phone\">\n<div class=\"et_pb_text_2 et_pb_text et_pb_bg_layout_light et_pb_module et_block_module std_page_linky preset--module--divi-text--a3c25dea-1d0c-4172-8b62-bcbc91059cfa\"><div class=\"et_pb_text_inner\"><p>Como nuevo empleado o empleado reci\u00e9n elegible, aseg\u00farese de explorar todos los beneficios disponibles para usted y su familia. Toda la informaci\u00f3n sobre sus beneficios est\u00e1 disponible en este sitio web myBenefits, al que puede acceder en cualquier momento y desde cualquier dispositivo.<\/p>\n<p>Para ver myBenefits en espa\u00f1ol, seleccione <strong>Espa\u00f1ol<\/strong> en el men\u00fa desplegable <strong>Seleccionar idioma<\/strong>.<\/p>\n<p class=\"para_b4_list\">Antes de inscribirte, consulta:<\/p>\n<ul>\n<li><a href=\"\/es\/eligibility\/\">Requisitos de elegibilidad<\/a>: Consulte a qu\u00e9 prestaciones tienen derecho usted y sus dependientes en funci\u00f3n del n\u00famero de horas que trabaje habitualmente, su hospital u organizaci\u00f3n afiliada y su situaci\u00f3n sindical.<\/li>\n<li><a href=\"\/es\/employee-costs\/\">Costo de la cobertura<\/a>: Consulte las contribuciones quincenales de los empleados para el seguro m\u00e9dico, dental y oftalmol\u00f3gico.<\/li>\n<\/ul>\n<h2>\u00bfQu\u00e9 beneficios contratar y cu\u00e1ndo?<\/h2>\n<p class=\"para_b4_list\">Tienes <strong>30 d\u00edas<\/strong> desde la fecha en que fue contratado o pas\u00f3 a tener derecho a las prestaciones para inscribirse en:<\/p>\n<ul>\n<li>Seguro m\u00e9dico, dental y oftalmol\u00f3gico<\/li>\n<li>Cuentas de gastos flexibles para salud y cuidado de dependientes<\/li>\n<li>Seguro de vida complementario, seguro de vida para dependientes y seguro de vida entera.<\/li>\n<li>Seguro de accidentes, enfermedades graves e indemnizaci\u00f3n hospitalaria.<\/li>\n<li>Servicios legales prepagados<\/li>\n<\/ul>\n<p class=\"para_b4_list\">T\u00fa eres <strong>inscrito autom\u00e1ticamente<\/strong> en estos beneficios:<\/p>\n<ul>\n<li>Seguro b\u00e1sico de vida y seguro por muerte accidental y desmembramiento.<\/li>\n<li>Seguro de incapacidad a corto y largo plazo<\/li>\n<\/ul>\n<p class=\"para_b4_list\">Y puedes inscribirte para obtener estos beneficios. <strong>en cualquier momento<\/strong>:<\/p>\n<ul>\n<li>Protecci\u00f3n contra el robo de identidad y el fraude<\/li>\n<li>Seguro de autom\u00f3vil, hogar, inquilinos y mascotas<\/li>\n<li>Seguro de cuidados a largo plazo<\/li>\n<li>Beneficios para los viajeros habituales<\/li>\n<\/ul>\n<h3>Inscribirse en el plan de jubilaci\u00f3n de JHHS<\/h3>\n<p>La mayor\u00eda de los empleados se inscriben autom\u00e1ticamente en el plan de jubilaci\u00f3n de JHHS, pero los empleados de algunos hospitales y organizaciones afiliadas deben inscribirse manualmente. <a href=\"\/es\/retirement\/\">Ver detalles del plan de jubilaci\u00f3n<\/a>.<\/p>\n<\/div><\/div>\n\n<div class=\"et_pb_text_3 et_pb_text et_pb_bg_layout_light et_pb_module et_block_module std_page_linky preset--group--divi-text--divi-background--s5qopce6ed preset--module--divi-text--1qm6s3can1\"><span class=\"et_pb_background_pattern\"><\/span><div class=\"et_pb_text_inner\"><h4>Obtenga ayuda para elegir los beneficios<\/h4>\n<p>Si eres un <strong>Empleado de Johns Hopkins All Children\u2019s Hospital<\/strong>, hable con ALEX, un asesor de beneficios en l\u00ednea, para comprender todas sus opciones de beneficios y obtener ayuda para elegir las m\u00e1s adecuadas para usted y su familia. ALEX le proporcionar\u00e1 recomendaciones personalizadas para ayudarle a tomar decisiones seguras e informadas.<\/p>\n<p>Utilice ALEX en espa\u00f1ol. Al empezar su experiencia con ALEX, puede cambiar el idioma a espa\u00f1ol desde la esquina superior derecha.<\/p>\n<p><a href=\"https:\/\/start.myalex.com\/allchildrenshospital\" target=\"_blank\" rel=\"noopener\">Habla con ALEX<\/a> <i class=\"fa-regular fa-arrow-up-right-from-square fa-more_styles\"><\/i><\/p>\n<\/div><\/div>\n\n<div class=\"et_pb_text_4 et_pb_text et_pb_bg_layout_light et_pb_module et_block_module std_page_linky preset--module--divi-text--a3c25dea-1d0c-4172-8b62-bcbc91059cfa\"><div class=\"et_pb_text_inner\"><h2>C\u00f3mo inscribirse<\/h2>\n<p class=\"para_b4_list\">Cuando est\u00e9 listo para inscribirse, haga sus elecciones en <strong>SmartSource<\/strong>:<\/p>\n<ol>\n<li>Iniciar sesi\u00f3n en <a href=\"https:\/\/www.hopkinssmartsource.com\/\" target=\"_blank\" rel=\"noopener\">SmartSource<\/a> <i class=\"fa-regular fa-arrow-up-right-from-square fa-more_styles\" aria-hidden=\"true\"><\/i> utilizando sus credenciales de trabajo.<\/li>\n<li>Siga las instrucciones que aparecen en cada pantalla para elegir sus beneficios.<\/li>\n<li>Seleccionar <strong>Salida<\/strong> para completar su inscripci\u00f3n.<\/li>\n<\/ol>\n<p class=\"para_b4_list\">Si inscribes a dependientes, debes subir estos documentos a <a href=\"https:\/\/www.hopkinssmartsource.com\/\" target=\"_blank\" rel=\"noopener\">SmartSource<\/a> <i class=\"fa-regular fa-arrow-up-right-from-square fa-more_styles\" aria-hidden=\"true\"><\/i> para verificar su relaci\u00f3n:<\/p>\n<ul>\n<li>Licencia de matrimonio certificada para tu c\u00f3nyuge<\/li>\n<li>Certificado de nacimiento o documentos de adopci\u00f3n de sus hijos.<\/li>\n<\/ul>\n<p>No se aceptan tarjetas de seguridad social ni licencias de matrimonio no certificadas.<\/p>\n<p>Este video instructivo muestra c\u00f3mo registrarse en SmartSource.<\/p>\n<\/div><\/div>\n<\/div>\n\n<div class=\"et_pb_column_4 et_pb_column et-last-child et_flex_column et_pb_css_mix_blend_mode_passthrough et_flex_column_8_24 et_flex_column_24_24_tablet et_flex_column_24_24_phone\">\n<div class=\"et_pb_blurb_0 et_pb_blurb et_pb_bg_layout_light et_pb_text_align_left et_pb_blurb_position_left et_pb_module et_block_module preset--module--divi-blurb--6eoue1j8cb\"><div class=\"et_pb_blurb_content\"><div class=\"et_pb_main_blurb_image\"><span class=\"et_pb_image_wrap\"><span class=\"et-pb-icon et-waypoint et_pb_animation_top et_pb_animation_top_tablet et_pb_animation_top_phone\">\ue026<\/span><\/span><\/div><div class=\"et_pb_blurb_container\"><h4 class=\"et_pb_module_header\">Contactos<\/h4><div class=\"et_pb_blurb_description\"><h5>HR Support Center<\/h5>\n<p>Preguntas generales<br \/>443-997-5400<br \/><a href=\"mailto:hrsc@jhmi.edu\">hrsc@jhmi.edu<\/a>\u2002<i class=\"fa-light fa-envelope sidebar_icon\"><\/i><\/p>\n<\/div><\/div><\/div><\/div>\n\n<div class=\"et_pb_blurb_1 et_pb_blurb et_pb_bg_layout_light et_pb_text_align_left et_pb_blurb_position_left et_pb_module et_block_module preset--module--divi-blurb--o2izxxd5ol\"><div class=\"et_pb_blurb_content\"><div class=\"et_pb_main_blurb_image\"><span class=\"et_pb_image_wrap\"><span class=\"et-pb-icon et-waypoint et_pb_animation_top et_pb_animation_top_tablet et_pb_animation_top_phone\">h<\/span><\/span><\/div><div class=\"et_pb_blurb_container\"><h4 class=\"et_pb_module_header\">Resources<\/h4><div class=\"et_pb_blurb_description\"><ul>\n<li><a href=\"https:\/\/www.hopkinssmartsource.com\/\" target=\"_blank\" rel=\"noopener\">Inscr\u00edbase en SmartSource<\/a> <i class=\"fa-regular fa-arrow-up-right-from-square fa-more_styles\"><\/i><\/li>\n<li><a href=\"https:\/\/start.myalex.com\/allchildrenshospital\" target=\"_blank\" rel=\"noopener\">Asesor de prestaciones en l\u00ednea de ALEX<\/a> <i class=\"fa-regular fa-arrow-up-right-from-square fa-more_styles\"><\/i><br \/>(Solo Johns Hopkins All Children\u2019s Hospital)<\/li>\n<li><a href=\"\/es\/spanish-resources\/\">Recursos en espa\u00f1ol<\/a><\/li>\n<li><a href=\"https:\/\/my.jh.edu\/\" target=\"_blank\" rel=\"noopener\">my.jh.edu<\/a> <i class=\"fa-regular fa-arrow-up-right-from-square fa-more_styles\"><\/i><\/li>\n<\/ul>\n<\/div><\/div><\/div><\/div>\n\n<div class=\"et_pb_code_0 et_pb_code et_pb_module\"><div class=\"et_pb_code_inner\"><script>\njQuery(document).ready(function($) {\n  \/\/ Hide Divi's default toggle icon\n  $('<style>.et_pb_toggle_title:before { display: none !important; }<\/style>').appendTo('head');\n  \n  \/\/ Add our own custom icon to each toggle using Elegant Icons\n  $('.et_pb_toggle_title').each(function() {\n    var isOpen = $(this).parent().hasClass('et_pb_toggle_open');\n    var initialRotation = isOpen ? 'transform: translateY(-50%) rotate(180deg);' : 'transform: translateY(-50%);';\n    var initialColor = isOpen ? 'color: #002c77;' : 'color: #0068c1;'; \/\/ Set colors for both states\n    $(this).append('<span class=\"custom-toggle-icon\" style=\"' + initialRotation + initialColor + '\"><\/span>');\n  });\n  \n  \/\/ Add styling for our custom icon\n  $('<style>\\\n    .custom-toggle-icon {\\\n      position: absolute;\\\n      right: 0;\\\n      top: 50%;\\\n      font-family: \"ETmodules\";\\\n      font-size: 33px; \/* the size in the preset *\/\\\n      transition: transform 0.3s ease, color 0.3s ease;\\\n    }\\\n    .custom-toggle-icon:before {\\\n      content: \"\\\\33\";\\\n    }\\\n    .et_pb_toggle_open .custom-toggle-icon {\\\n      transform: translateY(-50%) rotate(180deg);\\\n      color: #002c77; \/* Blue color for open state *\/\\\n    }\\\n    .et_pb_toggle_close .custom-toggle-icon {\\\n      color: #0068c1; \/* royal blue color for closed state *\/\\\n    }\\\n  <\/style>').appendTo('head');\n  \n  \/\/ Handle click events - immediate response\n  $('.et_pb_toggle_title').on('click', function() {\n    var $toggle = $(this).parent();\n    var $icon = $(this).find('.custom-toggle-icon');\n    \n    \/\/ Toggle the rotation and color immediately based on current state\n    if ($toggle.hasClass('et_pb_toggle_close')) {\n      \/\/ It's currently closed, so it will open - rotate up and change color\n      $icon.css({\n        'transform': 'translateY(-50%) rotate(180deg)',\n        'color': '#002c77'\n      });\n    } else {\n      \/\/ It's currently open, so it will close - rotate down and change color\n      $icon.css({\n        'transform': 'translateY(-50%) rotate(0deg)',\n        'color': '#0068c1'\n      });\n    }\n  });\n});\n<\/script><\/div><\/div>\n<\/div>\n<\/div>\n\n<div class=\"et_pb_row_4 et_pb_row et_flex_row\">\n<div class=\"et_pb_column_5 et_pb_column et_flex_column et_pb_css_mix_blend_mode_passthrough et_flex_column_16_24 et_flex_column_24_24_tablet et_flex_column_24_24_phone\">\n<div class=\"et_pb_text_5 et_pb_text et_pb_bg_layout_light et_pb_module et_block_module std_page_linky preset--module--divi-text--a3c25dea-1d0c-4172-8b62-bcbc91059cfa\"><div class=\"et_pb_text_inner\"><h4>Ver en ingl\u00e9s<\/h4>\n<\/div><\/div>\n\n<div class=\"et_pb_video_0 et_pb_video et_pb_module et_block_module\"><div class=\"et_pb_video_box\"><iframe loading=\"lazy\" title=\"SmartSource-Inscripci\u00f3n-Video-Espa\u00f1ol\" src=\"https:\/\/player.vimeo.com\/video\/1018811748?dnt=1&amp;app_id=122963\" width=\"1080\" height=\"608\" frameborder=\"0\" allow=\"autoplay; fullscreen; picture-in-picture; clipboard-write; encrypted-media; web-share\" referrerpolicy=\"strict-origin-when-cross-origin\"><\/iframe><\/div><\/div>\n\n<div class=\"et_pb_text_6 et_pb_text et_pb_bg_layout_light et_pb_module et_block_module std_page_linky preset--module--divi-text--a3c25dea-1d0c-4172-8b62-bcbc91059cfa\"><div class=\"et_pb_text_inner\"><h4>Ver en Espa\u00f1ol<\/h4>\n<\/div><\/div>\n\n<div class=\"et_pb_video_1 et_pb_video et_pb_module et_block_module\"><div class=\"et_pb_video_box\"><iframe loading=\"lazy\" title=\"SmartSource-Inscripci\u00f3n-Video-Espa\u00f1ol\" src=\"https:\/\/player.vimeo.com\/video\/1018811955?dnt=1&amp;app_id=122963\" width=\"1080\" height=\"608\" frameborder=\"0\" allow=\"autoplay; fullscreen; picture-in-picture; clipboard-write; encrypted-media; web-share\" referrerpolicy=\"strict-origin-when-cross-origin\"><\/iframe><\/div><\/div>\n<\/div>\n\n<div class=\"et_pb_column_6 et_pb_column et-last-child et_flex_column et_pb_column_empty et_pb_css_mix_blend_mode_passthrough et_flex_column_8_24 et_flex_column_8_24_tablet et_flex_column_24_24_phone\"><\/div>\n<\/div>\n\n<div class=\"et_pb_row_5 et_pb_row et_pb_gutters2 et_block_row\">\n<div class=\"et_pb_column_7 et_pb_column et_pb_column_2_3 et_block_column et_pb_css_mix_blend_mode_passthrough\">\n<div class=\"et_pb_text_7 et_pb_text et_pb_bg_layout_light et_pb_module et_block_module std_page_linky preset--module--divi-text--a3c25dea-1d0c-4172-8b62-bcbc91059cfa\"><div class=\"et_pb_text_inner\"><h3>Guarde su declaraci\u00f3n de confirmaci\u00f3n.<\/h3>\n<p>Despu\u00e9s de inscribirse, vea y guarde su declaraci\u00f3n de confirmaci\u00f3n en SmartSource:<\/p>\n<ol>\n<li>Iniciar sesi\u00f3n en <a href=\"https:\/\/www.hopkinssmartsource.com\/\" target=\"_blank\" rel=\"noopener\">SmartSource<\/a> <i class=\"fa-regular fa-arrow-up-right-from-square fa-more_styles\" aria-hidden=\"true\"><\/i> utilizando sus credenciales de trabajo.<\/li>\n<li>Seleccionar <strong>Ir<\/strong> para ingresar al <strong>Mercado de beneficios<\/strong>.<\/li>\n<li>Seleccionar <strong>Beneficios actuales<\/strong> bajo el <strong>Beneficios<\/strong> men\u00fa desplegable a la izquierda.<\/li>\n<li>Elija entre descargar, enviar por correo electr\u00f3nico o imprimir y guarde el estado de cuenta para sus registros.<\/li>\n<\/ol>\n<h2>Cu\u00e1ndo comienzan sus beneficios<\/h2>\n<p>Aqu\u00ed es cuando los beneficios entran en vigor a partir de la fecha en que fue contratado o pas\u00f3 a ser elegible.<\/p>\n<h4>Primero del mes siguiente<\/h4>\n<p class=\"para_b4_list\">Si se inscribe en estos beneficios como nuevo empleado o empleado reci\u00e9n elegible, la cobertura comienza el primer d\u00eda del mes siguiente a la fecha en que fue contratado o se volvi\u00f3 elegible.<\/p>\n<div class=\"two_col_list\">\n<ul>\n<li>Seguro m\u00e9dico, dental y oftalmol\u00f3gico (excepto Johns Hopkins All Children\u2019s Hospital)<\/li>\n<li>Cuentas de gastos flexibles<\/li>\n<li>Seguro de vida b\u00e1sico y complementario<\/li>\n<li>Seguro de vida para dependientes<\/li>\n<li>Seguro de vida completo<\/li>\n<li>Seguro de accidentes, enfermedades graves e indemnizaci\u00f3n hospitalaria.<\/li>\n<li>Protecci\u00f3n contra el robo de identidad y el fraude<\/li>\n<li>Servicios legales prepagados<\/li>\n<li>Incapacidad a largo plazo<\/li>\n<\/ul>\n<\/div>\n<h2>Preguntas frecuentes<\/h2>\n<\/div><\/div>\n\n<div class=\"et_pb_toggle_0 et_pb_toggle et_pb_toggle_item et_pb_toggle_close et_pb_module et_block_module std_page_linky preset--module--divi-toggle--onkp2rtljj\"><h4 class=\"et_pb_toggle_title\">\u00bfC\u00f3mo puedo encontrar mi identificaci\u00f3n JHED?<\/h4><div class=\"et_pb_toggle_content clearfix\"><p class=\"para_b4_list\">Siga estos pasos para encontrar su identificaci\u00f3n JHED:<\/p>\n<ol>\n<li>Visita <a href=\"https:\/\/my.jh.edu\/\" target=\"_blank\" rel=\"noopener\">jh.edu<\/a> <i class=\"fa-regular fa-arrow-up-right-from-square fa-more_styles\"><\/i> desde cualquier computadora de Johns Hopkins.<\/li>\n<li>Ingrese su nombre en el cuadro de b\u00fasqueda del Directorio de Empresas de JH, en la parte superior derecha.<\/li>\n<li>Seleccione su nombre en los resultados de la b\u00fasqueda. Su identificaci\u00f3n JHED aparecer\u00e1 en la parte superior de la p\u00e1gina.<\/li>\n<\/ol>\n<p>Si no puede acceder a una computadora de Johns Hopkins o no encuentra su nombre en el directorio, llame al servicio de asistencia t\u00e9cnica de TI al 410-955-4357.<\/p>\n<\/div><\/div>\n\n<div class=\"et_pb_toggle_1 et_pb_toggle et_pb_toggle_item et_pb_toggle_close et_pb_module et_block_module std_page_linky preset--module--divi-toggle--onkp2rtljj\"><h4 class=\"et_pb_toggle_title\">\u00bfQu\u00e9 pasa si no me inscribo antes de la fecha l\u00edmite?<\/h4><div class=\"et_pb_toggle_content clearfix\"><p>Si no se inscribe dentro de los 30 d\u00edas posteriores a la fecha en que fue contratado o pas\u00f3 a ser elegible, no estar\u00e1 cubierto por los planes m\u00e9dicos, dentales y oftalmol\u00f3gicos de JHHS ni por las opciones adicionales de seguro de vida.<\/p>\n<p>Tu pr\u00f3xima oportunidad para inscribirte ser\u00e1 durante el pr\u00f3ximo periodo de inscripci\u00f3n abierta (normalmente en octubre), a menos que tengas un <a href=\"\/es\/making-benefits-changes\/\">evento de vida calificativo<\/a>.<\/p>\n<\/div><\/div>\n<\/div>\n\n<div class=\"et_pb_column_8 et_pb_column et_pb_column_1_3 et-last-child et_block_column et_pb_css_mix_blend_mode_passthrough\">\n<div class=\"et_pb_code_1 et_pb_code et_pb_module\"><div class=\"et_pb_code_inner\"><script>\njQuery(document).ready(function($) {\n  \/\/ Hide Divi's default toggle icon\n  $('<style>.et_pb_toggle_title:before { display: none !important; }<\/style>').appendTo('head');\n  \n  \/\/ Add our own custom icon to each toggle using Elegant Icons\n  $('.et_pb_toggle_title').each(function() {\n    var isOpen = $(this).parent().hasClass('et_pb_toggle_open');\n    var initialRotation = isOpen ? 'transform: translateY(-50%) rotate(180deg);' : 'transform: translateY(-50%);';\n    var initialColor = isOpen ? 'color: #002c77;' : 'color: #0068c1;'; \/\/ Set colors for both states\n    $(this).append('<span class=\"custom-toggle-icon\" style=\"' + initialRotation + initialColor + '\"><\/span>');\n  });\n  \n  \/\/ Add styling for our custom icon\n  $('<style>\\\n    .custom-toggle-icon {\\\n      position: absolute;\\\n      right: 0;\\\n      top: 50%;\\\n      font-family: \"ETmodules\";\\\n      font-size: 33px; \/* the size in the preset *\/\\\n      transition: transform 0.3s ease, color 0.3s ease;\\\n    }\\\n    .custom-toggle-icon:before {\\\n      content: \"\\\\33\";\\\n    }\\\n    .et_pb_toggle_open .custom-toggle-icon {\\\n      transform: translateY(-50%) rotate(180deg);\\\n      color: #002c77; \/* Blue color for open state *\/\\\n    }\\\n    .et_pb_toggle_close .custom-toggle-icon {\\\n      color: #0068c1; \/* royal blue color for closed state *\/\\\n    }\\\n  <\/style>').appendTo('head');\n  \n  \/\/ Handle click events - immediate response\n  $('.et_pb_toggle_title').on('click', function() {\n    var $toggle = $(this).parent();\n    var $icon = $(this).find('.custom-toggle-icon');\n    \n    \/\/ Toggle the rotation and color immediately based on current state\n    if ($toggle.hasClass('et_pb_toggle_close')) {\n      \/\/ It's currently closed, so it will open - rotate up and change color\n      $icon.css({\n        'transform': 'translateY(-50%) rotate(180deg)',\n        'color': '#002c77'\n      });\n    } else {\n      \/\/ It's currently open, so it will close - rotate down and change color\n      $icon.css({\n        'transform': 'translateY(-50%) rotate(0deg)',\n        'color': '#0068c1'\n      });\n    }\n  });\n});\n<\/script><\/div><\/div>\n<\/div>\n<\/div>\n<\/div>","protected":false},"excerpt":{"rendered":"","protected":false},"author":3,"featured_media":0,"parent":22990295,"menu_order":0,"comment_status":"closed","ping_status":"closed","template":"","meta":{"_acf_changed":false,"_et_pb_use_builder":"on","_et_pb_old_content":"","_et_gb_content_width":"","footnotes":""},"dipi_cpt_category":[],"class_list":["post-22988866","page","type-page","status-publish","hentry"],"acf":[],"_links":{"self":[{"href":"https:\/\/mybenefitsjhhs.com\/es\/wp-json\/wp\/v2\/pages\/22988866","targetHints":{"allow":["GET"]}}],"collection":[{"href":"https:\/\/mybenefitsjhhs.com\/es\/wp-json\/wp\/v2\/pages"}],"about":[{"href":"https:\/\/mybenefitsjhhs.com\/es\/wp-json\/wp\/v2\/types\/page"}],"author":[{"embeddable":true,"href":"https:\/\/mybenefitsjhhs.com\/es\/wp-json\/wp\/v2\/users\/3"}],"replies":[{"embeddable":true,"href":"https:\/\/mybenefitsjhhs.com\/es\/wp-json\/wp\/v2\/comments?post=22988866"}],"version-history":[{"count":0,"href":"https:\/\/mybenefitsjhhs.com\/es\/wp-json\/wp\/v2\/pages\/22988866\/revisions"}],"up":[{"embeddable":true,"href":"https:\/\/mybenefitsjhhs.com\/es\/wp-json\/wp\/v2\/pages\/22990295"}],"wp:attachment":[{"href":"https:\/\/mybenefitsjhhs.com\/es\/wp-json\/wp\/v2\/media?parent=22988866"}],"wp:term":[{"taxonomy":"dipi_cpt_category","embeddable":true,"href":"https:\/\/mybenefitsjhhs.com\/es\/wp-json\/wp\/v2\/dipi_cpt_category?post=22988866"}],"curies":[{"name":"wp","href":"https:\/\/api.w.org\/{rel}","templated":true}]}}