{"id":22989203,"date":"2025-11-11T02:42:29","date_gmt":"2025-11-11T02:42:29","guid":{"rendered":"https:\/\/hopkinsredustg.wpenginepowered.com\/?page_id=22989203"},"modified":"2026-02-26T16:27:16","modified_gmt":"2026-02-26T21:27:16","slug":"prescription-drug","status":"publish","type":"page","link":"https:\/\/mybenefitsjhhs.com\/es\/salud\/prescription-drug\/","title":{"rendered":"Medicamento recetado"},"content":{"rendered":"<div class=\"et_pb_section_0 et_pb_section et_section_regular et_block_section\">\n<div class=\"et_pb_row_0 et_pb_row et_pb_gutters3 et_block_row\">\n<div class=\"et_pb_column_0 et_pb_column et_pb_column_4_4 et-last-child et_block_column et_pb_css_mix_blend_mode_passthrough\">\n\n\n\n<\/div>\n<\/div>\n\n<div class=\"et_pb_row_1 et_pb_row et_pb_gutters3 et_block_row\"><span class=\"et_pb_background_pattern\"><\/span><span class=\"et_pb_background_mask\"><\/span>\n<div class=\"et_pb_column_1 et_pb_column et_pb_column_4_4 et-last-child et_block_column et_pb_css_mix_blend_mode_passthrough\">\n<div class=\"et_pb_heading_0 et_pb_heading et_pb_module et_block_module preset--module--divi-heading--sf1uzc7mz9\"><div class=\"et_pb_heading_container\"><h1 class=\"et_pb_module_header\">Medicamento recetado<\/h1><\/div><\/div>\n\n<div class=\"et_pb_text_0 et_pb_text et_pb_bg_layout_light et_pb_module et_block_module preset--module--divi-text--2a5jjnk0f9\"><div class=\"et_pb_text_inner\"><p>Todos los planes m\u00e9dicos de Johns Hopkins incluyen cobertura para medicamentos recetados.<\/p>\n<\/div><\/div>\n<\/div>\n<\/div>\n<\/div>\n\n<div class=\"et_pb_section_1 et_pb_section et_section_regular et_block_section\">\n<div class=\"et_pb_row_2 et_pb_row et_pb_gutters3 et_block_row\">\n<div class=\"et_pb_column_2 et_pb_column et_pb_column_4_4 et-last-child et_block_column et_pb_css_mix_blend_mode_passthrough\">\n<div class=\"et_pb_text_1 et_pb_text et_pb_bg_layout_light et_pb_module et_block_module page_intro opener_list preset--module--divi-text--j713l7wg7d\"><div class=\"et_pb_text_inner\"><p class=\"para_b4_list\"><img decoding=\"async\" src=\"https:\/\/mybenefitsjhhs.com\/wp-content\/uploads\/2025\/09\/prescription-featured.png\" width=\"60\" alt=\"\" class=\"wp-image-22988363 alignright size-full\" \/>La cobertura de medicamentos recetados se incluye autom\u00e1ticamente al inscribirse en un plan m\u00e9dico de Johns Hopkins. No es necesario inscribirse por separado en la cobertura de medicamentos recetados.<\/p>\n<\/div><\/div>\n<\/div>\n<\/div>\n\n<div class=\"et_pb_row_3 et_pb_row et_pb_gutters2 et_block_row\">\n<div class=\"et_pb_column_3 et_pb_column et_pb_column_2_3 et_block_column et_pb_css_mix_blend_mode_passthrough\">\n<div class=\"et_pb_text_2 et_pb_text et_pb_bg_layout_light et_pb_module et_block_module std_page_linky preset--module--divi-text--a3c25dea-1d0c-4172-8b62-bcbc91059cfa\"><div class=\"et_pb_text_inner\"><p>Todos los planes m\u00e9dicos Johns Hopkins Employer Health Programs (EHP) administran la cobertura de medicamentos recetados a trav\u00e9s de CVS Caremark.<\/p>\n<p>Si eres un <strong>Empleado de Suburban Hospital<\/strong> Si est\u00e1 inscrito en el plan HMO de Kaiser, su cobertura de medicamentos recetados es administrada por Kaiser.<\/p>\n<h2>Comprender su cobertura de medicamentos recetados<\/h2>\n<h3>Niveles de medicamentos<\/h3>\n<ul>\n<li><strong>Gen\u00e9rico<\/strong>: Alternativa asequible y eficaz a un medicamento de marca, normalmente la opci\u00f3n m\u00e1s econ\u00f3mica.<\/li>\n<li><strong>Medicamentos de marca preferidos<\/strong>: Por lo general, cuestan m\u00e1s que los gen\u00e9ricos, pero menos que otros medicamentos de marca debido a su estatus preferencial por su valor cl\u00ednico y su rentabilidad.<\/li>\n<li><strong>Medicamentos no preferidos y de marca<\/strong>: Cuestan m\u00e1s que un medicamento de marca preferida debido a su condici\u00f3n de no preferidos.<\/li>\n<li><strong>Especialidad<\/strong>: Medicamentos costosos utilizados para tratar afecciones m\u00e9dicas complejas, cr\u00f3nicas o poco comunes. Por lo general, solo pueden dispensarse en farmacias especializadas.<\/li>\n<\/ul>\n<h3>Venta al por menor frente a venta por correo<\/h3>\n<p>Por lo general, las farmacias minoristas se utilizan para surtir recetas de 30 d\u00edas. Sin embargo, es posible que pueda solicitar un suministro de 90 d\u00edas de medicamentos de mantenimiento en una farmacia minorista o por correo.<\/p>\n<p>La ventaja de utilizar el servicio de venta por correo para recetas de 90 d\u00edas es la comodidad: su receta se entrega en su domicilio con una opci\u00f3n de reposici\u00f3n autom\u00e1tica.<\/p>\n<h3>Lo que usted paga por los medicamentos recetados<\/h3>\n<p>Los costos que se indican en las tablas siguientes se aplican despu\u00e9s del deducible, a menos que se indique lo contrario. El importe que usted paga depende del nivel del medicamento y de la cantidad que se surta.<\/p>\n<p>Todos nuestros planes m\u00e9dicos ofrecen <a href=\"#no_cost\">programas gratuitos<\/a> para medicamentos especializados, para el asma y la diabetes.<\/p>\n<\/div><\/div>\n<\/div>\n\n<div class=\"et_pb_column_4 et_pb_column et_pb_column_1_3 et-last-child et_block_column et_pb_css_mix_blend_mode_passthrough\">\n<div class=\"et_pb_blurb_0 et_pb_blurb et_pb_bg_layout_light et_pb_text_align_left et_pb_blurb_position_left et_pb_module et_block_module preset--module--divi-blurb--6eoue1j8cb\"><div class=\"et_pb_blurb_content\"><div class=\"et_pb_main_blurb_image\"><span class=\"et_pb_image_wrap\"><span class=\"et-pb-icon et-waypoint et_pb_animation_top et_pb_animation_top_tablet et_pb_animation_top_phone\">\ue026<\/span><\/span><\/div><div class=\"et_pb_blurb_container\"><h4 class=\"et_pb_module_header\">Contactos<\/h4><div class=\"et_pb_blurb_description\"><h5>CVS Caremark<\/h5>\n<p>888-543-4921<br \/><a href=\"https:\/\/caremark.com\/\" target=\"_blank\" rel=\"noopener\">caremark.com<\/a> <i class=\"fa-regular fa-arrow-up-right-from-square fa-more_styles\" aria-hidden=\"true\"><\/i><\/p>\n<h5>Kaiser HMO<br \/>(Solo Suburban Hospital)<\/h5>\n<p>301-468-6000<br \/><a href=\"https:\/\/healthy.kaiserpermanente.org\/maryland-virginia-washington-dc\/front-door\" target=\"_blank\" rel=\"noopener\">healthy.kaiserpermanente.org<\/a> <i class=\"fa-regular fa-arrow-up-right-from-square fa-more_styles\" aria-hidden=\"true\"><\/i><\/p>\n<\/div><\/div><\/div><\/div>\n\n<div class=\"et_pb_blurb_1 et_pb_blurb et_pb_bg_layout_light et_pb_text_align_left et_pb_blurb_position_left et_pb_module et_block_module preset--module--divi-blurb--o2izxxd5ol\"><div class=\"et_pb_blurb_content\"><div class=\"et_pb_main_blurb_image\"><span class=\"et_pb_image_wrap\"><span class=\"et-pb-icon et-waypoint et_pb_animation_top et_pb_animation_top_tablet et_pb_animation_top_phone\">h<\/span><\/span><\/div><div class=\"et_pb_blurb_container\"><h4 class=\"et_pb_module_header\">Resources<\/h4><div class=\"et_pb_blurb_description\"><p><a href=\"\/es\/documents-and-forms\/\">Documentos del plan<\/a><i class=\"fa-light fa-memo-circle-info sidebar_icon\"><\/i><\/p>\n<\/div><\/div><\/div><\/div>\n<\/div>\n<\/div>\n\n<div class=\"et_pb_row_4 et_pb_row et_pb_gutters3 et_block_row\">\n<div class=\"et_pb_column_5 et_pb_column et_pb_column_4_4 et-last-child et_block_column et_pb_css_mix_blend_mode_passthrough\">\n<div class=\"et_pb_text_3 et_pb_text et_pb_bg_layout_light et_pb_module et_block_module std_page_linky preset--module--divi-text--a3c25dea-1d0c-4172-8b62-bcbc91059cfa\"><div class=\"et_pb_text_inner\"><h4>Costo de un suministro para 30 d\u00edas<\/h4>\n<\/div><\/div>\n\n<div class=\"et_pb_code_0 et_pb_code et_pb_module\"><div class=\"et_pb_code_inner\"><style>\n  \/* page-specific tables CSS *\/\n  \/*** Responsive Styles Smartphone ***\/\n@media all and (max-width: 767px) {\n  table.adjusted_width {width: 575px !important;}\n}\n  table.benefits-table {border: 1px solid #dbdbdb !important;}\n th.blue-header {border-right: 1px solid #fff !important;}\n th.blue-header:last-child {border-right: none !important;}\n th.blue-header:first-child {text-align: left !important;}\n\n .blue-header_BB {border-bottom: 1px solid #fff !important;}\n  table.benefits-table td:first-child {font-weight: 700; font-size: 97% !important; text-align: left: !important; line-height: 1.2em !important;}\n  table.benefits-table td:last-child {border-right: none !important;}\n \n  table.benefits-table td {text-align: center;}\n  .table_label_descriptive {font-weight: 400 !important; font-size: 13.5px;}\n<\/style>\n<table class=\"benefits-table adjusted_width\">\n  <thead>\n    <tr>\n      <th class=\"blankhead\" width=\"20%\"><\/th>\n      <th class=\"blue-header\" width=\"20%\">EPO de Johns Hopkins<\/th>\n      <th class=\"blue-header\" width=\"20%\">Johns Hopkins PPO<\/th>\n      <th class=\"blue-header\" width=\"20%\">Johns Hopkins DPC (solo en Maryland)<\/th>\n       <th class=\"blue-header\" width=\"20%\">Kaiser HMO<br>(Solo en zonas suburbanas)<\/th>\n     \n    <\/tr>\n  <\/thead>\n  <tbody>\n    <tr>\n      <td>Gen\u00e9rico<\/td>\n      <td>$10 copago<\/td>\n      <td>$10 copago<\/td>\n      <td>$10 copago<\/td>\n      <td>$10 copago<\/td>\n  <\/tr>\n    <tr>\n      <td>Preferido<\/td>\n      <td>Usted paga 25%; m\u00ednimo $40, m\u00e1ximo $60.<\/td>\n      <td>Copago de $40<\/td>\n      <td>Copago de $40<\/td>\n      <td>Copago de $30<\/td>\n    <\/tr> \n    <tr>\n      <td>Marca<sup>1<\/sup> &amp; No preferido<\/td>\n      <td>Usted paga 50%; m\u00ednimo $65, m\u00e1ximo $105.<\/td>\n      <td>Copago $65<\/td>\n      <td>Copago $65<\/td>\n      <td>Copago de $50<\/td>\n    <\/tr>\n    <tr>\n      <td>Especialidad<\/td>\n      <td>Usted paga 30%, o $0 si est\u00e1 inscrito en PrudentRx.<\/td>\n      <td>Usted paga 30%, o $0 si est\u00e1 inscrito en PrudentRx.<\/td>\n      <td>Usted paga 30%, o $0 si est\u00e1 inscrito en PrudentRx.<\/td>\n      <td>Copago aplicable para gen\u00e9ricos, preferidos, de marca y no preferidos.<\/td>\n    <\/tr>     \n  <\/tbody>\n<\/table><\/div><\/div>\n\n<div class=\"et_pb_text_4 et_pb_text et_pb_bg_layout_light et_pb_module et_block_module std_page_linky preset--module--divi-text--a3c25dea-1d0c-4172-8b62-bcbc91059cfa\"><div class=\"et_pb_text_inner\"><h4>Costo de un suministro para 90 d\u00edas<\/h4>\n<\/div><\/div>\n\n<div class=\"et_pb_code_1 et_pb_code et_pb_module\"><div class=\"et_pb_code_inner\"><table class=\"benefits-table adjusted_width\">\n  <thead>\n    <tr>\n      <th class=\"blankhead\" width=\"20%\"><\/th>\n      <th class=\"blue-header\" width=\"20%\">EPO de Johns Hopkins<\/th>\n      <th class=\"blue-header\" width=\"20%\">Johns Hopkins PPO<\/th>\n      <th class=\"blue-header\" width=\"20%\">Johns Hopkins DPC (solo en Maryland)<\/th>\n       <th class=\"blue-header\" width=\"20%\">Kaiser HMO<br>(Solo en zonas suburbanas)<\/th>\n     \n    <\/tr>\n  <\/thead>\n  <tbody>\n    <tr>\n      <td>Gen\u00e9rico<\/td>\n      <td>Copago de $30<\/td>\n      <td>Venta al por menor: copago de $30<br>Pedido por correo: copago de $20<\/td>\n      <td>Venta al por menor: copago de $30<br>Pedido por correo: copago de $20<\/td>\n      <td>Copago $20<\/td>\n  <\/tr>\n    <tr>\n      <td>Preferido<\/td>\n      <td>Usted paga 25%; m\u00ednimo $120, m\u00e1ximo $180.<\/td>\n      <td>Venta al por menor: copago de $120<br>Pedido por correo: copago de $80<\/td>\n      <td>Venta al por menor: copago de $120<br>Pedido por correo: copago de $80<\/td>\n      <td>Copago de $60<\/td>\n    <\/tr> \n    <tr>\n      <td>Marca<sup>1<\/sup> &amp; No preferido<\/td>\n      <td>Usted paga 50%; m\u00ednimo $195, m\u00e1ximo $315.<\/td>\n      <td>Venta al por menor: copago de $195<br>Pedido por correo: copago de $130<\/td>\n      <td>Venta al por menor: copago de $195<br>Pedido por correo: copago de $130<\/td>\n      <td>$100 copago<\/td>\n    <\/tr>\n    <tr>\n      <td>Especialidad<\/td>\n      <td>No cubierto<\/td>\n      <td>No cubierto<\/td>\n      <td>No cubierto<\/td>\n      <td>Copago aplicable para gen\u00e9ricos, preferidos, de marca y no preferidos.<\/td>\n    <\/tr>     \n  <\/tbody>\n<\/table><\/div><\/div>\n\n<div class=\"et_pb_text_5 et_pb_text et_pb_bg_layout_light et_pb_module et_block_module preset--module--divi-text--3afa0636-c2ee-4872-a4a6-32709daf3b6f\"><div class=\"et_pb_text_inner\"><p>1\u2002Si elige un medicamento de marca cuando existe una alternativa gen\u00e9rica, tambi\u00e9n pagar\u00e1 la diferencia de costo entre ambos.<\/p>\n<\/div><\/div>\n<\/div>\n<\/div>\n\n<div class=\"et_pb_row_5 et_pb_row et_pb_gutters3 et_block_row\">\n<div class=\"et_pb_column_6 et_pb_column et_pb_column_2_3 et_flex_column et_pb_css_mix_blend_mode_passthrough\">\n<div class=\"et_pb_text_6 et_pb_text et_pb_bg_layout_light et_pb_module et_block_module std_page_linky alert_header preset--module--divi-text--a3c25dea-1d0c-4172-8b62-bcbc91059cfa\"><div class=\"et_pb_text_inner\"><h2 id=\"no_cost\">Programas sin costo para medicamentos especializados, para el asma y la diabetes.<\/h2>\n<h3>Sin copago para medicamentos para el asma y la diabetes.<\/h3>\n<p>El beneficio de copago sin pago eximir\u00e1 del copago a la mayor\u00eda de los casos. <a href=\"\/es\/documents\/no-pay-copay-medications-list\/\" target=\"_blank\" rel=\"noopener\">medicamentos para el asma y la diabetes<\/a> <i class=\"fa-light fa-file-pdf sidebar_icon\" aria-hidden=\"true\"><\/i> si est\u00e1 inscrito en el programa de Administraci\u00f3n de Cuidados de EHP.<\/p>\n<p class=\"para_b4_list\">En cada programa, trabajar\u00e1s de manera individualizada para:<\/p>\n<ul>\n<li>Eval\u00faa tu bienestar y tus necesidades personales.<\/li>\n<li>Coordina tu atenci\u00f3n m\u00e9dica<\/li>\n<li>Mejora el autocontrol de tu afecci\u00f3n.<\/li>\n<\/ul>\n<p>Para obtener m\u00e1s informaci\u00f3n e inscribirse, comun\u00edquese con EHP al 800-557-6916 o <a href=\"mailto:caremanagement@jhhp.org\">caremanagement@jhhp.org<\/a> <i class=\"fa-light fa-envelope sidebar_icon\" aria-hidden=\"true\"><\/i>.<\/p>\n<h3>Programa de medicamentos especializados PrudentRx<\/h3>\n<p>Puede obtener ciertos medicamentos especializados sin costo alguno a trav\u00e9s del programa PrudentRx. Las recetas deben surtirse en una farmacia especializada CVS o en Publix.<\/p>\n<p>Consulte la lista actualizada de medicamentos elegibles en el programa PrudentRx en el <a href=\"https:\/\/www.ehp.org\/find-a-provider\/find-a-pharmacy\/prudentrx-program\/\" target=\"_blank\" rel=\"noopener\">Sitio web de EHP<\/a> <i class=\"fa-regular fa-arrow-up-right-from-square fa-more_styles\" aria-hidden=\"true\"><\/i>. Esta lista se actualiza mensualmente, as\u00ed que rev\u00edsela con regularidad para ver si hay cambios.<\/p>\n<p>Se le inscribir\u00e1 autom\u00e1ticamente en el programa PrudentRx si toma alg\u00fan medicamento elegible. Si decide darse de baja del programa, pagar\u00e1 un coseguro de 30% (despu\u00e9s del deducible) por su medicamento. <a href=\"\/es\/documents\/prudentrx-specialty-medication-program-faqs\/\" target=\"_blank\" rel=\"noopener\">Ver las preguntas frecuentes<\/a> <i class=\"fa-light fa-file-pdf sidebar_icon\" aria-hidden=\"true\"><\/i> Para obtener m\u00e1s informaci\u00f3n.<\/p>\n<p><strong>Nota<\/strong>: Si ha aportado una determinada cantidad a su cuenta de gastos flexibles para atenci\u00f3n m\u00e9dica (FSA) en funci\u00f3n de la elegibilidad de su medicamento especializado, y el medicamento se a\u00f1ade o se elimina de la lista, se le permitir\u00e1 realizar cambios en su elecci\u00f3n de FSA para atenci\u00f3n m\u00e9dica.<\/p>\n<\/div><\/div>\n<\/div>\n\n<div class=\"et_pb_column_7 et_pb_column et_pb_column_1_3 et-last-child et_flex_column et_pb_column_empty et_pb_css_mix_blend_mode_passthrough\"><\/div>\n<\/div>\n<\/div>","protected":false},"excerpt":{"rendered":"","protected":false},"author":3,"featured_media":0,"parent":22990523,"menu_order":0,"comment_status":"closed","ping_status":"closed","template":"","meta":{"_acf_changed":false,"_et_pb_use_builder":"on","_et_pb_old_content":"","_et_gb_content_width":"","footnotes":""},"dipi_cpt_category":[],"class_list":["post-22989203","page","type-page","status-publish","hentry"],"acf":[],"_links":{"self":[{"href":"https:\/\/mybenefitsjhhs.com\/es\/wp-json\/wp\/v2\/pages\/22989203","targetHints":{"allow":["GET"]}}],"collection":[{"href":"https:\/\/mybenefitsjhhs.com\/es\/wp-json\/wp\/v2\/pages"}],"about":[{"href":"https:\/\/mybenefitsjhhs.com\/es\/wp-json\/wp\/v2\/types\/page"}],"author":[{"embeddable":true,"href":"https:\/\/mybenefitsjhhs.com\/es\/wp-json\/wp\/v2\/users\/3"}],"replies":[{"embeddable":true,"href":"https:\/\/mybenefitsjhhs.com\/es\/wp-json\/wp\/v2\/comments?post=22989203"}],"version-history":[{"count":0,"href":"https:\/\/mybenefitsjhhs.com\/es\/wp-json\/wp\/v2\/pages\/22989203\/revisions"}],"up":[{"embeddable":true,"href":"https:\/\/mybenefitsjhhs.com\/es\/wp-json\/wp\/v2\/pages\/22990523"}],"wp:attachment":[{"href":"https:\/\/mybenefitsjhhs.com\/es\/wp-json\/wp\/v2\/media?parent=22989203"}],"wp:term":[{"taxonomy":"dipi_cpt_category","embeddable":true,"href":"https:\/\/mybenefitsjhhs.com\/es\/wp-json\/wp\/v2\/dipi_cpt_category?post=22989203"}],"curies":[{"name":"wp","href":"https:\/\/api.w.org\/{rel}","templated":true}]}}