{"id":22989391,"date":"2025-11-17T22:44:30","date_gmt":"2025-11-17T22:44:30","guid":{"rendered":"https:\/\/hopkinsredustg.wpenginepowered.com\/?page_id=22989391"},"modified":"2026-03-17T17:35:19","modified_gmt":"2026-03-17T21:35:19","slug":"leaves","status":"publish","type":"page","link":"https:\/\/mybenefitsjhhs.com\/es\/time-away\/leaves\/","title":{"rendered":"Hojas"},"content":{"rendered":"<div class=\"et_pb_section_0 et_pb_section et_section_regular et_block_section\">\n<div class=\"et_pb_row_0 et_pb_row et_pb_gutters3 et_block_row\">\n<div class=\"et_pb_column_0 et_pb_column et_pb_column_4_4 et-last-child et_block_column et_pb_css_mix_blend_mode_passthrough\">\n\n\n\n\n\n\n\n\n\n\n\n\n\n\n\n\n\n\n\n\n\n\n\n\n\n\n\n\n\n\n\n\n\n\n\n\n\n\n\n\n\n\n\n\n\n\n\n\n\n\n\n\n\n\n\n\n\n\n\n\n\n<\/div>\n<\/div>\n\n<div class=\"et_pb_row_1 et_pb_row et_pb_gutters3 et_block_row preset--module--divi-row--s24t1ryhj0\"><span class=\"et_pb_background_pattern\"><\/span>\n<div class=\"et_pb_column_1 et_pb_column et-last-child et_flex_column et_pb_css_mix_blend_mode_passthrough et_flex_column_24_24\">\n<div class=\"et_pb_text_0 et_pb_text et_pb_bg_layout_light et_pb_module et_block_module preset--module--divi-text--x1sbk0ycg4\"><div class=\"et_pb_text_inner\"><h1>Hojas<\/h1>\n<p>Cuando necesitas tiempo lejos del trabajo para rendir al m\u00e1ximo tanto en el trabajo como en casa.<\/p>\n<\/div><\/div>\n<\/div>\n<\/div>\n<\/div>\n\n<div class=\"et_pb_section_1 et_pb_section et_section_regular et_block_section\">\n<div class=\"et_pb_row_2 et_pb_row et_pb_gutters3 et_block_row\">\n<div class=\"et_pb_column_2 et_pb_column et_pb_column_4_4 et-last-child et_block_column et_pb_css_mix_blend_mode_passthrough\">\n<div class=\"et_pb_text_1 et_pb_text et_pb_bg_layout_light et_pb_module et_block_module page_intro opener_list preset--module--divi-text--j713l7wg7d\"><div class=\"et_pb_text_inner\"><p><img decoding=\"async\" src=\"https:\/\/mybenefitsjhhs.com\/wp-content\/uploads\/2025\/09\/leaves-featured.png\" width=\"100\"\" height=\"84\" alt=\"\" class=\"wp-image-22988550 alignright size-full\" \/>Johns Hopkins Health System (JHHS) ofrece m\u00faltiples programas de licencia para adaptarse a ausencias prolongadas del trabajo. <\/p>\n<p>La elegibilidad var\u00eda seg\u00fan el n\u00famero de horas que tengas programadas para trabajar regularmente y el motivo de tu baja.<\/p>\n<\/div><\/div>\n<\/div>\n<\/div>\n\n<div class=\"et_pb_row_3 et_pb_row et_pb_gutters2 et_block_row\">\n<div class=\"et_pb_column_3 et_pb_column et_pb_column_2_3 et_block_column et_pb_css_mix_blend_mode_passthrough\">\n<div class=\"et_pb_text_2 et_pb_text et_pb_bg_layout_light et_pb_module et_block_module std_page_linky preset--module--divi-text--a3c25dea-1d0c-4172-8b62-bcbc91059cfa\"><div class=\"et_pb_text_inner\"><h2>Tipos de permisos<\/h2>\n<h3>Licencia familiar y m\u00e9dica<\/h3>\n<p>La Ley de Licencia Familiar y M\u00e9dica (FMLA, por sus siglas en ingl\u00e9s) permite hasta 12 semanas laborales de licencia con protecci\u00f3n del empleo si ha trabajado al menos 1,250 horas durante un periodo de 12 meses. Puede utilizar la FMLA de forma continua o intermitente.<\/p>\n<p>Si trabajas en una sede de Washington, D.C., es posible que tambi\u00e9n tengas derecho a una licencia en virtud de la FMLA de D.C.<\/p>\n<p class=\"para_b4_list\">Las razones que califican para la FMLA incluyen:<\/p>\n<ul>\n<li>Nacimiento, adopci\u00f3n, acogida y cuidado de un nuevo hijo<\/li>\n<li>Cuidar a un hijo, c\u00f3nyuge o padre que padece una enfermedad grave<\/li>\n<li>Una afecci\u00f3n m\u00e9dica grave que le impide realizar su trabajo.<\/li>\n<li>Exigencia militar o para cuidar a un miembro del servicio cubierto.<\/li>\n<\/ul>\n<h3>Licencia<\/h3>\n<p>Una licencia (LOA) es por un per\u00edodo superior a 14 d\u00edas naturales pero inferior a seis meses, excepto en el caso de determinadas licencias m\u00e9dicas que se prolongan m\u00e1s all\u00e1 de los seis meses. Su puesto de trabajo no est\u00e1 garantizado a su regreso al trabajo.<\/p>\n<p class=\"para_b4_list\">Tienes derecho a una LOA si:<\/p>\n<ul>\n<li>No re\u00fane los requisitos para acogerse a la FMLA, o<\/li>\n<li>Has agotado todos los d\u00edas disponibles de la FMLA.<\/li>\n<\/ul>\n<p class=\"para_b4_list\">Existen varios tipos de LOA:<\/p>\n<ul>\n<li><strong>Salud LOA<\/strong>, si tienes una afecci\u00f3n m\u00e9dica grave.<\/li>\n<li><strong>Cuidado de personas dependientes<\/strong>, para cuidar a un hijo, c\u00f3nyuge o padre que padezca una enfermedad grave, incluyendo hasta cuatro semanas de permiso para establecer v\u00ednculos afectivos tras el nacimiento o la adopci\u00f3n de un hijo (si no tiene derecho al permiso para establecer v\u00ednculos afectivos en virtud de la FMLA).<\/li>\n<li><strong>Personal<\/strong> <strong>LOA<\/strong>, para atender necesidades personales no relacionadas con la salud o emergencias si ha agotado todas sus vacaciones pagadas.<\/li>\n<\/ul>\n<h3>Duelo<\/h3>\n<p class=\"para_b4_list\">Puede utilizar hasta 3 d\u00edas (24 horas) de licencia remunerada por duelo para llorar la p\u00e9rdida y asistir al funeral tras el fallecimiento de un familiar directo, incluyendo:<\/p>\n<ul>\n<li>C\u00f3nyuge<\/li>\n<li>Hijos (incluidos los abortos espont\u00e1neos), hijastros y nietos.<\/li>\n<li>Hermano y hermanastro<\/li>\n<li>Padre, suegro, padrastro y padre adoptivo.<\/li>\n<li>Abuelo<\/li>\n<li>Tutor legal<\/li>\n<\/ul>\n<h3>Educaci\u00f3n<\/h3>\n<p>La licencia por motivos educativos permite ausentarse del trabajo sin goce de sueldo para completar un programa de estudios en una instituci\u00f3n aprobada y acreditada.<\/p>\n<p class=\"para_b4_list\">Para solicitar un permiso por motivos educativos, debe:<\/p>\n<ul>\n<li>Asistir a la escuela a tiempo completo.<\/li>\n<li>Obtenga la aprobaci\u00f3n del departamento.<\/li>\n<li>Agotar todas las vacaciones pagadas.<\/li>\n<\/ul>\n<h3>Militar<\/h3>\n<p>La licencia militar permite hasta cinco a\u00f1os de licencia con protecci\u00f3n del empleo para servir en las Fuerzas Armadas de los Estados Unidos con un componente de la Reserva o la Guardia Nacional, o en el cuerpo comisionado de los Servicios de Salud P\u00fablica u otra categor\u00eda designada por el presidente de los Estados Unidos, en virtud de la legislaci\u00f3n aplicable.<\/p>\n<h3>Banco de enfermedades prolongadas<\/h3>\n<h5 class=\"alert_header\">Este beneficio solo est\u00e1 disponible para los empleados de Johns Hopkins All Children\u2019s Hospital.<\/h5>\n<p>El Banco de Enfermedad Prolongada (EIB) reemplaza sus ingresos si falta m\u00e1s de 40 horas al trabajo debido a una enfermedad o lesi\u00f3n personal.<\/p>\n<p>Tienes derecho a acumular EIB desde tu primer d\u00eda de trabajo si tu horario habitual es de m\u00e1s de 30 horas semanales. Puedes acumular hasta 120 horas de EIB.<\/p>\n<p>El EIB no se puede combinar con el permiso parental remunerado.<\/p>\n<h2>C\u00f3mo se le paga mientras est\u00e1 de baja<\/h2>\n<p>Salvo en caso de duelo, las bajas suelen ser sin sueldo. Es posible que puedas utilizar tus vacaciones pagadas (PTO), la incapacidad temporal (STD) o la baja parental remunerada (PPL) para cobrar durante la baja.<\/p>\n<p>Consulte en la tabla siguiente qu\u00e9 permisos se pueden combinar con PTO, STD o PPL.<\/p>\n<\/div><\/div>\n\n<div class=\"et_pb_code_0 et_pb_code et_pb_module\"><div class=\"et_pb_code_inner\"><style>\n\/*** Responsive Styles Smartphone Only -- horiz scrolling table ***\/\n@media all and (max-width: 767px) {\n  .adjusted_width {width: 650px !important;}\n}\n  .network_subhead {font-size: 14px !important; font-weight: 700 !important; text-align: center !important;}\ntable.benefits-table {\n    border-bottom: 1px solid var(--lightgray-border-color) !important;\n    border-left: 1px solid var(--lightgray-border-color) !important;\n  }\n  table.benefits-table td {text-align: center;}\n  table.benefits-table th:first-child {text-align: left;}\n  .header_divider {border-right: 1px solid #fff !important;}\n  .fa-check {color: #3dae2b; font-size: 17.5px !important;}\n  \/* css for table symbols *\/\n:root {\n  --fa-primary-color: #ffffff; \n  --fa-secondary-color: #c1c7cd;   \n  } \n.table-duo::before {\n  color: var(--fa-primary-color, inherit) !important;\n   opacity: var(--fa-primary-opacity, 1);\n }\n.table-duo::after {\n   color: var(--fa-secondary-color, inherit) !important;\nopacity: var(--fa-primary-opacity, 1);\n}\n.fa-circle-x {font-size: 16.5px;} \n<\/style>\n\n<table class=\"benefits-table adjusted_width\">\n  <thead>\n    <tr>\n      <th class=\"blue-header header_divider\" width=\"25%\">Tipo de licencia<\/th>\n     <th class=\"blue-header header_divider\" width=\"25%\">Tiempo libre remunerado (PTO)<\/th>\n      <th class=\"blue-header header_divider\" width=\"25%\">Incapacidad a corto plazo (STD) <\/th>\n      <th class=\"blue-header\" width=\"25%\">Licencia parental remunerada (PPL)<\/th>     \n    <\/tr>\n  <\/thead>\n  <tbody>\n    <tr>\n      <td>FMLA<\/td>\n      <td><i class=\"fa-solid fa-check\" aria-label=\"s\u00ed\"><\/i><\/td>\n      <td><i class=\"fa-solid fa-check\" aria-label=\"s\u00ed\"><\/i><\/td>\n<td><i class=\"fa-solid fa-check\" aria-label=\"s\u00ed\"><\/i><\/td>\n    <\/tr>\n    <tr>\n      <td>Salud LOA<\/td>\n      <td><i class=\"fa-solid fa-check\" aria-label=\"s\u00ed\"><\/i><\/td>\n      <td><i class=\"fa-solid fa-check\" aria-label=\"s\u00ed\"><\/i><\/td>\n<td><i class=\"fa-solid fa-check\" aria-label=\"s\u00ed\"><\/i><\/td> \n    <\/tr>\n    <tr>\n      <td>Licencia por cuidado de dependientes<\/td>\n      <td><i class=\"fa-solid fa-check\" aria-label=\"s\u00ed\"><\/i><\/td>\n      <td><i class=\"table-duo fa-duotone fa-solid fa-circle-x\" aria-label=\"no\"><\/i><\/td>\n<td><i class=\"fa-solid fa-check\" aria-label=\"s\u00ed\"><\/i><\/td> \n    <\/tr>\n   <tr>\n      <td>Permiso de ausencia personal<\/td>\n      <td><i class=\"table-duo fa-duotone fa-solid fa-circle-x\" aria-label=\"no\"><\/i><\/td>\n      <td><i class=\"table-duo fa-duotone fa-solid fa-circle-x\" aria-label=\"no\"><\/i><\/td>\n<td><i class=\"table-duo fa-duotone fa-solid fa-circle-x\" aria-label=\"no\"><\/i><\/td>\n    <\/tr>\n   <tr>\n      <td>Educaci\u00f3n<\/td>\n      <td><i class=\"table-duo fa-duotone fa-solid fa-circle-x\" aria-label=\"no\"><\/i><\/td>\n      <td><i class=\"table-duo fa-duotone fa-solid fa-circle-x\" aria-label=\"no\"><\/i><\/td>\n<td><i class=\"table-duo fa-duotone fa-solid fa-circle-x\" aria-label=\"no\"><\/i><\/td>\n    <\/tr>\n   <tr>\n      <td>Militar<\/td>\n      <td><i class=\"fa-solid fa-check\" aria-label=\"s\u00ed\"><\/i><\/td>\n      <td><i class=\"table-duo fa-duotone fa-solid fa-circle-x\" aria-label=\"no\"><\/i><\/td>\n<td><i class=\"table-duo fa-duotone fa-solid fa-circle-x\" aria-label=\"no\"><\/i><\/td>\n    <\/tr>\n  <\/tbody>\n<\/table><\/div><\/div>\n\n<div class=\"et_pb_text_3 et_pb_text et_pb_bg_layout_light et_pb_module et_block_module std_page_linky preset--module--divi-text--a3c25dea-1d0c-4172-8b62-bcbc91059cfa\"><div class=\"et_pb_text_inner\"><h3>Discapacidad<\/h3>\n<p>La incapacidad a corto y largo plazo reemplaza una parte de sus ingresos si no puede trabajar durante un periodo prolongado debido a una enfermedad, lesi\u00f3n o parto. Visite <a href=\"\/es\/disability\/\">discapacidad<\/a> para m\u00e1s detalles.<\/p>\n<h3>Licencia parental remunerada (PPL)<\/h3>\n<p>Si tienes un horario regular de m\u00e1s de 30 horas semanales y has completado 12 meses de empleo continuo, el PPL te ofrece hasta 160 horas de prestaciones pagadas mientras est\u00e1s de baja por FMLA o LOA para cuidar de un nuevo hijo, ya sea por nacimiento o adopci\u00f3n. El PPL no es un permiso adicional.<\/p>\n<p class=\"para_b4_list\">El PPL es para padres biol\u00f3gicos y no biol\u00f3gicos:<\/p>\n<ul>\n<li>Para el <strong>padre biol\u00f3gico<\/strong>, El PPL comienza el d\u00eda del nacimiento o la adopci\u00f3n e incluye el tiempo de recuperaci\u00f3n y vinculaci\u00f3n.<\/li>\n<li><strong>Padres no biol\u00f3gicos<\/strong> Puede optar por utilizar el PPL en cualquier momento durante los 12 meses siguientes al nacimiento o la adopci\u00f3n, pero debe utilizarse en un periodo de tiempo continuo.<\/li>\n<\/ul>\n<p>Las horas de PPL se prorratean en funci\u00f3n de su equivalente a tiempo completo (FTE). Para calcular el total de horas disponibles para PPL, multiplique su FTE por 160. Por ejemplo, si trabaja habitualmente 30 horas a la semana, su FTE es de 75% y tiene derecho a 120 horas de PPL.<\/p>\n<p><strong>Nota para los empleados de Johns Hopkins All Children\u2019s Hospital<\/strong>No se puede combinar el banco de d\u00edas por enfermedad prolongada (EIB) con el PPL.<\/p>\n<h2>C\u00f3mo solicitar una licencia<\/h2>\n<ol>\n<li>Notifique a su director o gerente la necesidad de tomar una licencia.<\/li>\n<li>Env\u00ede su solicitud a Sedgwick a <a href=\"https:\/\/timeoff.sedgwick.com\/\" target=\"_blank\" rel=\"noopener\">tiempo libre.sedgwick.com<\/a> <i class=\"fa-regular fa-arrow-up-right-from-square fa-more_styles\" aria-hidden=\"true\"><\/i> o llamando al 844-263-3121.<\/li>\n<li>Proporcione la documentaci\u00f3n justificativa a Sedgwick (si es necesario) antes de la fecha l\u00edmite.<\/li>\n<\/ol>\n<p>Su director o gerente determinar\u00e1 las aprobaciones de las solicitudes de licencia por motivos personales, educativos y para el cuidado de dependientes. Sedgwick determinar\u00e1 las aprobaciones de todas las dem\u00e1s licencias.<\/p>\n<h2>C\u00f3mo volver al trabajo<\/h2>\n<p class=\"para_b4_list\">Siga estos pasos <a href=\"https:\/\/www.hopkinsmedicine.org\/hse\/offices-programs\/occupational-health\" target=\"_blank\" rel=\"noopener\">Occupational Health<\/a> <i class=\"fa-regular fa-arrow-up-right-from-square fa-more_styles\" aria-hidden=\"true\"><\/i> (no Sedgwick) para volver al trabajo:<\/p>\n<ol>\n<li>Llamar <a href=\"https:\/\/www.hopkinsmedicine.org\/hse\/offices-programs\/occupational-health#contact\" target=\"_blank\" rel=\"noopener\">Occupational Health<\/a> <i class=\"fa-regular fa-arrow-up-right-from-square fa-more_styles\" aria-hidden=\"true\"><\/i> Dos semanas antes de la fecha prevista de regreso, programe una cita para hablar sobre su reincorporaci\u00f3n al trabajo. Occupational Health le indicar\u00e1 qu\u00e9 documentos necesita.<\/li>\n<li>Pida a su proveedor o m\u00e9dico una nota con la fecha de regreso al trabajo y cualquier restricci\u00f3n o adaptaci\u00f3n que pueda necesitar, as\u00ed como el tiempo que las necesitar\u00e1. <strong>Lleve la informaci\u00f3n sobre el regreso al trabajo que le haya proporcionado su proveedor o m\u00e9dico a su cita con Occupational Health.<\/strong><\/li>\n<li>Occupational Health notificar\u00e1 a su gerente o director si se le ha autorizado a regresar al trabajo, con o sin restricciones o adaptaciones.<\/li>\n<\/ol>\n<p>Si no se le autoriza a regresar al trabajo, comun\u00edquese con Sedgwick para extender su licencia. Si se le autoriza, debe comunicarse con Sedgwick (licencias, discapacidad a corto plazo) y MetLife (discapacidad a largo plazo) para cerrar sus reclamaciones de licencia y discapacidad.<\/p>\n<\/div><\/div>\n\n<div class=\"et_pb_text_4 et_pb_text et_pb_bg_layout_light et_pb_module et_flex_module std_page_linky preset--module--divi-text--a3c25dea-1d0c-4172-8b62-bcbc91059cfa\"><div class=\"et_pb_text_inner\"><h2>Preguntas frecuentes<\/h2>\n<\/div><\/div>\n\n<div class=\"et_pb_toggle_0 et_pb_toggle et_pb_toggle_item et_pb_toggle_close et_pb_module et_block_module std_page_linky preset--module--divi-toggle--onkp2rtljj\"><h4 class=\"et_pb_toggle_title\">\u00bfCon cu\u00e1nto tiempo de anticipaci\u00f3n debo avisar antes de solicitar una licencia?<\/h4><div class=\"et_pb_toggle_content clearfix\"><p>Si su necesidad de licencia es previsible, como un embarazo o una cirug\u00eda programada, notifique a su empleador y a Sedgwick con al menos 30 d\u00edas de anticipaci\u00f3n.<\/p>\n<p>Si su necesidad de ausentarse es imprevisible, notif\u00edquelo a su empleador y a Sedgwick lo antes posible una vez que sea consciente de la necesidad de ausentarse.<\/p>\n<\/div><\/div>\n\n<div class=\"et_pb_toggle_1 et_pb_toggle et_pb_toggle_item et_pb_toggle_close et_pb_module et_block_module std_page_linky preset--module--divi-toggle--onkp2rtljj\"><h4 class=\"et_pb_toggle_title\">\u00bfQu\u00e9 sucede con mis prestaciones mientras estoy de baja?<\/h4><div class=\"et_pb_toggle_content clearfix\"><p class=\"para_b4_list\">El estado de otros beneficios durante tu licencia depende del tipo de licencia que tomes. Consulta estas listas de verificaci\u00f3n para ver una lista de los beneficios y su estado durante una licencia:<\/p>\n<ul>\n<li><a href=\"\/es\/documents\/medical-and-dependent-care-loa-checklist\/\" target=\"_blank\" rel=\"noopener\">Lista de verificaci\u00f3n de prestaciones por baja por motivos de salud y cuidado de personas dependientes<\/a><i class=\"fa-light fa-file-pdf sidebar_icon\" aria-hidden=\"true\"><\/i><\/li>\n<li><a href=\"\/es\/documents\/personal-education-and-military-loa-checklist\/\" target=\"_blank\" rel=\"noopener\">Lista de verificaci\u00f3n de prestaciones por licencia personal, educativa y militar<\/a><i class=\"fa-light fa-file-pdf sidebar_icon\" aria-hidden=\"true\"><\/i><\/li>\n<\/ul>\n<\/div><\/div>\n\n<div class=\"et_pb_toggle_2 et_pb_toggle et_pb_toggle_item et_pb_toggle_close et_pb_module et_block_module std_page_linky preset--module--divi-toggle--onkp2rtljj\"><h4 class=\"et_pb_toggle_title\">\u00bfQu\u00e9 documentaci\u00f3n de respaldo puede ser necesaria?<\/h4><div class=\"et_pb_toggle_content clearfix\"><p>La documentaci\u00f3n m\u00e1s com\u00fan que se requiere es un certificado m\u00e9dico completado por un profesional de la salud. Sedgwick le notificar\u00e1 toda la documentaci\u00f3n necesaria y las fechas de vencimiento de los tr\u00e1mites.<\/p>\n<\/div><\/div>\n\n<div class=\"et_pb_code_1 et_pb_code et_pb_module\"><div class=\"et_pb_code_inner\"><script>\njQuery(document).ready(function($) {\n  \/\/ Hide Divi's default toggle icon\n  $('<style>.et_pb_toggle_title:before { display: none !important; }<\/style>').appendTo('head');\n  \n  \/\/ Add our own custom icon to each toggle using Elegant Icons\n  $('.et_pb_toggle_title').each(function() {\n    var isOpen = $(this).parent().hasClass('et_pb_toggle_open');\n    var initialRotation = isOpen ? 'transform: translateY(-50%) rotate(180deg);' : 'transform: translateY(-50%);';\n    var initialColor = isOpen ? 'color: #002c77;' : 'color: #0068c1;'; \/\/ Set colors for both states\n    $(this).append('<span class=\"custom-toggle-icon\" style=\"' + initialRotation + initialColor + '\"><\/span>');\n  });\n  \n  \/\/ Add styling for our custom icon\n  $('<style>\\\n    .custom-toggle-icon {\\\n      position: absolute;\\\n      right: 0;\\\n      top: 50%;\\\n      font-family: \"ETmodules\";\\\n      font-size: 33px; \/* the size in the preset *\/\\\n      transition: transform 0.3s ease, color 0.3s ease;\\\n    }\\\n    .custom-toggle-icon:before {\\\n      content: \"\\\\33\";\\\n    }\\\n    .et_pb_toggle_open .custom-toggle-icon {\\\n      transform: translateY(-50%) rotate(180deg);\\\n      color: #002c77; \/* Blue color for open state *\/\\\n    }\\\n    .et_pb_toggle_close .custom-toggle-icon {\\\n      color: #0068c1; \/* royal blue color for closed state *\/\\\n    }\\\n  <\/style>').appendTo('head');\n  \n  \/\/ Handle click events - immediate response\n  $('.et_pb_toggle_title').on('click', function() {\n    var $toggle = $(this).parent();\n    var $icon = $(this).find('.custom-toggle-icon');\n    \n    \/\/ Toggle the rotation and color immediately based on current state\n    if ($toggle.hasClass('et_pb_toggle_close')) {\n      \/\/ It's currently closed, so it will open - rotate up and change color\n      $icon.css({\n        'transform': 'translateY(-50%) rotate(180deg)',\n        'color': '#002c77'\n      });\n    } else {\n      \/\/ It's currently open, so it will close - rotate down and change color\n      $icon.css({\n        'transform': 'translateY(-50%) rotate(0deg)',\n        'color': '#0068c1'\n      });\n    }\n  });\n});\n<\/script><\/div><\/div>\n<\/div>\n\n<div class=\"et_pb_column_4 et_pb_column et_pb_column_1_3 et-last-child et_block_column et_pb_css_mix_blend_mode_passthrough\">\n<div class=\"et_pb_blurb_0 et_pb_blurb et_pb_bg_layout_light et_pb_text_align_left et_pb_blurb_position_left et_pb_module et_block_module preset--module--divi-blurb--6eoue1j8cb\"><div class=\"et_pb_blurb_content\"><div class=\"et_pb_main_blurb_image\"><span class=\"et_pb_image_wrap\"><span class=\"et-pb-icon et-waypoint et_pb_animation_top et_pb_animation_top_tablet et_pb_animation_top_phone\">\ue026<\/span><\/span><\/div><div class=\"et_pb_blurb_container\"><h4 class=\"et_pb_module_header\">Contactos<\/h4><div class=\"et_pb_blurb_description\"><h5>Sedgwick<\/h5>\n<p>Administrador de permisos<br \/>844-263-3121<br \/><a href=\"https:\/\/timeoff.sedgwick.com\/\" target=\"_blank\" rel=\"noopener\">tiempo libre.sedgwick.com<\/a> <i class=\"fa-regular fa-arrow-up-right-from-square fa-more_styles\" aria-hidden=\"true\"><\/i><\/p>\n<h5>HR Support Center<\/h5>\n<p>Preguntas generales<br \/>443-997-5400<br \/><a href=\"mailto:hrsc@jhmi.edu\">hrsc@jhmi.edu<\/a>\u2002<i class=\"fa-light fa-envelope sidebar_icon\"><\/i><\/p>\n<\/div><\/div><\/div><\/div>\n\n<div class=\"et_pb_blurb_1 et_pb_blurb et_pb_bg_layout_light et_pb_text_align_left et_pb_blurb_position_left et_pb_module et_block_module preset--module--divi-blurb--o2izxxd5ol\"><div class=\"et_pb_blurb_content\"><div class=\"et_pb_main_blurb_image\"><span class=\"et_pb_image_wrap\"><span class=\"et-pb-icon et-waypoint et_pb_animation_top et_pb_animation_top_tablet et_pb_animation_top_phone\">h<\/span><\/span><\/div><div class=\"et_pb_blurb_container\"><h4 class=\"et_pb_module_header\">Resources<\/h4><div class=\"et_pb_blurb_description\"><ul>\n<li><a href=\"https:\/\/hpo.johnshopkins.edu\/enterprise\/?event=public.view\" target=\"_blank\" rel=\"noopener\">Pol\u00edticas en l\u00ednea de Johns Hopkins<\/a> <i class=\"fa-regular fa-arrow-up-right-from-square fa-more_styles\" aria-hidden=\"true\"><\/i><\/li>\n<li>Aviso sobre la Ley de Permisos Familiares Remunerados del Distrito de Columbia (<a href=\"\/es\/documents\/dc-paid-leave-law-notice-english\/\" target=\"_blank\" rel=\"noopener\">Ingl\u00e9s<\/a><i class=\"fa-light fa-file-pdf sidebar_icon\" aria-hidden=\"true\"><\/i> | <a href=\"\/es\/documents\/dc-paid-leave-law-notice-spanish\/\" target=\"_blank\" rel=\"noopener\">Espa\u00f1ol<\/a><i class=\"fa-light fa-file-pdf sidebar_icon\" aria-hidden=\"true\"><\/i>)<\/li>\n<li><a href=\"\/es\/documents\/preguntas-frecuentes-sobre-las-excedencias-faq\/\" target=\"_blank\" rel=\"noopener\">Preguntas frecuentes sobre las excedencias FAQ<\/a><i class=\"fa-light fa-file-pdf sidebar_icon\" aria-hidden=\"true\"><\/i><\/li>\n<li><a href=\"\/es\/documents\/instrucciones-para-la-excedencia\/\" target=\"_blank\" rel=\"noopener\">Instrucciones para la excedencia<\/a><i class=\"fa-light fa-file-pdf sidebar_icon\" aria-hidden=\"true\"><\/i><\/li>\n<li><a href=\"\/es\/documents\/guia-del-empleado-fmla\/\" target=\"_blank\" rel=\"noopener\">Gu\u00eda del empleado FMLA<\/a><i class=\"fa-light fa-file-pdf sidebar_icon\" aria-hidden=\"true\"><\/i><\/li>\n<\/ul>\n<\/div><\/div><\/div><\/div>\n<\/div>\n<\/div>\n<\/div>","protected":false},"excerpt":{"rendered":"","protected":false},"author":3,"featured_media":0,"parent":22990067,"menu_order":0,"comment_status":"closed","ping_status":"closed","template":"","meta":{"_acf_changed":false,"_et_pb_use_builder":"on","_et_pb_old_content":"","_et_gb_content_width":"","footnotes":""},"dipi_cpt_category":[],"class_list":["post-22989391","page","type-page","status-publish","hentry"],"acf":[],"_links":{"self":[{"href":"https:\/\/mybenefitsjhhs.com\/es\/wp-json\/wp\/v2\/pages\/22989391","targetHints":{"allow":["GET"]}}],"collection":[{"href":"https:\/\/mybenefitsjhhs.com\/es\/wp-json\/wp\/v2\/pages"}],"about":[{"href":"https:\/\/mybenefitsjhhs.com\/es\/wp-json\/wp\/v2\/types\/page"}],"author":[{"embeddable":true,"href":"https:\/\/mybenefitsjhhs.com\/es\/wp-json\/wp\/v2\/users\/3"}],"replies":[{"embeddable":true,"href":"https:\/\/mybenefitsjhhs.com\/es\/wp-json\/wp\/v2\/comments?post=22989391"}],"version-history":[{"count":0,"href":"https:\/\/mybenefitsjhhs.com\/es\/wp-json\/wp\/v2\/pages\/22989391\/revisions"}],"up":[{"embeddable":true,"href":"https:\/\/mybenefitsjhhs.com\/es\/wp-json\/wp\/v2\/pages\/22990067"}],"wp:attachment":[{"href":"https:\/\/mybenefitsjhhs.com\/es\/wp-json\/wp\/v2\/media?parent=22989391"}],"wp:term":[{"taxonomy":"dipi_cpt_category","embeddable":true,"href":"https:\/\/mybenefitsjhhs.com\/es\/wp-json\/wp\/v2\/dipi_cpt_category?post=22989391"}],"curies":[{"name":"wp","href":"https:\/\/api.w.org\/{rel}","templated":true}]}}