{"id":22989473,"date":"2025-11-20T19:44:35","date_gmt":"2025-11-20T19:44:35","guid":{"rendered":"https:\/\/hopkinsredustg.wpenginepowered.com\/?page_id=22989473"},"modified":"2026-02-26T16:55:27","modified_gmt":"2026-02-26T21:55:27","slug":"emergency-travel-assistance","status":"publish","type":"page","link":"https:\/\/mybenefitsjhhs.com\/es\/resources\/emergency-travel-assistance\/","title":{"rendered":"Asistencia en viajes de emergencia"},"content":{"rendered":"<div class=\"et_pb_section_0 et_pb_section et_section_regular et_block_section\">\n<div class=\"et_pb_row_0 et_pb_row et_pb_gutters3 et_block_row\">\n<div class=\"et_pb_column_0 et_pb_column et_pb_column_4_4 et-last-child et_block_column et_pb_css_mix_blend_mode_passthrough\">\n\n\n\n<\/div>\n<\/div>\n\n<div class=\"et_pb_row_1 et_pb_row et_pb_gutters3 et_block_row preset--module--divi-row--z7hm0nc1kv\"><span class=\"et_pb_background_pattern\"><\/span>\n<div class=\"et_pb_column_1 et_pb_column et-last-child et_flex_column et_pb_css_mix_blend_mode_passthrough et_flex_column_24_24\">\n<div class=\"et_pb_text_0 et_pb_text et_pb_bg_layout_light et_pb_module et_block_module preset--module--divi-text--x1sbk0ycg4\"><div class=\"et_pb_text_inner\"><h1>Asistencia en viajes de emergencia<\/h1>\n<p>Asistencia, asesoramiento y alertas para ayudarle durante sus viajes de trabajo.<\/p>\n<\/div><\/div>\n<\/div>\n<\/div>\n<\/div>\n\n<div class=\"et_pb_section_1 et_pb_section et_section_regular et_block_section\">\n<div class=\"et_pb_row_2 et_pb_row et_pb_gutters3 et_block_row\">\n<div class=\"et_pb_column_2 et_pb_column et_pb_column_4_4 et-last-child et_block_column et_pb_css_mix_blend_mode_passthrough\">\n<div class=\"et_pb_text_1 et_pb_text et_pb_bg_layout_light et_pb_module et_block_module opener_list preset--module--divi-text--j713l7wg7d\"><div class=\"et_pb_text_inner\"><p><img loading=\"lazy\" decoding=\"async\" src=\"https:\/\/mybenefitsjhhs.com\/wp-content\/uploads\/2025\/11\/emergency-travel-outline-art.png\" width=\"88\" height=\"83\" alt=\"\" class=\"wp-image-22988517 alignright size-medium\" \/>El Programa de Asistencia en Viajes de Emergencia de Johns Hopkins est\u00e1 disponible las 24 horas del d\u00eda, los 7 d\u00edas de la semana, para ayudarle si se encuentra en una situaci\u00f3n de emergencia o crisis durante un viaje relacionado con el trabajo.<\/p>\n<\/div><\/div>\n<\/div>\n<\/div>\n\n<div class=\"et_pb_row_3 et_pb_row et_pb_gutters2 et_block_row\">\n<div class=\"et_pb_column_3 et_pb_column et_pb_column_2_3 et_block_column et_pb_css_mix_blend_mode_passthrough\">\n<div class=\"et_pb_text_2 et_pb_text et_pb_bg_layout_light et_pb_module et_block_module std_page_linky preset--module--divi-text--a3c25dea-1d0c-4172-8b62-bcbc91059cfa\"><div class=\"et_pb_text_inner\"><p class=\"para_b4_list\">Nos asociamos con Healix para proporcionar gesti\u00f3n de emergencias y crisis para:<\/p>\n<ul>\n<li>Asuntos m\u00e9dicos, incluyendo reemplazos o reposiciones de recetas.<\/li>\n<li>Desastres naturales o condiciones meteorol\u00f3gicas adversas<\/li>\n<li>P\u00e9rdida o robo de documentos, dinero o equipaje<\/li>\n<li>Disturbios sociales<\/li>\n<\/ul>\n<p>Tambi\u00e9n puede recibir asesoramiento m\u00e9dico y de seguridad antes del viaje si tiene alguna inquietud antes de comenzar su viaje.<\/p>\n<p>Llame a la l\u00ednea de asistencia de Johns Hopkins al <strong>1-443-455-0711<\/strong> siempre que necesites ayuda.<\/p>\n<p>Para recibir alertas en tiempo real e informaci\u00f3n sobre seguridad en viajes por todo el mundo, reg\u00edstrese en el <a href=\"https:\/\/tow.healix.com\/login\" target=\"_blank\" rel=\"noopener\">Sitio web de Travel Oracle<\/a> <i class=\"fa-regular fa-arrow-up-right-from-square fa-more_styles\" aria-hidden=\"true\"><\/i> o aplicaci\u00f3n m\u00f3vil (<a href=\"https:\/\/apps.apple.com\/gb\/app\/travel-oracle\/id783071105\" target=\"_blank\" rel=\"noopener\">Tienda de aplicaciones<\/a> <i class=\"fa-regular fa-arrow-up-right-from-square fa-more_styles\" aria-hidden=\"true\"><\/i> | <a href=\"https:\/\/play.google.com\/store\/apps\/details?id=air.com.maxwelllucas.TravelOracle\" target=\"_blank\" rel=\"noopener\">Google Play<\/a> <i class=\"fa-regular fa-arrow-up-right-from-square fa-more_styles\" aria-hidden=\"true\"><\/i>) utilizando el n\u00famero de p\u00f3liza <strong>JH18492<\/strong>.<\/p>\n<\/div><\/div>\n<\/div>\n\n<div class=\"et_pb_column_4 et_pb_column et_pb_column_1_3 et-last-child et_block_column et_pb_css_mix_blend_mode_passthrough\">\n<div class=\"et_pb_blurb_0 et_pb_blurb et_pb_bg_layout_light et_pb_text_align_left et_pb_blurb_position_left et_pb_module et_block_module preset--module--divi-blurb--6eoue1j8cb\"><div class=\"et_pb_blurb_content\"><div class=\"et_pb_main_blurb_image\"><span class=\"et_pb_image_wrap\"><span class=\"et-pb-icon et-waypoint et_pb_animation_top et_pb_animation_top_tablet et_pb_animation_top_phone\">\ue026<\/span><\/span><\/div><div class=\"et_pb_blurb_container\"><h4 class=\"et_pb_module_header\">Contactos<\/h4><div class=\"et_pb_blurb_description\"><h5>L\u00ednea de asistencia de Johns Hopkins<\/h5>\n<p>1-443-455-0711<br \/><a href=\"mailto:johnshopkins@healix.com\">johnshopkins@healix.com<\/a> <i class=\"fa-light fa-envelope sidebar_icon\" aria-hidden=\"true\"><\/i><\/p>\n<\/div><\/div><\/div><\/div>\n\n<div class=\"et_pb_blurb_1 et_pb_blurb et_pb_bg_layout_light et_pb_text_align_left et_pb_blurb_position_left et_pb_module et_block_module preset--module--divi-blurb--o2izxxd5ol\"><div class=\"et_pb_blurb_content\"><div class=\"et_pb_main_blurb_image\"><span class=\"et_pb_image_wrap\"><span class=\"et-pb-icon et-waypoint et_pb_animation_top et_pb_animation_top_tablet et_pb_animation_top_phone\">h<\/span><\/span><\/div><div class=\"et_pb_blurb_container\"><h4 class=\"et_pb_module_header\">Resources<\/h4><div class=\"et_pb_blurb_description\"><p><a href=\"\/es\/documents\/johns-hopkins-emergency-travel-assistance-program\/\" target=\"_blank\" rel=\"noopener\">Resumen del Programa de Asistencia en Viajes de Emergencia<\/a><i class=\"fa-light fa-file-pdf sidebar_icon\" aria-hidden=\"true\"><\/i><\/p>\n<\/div><\/div><\/div><\/div>\n<\/div>\n<\/div>\n<\/div>","protected":false},"excerpt":{"rendered":"","protected":false},"author":3,"featured_media":0,"parent":22990707,"menu_order":0,"comment_status":"closed","ping_status":"closed","template":"","meta":{"_acf_changed":false,"_et_pb_use_builder":"on","_et_pb_old_content":"","_et_gb_content_width":"","footnotes":""},"dipi_cpt_category":[],"class_list":["post-22989473","page","type-page","status-publish","hentry"],"acf":[],"_links":{"self":[{"href":"https:\/\/mybenefitsjhhs.com\/es\/wp-json\/wp\/v2\/pages\/22989473","targetHints":{"allow":["GET"]}}],"collection":[{"href":"https:\/\/mybenefitsjhhs.com\/es\/wp-json\/wp\/v2\/pages"}],"about":[{"href":"https:\/\/mybenefitsjhhs.com\/es\/wp-json\/wp\/v2\/types\/page"}],"author":[{"embeddable":true,"href":"https:\/\/mybenefitsjhhs.com\/es\/wp-json\/wp\/v2\/users\/3"}],"replies":[{"embeddable":true,"href":"https:\/\/mybenefitsjhhs.com\/es\/wp-json\/wp\/v2\/comments?post=22989473"}],"version-history":[{"count":0,"href":"https:\/\/mybenefitsjhhs.com\/es\/wp-json\/wp\/v2\/pages\/22989473\/revisions"}],"up":[{"embeddable":true,"href":"https:\/\/mybenefitsjhhs.com\/es\/wp-json\/wp\/v2\/pages\/22990707"}],"wp:attachment":[{"href":"https:\/\/mybenefitsjhhs.com\/es\/wp-json\/wp\/v2\/media?parent=22989473"}],"wp:term":[{"taxonomy":"dipi_cpt_category","embeddable":true,"href":"https:\/\/mybenefitsjhhs.com\/es\/wp-json\/wp\/v2\/dipi_cpt_category?post=22989473"}],"curies":[{"name":"wp","href":"https:\/\/api.w.org\/{rel}","templated":true}]}}