{"id":22989520,"date":"2025-11-25T22:14:40","date_gmt":"2025-11-25T22:14:40","guid":{"rendered":"https:\/\/hopkinsredustg.wpenginepowered.com\/?page_id=22989520"},"modified":"2025-12-30T15:57:40","modified_gmt":"2025-12-30T15:57:40","slug":"homebuying-assistance","status":"publish","type":"page","link":"https:\/\/mybenefitsjhhs.com\/es\/financial\/homebuying-assistance\/","title":{"rendered":"Ayuda para la compra de vivienda"},"content":{"rendered":"<div class=\"et_pb_section_0 et_pb_section et_section_regular et_block_section\">\n<div class=\"et_pb_row_0 et_pb_row et_pb_gutters3 et_block_row\">\n<div class=\"et_pb_column_0 et_pb_column et_pb_column_4_4 et-last-child et_block_column et_pb_css_mix_blend_mode_passthrough\">\n\n\n\n\n\n\n\n\n\n\n\n\n\n\n\n\n\n\n\n\n\n\n\n\n\n\n\n\n\n\n\n\n\n\n\n\n\n\n\n\n\n\n\n\n\n\n\n\n\n\n\n\n\n\n\n\n\n\n\n\n\n\n\n\n\n\n\n<\/div>\n<\/div>\n\n<div class=\"et_pb_row_1 et_pb_row et_pb_gutters3 et_block_row preset--module--divi-row--d7bztfmjlv\"><span class=\"et_pb_background_pattern\"><\/span>\n<div class=\"et_pb_column_1 et_pb_column et-last-child et_flex_column et_pb_css_mix_blend_mode_passthrough et_flex_column_24_24\">\n<div class=\"et_pb_text_0 et_pb_text et_pb_bg_layout_light et_pb_module et_block_module preset--module--divi-text--x1sbk0ycg4\"><div class=\"et_pb_text_inner\"><h1>Ayuda para la compra de vivienda<\/h1>\n<p>Ayuda financiera para comprar viviendas en zonas espec\u00edficas de la ciudad de Baltimore.<\/p>\n<\/div><\/div>\n<\/div>\n<\/div>\n<\/div>\n\n<div class=\"et_pb_section_1 et_pb_section et_section_regular et_block_section\">\n<div class=\"et_pb_row_2 et_pb_row et_pb_gutters3 et_block_row\">\n<div class=\"et_pb_column_2 et_pb_column et_pb_column_4_4 et-last-child et_block_column et_pb_css_mix_blend_mode_passthrough\">\n<div class=\"et_pb_text_1 et_pb_text et_pb_bg_layout_light et_pb_module et_block_module page_intro opener_list preset--module--divi-text--j713l7wg7d\"><div class=\"et_pb_text_inner\"><p><img decoding=\"async\" src=\"https:\/\/mybenefitsjhhs.com\/wp-content\/uploads\/2025\/09\/home-assist-featured.png\" width=\"83\" alt=\"\" class=\"wp-image-22988549 alignright size-full\" \/>La ayuda para la compra de vivienda a trav\u00e9s del programa Live Near Your Work est\u00e1 disponible para los empleados que re\u00fanan los requisitos en The Johns Hopkins Hospital, Johns Hopkins Health System, Bayview Medical Center y Johns Hopkins Community Physicians.<\/p>\n<\/div><\/div>\n<\/div>\n<\/div>\n\n<div class=\"et_pb_row_3 et_pb_row et_pb_gutters2 et_block_row\">\n<div class=\"et_pb_column_3 et_pb_column et_pb_column_2_3 et_block_column et_pb_css_mix_blend_mode_passthrough\">\n<div class=\"et_pb_text_2 et_pb_text et_pb_bg_layout_light et_pb_module et_block_module std_page_linky preset--module--divi-text--a3c25dea-1d0c-4172-8b62-bcbc91059cfa\"><div class=\"et_pb_text_inner\"><p>El programa Live Near Your Work (LNYW), en colaboraci\u00f3n con la ciudad de Baltimore y el estado de Maryland, ofrece ayuda financiera para la compra de viviendas en zonas espec\u00edficas de la ciudad de Baltimore.<\/p>\n<p>Si est\u00e1 pensando en comprar una casa en una zona elegible de la ciudad de Baltimore, puede tener derecho a recibir hasta $14,500 de JHHS para utilizarlo en el pago inicial y los gastos de cierre.<\/p>\n<p><strong>Y no olvides:<\/strong> JHHS tambi\u00e9n ofrece <a href=\"\/es\/auto-home-renters-and-pet-insurance\/\">seguro de hogar con descuento<\/a> a trav\u00e9s de Farmers GroupSelect.<\/p>\n<h2>Requisitos de elegibilidad y del programa<\/h2>\n<p class=\"para_b4_list\">Usted es elegible para el programa LNYW si trabaja regularmente m\u00e1s de 30 horas por semana en estos hospitales u organizaciones afiliadas:<\/p>\n<ul>\n<li>El Johns Hopkins Hospital<\/li>\n<li>Sistema de Salud Johns Hopkins<\/li>\n<li>Centro M\u00e9dico Bayview<\/li>\n<li>M\u00e9dicos comunitarios de Johns Hopkins<\/li>\n<li>Atenci\u00f3n m\u00e9dica Johns Hopkins<\/li>\n<\/ul>\n<p class=\"para_b4_list\">Para solicitar una beca LNYW, debes cumplir todos estos requisitos:<\/p>\n<ul>\n<li>Aportar al menos $1,000 para la compra de una vivienda en una zona elegible de la ciudad de Baltimore.<\/li>\n<li>La vivienda debe ser su residencia principal durante al menos tres a\u00f1os.<\/li>\n<li>Financie la compra con un pr\u00e9stamo hipotecario (se recomiendan los pr\u00e9stamos est\u00e1ndar de la FHA, convencionales y 203K). El monto del pr\u00e9stamo no puede exceder $517,500.<\/li>\n<li>Presente un certificado v\u00e1lido de finalizaci\u00f3n del curso de asesoramiento para la adquisici\u00f3n de vivienda.<\/li>\n<\/ul>\n<\/div><\/div>\n\n<div class=\"et_pb_toggle_0 et_pb_toggle et_pb_toggle_item et_pb_toggle_close et_pb_module et_block_module std_page_linky preset--module--divi-toggle--onkp2rtljj\"><h4 class=\"et_pb_toggle_title\">Exclusiones del programa<\/h4><div class=\"et_pb_toggle_content clearfix\"><p class=\"para_b4_list\">El programa LNYW es <strong>no se ofrece<\/strong> a:<\/p>\n<ul>\n<li>Los empleados que trabajan menos de 30 horas por semana.<\/li>\n<li>Personal interno, residentes, becarios posdoctorales o estudiantes.<\/li>\n<li>Empleados del Laboratorio de F\u00edsica Aplicada.<\/li>\n<li>Empleados de Broadway Services (comun\u00edquese con el departamento de Recursos Humanos de Broadway Services para obtener informaci\u00f3n sobre su programa LNYW).<\/li>\n<li>Empleados de Pharmaquip.<\/li>\n<li>Grupo de Atenci\u00f3n Domiciliaria Johns Hopkins.<\/li>\n<li>Kennedy Krieger (p\u00f3ngase en contacto con el departamento de recursos humanos de Kennedy Krieger para obtener informaci\u00f3n sobre su programa LNYW).<\/li>\n<\/ul>\n<\/div><\/div>\n\n<div class=\"et_pb_text_3 et_pb_text et_pb_bg_layout_light et_pb_module et_block_module std_page_linky preset--group--divi-text--divi-background--s5qopce6ed preset--module--divi-text--1qm6s3can1\"><span class=\"et_pb_background_pattern\"><\/span><div class=\"et_pb_text_inner\"><h4>Actualizaci\u00f3n importante sobre la financiaci\u00f3n de LNYW<\/h4>\n<p>Actualmente, la financiaci\u00f3n de la ciudad de Baltimore para Live Near Your Work no est\u00e1 disponible. A\u00fan puede solicitar recibir una parte de la subvenci\u00f3n de Johns Hopkins. Le avisaremos cuando la financiaci\u00f3n vuelva a estar disponible. (ejemplo de contenido opcional)<\/p>\n<\/div><\/div>\n\n<div class=\"et_pb_text_4 et_pb_text et_pb_bg_layout_light et_pb_module et_block_module std_page_linky preset--group--divi-text--divi-background--s5qopce6ed preset--module--divi-text--1qm6s3can1\"><span class=\"et_pb_background_pattern\"><\/span><div class=\"et_pb_text_inner\"><h4>Actualizaci\u00f3n importante sobre la financiaci\u00f3n de LNYW<\/h4>\n<p>Actualmente no hay financiamiento disponible para Live Near Your Work. <strong>[entidad]<\/strong>. Le avisaremos cuando vuelva a haber fondos disponibles. (ejemplo de contenido opcional)<\/p>\n<\/div><\/div>\n\n<div class=\"et_pb_text_5 et_pb_text et_pb_bg_layout_light et_pb_module et_block_module std_page_linky alert_header preset--module--divi-text--a3c25dea-1d0c-4172-8b62-bcbc91059cfa\"><div class=\"et_pb_text_inner\"><h2>L\u00edmites y cuant\u00eda de las subvenciones<\/h2>\n<p>Las subvenciones LNYW solo se ofrecen en determinados barrios de la ciudad de Baltimore y var\u00edan seg\u00fan la zona.<\/p>\n<p><a href=\"https:\/\/gisanddata.maps.arcgis.com\/apps\/instant\/basic\/index.html?appid=2d59c5a3684a4183ae5f43f6a5f03adb\" target=\"_blank\" rel=\"noopener\">Ver un mapa de los barrios elegibles<\/a> <i class=\"fa-regular fa-arrow-up-right-from-square fa-more_styles\" aria-hidden=\"true\"><\/i> y visitar <a href=\"https:\/\/livebaltimore.com\/neighborhoods\/\" target=\"_blank\" rel=\"noopener\">Live Baltimore<\/a> <i class=\"fa-regular fa-arrow-up-right-from-square fa-more_styles\" aria-hidden=\"true\"><\/i> para obtener m\u00e1s informaci\u00f3n sobre cada barrio.<\/p>\n<p>Consulte los montos de las subvenciones por \u00e1rea en la tabla siguiente.<\/p>\n<\/div><\/div>\n\n<div class=\"et_pb_code_0 et_pb_code et_pb_module\"><div class=\"et_pb_code_inner\"><style>\n  \/* page-specific tables CSS *\/\n  \/*** Responsive Styles Smartphone ***\/\n@media all and (max-width: 767px) {\n  table.adjusted_width {width: 650px !important;}\n}\n  table.benefits-table {border: 1px solid #dbdbdb !important;}\n th.blue-header {border-right: 1px solid #fff !important; border-bottom: 1px solid #fff !important;}\n th.blue-header:last-child {border-right: none !important;}\n .blue-header_BB {border-bottom: 1px solid #fff !important;}\n  table.benefits-table td:first-child {font-weight: 700; font-size: 97% !important; text-align: left: !important; line-height: 1.2em !important;}\n  table.benefits-table td:last-child {border-right: none !important;}\ntable.benefits-table td {text-align: center; line-height: 1.45em;}\ntable.benefits-table th {text-align: center; line-height: 1.45em;} \nth.subhead-left-border {border-left: 1px solid #fff !important;} \n<\/style>\n<table class=\"benefits-table adjusted_width\">\n<thead>\n<tr>\n<th class=\"blue-header\" rowspan=\"2\" width=\"20%\"><strong>\u00c1rea<\/strong><\/th>\n<th class=\"blue-header\" colspan=\"2\" width=\"40%\"><strong>Subvenci\u00f3n de JHHS<\/strong><\/th>\n  <th class=\"blue-header subhead-left-border\" rowspan=\"2\" width=\"20%\"><strong>Subvenci\u00f3n de la ciudad de Baltimore<\/strong><\/th>\n<th class=\"blue-header\"rowspan=\"2\" width=\"20%\"><strong>Total<\/strong><\/th>\n<\/tr>\n<tr>\n<th class=\"subhead\"><strong>Bruto<\/strong><\/th>\n<th class=\"subhead\"><strong>Menos impuestos<sup>1<\/sup><\/strong><\/th>\n<\/tr>\n  <\/thead>\n  <tbody>   \n<tr>\n<td>Centro de Baltimore<\/td>\n<td>$14,500<\/td>\n<td>$8,794<\/td>\n<td>$2,500<\/td>\n<td>$11,294<\/td>\n<\/tr>\n<tr>\n<td>Este de Baltimore\/Eager Park<\/td>\n<td>$14,500<\/td>\n<td>$8,794<\/td>\n<td>$2,500<\/td>\n<td>$11,294<\/td>\n<\/tr>\n<tr>\n<td>Remington<\/td>\n<td>$2,500<\/td>\n<td>$1,516<\/td>\n<td>$2,500<\/td>\n<td>$4,016<\/td>\n<\/tr>\n<tr>\n<td>Mejor Waverly<\/td>\n<td>$2,500<\/td>\n<td>$1,516<\/td>\n<td>$2,500<\/td>\n<td width=\"139\">$4,016<\/td>\n<\/tr>\n<tr>\n<td width=\"159\">Todas las dem\u00e1s \u00e1reas elegibles<\/td>\n<td width=\"144\">$2,500<\/td>\n<td width=\"129\">$1,516<\/td>\n<td width=\"148\">$2,500<\/td>\n<td width=\"139\">$4,016<\/td>\n<\/tr>\n<\/tbody>\n<\/table><\/div><\/div>\n\n<div class=\"et_pb_text_6 et_pb_text et_pb_bg_layout_light et_pb_module et_block_module std_page_linky alert_header preset--module--divi-text--3afa0636-c2ee-4872-a4a6-32709daf3b6f\"><div class=\"et_pb_text_inner\"><p>1\u2002Los montos de las subvenciones de JHHS ser\u00e1n menores que los impuestos retenidos aplicables. Los montos netos de las subvenciones pueden variar seg\u00fan los c\u00e1lculos fiscales individualizados.<\/p>\n<\/div><\/div>\n\n<div class=\"et_pb_text_7 et_pb_text et_pb_bg_layout_light et_pb_module et_block_module std_page_linky alert_header preset--module--divi-text--a3c25dea-1d0c-4172-8b62-bcbc91059cfa\"><div class=\"et_pb_text_inner\"><h2>C\u00f3mo presentar la solicitud<\/h2>\n<p class=\"para_b4_list\">Si cumple con todos los requisitos del programa, siga estos pasos para solicitar una beca:<\/p>\n<ol>\n<li><strong>Asesoramiento completo sobre la compra de una vivienda<\/strong>Debes completar una clase y una cita individual con un <a href=\"\/es\/documents\/lnyw-homeownership-counseling-agencies\/\" target=\"_blank\" rel=\"noopener\">agencia de asesoramiento para la adquisici\u00f3n de vivienda aprobada<\/a> <i class=\"fa-light fa-file-pdf sidebar_icon\" aria-hidden=\"true\"><\/i> antes de hacer una oferta por una vivienda. El certificado de asesoramiento para la adquisici\u00f3n de vivienda tiene una validez de un a\u00f1o.<\/li>\n<li><strong>Hacer una oferta por una vivienda<\/strong>: Su oferta debe ser aceptada antes de solicitar una beca.<\/li>\n<li><strong>Enviar una solicitud<\/strong>: Si ha completado el asesoramiento para la compra de vivienda y tiene una oferta aceptada para una vivienda, <a href=\"https:\/\/portal.neighborlysoftware.com\/jhu\/participant\" target=\"_blank\" rel=\"noopener\">solicitar una beca LNYW en l\u00ednea<\/a> <i class=\"fa-regular fa-arrow-up-right-from-square fa-more_styles\" aria-hidden=\"true\"><\/i> al menos 30 d\u00edas antes de la fecha de cierre.<\/li>\n<\/ol>\n<p>Las solicitudes suelen tramitarse en un plazo de 30 d\u00edas. Vea este video para obtener una explicaci\u00f3n sobre el programa y c\u00f3mo solicitarlo.<\/p>\n<\/div><\/div>\n\n<div class=\"et_pb_video_0 et_pb_video et_pb_module et_flex_module\"><div class=\"et_pb_video_box\"><iframe loading=\"lazy\" title=\"JHHS: 1 TP 32 T\" src=\"https:\/\/player.vimeo.com\/video\/1084234452?dnt=1&amp;app_id=122963\" width=\"1080\" height=\"608\" frameborder=\"0\" allow=\"autoplay; fullscreen; picture-in-picture; clipboard-write; encrypted-media; web-share\" referrerpolicy=\"strict-origin-when-cross-origin\"><\/iframe><\/div><\/div>\n\n<div class=\"et_pb_text_8 et_pb_text et_pb_bg_layout_light et_pb_module et_block_module std_page_linky preset--group--divi-text--divi-background--s5qopce6ed preset--module--divi-text--1qm6s3can1\"><span class=\"et_pb_background_pattern\"><\/span><div class=\"et_pb_text_inner\"><h4>Programas adicionales para la compra de vivienda<\/h4>\n<p>Live Near Your Work es uno de los m\u00e1s de 30 programas de incentivos para la compra de vivienda destinados a ayudar a adquirir una vivienda en la ciudad de Baltimore. Visite <a href=\"https:\/\/livebaltimore.com\/\" target=\"_blank\" rel=\"noopener\">Live Baltimore<\/a> <i class=\"fa-regular fa-arrow-up-right-from-square fa-more_styles\" aria-hidden=\"true\"><\/i> para conocer otros programas, explorar vecindarios y obtener ayuda con el proceso de compra de vivienda.<\/p>\n<\/div><\/div>\n\n<div class=\"et_pb_text_9 et_pb_text et_pb_bg_layout_light et_pb_module et_block_module std_page_linky alert_header preset--module--divi-text--a3c25dea-1d0c-4172-8b62-bcbc91059cfa\"><div class=\"et_pb_text_inner\"><h2>Detalles y requisitos importantes<\/h2>\n<p class=\"para_b4_list\">Ofrecidas por Johns Hopkins y la Oficina de Propiedad de Vivienda de la Ciudad de Baltimore, las subvenciones Live Near Your Work tienen ciertos requisitos y limitaciones. Para que su solicitud de subvenci\u00f3n tenga m\u00e1s posibilidades de ser aceptada, aseg\u00farese de comprender los detalles importantes del programa.<\/p>\n<ul>\n<li>Las becas LNYW se otorgan por orden de llegada. La financiaci\u00f3n para las becas LNYW puede suspenderse en cualquier momento.<\/li>\n<li>Las becas LNYW son beneficios sujetos a impuestos y aparecer\u00e1n en la n\u00f3mina y en el formulario W-2 del beneficiario.<\/li>\n<li>Las subvenciones LNYW se otorgan a discreci\u00f3n de JHU Benefits &amp; WorkLife y la Oficina de Propiedad de Vivienda de la Ciudad de Baltimore. Solicitar una subvenci\u00f3n LNYW no garantiza que se conceda.<\/li>\n<li>Las solicitudes se procesan normalmente en un plazo de 30 d\u00edas. Por favor, presente su solicitud al menos 30 d\u00edas antes de la fecha prevista para su instalaci\u00f3n.<\/li>\n<\/ul>\n<\/div><\/div>\n\n<div class=\"et_pb_toggle_1 et_pb_toggle et_pb_toggle_item et_pb_toggle_close et_pb_module et_block_module std_page_linky preset--module--divi-toggle--onkp2rtljj\"><h4 class=\"et_pb_toggle_title\">Requisitos<\/h4><div class=\"et_pb_toggle_content clearfix\"><ul>\n<li>Como parte del proceso de solicitud de la subvenci\u00f3n LNYW, y antes de recibirla, debe completar el asesoramiento sobre la propiedad de la vivienda y presentar un certificado de finalizaci\u00f3n con fecha anterior a la del contrato de venta.<\/li>\n<li>Las subvenciones solo est\u00e1n disponibles para viviendas adquiridas dentro de los barrios designados, y el monto de la subvenci\u00f3n var\u00eda seg\u00fan la ubicaci\u00f3n de la vivienda. Los l\u00edmites de un \u00e1rea objetivo incluyen las viviendas a ambos lados de la calle l\u00edmite.<\/li>\n<li>La reserva de los fondos de la subvenci\u00f3n, la aprobaci\u00f3n final y el desembolso de los fondos est\u00e1n supeditados a la recepci\u00f3n oportuna de los documentos requeridos por la Oficina de Recursos Humanos, Beneficios y Vida Laboral de la JHU y la Oficina de Propiedad de Vivienda de la Ciudad de Baltimore.<\/li>\n<li>Los solicitantes deben aportar al menos $1,000 para la compra de la vivienda.<\/li>\n<li>La fecha de liquidaci\u00f3n debe ser como m\u00e1ximo 60 d\u00edas despu\u00e9s de la concesi\u00f3n de la subvenci\u00f3n LNYW, y todos los beneficiarios deben proporcionar a Benefits &amp; WorkLife una prueba de la liquidaci\u00f3n. Si se necesita una pr\u00f3rroga de m\u00e1s de 60 d\u00edas, p\u00f3ngase en contacto con Benefits &amp; WorkLife. En todas las dem\u00e1s situaciones, si un beneficiario no cierra la compra de la vivienda en un plazo de 60 d\u00edas, Johns Hopkins se reserva el derecho de considerar la subvenci\u00f3n LNYW como un pago en exceso y solicitar\u00e1 su devoluci\u00f3n. Todos los reembolsos ser\u00e1n por el importe bruto de la subvenci\u00f3n (es decir, el importe de la subvenci\u00f3n antes de la retenci\u00f3n de impuestos). Solo los reembolsos realizados en el mismo a\u00f1o natural en el que se pag\u00f3 la subvenci\u00f3n LNYW original al empleado podr\u00e1n efectuarse mediante deducciones de la n\u00f3mina antes de impuestos, de conformidad con las pol\u00edticas y procedimientos aplicables de Johns Hopkins.<\/li>\n<li>No hay periodo de prueba para solicitar una beca LNYW. Siempre que se cumplan todos los criterios de elegibilidad, las becas LNYW est\u00e1n disponibles para los empleados reci\u00e9n contratados que hayan firmado una carta de oferta de Johns Hopkins en la que se indique su empleo. Es posible que se requiera la confirmaci\u00f3n del supervisor del empleado reci\u00e9n contratado. Para poder utilizar los fondos LNYW, es necesario ser un empleado aprobado en el momento de la liquidaci\u00f3n.<\/li>\n<li>El dinero de la subvenci\u00f3n solo se puede utilizar para el pago inicial y los gastos de cierre en la liquidaci\u00f3n de la compra de una vivienda que re\u00fana los requisitos. Solo se puede conceder una subvenci\u00f3n LNYW por cada direcci\u00f3n que re\u00fana los requisitos.<\/li>\n<li>Las compras de viviendas con LNYW deben ser la residencia principal del beneficiario, seg\u00fan lo define el estado de Maryland, durante un periodo m\u00ednimo de cinco a\u00f1os a partir de la fecha de liquidaci\u00f3n.<\/li>\n<\/ul>\n<\/div><\/div>\n\n<div class=\"et_pb_toggle_2 et_pb_toggle et_pb_toggle_item et_pb_toggle_close et_pb_module et_block_module std_page_linky preset--module--divi-toggle--onkp2rtljj\"><h4 class=\"et_pb_toggle_title\">Denegaciones y reembolsos<\/h4><div class=\"et_pb_toggle_content clearfix\"><p class=\"para_b4_list\">Los beneficiarios deber\u00e1n reembolsar la totalidad o una parte de los fondos recibidos, de acuerdo con el siguiente calendario, si la vivienda se vende y\/o no es la residencia principal del beneficiario durante el periodo de cinco a\u00f1os posterior a la fecha de liquidaci\u00f3n:<\/p>\n<ul>\n<li>Reembolso de 100% si la vivienda no es la residencia principal durante los primeros tres a\u00f1os a partir de la fecha de liquidaci\u00f3n.<\/li>\n<li>Reembolso de 50% si la vivienda no es la residencia principal durante el periodo comprendido entre tres a\u00f1os y un d\u00eda y cuatro a\u00f1os a partir de la fecha de liquidaci\u00f3n.<\/li>\n<li>Reembolso de 25% si la vivienda no es la residencia principal durante el periodo comprendido entre cuatro a\u00f1os y un d\u00eda y cinco a\u00f1os a partir de la fecha de liquidaci\u00f3n.<\/li>\n<\/ul>\n<p>Adem\u00e1s del reembolso, los beneficiarios pueden ser objeto de medidas disciplinarias si el incumplimiento de los requisitos de la subvenci\u00f3n no se debi\u00f3 a una causa justificada. Consulte tambi\u00e9n la informaci\u00f3n que figura a continuaci\u00f3n sobre los reembolsos para obtener m\u00e1s detalles.<\/p>\n<p>Las declaraciones falsas u omisiones importantes realizadas por un empleado en una solicitud de subvenci\u00f3n LNYW, o en relaci\u00f3n con ella, pueden dar lugar a la denegaci\u00f3n de la subvenci\u00f3n, al reembolso de los fondos recibidos por el empleado y a medidas disciplinarias que pueden llegar a incluir el despido.<\/p>\n<\/div><\/div>\n\n<div class=\"et_pb_toggle_3 et_pb_toggle et_pb_toggle_item et_pb_toggle_close et_pb_module et_block_module std_page_linky preset--module--divi-toggle--onkp2rtljj\"><h4 class=\"et_pb_toggle_title\">Pr\u00e9stamos hipotecarios<\/h4><div class=\"et_pb_toggle_content clearfix\"><p>No se permiten las ventas\/compras en efectivo de viviendas elegibles. Debe financiar la compra de una vivienda elegible con un pr\u00e9stamo hipotecario para solicitar el programa LNYW. Se recomiendan los pr\u00e9stamos est\u00e1ndar de la FHA, convencionales y HUD 203K.<\/p>\n<p class=\"para_b4_list\">Los siguientes pr\u00e9stamos son <strong>no<\/strong> aceptable:<\/p>\n<ul>\n<li>Pr\u00e9stamo sin documentaci\u00f3n<\/li>\n<li>Pr\u00e9stamo con pago solo de intereses<\/li>\n<li>Pr\u00e9stamo de tasa ajustable<\/li>\n<li>Cualquier pr\u00e9stamo al que se le apliquen o cobren multas o comisiones por pago anticipado.<\/li>\n<li>Importe del pr\u00e9stamo superior a $517 500<\/li>\n<li>Pr\u00e9stamos con cofirmantes (se aceptan copropietarios que vivan en la vivienda).<\/li>\n<\/ul>\n<p>La Oficina de Propiedad de Vivienda de la Ciudad de Baltimore tiene la aprobaci\u00f3n final del pr\u00e9stamo para las subvenciones LNYW.<\/p>\n<\/div><\/div>\n<\/div>\n\n<div class=\"et_pb_column_4 et_pb_column et_pb_column_1_3 et-last-child et_block_column et_pb_css_mix_blend_mode_passthrough\">\n<div class=\"et_pb_blurb_0 et_pb_blurb et_pb_bg_layout_light et_pb_text_align_left et_pb_blurb_position_left et_pb_module et_block_module preset--module--divi-blurb--6eoue1j8cb\"><div class=\"et_pb_blurb_content\"><div class=\"et_pb_main_blurb_image\"><span class=\"et_pb_image_wrap\"><span class=\"et-pb-icon et-waypoint et_pb_animation_top et_pb_animation_top_tablet et_pb_animation_top_phone\">\ue026<\/span><\/span><\/div><div class=\"et_pb_blurb_container\"><h4 class=\"et_pb_module_header\">Contactos<\/h4><div class=\"et_pb_blurb_description\"><h5>HR Support Center<\/h5>\n<p>Preguntas generales<br \/>\n443-997-5400<br \/>\n<a href=\"mailto:hrsc@jhmi.edu\">hrsc@jhmi.edu<\/a>\u2002<i class=\"fa-light fa-envelope sidebar_icon\"><\/i><\/p>\n<\/div><\/div><\/div><\/div>\n\n<div class=\"et_pb_blurb_1 et_pb_blurb et_pb_bg_layout_light et_pb_text_align_left et_pb_blurb_position_left et_pb_module et_block_module preset--module--divi-blurb--o2izxxd5ol\"><div class=\"et_pb_blurb_content\"><div class=\"et_pb_main_blurb_image\"><span class=\"et_pb_image_wrap\"><span class=\"et-pb-icon et-waypoint et_pb_animation_top et_pb_animation_top_tablet et_pb_animation_top_phone\">h<\/span><\/span><\/div><div class=\"et_pb_blurb_container\"><h4 class=\"et_pb_module_header\">Resources<\/h4><div class=\"et_pb_blurb_description\"><ul>\n<li><a href=\"https:\/\/gisanddata.maps.arcgis.com\/apps\/instant\/basic\/index.html?appid=2d59c5a3684a4183ae5f43f6a5f03adb\" target=\"_blank\" rel=\"noopener\">Mapa de las zonas elegibles en Baltimore<\/a> <i class=\"fa-regular fa-arrow-up-right-from-square fa-more_styles\" aria-hidden=\"true\"><\/i><\/li>\n<li><a href=\"https:\/\/livebaltimore.com\/\" target=\"_blank\" rel=\"noopener\">Live Baltimore<\/a> <i class=\"fa-regular fa-arrow-up-right-from-square fa-more_styles\" aria-hidden=\"true\"><\/i><\/li>\n<\/ul>\n<\/div><\/div><\/div><\/div>\n<\/div>\n<\/div>\n\n<div class=\"et_pb_row_4 et_pb_row et_pb_gutters3 et_block_row\">\n<div class=\"et_pb_column_5 et_pb_column et_pb_column_4_4 et-last-child et_block_column et_pb_css_mix_blend_mode_passthrough\">\n<div class=\"et_pb_code_1 et_pb_code et_pb_module\"><div class=\"et_pb_code_inner\"><script>\njQuery(document).ready(function($) {\n  \/\/ Hide Divi's default toggle icon\n  $('<style>.et_pb_toggle_title:before { display: none !important; }<\/style>').appendTo('head');\n  \n  \/\/ our own icon for each toggle state using Elegant Icons\n  $('.et_pb_toggle_title').each(function() {\n    var isOpen = $(this).parent().hasClass('et_pb_toggle_open');\n    var initialRotation = isOpen ? 'transform: translateY(-50%) rotate(180deg);' : 'transform: translateY(-50%);';\n    var initialColor = isOpen ? 'color: #002c77;' : 'color: #0068c1;'; \/\/ Set colors for both states\n    $(this).append('<span class=\"custom-toggle-icon\" style=\"' + initialRotation + initialColor + '\"><\/span>');\n  });\n  \n  \/\/ Add styling for our custom icon\n  $('<style>\\\n    .custom-toggle-icon {\\\n      position: absolute;\\\n      right: 0;\\\n      top: 50%;\\\n      font-family: \"ETmodules\";\\\n      font-size: 33px; \/* the size in the preset *\/\\\n      transition: transform 0.3s ease, color 0.3s ease;\\\n    }\\\n    .custom-toggle-icon:before {\\\n      content: \"\\\\33\";\\\n    }\\\n    .et_pb_toggle_open .custom-toggle-icon {\\\n      transform: translateY(-50%) rotate(180deg);\\\n      color: #002c77; \/* Blue color for open state *\/\\\n    }\\\n    .et_pb_toggle_close .custom-toggle-icon {\\\n      color: #0068c1; \/* royal blue color for closed state *\/\\\n    }\\\n  <\/style>').appendTo('head');\n  \n  \/\/ Handle click events - immediate response\n  $('.et_pb_toggle_title').on('click', function() {\n    var $toggle = $(this).parent();\n    var $icon = $(this).find('.custom-toggle-icon');\n    \n    \/\/ Toggle the rotation and color immediately based on current state\n    if ($toggle.hasClass('et_pb_toggle_close')) {\n      \/\/ It's currently closed, so it will open - rotate up and change color\n      $icon.css({\n        'transform': 'translateY(-50%) rotate(180deg)',\n        'color': '#002c77'\n      });\n    } else {\n      \/\/ It's currently open, so it will close - rotate down and change color\n      $icon.css({\n        'transform': 'translateY(-50%) rotate(0deg)',\n        'color': '#0068c1'\n      });\n    }\n  });\n});\n<\/script><\/div><\/div>\n<\/div>\n<\/div>\n<\/div>","protected":false},"excerpt":{"rendered":"","protected":false},"author":3,"featured_media":0,"parent":22990629,"menu_order":0,"comment_status":"closed","ping_status":"closed","template":"","meta":{"_acf_changed":false,"_et_pb_use_builder":"on","_et_pb_old_content":"","_et_gb_content_width":"","footnotes":""},"dipi_cpt_category":[],"class_list":["post-22989520","page","type-page","status-publish","hentry"],"acf":[],"_links":{"self":[{"href":"https:\/\/mybenefitsjhhs.com\/es\/wp-json\/wp\/v2\/pages\/22989520","targetHints":{"allow":["GET"]}}],"collection":[{"href":"https:\/\/mybenefitsjhhs.com\/es\/wp-json\/wp\/v2\/pages"}],"about":[{"href":"https:\/\/mybenefitsjhhs.com\/es\/wp-json\/wp\/v2\/types\/page"}],"author":[{"embeddable":true,"href":"https:\/\/mybenefitsjhhs.com\/es\/wp-json\/wp\/v2\/users\/3"}],"replies":[{"embeddable":true,"href":"https:\/\/mybenefitsjhhs.com\/es\/wp-json\/wp\/v2\/comments?post=22989520"}],"version-history":[{"count":0,"href":"https:\/\/mybenefitsjhhs.com\/es\/wp-json\/wp\/v2\/pages\/22989520\/revisions"}],"up":[{"embeddable":true,"href":"https:\/\/mybenefitsjhhs.com\/es\/wp-json\/wp\/v2\/pages\/22990629"}],"wp:attachment":[{"href":"https:\/\/mybenefitsjhhs.com\/es\/wp-json\/wp\/v2\/media?parent=22989520"}],"wp:term":[{"taxonomy":"dipi_cpt_category","embeddable":true,"href":"https:\/\/mybenefitsjhhs.com\/es\/wp-json\/wp\/v2\/dipi_cpt_category?post=22989520"}],"curies":[{"name":"wp","href":"https:\/\/api.w.org\/{rel}","templated":true}]}}