{"id":22989634,"date":"2025-11-30T01:36:55","date_gmt":"2025-11-30T01:36:55","guid":{"rendered":"https:\/\/hopkinsredustg.wpenginepowered.com\/?page_id=22989634"},"modified":"2026-02-26T16:33:17","modified_gmt":"2026-02-26T21:33:17","slug":"employee-costs","status":"publish","type":"page","link":"https:\/\/mybenefitsjhhs.com\/es\/elegibilidad-e-inscripcion\/employee-costs\/","title":{"rendered":"Costos de personal"},"content":{"rendered":"<div class=\"et_pb_section_0 et_pb_section et_section_regular et_block_section\">\n<div class=\"et_pb_row_0 et_pb_row et_pb_gutters3 et_block_row\">\n<div class=\"et_pb_column_0 et_pb_column et_pb_column_4_4 et-last-child et_block_column et_pb_css_mix_blend_mode_passthrough\">\n\n\n\n<\/div>\n<\/div>\n\n<div class=\"et_pb_row_1 et_pb_row et_pb_gutters3 et_block_row preset--module--divi-row--z7hm0nc1kv\"><span class=\"et_pb_background_pattern\"><\/span>\n<div class=\"et_pb_column_1 et_pb_column et-last-child et_flex_column et_pb_css_mix_blend_mode_passthrough et_flex_column_24_24\">\n<div class=\"et_pb_text_0 et_pb_text et_pb_bg_layout_light et_pb_module et_block_module preset--module--divi-text--x1sbk0ycg4\"><div class=\"et_pb_text_inner\"><h1>Contribuciones de los empleados en 2026<\/h1>\n<p>Los costos quincenales que figuran en esta p\u00e1gina est\u00e1n vigentes del 1 de enero al 31 de diciembre de 2026.<\/p>\n<\/div><\/div>\n<\/div>\n<\/div>\n<\/div>\n\n<div class=\"et_pb_section_1 et_pb_section et_section_regular et_block_section\">\n<div class=\"et_pb_row_2 et_pb_row et_pb_gutters3 et_block_row\">\n<div class=\"et_pb_column_2 et_pb_column et_pb_column_4_4 et-last-child et_block_column et_pb_css_mix_blend_mode_passthrough\">\n<div class=\"et_pb_text_1 et_pb_text et_pb_bg_layout_light et_pb_module et_block_module opener_list preset--module--divi-text--j713l7wg7d\"><div class=\"et_pb_text_inner\"><p><img decoding=\"async\" src=\"https:\/\/mybenefitsjhhs.com\/wp-content\/uploads\/2025\/09\/costs-featured-1.png\" width=\"70\" alt=\"\" class=\"wp-image-22988559 alignright size-full\" \/>Nuestro objetivo es garantizar que nuestros planes sigan siendo asequibles para todos los empleados. Johns Hopkins contin\u00faa pagando la mayor parte del costo de su cobertura m\u00e9dica y dental, as\u00ed como la totalidad del costo de su seguro por discapacidad a corto plazo y su seguro de vida b\u00e1sico.<\/p>\n<p><strong>Seleccione la pesta\u00f1a correspondiente a su hospital u organizaci\u00f3n miembro y a su situaci\u00f3n sindical.<\/strong> para ver sus costos de cobertura m\u00e9dica, dental y oftalmol\u00f3gica.<\/p>\n<\/div><\/div>\n<\/div>\n<\/div>\n<\/div>\n\n<div class=\"et_pb_section_2 et_pb_section et_section_regular et_flex_section\">\n<div class=\"et_pb_row_3 et_pb_row et_pb_gutters3 et_block_row\">\n<div class=\"et_pb_column_3 et_pb_column et_pb_column_4_4 et-last-child et_block_column et_pb_css_mix_blend_mode_passthrough\">\n<div class=\"et_pb_text_2 et_pb_text et_pb_bg_layout_light et_pb_module et_flex_module std_page_linky preset--module--divi-text--a3c25dea-1d0c-4172-8b62-bcbc91059cfa\"><div class=\"et_pb_text_inner\"><p>Usted paga la cobertura m\u00e9dica, dental y oftalmol\u00f3gica mediante deducciones quincenales de su sueldo. El importe que paga depende del plan que elija y de las personas que cubra.<\/p>\n<p>El costo quincenal de la cobertura m\u00e9dica tambi\u00e9n se determina seg\u00fan el nivel salarial; los empleados que ganan menos pagan menos por la cobertura m\u00e9dica. Los niveles salariales se agrupan en niveles. Su nivel se determina seg\u00fan su salario al 1 de enero de 2026.<\/p>\n<\/div><\/div>\n\n\n\n\n\n\n\n\n\n\n\n\n<\/div>\n<\/div>\n\n<div class=\"et_pb_row_4 et_pb_row et_flex_row\">\n<div class=\"et_pb_column_4 et_pb_column et_flex_column et_pb_css_mix_blend_mode_passthrough et_flex_column_12_24 et_flex_column_24_24_phone\">\n<div class=\"et_pb_blurb_0 et_pb_blurb et_pb_bg_layout_light et_pb_text_align_left et_pb_blurb_position_left et_pb_module et_block_module preset--module--divi-blurb--6eoue1j8cb\"><div class=\"et_pb_blurb_content\"><div class=\"et_pb_main_blurb_image\"><span class=\"et_pb_image_wrap\"><span class=\"et-pb-icon et-waypoint et_pb_animation_top et_pb_animation_top_tablet et_pb_animation_top_phone\">\ue026<\/span><\/span><\/div><div class=\"et_pb_blurb_container\"><h4 class=\"et_pb_module_header\">Contactos<\/h4><div class=\"et_pb_blurb_description\"><h5>HR Support Center<\/h5>\n<p>Preguntas generales<br \/>443-997-5400<br \/><a href=\"mailto:hrsc@jhmi.edu\">hrsc@jhmi.edu<\/a>\u2002<i class=\"fa-light fa-envelope sidebar_icon\"><\/i><\/p>\n<\/div><\/div><\/div><\/div>\n<\/div>\n\n<div class=\"et_pb_column_5 et_pb_column et-last-child et_flex_column et_pb_css_mix_blend_mode_passthrough et_flex_column_12_24 et_flex_column_24_24_phone\">\n<div class=\"et_pb_blurb_1 et_pb_blurb et_pb_bg_layout_light et_pb_text_align_left et_pb_blurb_position_left et_pb_module et_block_module preset--module--divi-blurb--o2izxxd5ol\"><div class=\"et_pb_blurb_content\"><div class=\"et_pb_main_blurb_image\"><span class=\"et_pb_image_wrap\"><span class=\"et-pb-icon et-waypoint et_pb_animation_top et_pb_animation_top_tablet et_pb_animation_top_phone\">h<\/span><\/span><\/div><div class=\"et_pb_blurb_container\"><h4 class=\"et_pb_module_header\">Resources<\/h4><div class=\"et_pb_blurb_description\"><ul>\n<li><a href=\"\/es\/medical\/\">M\u00e9dico<\/a><\/li>\n<li><a href=\"\/es\/prescription-drug\/\">Medicamento recetado<\/a><\/li>\n<li><a href=\"\/es\/dentista\/\">Dental<\/a><\/li>\n<li><a href=\"\/es\/vision\/\">Visi\u00f3n<\/a><\/li>\n<\/ul>\n<\/div><\/div><\/div><\/div>\n<\/div>\n<\/div>\n\n<div class=\"et_pb_row_5 et_pb_row et_pb_gutters3 et_block_row\">\n<div class=\"et_pb_column_6 et_pb_column et_pb_column_4_4 et-last-child et_block_column et_pb_css_mix_blend_mode_passthrough\">\n<div class=\"et_pb_code_0 et_pb_code et_pb_module\"><div class=\"et_pb_code_inner\"><style>\n\/* page-specific tables CSS *\/\n        \/*** Responsive Styles Smartphone ***\/\n        @media all and (max-width: 767px) {\n            table.adjusted_width {width: 650px !important;}\n        }\n        table.benefits-table {border: 1px solid #dbdbdb !important;}\n        th.blue-header {border-right: 1px solid #fff !important; border-bottom: 1px solid #fff !important;}\n        th.blue-header:last-child {border-right: none !important;}\n        .blue-header_BB {border-bottom: 1px solid #fff !important;}\n        table.benefits-table td:first-child {font-weight: 700 !important; font-size: 97% !important; text-align: left !important; line-height: 1.2em !important;}\n        table.benefits-table td:last-child {border-right: none !important;}\n        table.benefits-table td {text-align: center; line-height: 1.45em;}\n        .table_label_descriptive {font-weight: 400 !important; font-size: 13.5px;}\n<\/style><\/div><\/div>\n<\/div>\n<\/div>\n<\/div>","protected":false},"excerpt":{"rendered":"","protected":false},"author":3,"featured_media":0,"parent":22990295,"menu_order":0,"comment_status":"closed","ping_status":"closed","template":"","meta":{"_acf_changed":false,"_et_pb_use_builder":"on","_et_pb_old_content":"","_et_gb_content_width":"","footnotes":""},"dipi_cpt_category":[],"class_list":["post-22989634","page","type-page","status-publish","hentry"],"acf":[],"_links":{"self":[{"href":"https:\/\/mybenefitsjhhs.com\/es\/wp-json\/wp\/v2\/pages\/22989634","targetHints":{"allow":["GET"]}}],"collection":[{"href":"https:\/\/mybenefitsjhhs.com\/es\/wp-json\/wp\/v2\/pages"}],"about":[{"href":"https:\/\/mybenefitsjhhs.com\/es\/wp-json\/wp\/v2\/types\/page"}],"author":[{"embeddable":true,"href":"https:\/\/mybenefitsjhhs.com\/es\/wp-json\/wp\/v2\/users\/3"}],"replies":[{"embeddable":true,"href":"https:\/\/mybenefitsjhhs.com\/es\/wp-json\/wp\/v2\/comments?post=22989634"}],"version-history":[{"count":0,"href":"https:\/\/mybenefitsjhhs.com\/es\/wp-json\/wp\/v2\/pages\/22989634\/revisions"}],"up":[{"embeddable":true,"href":"https:\/\/mybenefitsjhhs.com\/es\/wp-json\/wp\/v2\/pages\/22990295"}],"wp:attachment":[{"href":"https:\/\/mybenefitsjhhs.com\/es\/wp-json\/wp\/v2\/media?parent=22989634"}],"wp:term":[{"taxonomy":"dipi_cpt_category","embeddable":true,"href":"https:\/\/mybenefitsjhhs.com\/es\/wp-json\/wp\/v2\/dipi_cpt_category?post=22989634"}],"curies":[{"name":"wp","href":"https:\/\/api.w.org\/{rel}","templated":true}]}}