{"id":22990424,"date":"2025-12-17T02:53:57","date_gmt":"2025-12-17T02:53:57","guid":{"rendered":"https:\/\/hopkinsredustg.wpenginepowered.com\/?page_id=22990424"},"modified":"2026-02-26T16:56:35","modified_gmt":"2026-02-26T21:56:35","slug":"documents-and-forms","status":"publish","type":"page","link":"https:\/\/mybenefitsjhhs.com\/es\/resources\/documents-and-forms\/","title":{"rendered":"Documentos y formularios"},"content":{"rendered":"<div class=\"et_pb_section_0 et_pb_section et_section_regular et_block_section\">\n<div class=\"et_pb_row_0 et_pb_row et_pb_gutters3 et_block_row\">\n<div class=\"et_pb_column_0 et_pb_column et_pb_column_4_4 et-last-child et_block_column et_pb_css_mix_blend_mode_passthrough\">\n\n\n\n<\/div>\n<\/div>\n\n<div class=\"et_pb_row_1 et_pb_row et_pb_gutters3 et_block_row preset--module--divi-row--z7hm0nc1kv\"><span class=\"et_pb_background_pattern\"><\/span>\n<div class=\"et_pb_column_1 et_pb_column et-last-child et_flex_column et_pb_css_mix_blend_mode_passthrough et_flex_column_24_24\">\n<div class=\"et_pb_text_0 et_pb_text et_pb_bg_layout_light et_pb_module et_block_module preset--module--divi-text--x1sbk0ycg4\"><div class=\"et_pb_text_inner\"><h1>Documentos y formularios<\/h1>\n<p>Documentos del plan, avisos de cumplimiento, formularios y m\u00e1s.<\/p>\n<\/div><\/div>\n<\/div>\n<\/div>\n<\/div>\n\n<div class=\"et_pb_section_1 et_pb_section et_section_regular et_block_section\">\n<div class=\"et_pb_row_2 et_pb_row et_pb_gutters3 et_block_row\">\n<div class=\"et_pb_column_2 et_pb_column et_pb_column_4_4 et-last-child et_block_column et_pb_css_mix_blend_mode_passthrough\">\n<div class=\"et_pb_text_1 et_pb_text et_pb_bg_layout_light et_pb_module et_block_module opener_list preset--module--divi-text--j713l7wg7d\"><div class=\"et_pb_text_inner\"><p><img decoding=\"async\" src=\"https:\/\/mybenefitsjhhs.com\/wp-content\/uploads\/2025\/09\/eligibility-featured.png\" width=\"60\" alt=\"documentos\" class=\"wp-image-22988559 alignright size-full\" \/><strong>Seleccione la pesta\u00f1a correspondiente a su hospital u organizaci\u00f3n miembro y a su situaci\u00f3n sindical.<\/strong> para ver sus documentos.<\/p>\n<\/div><\/div>\n<\/div>\n<\/div>\n<\/div>\n\n<div class=\"et_pb_section_2 et_pb_section et_section_regular et_flex_section\">\n<div class=\"et_pb_row_3 et_pb_row et_pb_gutters3 et_block_row\">\n<div class=\"et_pb_column_3 et_pb_column et_pb_column_4_4 et-last-child et_block_column et_pb_css_mix_blend_mode_passthrough\">\n\n\n\n\n\n\n\n\n<div class=\"et_pb_text_2 et_pb_text et_pb_bg_layout_light et_pb_module et_flex_module std_page_linky preset--module--divi-text--a3c25dea-1d0c-4172-8b62-bcbc91059cfa\"><div class=\"et_pb_text_inner\"><h2>Declaraciones de remuneraci\u00f3n total<\/h2>\n<p>Una declaraci\u00f3n de compensaci\u00f3n total es un resumen de su compensaci\u00f3n bruta y los costos de sus prestaciones para cada a\u00f1o calendario, incluyendo cu\u00e1nto contribuye el Sistema de Salud Johns Hopkins (JHHS) a sus prestaciones.<\/p>\n<p>Sus beneficios son una parte importante de su paquete de compensaci\u00f3n total, que incluye:<\/p>\n<ul>\n<li>Salario base, pago de horas extras, bonificaciones o cualquier otra compensaci\u00f3n en efectivo.<\/li>\n<li>Aportaciones a su cuenta de jubilaci\u00f3n por parte de JHHS<\/li>\n<li>Beneficios de salud, como atenci\u00f3n m\u00e9dica, dental y oftalmol\u00f3gica.<\/li>\n<li>Protecci\u00f3n de ingresos para usted y sus seres queridos en caso de lesi\u00f3n, discapacidad, hospitalizaci\u00f3n o fallecimiento.<\/li>\n<li>Apoyo para conciliar la vida laboral y personal, como vacaciones pagadas, programas de bienestar, ayuda para pagar la matr\u00edcula y opciones de seguros con descuento.<\/li>\n<\/ul>\n<p>Le recomendamos que descargue su estado de cuenta para guardarlo en sus archivos. Inicie sesi\u00f3n en <a href=\"https:\/\/www.hopkinssmartsource.com\/\" target=\"_blank\" rel=\"noopener\">SmartSource<\/a> <i class=\"fa-regular fa-arrow-up-right-from-square fa-more_styles\" aria-hidden=\"true\"><\/i> y seleccione <strong>Ver mi estado de compensaci\u00f3n total<\/strong> en la p\u00e1gina de inicio.<\/p>\n<\/div><\/div>\n<\/div>\n<\/div>\n\n<div class=\"et_pb_row_4 et_pb_row et_flex_row\">\n<div class=\"et_pb_column_4 et_pb_column et_flex_column et_pb_css_mix_blend_mode_passthrough et_flex_column_12_24 et_flex_column_24_24_phone\">\n<div class=\"et_pb_blurb_0 et_pb_blurb et_pb_bg_layout_light et_pb_text_align_left et_pb_blurb_position_left et_pb_module et_block_module preset--module--divi-blurb--6eoue1j8cb\"><div class=\"et_pb_blurb_content\"><div class=\"et_pb_main_blurb_image\"><span class=\"et_pb_image_wrap\"><span class=\"et-pb-icon et-waypoint et_pb_animation_top et_pb_animation_top_tablet et_pb_animation_top_phone\">\ue026<\/span><\/span><\/div><div class=\"et_pb_blurb_container\"><h4 class=\"et_pb_module_header\">Contactos<\/h4><div class=\"et_pb_blurb_description\"><h5>HR Support Center<\/h5>\n<p>Preguntas generales<br \/>443-997-5400<br \/><a href=\"mailto:hrsc@jhmi.edu\">hrsc@jhmi.edu<\/a>\u2002<i class=\"fa-light fa-envelope sidebar_icon\"><\/i><\/p>\n<\/div><\/div><\/div><\/div>\n<\/div>\n\n<div class=\"et_pb_column_5 et_pb_column et-last-child et_flex_column et_pb_css_mix_blend_mode_passthrough et_flex_column_12_24 et_flex_column_24_24_phone\">\n<div class=\"et_pb_blurb_1 et_pb_blurb et_pb_bg_layout_light et_pb_text_align_left et_pb_blurb_position_left et_pb_module et_block_module preset--module--divi-blurb--o2izxxd5ol\"><div class=\"et_pb_blurb_content\"><div class=\"et_pb_main_blurb_image\"><span class=\"et_pb_image_wrap\"><span class=\"et-pb-icon et-waypoint et_pb_animation_top et_pb_animation_top_tablet et_pb_animation_top_phone\">h<\/span><\/span><\/div><div class=\"et_pb_blurb_container\"><h4 class=\"et_pb_module_header\">Resources<\/h4><div class=\"et_pb_blurb_description\"><ul>\n<li><a href=\"\/es\/elegibilidad-e-inscripcion\/eligibility\/\">Requisitos de elegibilidad<\/a><\/li>\n<li><a href=\"\/es\/elegibilidad-e-inscripcion\/employee-costs\/\">Costos de personal<\/a><\/li>\n<li><a href=\"\/es\/legal-disclaimer\/\">Descargos de responsabilidad<\/a><\/li>\n<\/ul>\n<\/div><\/div><\/div><\/div>\n<\/div>\n<\/div>\n\n<div class=\"et_pb_row_5 et_pb_row et_pb_gutters3 et_block_row\">\n<div class=\"et_pb_column_6 et_pb_column et_pb_column_4_4 et-last-child et_block_column et_pb_css_mix_blend_mode_passthrough\">\n<div class=\"et_pb_code_0 et_pb_code et_pb_module\"><div class=\"et_pb_code_inner\"><style>\n\/* page-specific tables CSS *\/\n        \/*** Responsive Styles Smartphone ***\/\n        @media all and (max-width: 767px) {\n            table.adjusted_width {width: 650px !important;}\n        }\n        table.benefits-table {border: 1px solid #dbdbdb !important;}\n        th.blue-header {border-right: 1px solid #fff !important; border-bottom: 1px solid #fff !important;}\n        th.blue-header:last-child {border-right: none !important;}\n        .blue-header_BB {border-bottom: 1px solid #fff !important;}\n        table.benefits-table td:first-child {font-weight: 700 !important; font-size: 97% !important; text-align: left !important; line-height: 1.2em !important;}\n        table.benefits-table td:last-child {border-right: none !important;}\n        table.benefits-table td {text-align: center; line-height: 1.45em;}\n        .table_label_descriptive {font-weight: 400 !important; font-size: 13.5px;}\n<\/style><\/div><\/div>\n<\/div>\n<\/div>\n<\/div>","protected":false},"excerpt":{"rendered":"","protected":false},"author":3,"featured_media":0,"parent":22990707,"menu_order":0,"comment_status":"closed","ping_status":"closed","template":"","meta":{"_acf_changed":false,"_et_pb_use_builder":"on","_et_pb_old_content":"","_et_gb_content_width":"","footnotes":""},"dipi_cpt_category":[],"class_list":["post-22990424","page","type-page","status-publish","hentry"],"acf":[],"_links":{"self":[{"href":"https:\/\/mybenefitsjhhs.com\/es\/wp-json\/wp\/v2\/pages\/22990424","targetHints":{"allow":["GET"]}}],"collection":[{"href":"https:\/\/mybenefitsjhhs.com\/es\/wp-json\/wp\/v2\/pages"}],"about":[{"href":"https:\/\/mybenefitsjhhs.com\/es\/wp-json\/wp\/v2\/types\/page"}],"author":[{"embeddable":true,"href":"https:\/\/mybenefitsjhhs.com\/es\/wp-json\/wp\/v2\/users\/3"}],"replies":[{"embeddable":true,"href":"https:\/\/mybenefitsjhhs.com\/es\/wp-json\/wp\/v2\/comments?post=22990424"}],"version-history":[{"count":0,"href":"https:\/\/mybenefitsjhhs.com\/es\/wp-json\/wp\/v2\/pages\/22990424\/revisions"}],"up":[{"embeddable":true,"href":"https:\/\/mybenefitsjhhs.com\/es\/wp-json\/wp\/v2\/pages\/22990707"}],"wp:attachment":[{"href":"https:\/\/mybenefitsjhhs.com\/es\/wp-json\/wp\/v2\/media?parent=22990424"}],"wp:term":[{"taxonomy":"dipi_cpt_category","embeddable":true,"href":"https:\/\/mybenefitsjhhs.com\/es\/wp-json\/wp\/v2\/dipi_cpt_category?post=22990424"}],"curies":[{"name":"wp","href":"https:\/\/api.w.org\/{rel}","templated":true}]}}