{"id":52,"date":"2025-03-18T21:50:45","date_gmt":"2025-03-18T21:50:45","guid":{"rendered":"https:\/\/hopkinsredux.wpenginepowered.com\/?page_id=52"},"modified":"2026-02-26T16:22:21","modified_gmt":"2026-02-26T21:22:21","slug":"vision","status":"publish","type":"page","link":"https:\/\/mybenefitsjhhs.com\/es\/salud\/vision\/","title":{"rendered":"Visi\u00f3n"},"content":{"rendered":"<div class=\"et_pb_section_0 et_pb_section et_section_regular et_block_section\">\n<div class=\"et_pb_row_0 et_pb_row et_pb_gutters3 et_block_row\">\n<div class=\"et_pb_column_0 et_pb_column et_pb_column_4_4 et-last-child et_block_column et_pb_css_mix_blend_mode_passthrough\">\n\n\n\n<\/div>\n<\/div>\n\n<div class=\"et_pb_row_1 et_pb_row et_pb_gutters3 et_block_row\"><span class=\"et_pb_background_pattern\"><\/span><span class=\"et_pb_background_mask\"><\/span>\n<div class=\"et_pb_column_1 et_pb_column et_pb_column_4_4 et-last-child et_block_column et_pb_css_mix_blend_mode_passthrough\">\n<div class=\"et_pb_heading_0 et_pb_heading et_pb_module et_block_module preset--module--divi-heading--sf1uzc7mz9\"><div class=\"et_pb_heading_container\"><h1 class=\"et_pb_module_header\">Visi\u00f3n<\/h1><\/div><\/div>\n\n<div class=\"et_pb_text_0 et_pb_text et_pb_bg_layout_light et_pb_module et_block_module preset--module--divi-text--2a5jjnk0f9\"><div class=\"et_pb_text_inner\"><p>Cobertura oftalmol\u00f3gica para ex\u00e1menes oculares, anteojos y lentes de contacto.<\/p>\n<\/div><\/div>\n<\/div>\n<\/div>\n<\/div>\n\n<div class=\"et_pb_section_1 et_pb_section et_section_regular et_block_section\">\n<div class=\"et_pb_row_2 et_pb_row et_pb_gutters3 et_block_row\">\n<div class=\"et_pb_column_2 et_pb_column et_pb_column_4_4 et-last-child et_block_column et_pb_css_mix_blend_mode_passthrough\">\n<div class=\"et_pb_text_1 et_pb_text et_pb_bg_layout_light et_pb_module et_block_module page_intro opener_list preset--module--divi-text--j713l7wg7d\"><div class=\"et_pb_text_inner\"><p class=\"para_b4_list\"><img loading=\"lazy\" decoding=\"async\" src=\"https:\/\/mybenefitsjhhs.com\/wp-content\/uploads\/2025\/03\/eyeglasses-teal.png\" width=\"80\" height=\"80\" alt=\"\" class=\"wp-image-22988363 alignright size-full\" \/>Usted puede inscribirse a s\u00ed mismo y a sus dependientes elegibles en el Plan Superior Vision si trabaja regularmente al menos:<\/p>\n<ul>\n<li><strong>Todos los hospitales u organizaciones afiliadas, excepto Johns Hopkins Care at Home:<\/strong> 20 horas por semana.<\/li>\n<li><strong>Solo Johns Hopkins Care at Home:<\/strong> 30 horas por semana.<\/li>\n<\/ul>\n<\/div><\/div>\n<\/div>\n<\/div>\n\n<div class=\"et_pb_row_3 et_pb_row et_pb_gutters2 et_block_row\">\n<div class=\"et_pb_column_3 et_pb_column et_pb_column_2_3 et_block_column et_pb_css_mix_blend_mode_passthrough\">\n<div class=\"et_pb_text_2 et_pb_text et_pb_bg_layout_light et_pb_module et_block_module std_page_linky preset--module--divi-text--a3c25dea-1d0c-4172-8b62-bcbc91059cfa\"><div class=\"et_pb_text_inner\"><p><strong>\u00bfQuiere saber cu\u00e1nto pagar\u00e1 por la cobertura oftalmol\u00f3gica?<\/strong> <a href=\"\/es\/employee-costs\/\">Ver las contribuciones de los empleados para 2026<\/a>.<\/p>\n<h2>Lo que paga el plan cuando recibes atenci\u00f3n m\u00e9dica<\/h2>\n<p>Puede utilizar sus beneficios oftalmol\u00f3gicos para gafas o lentes de contacto cada a\u00f1o del plan, pero no para ambos.<\/p>\n<p>Las siguientes tablas reflejan el importe que el plan paga por m\u00e9dicos y proveedores dentro de la red, fuera de la red y Wilmer Eye Institute. Utilice Superior Vision. <a href=\"https:\/\/versanthealth.com\/estimator\/?utm_source=SV+Members+Page&amp;utm_medium=Button&amp;utm_campaign=Estimator+Tool+Launch+Promo\" target=\"_blank\" rel=\"noopener\">herramienta interactiva<\/a> <i class=\"fa-regular fa-arrow-up-right-from-square fa-more_styles\" aria-hidden=\"true\"><\/i> para calcular sus costos con un proveedor dentro de la red.<\/p>\n<\/div><\/div>\n\n<div class=\"et_pb_text_3 et_pb_text et_pb_bg_layout_light et_pb_module et_block_module std_page_linky preset--module--divi-text--a3c25dea-1d0c-4172-8b62-bcbc91059cfa\"><div class=\"et_pb_text_inner\"><h4>Ex\u00e1menes oculares<\/h4>\n<\/div><\/div>\n\n<div class=\"et_pb_code_0 et_pb_code et_pb_module\"><div class=\"et_pb_code_inner\"><style>\n  \/* page-specific table CSS *\/\n  table.benefits-table {border: 1px solid #dbdbdb !important;}\n th.blue-header {border-right: 1px solid #fff !important;}\n th.blue-header:last-child {border-right: none !important;}\n th.blue-header:first-child {text-align: left !important;}\n\n .blue-header_BB {border-bottom: 1px solid #fff !important;}\n  table.benefits-table td:first-child {font-weight: 700; font-size: 97% !important; text-align: left: !important; line-height: 1.2em !important;}\n  table.benefits-table td:last-child {border-right: none !important;}\n \n  table.benefits-table td {text-align: center;}\n  .table_label_descriptive {font-weight: 400 !important; font-size: 13.5px;}\n<\/style>\n<table class=\"benefits-table adjusted_width\">\n  <thead>\n    <tr>\n      <th class=\"blankhead\" width=\"20%\"><\/th>\n      <th class=\"blue-header\" width=\"26.6%\">Dentro de la red<\/th>\n      <th class=\"blue-header\" width=\"26.6%\">Fuera de la red<\/th>\n      <th class=\"blue-header\" width=\"26.6%\">Wilmer Eye Institute<sup>1<\/sup><\/th>\n    <\/tr>\n  <\/thead>\n  <tbody>\n    <tr>\n      <td>Oftalm\u00f3logo<\/td>\n      <td>100%<\/td>\n      <td>Hasta $60<\/td>\n      <td>100%<\/td>\n    <\/tr>\n    <tr>\n      <td>\u00d3ptico-optometrista<\/td>\n         <td>100%<\/td>\n      <td>Hasta $52<\/td>\n      <td>100%<\/td>\n    <\/tr> \n  <\/tbody>\n<\/table><\/div><\/div>\n\n<div class=\"et_pb_text_4 et_pb_text et_pb_bg_layout_light et_pb_module et_block_module std_page_linky preset--module--divi-text--a3c25dea-1d0c-4172-8b62-bcbc91059cfa\"><div class=\"et_pb_text_inner\"><h4>Lentes y monturas para anteojos<\/h4>\n<\/div><\/div>\n\n<div class=\"et_pb_code_1 et_pb_code et_pb_module\"><div class=\"et_pb_code_inner\"><style>\n\/*** Responsive Styles Smartphone Only ***\/\n@media all and (max-width: 767px) {\n  .adjusted_width {width: 690px !important;}\n}\n<\/style>\n\n<table class=\"benefits-table adjusted_width\">\n  <thead>\n    <tr>\n      <th class=\"blankhead\" width=\"20%\"><\/th>\n      <th class=\"blue-header\" width=\"26.6%\">Dentro de la red<\/th>\n      <th class=\"blue-header\" width=\"26.6%\">Fuera de la red<\/th>\n      <th class=\"blue-header\" width=\"26.6%\">Wilmer Eye Institute<sup>1<\/sup><\/th>\n    <\/tr>\n  <\/thead>\n  <tbody>\n    <tr>\n      <td>Marcos<\/td>\n      <td>Hasta $175<\/td>\n      <td>Hasta $112<\/td>\n      <td>Hasta $112 despu\u00e9s del copago de $10<\/td>\n    <\/tr>\n    <tr>\n      <td>Lentes simples<\/td>\n         <td>100%<\/td>\n      <td>Hasta $45 despu\u00e9s de $10 de copago<\/td>\n      <td>Hasta $45 despu\u00e9s de $10 de copago<\/td>\n    <\/tr> \n    <tr>\n      <td>Lentes bifocales<\/td>\n         <td>100%<\/td>\n      <td>Hasta $65 despu\u00e9s de $10 de copago<\/td>\n      <td>Hasta $65 despu\u00e9s de $10 de copago<\/td>\n    <\/tr>\n    <tr>\n      <td>Lentes trifocales<\/td>\n         <td>100%<\/td>\n      <td>Hasta $86 despu\u00e9s de $10 de copago<\/td>\n      <td>Hasta $86 despu\u00e9s de $10 de copago<\/td>\n    <\/tr> \n    <tr>\n      <td>Lentes progresivas<\/td>\n         <td>Cubierto hasta el monto trifocal<sup>2<\/sup><\/td>\n      <td>Hasta $86 despu\u00e9s de $10 de copago<\/td>\n      <td>Hasta $86 despu\u00e9s de $10 de copago<\/td>\n    <\/tr>\n    <tr>\n      <td>Lentes lenticulares<\/td>\n         <td>100%<\/td>\n      <td>Hasta $119 despu\u00e9s del copago de $10<\/td>\n      <td>Hasta $119 despu\u00e9s del copago de $10<\/td>\n    <\/tr>\n    <tr>\n      <td>Policarbonato<br><span class=\"table_label_descriptive\">Solo para hijos dependientes<\/span><\/td>\n         <td>100%<\/td>\n      <td>No cubierto<\/td>\n      <td>No cubierto<\/td>\n    <\/tr>     \n  <\/tbody>\n<\/table><\/div><\/div>\n\n<div class=\"et_pb_text_5 et_pb_text et_pb_bg_layout_light et_pb_module et_block_module std_page_linky preset--module--divi-text--a3c25dea-1d0c-4172-8b62-bcbc91059cfa\"><div class=\"et_pb_text_inner\"><h4>Lentes de contacto<\/h4>\n<\/div><\/div>\n\n<div class=\"et_pb_code_2 et_pb_code et_pb_module\"><div class=\"et_pb_code_inner\"><table class=\"benefits-table adjusted_width\">\n  <thead> \n    <tr>\n      <th class=\"blankhead\" width=\"20%\"><\/th>\n      <th class=\"blue-header\" width=\"26.6%\">Dentro de la red<\/th>\n      <th class=\"blue-header\" width=\"26.6%\">Fuera de la red<\/th>\n      <th class=\"blue-header\" width=\"26.6%\">Wilmer Eye Institute<sup>1<\/sup><\/th>\n    <\/tr>\n  <\/thead>\n  <tbody>\n    <tr>\n      <td>Lentes de contacto<\/td>\n      <td>Hasta $175<\/td>\n      <td>Hasta $158<\/td>\n      <td>Hasta $158<\/td>\n    <\/tr>\n    <tr>\n      <td>Accesorio est\u00e1ndar<br><span class=\"table_label_descriptive\">Lentes desechables, de uso diario o de uso prolongado.<\/span><\/td>\n         <td>100%<\/td>\n      <td>Hasta $37<\/td>\n      <td>100% despu\u00e9s de $10 copago<\/td>\n    <\/tr> \n    <tr>\n      <td>Accesorios especiales<br><span class=\"table_label_descriptive\">Lentes t\u00f3ricas, permeables al gas o multifocales.<\/span><\/td>\n         <td>Hasta $50<\/td>\n      <td>Hasta $37<\/td>\n      <td>No cubierto<\/td>\n    <\/tr>\n    <tr>\n      <td>Lentes de contacto m\u00e9dicamente necesarias<\/td>\n         <td>100%<\/td>\n      <td>Hasta $233<\/td>\n      <td>No cubierto<\/td>\n    <\/tr>    \n  <\/tbody>\n<\/table><\/div><\/div>\n\n<div class=\"et_pb_text_6 et_pb_text et_pb_bg_layout_light et_pb_module et_block_module preset--module--divi-text--3afa0636-c2ee-4872-a4a6-32709daf3b6f\"><div class=\"et_pb_text_inner\"><p>1\u2002El plan Wilmer Eye Institute solo est\u00e1 disponible en Maryland y Virginia. Los empleados del plan Johns Hopkins All Children\u2019s Hospital pueden utilizar las prestaciones de su plan Superior Vision en Wilmer cuando viajen a una de sus sedes.<\/p>\n<p>2\u2002Cubierto hasta el importe est\u00e1ndar de las lentes trifocales con montura de venta al p\u00fablico prescritas por el m\u00e9dico o el proveedor; el afiliado paga la diferencia entre las lentes progresivas y las trifocales est\u00e1ndar con montura de venta al p\u00fablico, m\u00e1s el copago aplicable.<\/p>\n<\/div><\/div>\n\n<div class=\"et_pb_text_7 et_pb_text et_pb_bg_layout_light et_pb_module et_block_module std_page_linky alert_header preset--module--divi-text--a3c25dea-1d0c-4172-8b62-bcbc91059cfa\"><div class=\"et_pb_text_inner\"><h2>Costo de la cobertura<\/h2>\n<p>Usted paga la cobertura oftalmol\u00f3gica mediante deducciones quincenales de su sueldo. El importe que paga depende de las personas que cubre y de si trabaja a tiempo completo o parcial.<\/p>\n<p><a href=\"\/es\/employee-costs\/\">Ver las contribuciones de los empleados<\/a>.<\/p>\n<h2>C\u00f3mo inscribirse<\/h2>\n<p>Puede inscribirse en un seguro oftalmol\u00f3gico en <a href=\"https:\/\/hopkinssmartsource.com\/\" target=\"_blank\" rel=\"noopener\">SmartSource<\/a> <i class=\"fa-regular fa-arrow-up-right-from-square fa-more_styles\" aria-hidden=\"true\"><\/i> como nuevo empleado, durante el periodo de inscripci\u00f3n abierta o si experimenta un <a href=\"\/es\/making-benefits-changes\/\">evento de vida calificativo<\/a>.<\/p>\n<p>La cobertura comienza el primer d\u00eda del mes siguiente a la fecha en que fue contratado o pas\u00f3 a tener derecho a las prestaciones.<\/p>\n<h2>Pago de los gastos de atenci\u00f3n oftalmol\u00f3gica<\/h2>\n<p>Puede realizar aportaciones antes de impuestos a un <a href=\"\/es\/flexible-spending-accounts\/\">cuenta de gastos flexibles para atenci\u00f3n m\u00e9dica (FSA)<\/a> para pagar los gastos oftalmol\u00f3gicos elegibles.<\/p>\n<p>Cuando usas un <strong>m\u00e9dico o proveedor fuera de la red<\/strong> o el <strong>Wilmer Eye Institute<\/strong>, usted pagar\u00e1 de su bolsillo los ex\u00e1menes y los materiales y enviar\u00e1 los recibos a Superior Vision para su reembolso.<\/p>\n<p>Si se somete a un examen oftalmol\u00f3gico a trav\u00e9s de Wilmer, puede optar por adquirir anteojos o lentes de contacto a trav\u00e9s de Wilmer o llevar su receta a un proveedor de la red.<\/p>\n<h2>Encontrar la atenci\u00f3n oftalmol\u00f3gica adecuada<\/h2>\n<h3>Proveedores dentro de la red<\/h3>\n<p>Para encontrar proveedores dentro de la red cerca de usted, utilice <a href=\"https:\/\/superiorvision.com\/locator\/\" target=\"_blank\" rel=\"noopener\">Herramienta de localizaci\u00f3n de Superior Vision<\/a> <i class=\"fa-regular fa-arrow-up-right-from-square fa-more_styles\" aria-hidden=\"true\"><\/i> y seleccione <strong>Seguro a trav\u00e9s de su empleador<\/strong> &gt; <strong>Superior National<\/strong> en Informaci\u00f3n sobre la cobertura.<\/p>\n<p><strong>Nota<\/strong>: Johns Hopkins Health System tiene un contrato personalizado con Wilmer Eye Institute. No aparecer\u00e1n como proveedores dentro de la red en el sitio web de Superior Vision. Lea m\u00e1s sobre Wilmer a continuaci\u00f3n.<\/p>\n<h3>Warby Parker<\/h3>\n<p class=\"para_b4_list\">Puede utilizar sus beneficios oftalmol\u00f3gicos dentro de la red para adquirir productos y servicios de Warby Parker, entre los que se incluyen:<\/p>\n<ul>\n<li>Ex\u00e1menes oculares est\u00e1ndar<\/li>\n<li>Mejoras en monturas y lentes<\/li>\n<li>Lentes de contacto<\/li>\n<\/ul>\n<p>Visite el <a href=\"https:\/\/www.warbyparker.com\/\" target=\"_blank\" rel=\"noopener\">Sitio web de Warby Parker<\/a> <i class=\"fa-regular fa-arrow-up-right-from-square fa-more_styles\" aria-hidden=\"true\"><\/i> para comprar, encontrar una ubicaci\u00f3n y reservar una cita.<\/p>\n<h3>Wilmer Eye Institute<\/h3>\n<h5 class=\"alert_header\">Solo en Maryland y Virginia.<\/h5>\n<p>El Wilmer Eye Institute ofrece oftalm\u00f3logos y optometristas de primer nivel para el cuidado rutinario y complejo de la vista.<\/p>\n<p>Los empleados del Sistema de Salud Johns Hopkins pueden utilizar sus beneficios Superior Vision en las 10 ubicaciones de Wilmer Eye Institute en Maryland y Virginia.<\/p>\n<p>Visite el <a href=\"https:\/\/www.hopkinsmedicine.org\/wilmer\" target=\"_blank\" rel=\"noopener\">Sitio web de Wilmer Eye Institute<\/a> <i class=\"fa-regular fa-arrow-up-right-from-square fa-more_styles\" aria-hidden=\"true\"><\/i> para ver las ubicaciones y programar una cita.<\/p>\n<\/div><\/div>\n<\/div>\n\n<div class=\"et_pb_column_4 et_pb_column et_pb_column_1_3 et-last-child et_block_column et_pb_css_mix_blend_mode_passthrough\">\n<div class=\"et_pb_blurb_0 et_pb_blurb et_pb_bg_layout_light et_pb_text_align_left et_pb_blurb_position_left et_pb_module et_block_module preset--module--divi-blurb--6eoue1j8cb\"><div class=\"et_pb_blurb_content\"><div class=\"et_pb_main_blurb_image\"><span class=\"et_pb_image_wrap\"><span class=\"et-pb-icon et-waypoint et_pb_animation_top et_pb_animation_top_tablet et_pb_animation_top_phone\">\ue026<\/span><\/span><\/div><div class=\"et_pb_blurb_container\"><h4 class=\"et_pb_module_header\">Contactos<\/h4><div class=\"et_pb_blurb_description\"><h5>Plan Superior Vision<\/h5>\n<p>Seguro oftalmol\u00f3gico<br \/>800-507-3800<br \/><a href=\"https:\/\/superiorvision.com\/\" target=\"_blank\" rel=\"noopener\">superiorvision.com<\/a> <i class=\"fa-regular fa-arrow-up-right-from-square fa-more_styles\" aria-hidden=\"true\"><\/i><\/p>\n<h5>Wilmer Eye Institute<\/h5>\n<p>Proveedor de atenci\u00f3n oftalmol\u00f3gica en Maryland y Virginia<br \/>410-955-5080<br \/><a href=\"https:\/\/www.hopkinsmedicine.org\/wilmer\" target=\"_blank\" rel=\"noopener\">hopkinsmedicine.org\/wilmer<\/a> <i class=\"fa-regular fa-arrow-up-right-from-square fa-more_styles\" aria-hidden=\"true\"><\/i><\/p>\n<\/div><\/div><\/div><\/div>\n\n<div class=\"et_pb_blurb_1 et_pb_blurb et_pb_bg_layout_light et_pb_text_align_left et_pb_blurb_position_left et_pb_module et_block_module preset--module--divi-blurb--o2izxxd5ol\"><div class=\"et_pb_blurb_content\"><div class=\"et_pb_main_blurb_image\"><span class=\"et_pb_image_wrap\"><span class=\"et-pb-icon et-waypoint et_pb_animation_top et_pb_animation_top_tablet et_pb_animation_top_phone\">h<\/span><\/span><\/div><div class=\"et_pb_blurb_container\"><h4 class=\"et_pb_module_header\">Resources<\/h4><div class=\"et_pb_blurb_description\"><ul>\n<li><a href=\"\/es\/employee-costs\/\">Costo de la cobertura oftalmol\u00f3gica<\/a><\/li>\n<li><a href=\"\/es\/documents-and-forms\/\">Documentos del plan<\/a><i class=\"fa-light fa-memo-circle-info sidebar_icon\" aria-hidden=\"true\"><\/i><\/li>\n<li><a href=\"https:\/\/superiorvision.com\/locator\/\" target=\"_blank\" rel=\"noopener\">Buscar un proveedor de servicios oftalmol\u00f3gicos<\/a> <i class=\"fa-regular fa-arrow-up-right-from-square fa-more_styles\"><\/i><\/li>\n<li><a href=\"\/es\/documents\/know-the-signs-of-diabetic-eye-disease\/\" target=\"_blank\" rel=\"noopener\">S\u00edntomas de la enfermedad ocular diab\u00e9tica<\/a><i class=\"fa-light fa-file-pdf sidebar_icon\"><\/i><\/li>\n<\/ul>\n<\/div><\/div><\/div><\/div>\n<\/div>\n<\/div>\n<\/div>","protected":false},"excerpt":{"rendered":"","protected":false},"author":3,"featured_media":0,"parent":22990523,"menu_order":0,"comment_status":"closed","ping_status":"closed","template":"","meta":{"_acf_changed":false,"_et_pb_use_builder":"on","_et_pb_old_content":"","_et_gb_content_width":"","footnotes":""},"dipi_cpt_category":[],"class_list":["post-52","page","type-page","status-publish","hentry"],"acf":[],"_links":{"self":[{"href":"https:\/\/mybenefitsjhhs.com\/es\/wp-json\/wp\/v2\/pages\/52","targetHints":{"allow":["GET"]}}],"collection":[{"href":"https:\/\/mybenefitsjhhs.com\/es\/wp-json\/wp\/v2\/pages"}],"about":[{"href":"https:\/\/mybenefitsjhhs.com\/es\/wp-json\/wp\/v2\/types\/page"}],"author":[{"embeddable":true,"href":"https:\/\/mybenefitsjhhs.com\/es\/wp-json\/wp\/v2\/users\/3"}],"replies":[{"embeddable":true,"href":"https:\/\/mybenefitsjhhs.com\/es\/wp-json\/wp\/v2\/comments?post=52"}],"version-history":[{"count":0,"href":"https:\/\/mybenefitsjhhs.com\/es\/wp-json\/wp\/v2\/pages\/52\/revisions"}],"up":[{"embeddable":true,"href":"https:\/\/mybenefitsjhhs.com\/es\/wp-json\/wp\/v2\/pages\/22990523"}],"wp:attachment":[{"href":"https:\/\/mybenefitsjhhs.com\/es\/wp-json\/wp\/v2\/media?parent=52"}],"wp:term":[{"taxonomy":"dipi_cpt_category","embeddable":true,"href":"https:\/\/mybenefitsjhhs.com\/es\/wp-json\/wp\/v2\/dipi_cpt_category?post=52"}],"curies":[{"name":"wp","href":"https:\/\/api.w.org\/{rel}","templated":true}]}}